{"id":4776,"date":"2021-06-21T10:29:24","date_gmt":"2021-06-21T08:29:24","guid":{"rendered":"https:\/\/b2b.pakery.pl\/?post_type=product&#038;p=4776"},"modified":"2025-03-05T18:30:39","modified_gmt":"2025-03-05T17:30:39","slug":"paker-do-wypelniania-wezy-iniekcyjnych-10mm-kopia","status":"publish","type":"product","link":"https:\/\/b2b.pakery.pl\/pl\/produkt\/paker-do-wypelniania-wezy-iniekcyjnych-10mm-kopia\/","title":{"rendered":"Paker do wype\u0142niania w\u0119\u017cy iniekcyjnych 10mm"},"content":{"rendered":"\t\t<div data-elementor-type=\"product-post\" data-elementor-id=\"4776\" class=\"elementor elementor-4776\" data-elementor-post-type=\"product\">\n\t\t\t\t\t\t<section class=\"elementor-section elementor-top-section elementor-element elementor-element-4a6b40fb elementor-section-boxed elementor-section-height-default elementor-section-height-default\" data-id=\"4a6b40fb\" data-element_type=\"section\" data-e-type=\"section\">\n\t\t\t\t\t\t<div class=\"elementor-container elementor-column-gap-default\">\n\t\t\t\t\t<div class=\"elementor-column elementor-col-100 elementor-top-column elementor-element elementor-element-697e8798\" data-id=\"697e8798\" data-element_type=\"column\" data-e-type=\"column\">\n\t\t\t<div class=\"elementor-widget-wrap elementor-element-populated\">\n\t\t\t\t\t\t<div class=\"elementor-element elementor-element-315faae elementor-widget elementor-widget-text-editor\" data-id=\"315faae\" data-element_type=\"widget\" data-e-type=\"widget\" data-widget_type=\"text-editor.default\">\n\t\t\t\t<div class=\"elementor-widget-container\">\n\t\t\t\t\t\t\t\t\t<p><span style=\"color: #000000;\">HO-END 8 to najwy\u017cszej jako\u015bci pakery iniekcyjne do wype\u0142niania w\u0119\u017cy iniekcyjnych. Specjalnie u\u0142o\u017cony wychwyt zapobiega zsuwaniu si\u0119 w\u0119\u017ca. W celu utrzymania jak najwy\u017cszej szczelno\u015bci uk\u0142adu zaleca si\u0119 stosowanie cybant\u00f3w dwuusznych 15-18 mm<\/span><\/p><p><span style=\"color: #000000;\">Paker iniekcyjny do w\u0119\u017cy sprzedawany jest osobno, lub w wersji z kalamitk\u0105 p\u0142ask\u0105 lub sto\u017ckow\u0105 z preaplikacj\u0105 pow\u0142okow\u0105 gwintu. Preaplikacja doszczelnia kalamitk\u0119 od razu przy wkr\u0119ceniu. Ten system umo\u017cliwia obserwacj\u0119 wyp\u0142ywu iniektu.<\/span><\/p><p><span style=\"color: #000000;\">Za wyra\u017anym poleceniem klienta, dokr\u0119camy kalamitk\u0119 maszynowo.<\/span><\/p>\t\t\t\t\t\t\t\t<\/div>\n\t\t\t\t<\/div>\n\t\t\t\t<section class=\"elementor-section elementor-inner-section elementor-element elementor-element-6aaf61b elementor-section-boxed elementor-section-height-default elementor-section-height-default\" data-id=\"6aaf61b\" data-element_type=\"section\" data-e-type=\"section\">\n\t\t\t\t\t\t<div class=\"elementor-container elementor-column-gap-default\">\n\t\t\t\t\t<div class=\"elementor-column elementor-col-50 elementor-inner-column elementor-element elementor-element-d7bcdd3\" data-id=\"d7bcdd3\" data-element_type=\"column\" data-e-type=\"column\">\n\t\t\t<div class=\"elementor-widget-wrap elementor-element-populated\">\n\t\t\t\t\t\t<div class=\"elementor-element elementor-element-c7c9273 elementor-align-center elementor-widget elementor-widget-button\" data-id=\"c7c9273\" data-element_type=\"widget\" data-e-type=\"widget\" data-widget_type=\"button.default\">\n\t\t\t\t<div class=\"elementor-widget-container\">\n\t\t\t\t\t\t\t\t\t<div class=\"elementor-button-wrapper\">\n\t\t\t\t\t<a class=\"elementor-button elementor-button-link elementor-size-sm\" href=\"https:\/\/b2b.pakery.pl\/produkt\/cybant-zacisk-dwuuszny-na-weze-iniekcyjne\/\">\n\t\t\t\t\t\t<span class=\"elementor-button-content-wrapper\">\n\t\t\t\t\t\t\t\t\t<span class=\"elementor-button-text\">Dobierz cybant <\/span>\n\t\t\t\t\t<\/span>\n\t\t\t\t\t<\/a>\n\t\t\t\t<\/div>\n\t\t\t\t\t\t\t\t<\/div>\n\t\t\t\t<\/div>\n\t\t\t\t\t<\/div>\n\t\t<\/div>\n\t\t\t\t<div class=\"elementor-column elementor-col-50 elementor-inner-column elementor-element elementor-element-6981aa4\" data-id=\"6981aa4\" data-element_type=\"column\" data-e-type=\"column\">\n\t\t\t<div class=\"elementor-widget-wrap elementor-element-populated\">\n\t\t\t\t\t\t<div class=\"elementor-element elementor-element-7ba36cd elementor-widget elementor-widget-image\" data-id=\"7ba36cd\" data-element_type=\"widget\" data-e-type=\"widget\" data-widget_type=\"image.default\">\n\t\t\t\t<div class=\"elementor-widget-container\">\n\t\t\t\t\t\t\t\t\t\t\t\t\t\t\t<img decoding=\"async\" width=\"150\" height=\"150\" src=\"https:\/\/b2b.pakery.pl\/wp-content\/uploads\/2021\/06\/cybant-15-150x150.png\" class=\"attachment-thumbnail size-thumbnail wp-image-4841\" alt=\"\" srcset=\"https:\/\/b2b.pakery.pl\/wp-content\/uploads\/2021\/06\/cybant-15-150x150.png 150w, https:\/\/b2b.pakery.pl\/wp-content\/uploads\/2021\/06\/cybant-15-110x110.png 110w\" sizes=\"(max-width: 150px) 100vw, 150px\" \/>\t\t\t\t\t\t\t\t\t\t\t\t\t\t\t<\/div>\n\t\t\t\t<\/div>\n\t\t\t\t\t<\/div>\n\t\t<\/div>\n\t\t\t\t\t<\/div>\n\t\t<\/section>\n\t\t\t\t\t<\/div>\n\t\t<\/div>\n\t\t\t\t\t<\/div>\n\t\t<\/section>\n\t\t\t\t<\/div>\n\t\t","protected":false},"excerpt":{"rendered":"<p>HO-END 8 to najwy\u017cszej jako\u015bci pakery iniekcyjne do wype\u0142niania w\u0119\u017cy iniekcyjnych. Specjalnie u\u0142o\u017cony wychwyt zapobiega zsuwaniu si\u0119 w\u0119\u017ca. W celu utrzymania jak najwy\u017cszej szczelno\u015bci uk\u0142adu zaleca si\u0119 stosowanie cybant\u00f3w dwuusznych 15-18 mm Paker iniekcyjny do w\u0119\u017cy sprzedawany jest osobno, lub w wersji z kalamitk\u0105 p\u0142ask\u0105 lub sto\u017ckow\u0105 z preaplikacj\u0105 pow\u0142okow\u0105 gwintu. Preaplikacja doszczelnia kalamitk\u0119 od [&hellip;]<\/p>\n","protected":false},"featured_media":4781,"template":"","meta":{"_acf_changed":false},"product_brand":[],"product_cat":[30],"product_tag":[],"class_list":{"0":"post-4776","1":"product","2":"type-product","3":"status-publish","4":"has-post-thumbnail","6":"product_cat-weze-iniekcyjne","7":"pa_rodzaj-kalamitki-swg","8":"pa_rodzaj-kalamitki-pre","9":"pa_rodzaj-kalamitki-fwg","10":"pa_rodzaj-kalamitki-fpre","12":"first","13":"instock","14":"taxable","15":"shipping-taxable","16":"purchasable","17":"product-type-variable","18":"has-default-attributes"},"acf":[],"yoast_head":"<!-- This site is optimized with the Yoast SEO plugin v24.8.1 - https:\/\/yoast.com\/wordpress\/plugins\/seo\/ -->\n<title>Paker do wype\u0142niania w\u0119\u017cy iniekcyjnych 10mm - PAKERY.PL<\/title>\n<meta name=\"description\" content=\"Paker do wype\u0142niania w\u0119\u017cy iniekcyjnych 10mm | W\u0119\u017ce iniekcyjne\" \/>\n<meta name=\"robots\" content=\"index, follow, max-snippet:-1, max-image-preview:large, max-video-preview:-1\" \/>\n<link rel=\"canonical\" href=\"https:\/\/b2b.pakery.pl\/pl\/produkt\/paker-do-wypelniania-wezy-iniekcyjnych-10mm-kopia\/\" \/>\n<meta property=\"og:locale\" content=\"pl_PL\" \/>\n<meta property=\"og:type\" content=\"article\" \/>\n<meta property=\"og:title\" content=\"Paker do wype\u0142niania w\u0119\u017cy iniekcyjnych 10mm - PAKERY.PL\" \/>\n<meta property=\"og:description\" content=\"Paker do wype\u0142niania w\u0119\u017cy iniekcyjnych 10mm | W\u0119\u017ce iniekcyjne\" \/>\n<meta property=\"og:url\" content=\"https:\/\/b2b.pakery.pl\/pl\/produkt\/paker-do-wypelniania-wezy-iniekcyjnych-10mm-kopia\/\" \/>\n<meta property=\"og:site_name\" content=\"PAKERY.PL\" \/>\n<meta property=\"article:modified_time\" content=\"2025-03-05T17:30:39+00:00\" \/>\n<meta property=\"og:image\" content=\"https:\/\/b2b.pakery.pl\/wp-content\/uploads\/2021\/06\/PAKER-17-of-17-1024x1024.png\" \/>\n\t<meta property=\"og:image:width\" content=\"1024\" \/>\n\t<meta property=\"og:image:height\" content=\"1024\" \/>\n\t<meta property=\"og:image:type\" content=\"image\/png\" \/>\n<meta name=\"twitter:card\" content=\"summary_large_image\" \/>\n<meta name=\"twitter:label1\" content=\"Szacowany czas czytania\" \/>\n\t<meta name=\"twitter:data1\" content=\"1 minuta\" \/>\n<script type=\"application\/ld+json\" class=\"yoast-schema-graph\">{\"@context\":\"https:\/\/schema.org\",\"@graph\":[{\"@type\":\"WebPage\",\"@id\":\"https:\/\/b2b.pakery.pl\/pl\/produkt\/paker-do-wypelniania-wezy-iniekcyjnych-10mm-kopia\/\",\"url\":\"https:\/\/b2b.pakery.pl\/pl\/produkt\/paker-do-wypelniania-wezy-iniekcyjnych-10mm-kopia\/\",\"name\":\"Paker do wype\u0142niania w\u0119\u017cy iniekcyjnych 10mm - PAKERY.PL\",\"isPartOf\":{\"@id\":\"https:\/\/b2b.pakery.pl\/pl\/#website\"},\"primaryImageOfPage\":{\"@id\":\"https:\/\/b2b.pakery.pl\/pl\/produkt\/paker-do-wypelniania-wezy-iniekcyjnych-10mm-kopia\/#primaryimage\"},\"image\":{\"@id\":\"https:\/\/b2b.pakery.pl\/pl\/produkt\/paker-do-wypelniania-wezy-iniekcyjnych-10mm-kopia\/#primaryimage\"},\"thumbnailUrl\":\"https:\/\/b2b.pakery.pl\/wp-content\/uploads\/2021\/06\/PAKER-17-of-17.png\",\"datePublished\":\"2021-06-21T08:29:24+00:00\",\"dateModified\":\"2025-03-05T17:30:39+00:00\",\"description\":\"Paker do wype\u0142niania w\u0119\u017cy iniekcyjnych 10mm | W\u0119\u017ce iniekcyjne\",\"breadcrumb\":{\"@id\":\"https:\/\/b2b.pakery.pl\/pl\/produkt\/paker-do-wypelniania-wezy-iniekcyjnych-10mm-kopia\/#breadcrumb\"},\"inLanguage\":\"pl-PL\",\"potentialAction\":[{\"@type\":\"ReadAction\",\"target\":[\"https:\/\/b2b.pakery.pl\/pl\/produkt\/paker-do-wypelniania-wezy-iniekcyjnych-10mm-kopia\/\"]}]},{\"@type\":\"ImageObject\",\"inLanguage\":\"pl-PL\",\"@id\":\"https:\/\/b2b.pakery.pl\/pl\/produkt\/paker-do-wypelniania-wezy-iniekcyjnych-10mm-kopia\/#primaryimage\",\"url\":\"https:\/\/b2b.pakery.pl\/wp-content\/uploads\/2021\/06\/PAKER-17-of-17.png\",\"contentUrl\":\"https:\/\/b2b.pakery.pl\/wp-content\/uploads\/2021\/06\/PAKER-17-of-17.png\",\"width\":2500,\"height\":2500,\"caption\":\"Paker do w\u0119\u017cy iniekcyjnych\"},{\"@type\":\"BreadcrumbList\",\"@id\":\"https:\/\/b2b.pakery.pl\/pl\/produkt\/paker-do-wypelniania-wezy-iniekcyjnych-10mm-kopia\/#breadcrumb\",\"itemListElement\":[{\"@type\":\"ListItem\",\"position\":1,\"name\":\"Strona g\u0142\u00f3wna\",\"item\":\"https:\/\/b2b.pakery.pl\/pl\/strona-glowna\/\"},{\"@type\":\"ListItem\",\"position\":2,\"name\":\"Sklep\",\"item\":\"https:\/\/b2b.pakery.pl\/pl\/sklep\/\"},{\"@type\":\"ListItem\",\"position\":3,\"name\":\"Paker do wype\u0142niania w\u0119\u017cy iniekcyjnych 10mm\"}]},{\"@type\":\"WebSite\",\"@id\":\"https:\/\/b2b.pakery.pl\/pl\/#website\",\"url\":\"https:\/\/b2b.pakery.pl\/pl\/\",\"name\":\"Pakery.pl\",\"description\":\"Injection Packers, Spiral Anchors, Injection Lances, Injection Hoses, Injection Pumps, Injection Pump Service, Injection Pump Rental\",\"publisher\":{\"@id\":\"https:\/\/b2b.pakery.pl\/pl\/#organization\"},\"potentialAction\":[{\"@type\":\"SearchAction\",\"target\":{\"@type\":\"EntryPoint\",\"urlTemplate\":\"https:\/\/b2b.pakery.pl\/pl\/?s={search_term_string}\"},\"query-input\":{\"@type\":\"PropertyValueSpecification\",\"valueRequired\":true,\"valueName\":\"search_term_string\"}}],\"inLanguage\":\"pl-PL\"},{\"@type\":\"Organization\",\"@id\":\"https:\/\/b2b.pakery.pl\/pl\/#organization\",\"name\":\"PAKERY.PL\",\"url\":\"https:\/\/b2b.pakery.pl\/pl\/\",\"logo\":{\"@type\":\"ImageObject\",\"inLanguage\":\"pl-PL\",\"@id\":\"https:\/\/b2b.pakery.pl\/pl\/#\/schema\/logo\/image\/\",\"url\":\"https:\/\/b2b.pakery.pl\/wp-content\/uploads\/2021\/04\/cropped-PAKERY-LOGO.png\",\"contentUrl\":\"https:\/\/b2b.pakery.pl\/wp-content\/uploads\/2021\/04\/cropped-PAKERY-LOGO.png\",\"width\":1529,\"height\":500,\"caption\":\"PAKERY.PL\"},\"image\":{\"@id\":\"https:\/\/b2b.pakery.pl\/pl\/#\/schema\/logo\/image\/\"}}]}<\/script>\n<!-- \/ Yoast SEO plugin. -->","yoast_head_json":{"title":"Paker do wype\u0142niania w\u0119\u017cy iniekcyjnych 10mm - PAKERY.PL","description":"Paker do wype\u0142niania w\u0119\u017cy iniekcyjnych 10mm | W\u0119\u017ce iniekcyjne","robots":{"index":"index","follow":"follow","max-snippet":"max-snippet:-1","max-image-preview":"max-image-preview:large","max-video-preview":"max-video-preview:-1"},"canonical":"https:\/\/b2b.pakery.pl\/pl\/produkt\/paker-do-wypelniania-wezy-iniekcyjnych-10mm-kopia\/","og_locale":"pl_PL","og_type":"article","og_title":"Paker do wype\u0142niania w\u0119\u017cy iniekcyjnych 10mm - PAKERY.PL","og_description":"Paker do wype\u0142niania w\u0119\u017cy iniekcyjnych 10mm | W\u0119\u017ce iniekcyjne","og_url":"https:\/\/b2b.pakery.pl\/pl\/produkt\/paker-do-wypelniania-wezy-iniekcyjnych-10mm-kopia\/","og_site_name":"PAKERY.PL","article_modified_time":"2025-03-05T17:30:39+00:00","og_image":[{"width":1024,"height":1024,"url":"https:\/\/b2b.pakery.pl\/wp-content\/uploads\/2021\/06\/PAKER-17-of-17-1024x1024.png","type":"image\/png"}],"twitter_card":"summary_large_image","twitter_misc":{"Szacowany czas czytania":"1 minuta"},"schema":{"@context":"https:\/\/schema.org","@graph":[{"@type":"WebPage","@id":"https:\/\/b2b.pakery.pl\/pl\/produkt\/paker-do-wypelniania-wezy-iniekcyjnych-10mm-kopia\/","url":"https:\/\/b2b.pakery.pl\/pl\/produkt\/paker-do-wypelniania-wezy-iniekcyjnych-10mm-kopia\/","name":"Paker do wype\u0142niania w\u0119\u017cy iniekcyjnych 10mm - PAKERY.PL","isPartOf":{"@id":"https:\/\/b2b.pakery.pl\/pl\/#website"},"primaryImageOfPage":{"@id":"https:\/\/b2b.pakery.pl\/pl\/produkt\/paker-do-wypelniania-wezy-iniekcyjnych-10mm-kopia\/#primaryimage"},"image":{"@id":"https:\/\/b2b.pakery.pl\/pl\/produkt\/paker-do-wypelniania-wezy-iniekcyjnych-10mm-kopia\/#primaryimage"},"thumbnailUrl":"https:\/\/b2b.pakery.pl\/wp-content\/uploads\/2021\/06\/PAKER-17-of-17.png","datePublished":"2021-06-21T08:29:24+00:00","dateModified":"2025-03-05T17:30:39+00:00","description":"Paker do wype\u0142niania w\u0119\u017cy iniekcyjnych 10mm | W\u0119\u017ce iniekcyjne","breadcrumb":{"@id":"https:\/\/b2b.pakery.pl\/pl\/produkt\/paker-do-wypelniania-wezy-iniekcyjnych-10mm-kopia\/#breadcrumb"},"inLanguage":"pl-PL","potentialAction":[{"@type":"ReadAction","target":["https:\/\/b2b.pakery.pl\/pl\/produkt\/paker-do-wypelniania-wezy-iniekcyjnych-10mm-kopia\/"]}]},{"@type":"ImageObject","inLanguage":"pl-PL","@id":"https:\/\/b2b.pakery.pl\/pl\/produkt\/paker-do-wypelniania-wezy-iniekcyjnych-10mm-kopia\/#primaryimage","url":"https:\/\/b2b.pakery.pl\/wp-content\/uploads\/2021\/06\/PAKER-17-of-17.png","contentUrl":"https:\/\/b2b.pakery.pl\/wp-content\/uploads\/2021\/06\/PAKER-17-of-17.png","width":2500,"height":2500,"caption":"Paker do w\u0119\u017cy iniekcyjnych"},{"@type":"BreadcrumbList","@id":"https:\/\/b2b.pakery.pl\/pl\/produkt\/paker-do-wypelniania-wezy-iniekcyjnych-10mm-kopia\/#breadcrumb","itemListElement":[{"@type":"ListItem","position":1,"name":"Strona g\u0142\u00f3wna","item":"https:\/\/b2b.pakery.pl\/pl\/strona-glowna\/"},{"@type":"ListItem","position":2,"name":"Sklep","item":"https:\/\/b2b.pakery.pl\/pl\/sklep\/"},{"@type":"ListItem","position":3,"name":"Paker do wype\u0142niania w\u0119\u017cy iniekcyjnych 10mm"}]},{"@type":"WebSite","@id":"https:\/\/b2b.pakery.pl\/pl\/#website","url":"https:\/\/b2b.pakery.pl\/pl\/","name":"Pakery.pl","description":"Injection Packers, Spiral Anchors, Injection Lances, Injection Hoses, Injection Pumps, Injection Pump Service, Injection Pump Rental","publisher":{"@id":"https:\/\/b2b.pakery.pl\/pl\/#organization"},"potentialAction":[{"@type":"SearchAction","target":{"@type":"EntryPoint","urlTemplate":"https:\/\/b2b.pakery.pl\/pl\/?s={search_term_string}"},"query-input":{"@type":"PropertyValueSpecification","valueRequired":true,"valueName":"search_term_string"}}],"inLanguage":"pl-PL"},{"@type":"Organization","@id":"https:\/\/b2b.pakery.pl\/pl\/#organization","name":"PAKERY.PL","url":"https:\/\/b2b.pakery.pl\/pl\/","logo":{"@type":"ImageObject","inLanguage":"pl-PL","@id":"https:\/\/b2b.pakery.pl\/pl\/#\/schema\/logo\/image\/","url":"https:\/\/b2b.pakery.pl\/wp-content\/uploads\/2021\/04\/cropped-PAKERY-LOGO.png","contentUrl":"https:\/\/b2b.pakery.pl\/wp-content\/uploads\/2021\/04\/cropped-PAKERY-LOGO.png","width":1529,"height":500,"caption":"PAKERY.PL"},"image":{"@id":"https:\/\/b2b.pakery.pl\/pl\/#\/schema\/logo\/image\/"}}]}},"tiered_pricing_type":"fixed","tiered_pricing_fixed_rules":{"99":"5.29","100":"5.08","1000":"4.88"},"tiered_pricing_product_settings":{"layout":"default","base_unit_name":{"singular":null,"plural":null},"default_variation":null},"tiered_pricing_minimum_quantity":null,"tiered_pricing_roles_data":[],"tiered_pricing_percentage_rules":[],"tiered_pricing_maximum_quantity":null,"tiered_pricing_quantity_step":null,"_links":{"self":[{"href":"https:\/\/b2b.pakery.pl\/pl\/wp-json\/wp\/v2\/product\/4776","targetHints":{"allow":["GET"]}}],"collection":[{"href":"https:\/\/b2b.pakery.pl\/pl\/wp-json\/wp\/v2\/product"}],"about":[{"href":"https:\/\/b2b.pakery.pl\/pl\/wp-json\/wp\/v2\/types\/product"}],"version-history":[{"count":14,"href":"https:\/\/b2b.pakery.pl\/pl\/wp-json\/wp\/v2\/product\/4776\/revisions"}],"predecessor-version":[{"id":43683,"href":"https:\/\/b2b.pakery.pl\/pl\/wp-json\/wp\/v2\/product\/4776\/revisions\/43683"}],"wp:featuredmedia":[{"embeddable":true,"href":"https:\/\/b2b.pakery.pl\/pl\/wp-json\/wp\/v2\/media\/4781"}],"wp:attachment":[{"href":"https:\/\/b2b.pakery.pl\/pl\/wp-json\/wp\/v2\/media?parent=4776"}],"wp:term":[{"taxonomy":"product_brand","embeddable":true,"href":"https:\/\/b2b.pakery.pl\/pl\/wp-json\/wp\/v2\/product_brand?post=4776"},{"taxonomy":"product_cat","embeddable":true,"href":"https:\/\/b2b.pakery.pl\/pl\/wp-json\/wp\/v2\/product_cat?post=4776"},{"taxonomy":"product_tag","embeddable":true,"href":"https:\/\/b2b.pakery.pl\/pl\/wp-json\/wp\/v2\/product_tag?post=4776"}],"curies":[{"name":"wp","href":"https:\/\/api.w.org\/{rel}","templated":true}]}}