{"id":4627,"date":"2021-06-08T12:12:24","date_gmt":"2021-06-08T10:12:24","guid":{"rendered":"https:\/\/b2b.pakery.pl\/?post_type=product&#038;p=4627"},"modified":"2022-06-21T09:31:39","modified_gmt":"2022-06-21T07:31:39","slug":"zawor-do-kremow-iniekcyjnych","status":"publish","type":"product","link":"https:\/\/b2b.pakery.pl\/pl\/produkt\/zawor-do-kremow-iniekcyjnych\/","title":{"rendered":"Zaw\u00f3r Do Krem\u00f3w Iniekcyjnych"},"content":{"rendered":"<p>Zaw\u00f3r zako\u0144czony z\u0142\u0105czem GEKA umo\u017cliwiaj\u0105cy \u0142atwy monta\u017c.<br \/>\nZaw\u00f3r zawiera kr\u00f3ciec o \u015brednicy 10 mm i o d\u0142ugo\u015bci 100 cm, kt\u00f3ry mo\u017cna doci\u0105\u0107 na potrzebn\u0105 d\u0142ugo\u015b\u0107.<\/p>\n","protected":false},"excerpt":{"rendered":"<p>Zaw\u00f3r zako\u0144czony z\u0142\u0105czem GEKA umo\u017cliwiaj\u0105cy \u0142atwy monta\u017c. Zaw\u00f3r zawiera kr\u00f3ciec o \u015brednicy 10 mm i o d\u0142ugo\u015bci 100 cm, kt\u00f3ry mo\u017cna doci\u0105\u0107 na potrzebn\u0105 d\u0142ugo\u015b\u0107.<\/p>\n","protected":false},"featured_media":4628,"template":"","meta":{"_acf_changed":false},"product_brand":[],"product_cat":[33],"product_tag":[],"class_list":{"0":"post-4627","1":"product","2":"type-product","3":"status-publish","4":"has-post-thumbnail","6":"product_cat-akcesoria-iniekcyjne","7":"pa_przylacza-i-czyszczenie-przylacza-i-czyszczenie","9":"first","10":"instock","11":"taxable","12":"shipping-taxable","13":"purchasable","14":"product-type-simple"},"acf":[],"yoast_head":"<!-- This site is optimized with the Yoast SEO plugin v24.8.1 - https:\/\/yoast.com\/wordpress\/plugins\/seo\/ -->\n<title>Zaw\u00f3r Do Krem\u00f3w Iniekcyjnych - PAKERY.PL<\/title>\n<meta name=\"robots\" content=\"index, follow, max-snippet:-1, max-image-preview:large, max-video-preview:-1\" \/>\n<link rel=\"canonical\" href=\"https:\/\/b2b.pakery.pl\/pl\/produkt\/zawor-do-kremow-iniekcyjnych\/\" \/>\n<meta property=\"og:locale\" content=\"pl_PL\" \/>\n<meta property=\"og:type\" content=\"article\" \/>\n<meta property=\"og:title\" content=\"Zaw\u00f3r Do Krem\u00f3w Iniekcyjnych - PAKERY.PL\" \/>\n<meta property=\"og:description\" content=\"Zaw\u00f3r zako\u0144czony z\u0142\u0105czem GEKA umo\u017cliwiaj\u0105cy \u0142atwy monta\u017c. Zaw\u00f3r zawiera kr\u00f3ciec o \u015brednicy 10 mm i o d\u0142ugo\u015bci 100 cm, kt\u00f3ry mo\u017cna doci\u0105\u0107 na potrzebn\u0105 d\u0142ugo\u015b\u0107.\" \/>\n<meta property=\"og:url\" content=\"https:\/\/b2b.pakery.pl\/pl\/produkt\/zawor-do-kremow-iniekcyjnych\/\" \/>\n<meta property=\"og:site_name\" content=\"PAKERY.PL\" \/>\n<meta property=\"article:modified_time\" content=\"2022-06-21T07:31:39+00:00\" \/>\n<meta property=\"og:image\" content=\"https:\/\/b2b.pakery.pl\/wp-content\/uploads\/2021\/06\/zawor-do-kremow-.png\" \/>\n\t<meta property=\"og:image:width\" content=\"2500\" \/>\n\t<meta property=\"og:image:height\" content=\"2500\" \/>\n\t<meta property=\"og:image:type\" content=\"image\/png\" \/>\n<meta name=\"twitter:card\" content=\"summary_large_image\" \/>\n<meta name=\"twitter:label1\" content=\"Szacowany czas czytania\" \/>\n\t<meta name=\"twitter:data1\" content=\"1 minuta\" \/>\n<script type=\"application\/ld+json\" class=\"yoast-schema-graph\">{\"@context\":\"https:\/\/schema.org\",\"@graph\":[{\"@type\":\"WebPage\",\"@id\":\"https:\/\/b2b.pakery.pl\/pl\/produkt\/zawor-do-kremow-iniekcyjnych\/\",\"url\":\"https:\/\/b2b.pakery.pl\/pl\/produkt\/zawor-do-kremow-iniekcyjnych\/\",\"name\":\"Zaw\u00f3r Do Krem\u00f3w Iniekcyjnych - PAKERY.PL\",\"isPartOf\":{\"@id\":\"https:\/\/b2b.pakery.pl\/pl\/#website\"},\"primaryImageOfPage\":{\"@id\":\"https:\/\/b2b.pakery.pl\/pl\/produkt\/zawor-do-kremow-iniekcyjnych\/#primaryimage\"},\"image\":{\"@id\":\"https:\/\/b2b.pakery.pl\/pl\/produkt\/zawor-do-kremow-iniekcyjnych\/#primaryimage\"},\"thumbnailUrl\":\"https:\/\/b2b.pakery.pl\/wp-content\/uploads\/2021\/06\/zawor-do-kremow-.png\",\"datePublished\":\"2021-06-08T10:12:24+00:00\",\"dateModified\":\"2022-06-21T07:31:39+00:00\",\"breadcrumb\":{\"@id\":\"https:\/\/b2b.pakery.pl\/pl\/produkt\/zawor-do-kremow-iniekcyjnych\/#breadcrumb\"},\"inLanguage\":\"pl-PL\",\"potentialAction\":[{\"@type\":\"ReadAction\",\"target\":[\"https:\/\/b2b.pakery.pl\/pl\/produkt\/zawor-do-kremow-iniekcyjnych\/\"]}]},{\"@type\":\"ImageObject\",\"inLanguage\":\"pl-PL\",\"@id\":\"https:\/\/b2b.pakery.pl\/pl\/produkt\/zawor-do-kremow-iniekcyjnych\/#primaryimage\",\"url\":\"https:\/\/b2b.pakery.pl\/wp-content\/uploads\/2021\/06\/zawor-do-kremow-.png\",\"contentUrl\":\"https:\/\/b2b.pakery.pl\/wp-content\/uploads\/2021\/06\/zawor-do-kremow-.png\",\"width\":2500,\"height\":2500},{\"@type\":\"BreadcrumbList\",\"@id\":\"https:\/\/b2b.pakery.pl\/pl\/produkt\/zawor-do-kremow-iniekcyjnych\/#breadcrumb\",\"itemListElement\":[{\"@type\":\"ListItem\",\"position\":1,\"name\":\"Strona g\u0142\u00f3wna\",\"item\":\"https:\/\/b2b.pakery.pl\/pl\/strona-glowna\/\"},{\"@type\":\"ListItem\",\"position\":2,\"name\":\"Sklep\",\"item\":\"https:\/\/b2b.pakery.pl\/pl\/sklep\/\"},{\"@type\":\"ListItem\",\"position\":3,\"name\":\"Zaw\u00f3r Do Krem\u00f3w Iniekcyjnych\"}]},{\"@type\":\"WebSite\",\"@id\":\"https:\/\/b2b.pakery.pl\/pl\/#website\",\"url\":\"https:\/\/b2b.pakery.pl\/pl\/\",\"name\":\"Pakery.pl\",\"description\":\"Injection Packers, Spiral Anchors, Injection Lances, Injection Hoses, Injection Pumps, Injection Pump Service, Injection Pump Rental\",\"publisher\":{\"@id\":\"https:\/\/b2b.pakery.pl\/pl\/#organization\"},\"potentialAction\":[{\"@type\":\"SearchAction\",\"target\":{\"@type\":\"EntryPoint\",\"urlTemplate\":\"https:\/\/b2b.pakery.pl\/pl\/?s={search_term_string}\"},\"query-input\":{\"@type\":\"PropertyValueSpecification\",\"valueRequired\":true,\"valueName\":\"search_term_string\"}}],\"inLanguage\":\"pl-PL\"},{\"@type\":\"Organization\",\"@id\":\"https:\/\/b2b.pakery.pl\/pl\/#organization\",\"name\":\"PAKERY.PL\",\"url\":\"https:\/\/b2b.pakery.pl\/pl\/\",\"logo\":{\"@type\":\"ImageObject\",\"inLanguage\":\"pl-PL\",\"@id\":\"https:\/\/b2b.pakery.pl\/pl\/#\/schema\/logo\/image\/\",\"url\":\"https:\/\/b2b.pakery.pl\/wp-content\/uploads\/2021\/04\/cropped-PAKERY-LOGO.png\",\"contentUrl\":\"https:\/\/b2b.pakery.pl\/wp-content\/uploads\/2021\/04\/cropped-PAKERY-LOGO.png\",\"width\":1529,\"height\":500,\"caption\":\"PAKERY.PL\"},\"image\":{\"@id\":\"https:\/\/b2b.pakery.pl\/pl\/#\/schema\/logo\/image\/\"}}]}<\/script>\n<!-- \/ Yoast SEO plugin. -->","yoast_head_json":{"title":"Zaw\u00f3r Do Krem\u00f3w Iniekcyjnych - PAKERY.PL","robots":{"index":"index","follow":"follow","max-snippet":"max-snippet:-1","max-image-preview":"max-image-preview:large","max-video-preview":"max-video-preview:-1"},"canonical":"https:\/\/b2b.pakery.pl\/pl\/produkt\/zawor-do-kremow-iniekcyjnych\/","og_locale":"pl_PL","og_type":"article","og_title":"Zaw\u00f3r Do Krem\u00f3w Iniekcyjnych - PAKERY.PL","og_description":"Zaw\u00f3r zako\u0144czony z\u0142\u0105czem GEKA umo\u017cliwiaj\u0105cy \u0142atwy monta\u017c. Zaw\u00f3r zawiera kr\u00f3ciec o \u015brednicy 10 mm i o d\u0142ugo\u015bci 100 cm, kt\u00f3ry mo\u017cna doci\u0105\u0107 na potrzebn\u0105 d\u0142ugo\u015b\u0107.","og_url":"https:\/\/b2b.pakery.pl\/pl\/produkt\/zawor-do-kremow-iniekcyjnych\/","og_site_name":"PAKERY.PL","article_modified_time":"2022-06-21T07:31:39+00:00","og_image":[{"width":2500,"height":2500,"url":"https:\/\/b2b.pakery.pl\/wp-content\/uploads\/2021\/06\/zawor-do-kremow-.png","type":"image\/png"}],"twitter_card":"summary_large_image","twitter_misc":{"Szacowany czas czytania":"1 minuta"},"schema":{"@context":"https:\/\/schema.org","@graph":[{"@type":"WebPage","@id":"https:\/\/b2b.pakery.pl\/pl\/produkt\/zawor-do-kremow-iniekcyjnych\/","url":"https:\/\/b2b.pakery.pl\/pl\/produkt\/zawor-do-kremow-iniekcyjnych\/","name":"Zaw\u00f3r Do Krem\u00f3w Iniekcyjnych - PAKERY.PL","isPartOf":{"@id":"https:\/\/b2b.pakery.pl\/pl\/#website"},"primaryImageOfPage":{"@id":"https:\/\/b2b.pakery.pl\/pl\/produkt\/zawor-do-kremow-iniekcyjnych\/#primaryimage"},"image":{"@id":"https:\/\/b2b.pakery.pl\/pl\/produkt\/zawor-do-kremow-iniekcyjnych\/#primaryimage"},"thumbnailUrl":"https:\/\/b2b.pakery.pl\/wp-content\/uploads\/2021\/06\/zawor-do-kremow-.png","datePublished":"2021-06-08T10:12:24+00:00","dateModified":"2022-06-21T07:31:39+00:00","breadcrumb":{"@id":"https:\/\/b2b.pakery.pl\/pl\/produkt\/zawor-do-kremow-iniekcyjnych\/#breadcrumb"},"inLanguage":"pl-PL","potentialAction":[{"@type":"ReadAction","target":["https:\/\/b2b.pakery.pl\/pl\/produkt\/zawor-do-kremow-iniekcyjnych\/"]}]},{"@type":"ImageObject","inLanguage":"pl-PL","@id":"https:\/\/b2b.pakery.pl\/pl\/produkt\/zawor-do-kremow-iniekcyjnych\/#primaryimage","url":"https:\/\/b2b.pakery.pl\/wp-content\/uploads\/2021\/06\/zawor-do-kremow-.png","contentUrl":"https:\/\/b2b.pakery.pl\/wp-content\/uploads\/2021\/06\/zawor-do-kremow-.png","width":2500,"height":2500},{"@type":"BreadcrumbList","@id":"https:\/\/b2b.pakery.pl\/pl\/produkt\/zawor-do-kremow-iniekcyjnych\/#breadcrumb","itemListElement":[{"@type":"ListItem","position":1,"name":"Strona g\u0142\u00f3wna","item":"https:\/\/b2b.pakery.pl\/pl\/strona-glowna\/"},{"@type":"ListItem","position":2,"name":"Sklep","item":"https:\/\/b2b.pakery.pl\/pl\/sklep\/"},{"@type":"ListItem","position":3,"name":"Zaw\u00f3r Do Krem\u00f3w Iniekcyjnych"}]},{"@type":"WebSite","@id":"https:\/\/b2b.pakery.pl\/pl\/#website","url":"https:\/\/b2b.pakery.pl\/pl\/","name":"Pakery.pl","description":"Injection Packers, Spiral Anchors, Injection Lances, Injection Hoses, Injection Pumps, Injection Pump Service, Injection Pump Rental","publisher":{"@id":"https:\/\/b2b.pakery.pl\/pl\/#organization"},"potentialAction":[{"@type":"SearchAction","target":{"@type":"EntryPoint","urlTemplate":"https:\/\/b2b.pakery.pl\/pl\/?s={search_term_string}"},"query-input":{"@type":"PropertyValueSpecification","valueRequired":true,"valueName":"search_term_string"}}],"inLanguage":"pl-PL"},{"@type":"Organization","@id":"https:\/\/b2b.pakery.pl\/pl\/#organization","name":"PAKERY.PL","url":"https:\/\/b2b.pakery.pl\/pl\/","logo":{"@type":"ImageObject","inLanguage":"pl-PL","@id":"https:\/\/b2b.pakery.pl\/pl\/#\/schema\/logo\/image\/","url":"https:\/\/b2b.pakery.pl\/wp-content\/uploads\/2021\/04\/cropped-PAKERY-LOGO.png","contentUrl":"https:\/\/b2b.pakery.pl\/wp-content\/uploads\/2021\/04\/cropped-PAKERY-LOGO.png","width":1529,"height":500,"caption":"PAKERY.PL"},"image":{"@id":"https:\/\/b2b.pakery.pl\/pl\/#\/schema\/logo\/image\/"}}]}},"tiered_pricing_type":"fixed","tiered_pricing_fixed_rules":[],"tiered_pricing_product_settings":{"layout":"default","base_unit_name":{"singular":null,"plural":null},"default_variation":null},"tiered_pricing_minimum_quantity":null,"tiered_pricing_roles_data":[],"tiered_pricing_percentage_rules":[],"tiered_pricing_maximum_quantity":null,"tiered_pricing_quantity_step":null,"_links":{"self":[{"href":"https:\/\/b2b.pakery.pl\/pl\/wp-json\/wp\/v2\/product\/4627","targetHints":{"allow":["GET"]}}],"collection":[{"href":"https:\/\/b2b.pakery.pl\/pl\/wp-json\/wp\/v2\/product"}],"about":[{"href":"https:\/\/b2b.pakery.pl\/pl\/wp-json\/wp\/v2\/types\/product"}],"version-history":[{"count":2,"href":"https:\/\/b2b.pakery.pl\/pl\/wp-json\/wp\/v2\/product\/4627\/revisions"}],"predecessor-version":[{"id":4631,"href":"https:\/\/b2b.pakery.pl\/pl\/wp-json\/wp\/v2\/product\/4627\/revisions\/4631"}],"wp:featuredmedia":[{"embeddable":true,"href":"https:\/\/b2b.pakery.pl\/pl\/wp-json\/wp\/v2\/media\/4628"}],"wp:attachment":[{"href":"https:\/\/b2b.pakery.pl\/pl\/wp-json\/wp\/v2\/media?parent=4627"}],"wp:term":[{"taxonomy":"product_brand","embeddable":true,"href":"https:\/\/b2b.pakery.pl\/pl\/wp-json\/wp\/v2\/product_brand?post=4627"},{"taxonomy":"product_cat","embeddable":true,"href":"https:\/\/b2b.pakery.pl\/pl\/wp-json\/wp\/v2\/product_cat?post=4627"},{"taxonomy":"product_tag","embeddable":true,"href":"https:\/\/b2b.pakery.pl\/pl\/wp-json\/wp\/v2\/product_tag?post=4627"}],"curies":[{"name":"wp","href":"https:\/\/api.w.org\/{rel}","templated":true}]}}