{"id":43163,"date":"2024-06-12T15:29:35","date_gmt":"2024-06-12T13:29:35","guid":{"rendered":"https:\/\/b2b.pakery.pl\/?post_type=product&#038;p=43163"},"modified":"2024-06-12T15:33:25","modified_gmt":"2024-06-12T13:33:25","slug":"lacznik-lanc-iniekcyjnych-lance-iniekcyjne","status":"publish","type":"product","link":"https:\/\/b2b.pakery.pl\/pl\/produkt\/lacznik-lanc-iniekcyjnych-lance-iniekcyjne\/","title":{"rendered":"\u0141\u0105cznik lanc iniekcyjnych 21,3mm"},"content":{"rendered":"\t\t<div data-elementor-type=\"product-post\" data-elementor-id=\"43163\" class=\"elementor elementor-43163\" data-elementor-post-type=\"product\">\n\t\t\t\t\t\t<section class=\"elementor-section elementor-top-section elementor-element elementor-element-715fd1f elementor-section-full_width elementor-section-height-default elementor-section-height-default\" data-id=\"715fd1f\" data-element_type=\"section\" data-e-type=\"section\">\n\t\t\t\t\t\t<div class=\"elementor-container elementor-column-gap-default\">\n\t\t\t\t\t<div class=\"elementor-column elementor-col-100 elementor-top-column elementor-element elementor-element-59dc065\" data-id=\"59dc065\" data-element_type=\"column\" data-e-type=\"column\">\n\t\t\t<div class=\"elementor-widget-wrap elementor-element-populated\">\n\t\t\t\t\t\t<div class=\"elementor-element elementor-element-aceeadd elementor-widget elementor-widget-image\" data-id=\"aceeadd\" data-element_type=\"widget\" data-e-type=\"widget\" data-widget_type=\"image.default\">\n\t\t\t\t<div class=\"elementor-widget-container\">\n\t\t\t\t\t\t\t\t\t\t\t\t\t\t\t<img fetchpriority=\"high\" decoding=\"async\" width=\"3661\" height=\"1181\" src=\"https:\/\/b2b.pakery.pl\/wp-content\/uploads\/2024\/06\/JG-CONNECTOR-213-schemat.png\" class=\"attachment-full size-full wp-image-43165\" alt=\"\" srcset=\"https:\/\/b2b.pakery.pl\/wp-content\/uploads\/2024\/06\/JG-CONNECTOR-213-schemat.png 3661w, https:\/\/b2b.pakery.pl\/wp-content\/uploads\/2024\/06\/JG-CONNECTOR-213-schemat-300x97.png 300w, https:\/\/b2b.pakery.pl\/wp-content\/uploads\/2024\/06\/JG-CONNECTOR-213-schemat-1024x330.png 1024w, https:\/\/b2b.pakery.pl\/wp-content\/uploads\/2024\/06\/JG-CONNECTOR-213-schemat-768x248.png 768w, https:\/\/b2b.pakery.pl\/wp-content\/uploads\/2024\/06\/JG-CONNECTOR-213-schemat-1536x495.png 1536w, https:\/\/b2b.pakery.pl\/wp-content\/uploads\/2024\/06\/JG-CONNECTOR-213-schemat-2048x661.png 2048w, https:\/\/b2b.pakery.pl\/wp-content\/uploads\/2024\/06\/JG-CONNECTOR-213-schemat-683x220.png 683w, https:\/\/b2b.pakery.pl\/wp-content\/uploads\/2024\/06\/JG-CONNECTOR-213-schemat-602x194.png 602w\" sizes=\"(max-width: 3661px) 100vw, 3661px\" \/>\t\t\t\t\t\t\t\t\t\t\t\t\t\t\t<\/div>\n\t\t\t\t<\/div>\n\t\t\t\t\t<\/div>\n\t\t<\/div>\n\t\t\t\t\t<\/div>\n\t\t<\/section>\n\t\t\t\t<\/div>\n\t\t","protected":false},"excerpt":{"rendered":"","protected":false},"featured_media":43108,"template":"","meta":{"_acf_changed":false},"product_brand":[],"product_cat":[1842],"product_tag":[],"class_list":{"0":"post-43163","1":"product","2":"type-product","3":"status-publish","4":"has-post-thumbnail","6":"product_cat-lance-iniekcyjne-jg-system-213","8":"first","9":"instock","10":"taxable","11":"shipping-taxable","12":"purchasable","13":"product-type-simple"},"acf":[],"yoast_head":"<!-- This site is optimized with the Yoast SEO plugin v24.8.1 - https:\/\/yoast.com\/wordpress\/plugins\/seo\/ -->\n<title>\u0141\u0105cznik lanc iniekcyjnych 21,3mm - PAKERY.PL Lance iniekcyjne<\/title>\n<meta name=\"description\" content=\"\u0141\u0105cznik lanc iniekcyjnych \/ Lance iniekcyjne | Stabulizacja | Podnoszenie\" \/>\n<meta name=\"robots\" content=\"index, follow, max-snippet:-1, max-image-preview:large, max-video-preview:-1\" \/>\n<link rel=\"canonical\" href=\"https:\/\/b2b.pakery.pl\/pl\/produkt\/lacznik-lanc-iniekcyjnych-lance-iniekcyjne\/\" \/>\n<meta property=\"og:locale\" content=\"pl_PL\" \/>\n<meta property=\"og:type\" content=\"article\" \/>\n<meta property=\"og:title\" content=\"\u0141\u0105cznik lanc iniekcyjnych 21,3mm - PAKERY.PL Lance iniekcyjne\" \/>\n<meta property=\"og:description\" content=\"\u0141\u0105cznik lanc iniekcyjnych \/ Lance iniekcyjne | Stabulizacja | Podnoszenie\" \/>\n<meta property=\"og:url\" content=\"https:\/\/b2b.pakery.pl\/pl\/produkt\/lacznik-lanc-iniekcyjnych-lance-iniekcyjne\/\" \/>\n<meta property=\"og:site_name\" content=\"PAKERY.PL\" \/>\n<meta property=\"article:modified_time\" content=\"2024-06-12T13:33:25+00:00\" \/>\n<meta property=\"og:image\" content=\"https:\/\/b2b.pakery.pl\/wp-content\/uploads\/2024\/06\/JG-CONNECTOR-213-1.png\" \/>\n\t<meta property=\"og:image:width\" content=\"2000\" \/>\n\t<meta property=\"og:image:height\" content=\"2000\" \/>\n\t<meta property=\"og:image:type\" content=\"image\/png\" \/>\n<meta name=\"twitter:card\" content=\"summary_large_image\" \/>\n<script type=\"application\/ld+json\" class=\"yoast-schema-graph\">{\"@context\":\"https:\/\/schema.org\",\"@graph\":[{\"@type\":\"WebPage\",\"@id\":\"https:\/\/b2b.pakery.pl\/pl\/produkt\/lacznik-lanc-iniekcyjnych-lance-iniekcyjne\/\",\"url\":\"https:\/\/b2b.pakery.pl\/pl\/produkt\/lacznik-lanc-iniekcyjnych-lance-iniekcyjne\/\",\"name\":\"\u0141\u0105cznik lanc iniekcyjnych 21,3mm - PAKERY.PL Lance iniekcyjne\",\"isPartOf\":{\"@id\":\"https:\/\/b2b.pakery.pl\/pl\/#website\"},\"primaryImageOfPage\":{\"@id\":\"https:\/\/b2b.pakery.pl\/pl\/produkt\/lacznik-lanc-iniekcyjnych-lance-iniekcyjne\/#primaryimage\"},\"image\":{\"@id\":\"https:\/\/b2b.pakery.pl\/pl\/produkt\/lacznik-lanc-iniekcyjnych-lance-iniekcyjne\/#primaryimage\"},\"thumbnailUrl\":\"https:\/\/b2b.pakery.pl\/wp-content\/uploads\/2024\/06\/JG-CONNECTOR-213-1.png\",\"datePublished\":\"2024-06-12T13:29:35+00:00\",\"dateModified\":\"2024-06-12T13:33:25+00:00\",\"description\":\"\u0141\u0105cznik lanc iniekcyjnych \/ Lance iniekcyjne | Stabulizacja | Podnoszenie\",\"breadcrumb\":{\"@id\":\"https:\/\/b2b.pakery.pl\/pl\/produkt\/lacznik-lanc-iniekcyjnych-lance-iniekcyjne\/#breadcrumb\"},\"inLanguage\":\"pl-PL\",\"potentialAction\":[{\"@type\":\"ReadAction\",\"target\":[\"https:\/\/b2b.pakery.pl\/pl\/produkt\/lacznik-lanc-iniekcyjnych-lance-iniekcyjne\/\"]}]},{\"@type\":\"ImageObject\",\"inLanguage\":\"pl-PL\",\"@id\":\"https:\/\/b2b.pakery.pl\/pl\/produkt\/lacznik-lanc-iniekcyjnych-lance-iniekcyjne\/#primaryimage\",\"url\":\"https:\/\/b2b.pakery.pl\/wp-content\/uploads\/2024\/06\/JG-CONNECTOR-213-1.png\",\"contentUrl\":\"https:\/\/b2b.pakery.pl\/wp-content\/uploads\/2024\/06\/JG-CONNECTOR-213-1.png\",\"width\":2000,\"height\":2000},{\"@type\":\"BreadcrumbList\",\"@id\":\"https:\/\/b2b.pakery.pl\/pl\/produkt\/lacznik-lanc-iniekcyjnych-lance-iniekcyjne\/#breadcrumb\",\"itemListElement\":[{\"@type\":\"ListItem\",\"position\":1,\"name\":\"Strona g\u0142\u00f3wna\",\"item\":\"https:\/\/b2b.pakery.pl\/pl\/strona-glowna\/\"},{\"@type\":\"ListItem\",\"position\":2,\"name\":\"Sklep\",\"item\":\"https:\/\/b2b.pakery.pl\/pl\/sklep\/\"},{\"@type\":\"ListItem\",\"position\":3,\"name\":\"\u0141\u0105cznik lanc iniekcyjnych 21,3mm\"}]},{\"@type\":\"WebSite\",\"@id\":\"https:\/\/b2b.pakery.pl\/pl\/#website\",\"url\":\"https:\/\/b2b.pakery.pl\/pl\/\",\"name\":\"Pakery.pl\",\"description\":\"Injection Packers, Spiral Anchors, Injection Lances, Injection Hoses, Injection Pumps, Injection Pump Service, Injection Pump Rental\",\"publisher\":{\"@id\":\"https:\/\/b2b.pakery.pl\/pl\/#organization\"},\"potentialAction\":[{\"@type\":\"SearchAction\",\"target\":{\"@type\":\"EntryPoint\",\"urlTemplate\":\"https:\/\/b2b.pakery.pl\/pl\/?s={search_term_string}\"},\"query-input\":{\"@type\":\"PropertyValueSpecification\",\"valueRequired\":true,\"valueName\":\"search_term_string\"}}],\"inLanguage\":\"pl-PL\"},{\"@type\":\"Organization\",\"@id\":\"https:\/\/b2b.pakery.pl\/pl\/#organization\",\"name\":\"PAKERY.PL\",\"url\":\"https:\/\/b2b.pakery.pl\/pl\/\",\"logo\":{\"@type\":\"ImageObject\",\"inLanguage\":\"pl-PL\",\"@id\":\"https:\/\/b2b.pakery.pl\/pl\/#\/schema\/logo\/image\/\",\"url\":\"https:\/\/b2b.pakery.pl\/wp-content\/uploads\/2021\/04\/cropped-PAKERY-LOGO.png\",\"contentUrl\":\"https:\/\/b2b.pakery.pl\/wp-content\/uploads\/2021\/04\/cropped-PAKERY-LOGO.png\",\"width\":1529,\"height\":500,\"caption\":\"PAKERY.PL\"},\"image\":{\"@id\":\"https:\/\/b2b.pakery.pl\/pl\/#\/schema\/logo\/image\/\"}}]}<\/script>\n<!-- \/ Yoast SEO plugin. -->","yoast_head_json":{"title":"\u0141\u0105cznik lanc iniekcyjnych 21,3mm - PAKERY.PL Lance iniekcyjne","description":"\u0141\u0105cznik lanc iniekcyjnych \/ Lance iniekcyjne | Stabulizacja | Podnoszenie","robots":{"index":"index","follow":"follow","max-snippet":"max-snippet:-1","max-image-preview":"max-image-preview:large","max-video-preview":"max-video-preview:-1"},"canonical":"https:\/\/b2b.pakery.pl\/pl\/produkt\/lacznik-lanc-iniekcyjnych-lance-iniekcyjne\/","og_locale":"pl_PL","og_type":"article","og_title":"\u0141\u0105cznik lanc iniekcyjnych 21,3mm - PAKERY.PL Lance iniekcyjne","og_description":"\u0141\u0105cznik lanc iniekcyjnych \/ Lance iniekcyjne | Stabulizacja | Podnoszenie","og_url":"https:\/\/b2b.pakery.pl\/pl\/produkt\/lacznik-lanc-iniekcyjnych-lance-iniekcyjne\/","og_site_name":"PAKERY.PL","article_modified_time":"2024-06-12T13:33:25+00:00","og_image":[{"width":2000,"height":2000,"url":"https:\/\/b2b.pakery.pl\/wp-content\/uploads\/2024\/06\/JG-CONNECTOR-213-1.png","type":"image\/png"}],"twitter_card":"summary_large_image","schema":{"@context":"https:\/\/schema.org","@graph":[{"@type":"WebPage","@id":"https:\/\/b2b.pakery.pl\/pl\/produkt\/lacznik-lanc-iniekcyjnych-lance-iniekcyjne\/","url":"https:\/\/b2b.pakery.pl\/pl\/produkt\/lacznik-lanc-iniekcyjnych-lance-iniekcyjne\/","name":"\u0141\u0105cznik lanc iniekcyjnych 21,3mm - PAKERY.PL Lance iniekcyjne","isPartOf":{"@id":"https:\/\/b2b.pakery.pl\/pl\/#website"},"primaryImageOfPage":{"@id":"https:\/\/b2b.pakery.pl\/pl\/produkt\/lacznik-lanc-iniekcyjnych-lance-iniekcyjne\/#primaryimage"},"image":{"@id":"https:\/\/b2b.pakery.pl\/pl\/produkt\/lacznik-lanc-iniekcyjnych-lance-iniekcyjne\/#primaryimage"},"thumbnailUrl":"https:\/\/b2b.pakery.pl\/wp-content\/uploads\/2024\/06\/JG-CONNECTOR-213-1.png","datePublished":"2024-06-12T13:29:35+00:00","dateModified":"2024-06-12T13:33:25+00:00","description":"\u0141\u0105cznik lanc iniekcyjnych \/ Lance iniekcyjne | Stabulizacja | Podnoszenie","breadcrumb":{"@id":"https:\/\/b2b.pakery.pl\/pl\/produkt\/lacznik-lanc-iniekcyjnych-lance-iniekcyjne\/#breadcrumb"},"inLanguage":"pl-PL","potentialAction":[{"@type":"ReadAction","target":["https:\/\/b2b.pakery.pl\/pl\/produkt\/lacznik-lanc-iniekcyjnych-lance-iniekcyjne\/"]}]},{"@type":"ImageObject","inLanguage":"pl-PL","@id":"https:\/\/b2b.pakery.pl\/pl\/produkt\/lacznik-lanc-iniekcyjnych-lance-iniekcyjne\/#primaryimage","url":"https:\/\/b2b.pakery.pl\/wp-content\/uploads\/2024\/06\/JG-CONNECTOR-213-1.png","contentUrl":"https:\/\/b2b.pakery.pl\/wp-content\/uploads\/2024\/06\/JG-CONNECTOR-213-1.png","width":2000,"height":2000},{"@type":"BreadcrumbList","@id":"https:\/\/b2b.pakery.pl\/pl\/produkt\/lacznik-lanc-iniekcyjnych-lance-iniekcyjne\/#breadcrumb","itemListElement":[{"@type":"ListItem","position":1,"name":"Strona g\u0142\u00f3wna","item":"https:\/\/b2b.pakery.pl\/pl\/strona-glowna\/"},{"@type":"ListItem","position":2,"name":"Sklep","item":"https:\/\/b2b.pakery.pl\/pl\/sklep\/"},{"@type":"ListItem","position":3,"name":"\u0141\u0105cznik lanc iniekcyjnych 21,3mm"}]},{"@type":"WebSite","@id":"https:\/\/b2b.pakery.pl\/pl\/#website","url":"https:\/\/b2b.pakery.pl\/pl\/","name":"Pakery.pl","description":"Injection Packers, Spiral Anchors, Injection Lances, Injection Hoses, Injection Pumps, Injection Pump Service, Injection Pump Rental","publisher":{"@id":"https:\/\/b2b.pakery.pl\/pl\/#organization"},"potentialAction":[{"@type":"SearchAction","target":{"@type":"EntryPoint","urlTemplate":"https:\/\/b2b.pakery.pl\/pl\/?s={search_term_string}"},"query-input":{"@type":"PropertyValueSpecification","valueRequired":true,"valueName":"search_term_string"}}],"inLanguage":"pl-PL"},{"@type":"Organization","@id":"https:\/\/b2b.pakery.pl\/pl\/#organization","name":"PAKERY.PL","url":"https:\/\/b2b.pakery.pl\/pl\/","logo":{"@type":"ImageObject","inLanguage":"pl-PL","@id":"https:\/\/b2b.pakery.pl\/pl\/#\/schema\/logo\/image\/","url":"https:\/\/b2b.pakery.pl\/wp-content\/uploads\/2021\/04\/cropped-PAKERY-LOGO.png","contentUrl":"https:\/\/b2b.pakery.pl\/wp-content\/uploads\/2021\/04\/cropped-PAKERY-LOGO.png","width":1529,"height":500,"caption":"PAKERY.PL"},"image":{"@id":"https:\/\/b2b.pakery.pl\/pl\/#\/schema\/logo\/image\/"}}]}},"tiered_pricing_type":"fixed","tiered_pricing_fixed_rules":[],"tiered_pricing_product_settings":{"layout":"default","base_unit_name":{"singular":null,"plural":null},"default_variation":null},"tiered_pricing_minimum_quantity":null,"tiered_pricing_roles_data":[],"tiered_pricing_percentage_rules":[],"tiered_pricing_maximum_quantity":null,"tiered_pricing_quantity_step":null,"_links":{"self":[{"href":"https:\/\/b2b.pakery.pl\/pl\/wp-json\/wp\/v2\/product\/43163","targetHints":{"allow":["GET"]}}],"collection":[{"href":"https:\/\/b2b.pakery.pl\/pl\/wp-json\/wp\/v2\/product"}],"about":[{"href":"https:\/\/b2b.pakery.pl\/pl\/wp-json\/wp\/v2\/types\/product"}],"version-history":[{"count":4,"href":"https:\/\/b2b.pakery.pl\/pl\/wp-json\/wp\/v2\/product\/43163\/revisions"}],"predecessor-version":[{"id":43169,"href":"https:\/\/b2b.pakery.pl\/pl\/wp-json\/wp\/v2\/product\/43163\/revisions\/43169"}],"wp:featuredmedia":[{"embeddable":true,"href":"https:\/\/b2b.pakery.pl\/pl\/wp-json\/wp\/v2\/media\/43108"}],"wp:attachment":[{"href":"https:\/\/b2b.pakery.pl\/pl\/wp-json\/wp\/v2\/media?parent=43163"}],"wp:term":[{"taxonomy":"product_brand","embeddable":true,"href":"https:\/\/b2b.pakery.pl\/pl\/wp-json\/wp\/v2\/product_brand?post=43163"},{"taxonomy":"product_cat","embeddable":true,"href":"https:\/\/b2b.pakery.pl\/pl\/wp-json\/wp\/v2\/product_cat?post=43163"},{"taxonomy":"product_tag","embeddable":true,"href":"https:\/\/b2b.pakery.pl\/pl\/wp-json\/wp\/v2\/product_tag?post=43163"}],"curies":[{"name":"wp","href":"https:\/\/api.w.org\/{rel}","templated":true}]}}