{"id":43033,"date":"2024-05-29T08:33:29","date_gmt":"2024-05-29T06:33:29","guid":{"rendered":"https:\/\/b2b.pakery.pl\/?post_type=product&#038;p=43033"},"modified":"2025-05-08T14:37:33","modified_gmt":"2025-05-08T12:37:33","slug":"paker-do-iniekcji-pi-spm-13-170fwg","status":"publish","type":"product","link":"https:\/\/b2b.pakery.pl\/pl\/produkt\/paker-do-iniekcji-pi-spm-13-170fwg\/","title":{"rendered":"Paker do iniekcji PI-SPM 13\/170fwg"},"content":{"rendered":"","protected":false},"excerpt":{"rendered":"","protected":false},"featured_media":43036,"template":"","meta":{"_acf_changed":false},"product_brand":[],"product_cat":[27,36],"product_tag":[1778],"class_list":{"0":"post-43033","1":"product","2":"type-product","3":"status-publish","4":"has-post-thumbnail","6":"product_cat-pakery-iniekcyjne","7":"product_cat-pakery-stalowe","8":"product_tag-pakery-iniekcyjne","10":"first","11":"instock","12":"taxable","13":"shipping-taxable","14":"purchasable","15":"product-type-simple"},"acf":[],"yoast_head":"<!-- This site is optimized with the Yoast SEO plugin v24.8.1 - https:\/\/yoast.com\/wordpress\/plugins\/seo\/ -->\n<title>Paker do iniekcji PI-SPM 13\/170fwg - PAKERY.PL<\/title>\n<meta name=\"description\" content=\"Paker do iniekcji. Wyj\u0105tkowa szczelno\u015b\u0107 nawet przy bardzo wysokim ci\u015bnieniu. Zarejestruj si\u0119 aby wybra\u0107 sw\u00f3j typ kalamitki.\" \/>\n<meta name=\"robots\" content=\"index, follow, max-snippet:-1, max-image-preview:large, max-video-preview:-1\" \/>\n<link rel=\"canonical\" href=\"https:\/\/b2b.pakery.pl\/pl\/produkt\/paker-do-iniekcji-pi-spm-13-170fwg\/\" \/>\n<meta property=\"og:locale\" content=\"pl_PL\" \/>\n<meta property=\"og:type\" content=\"article\" \/>\n<meta property=\"og:title\" content=\"Paker do iniekcji PI-SPM 13\/170fwg - PAKERY.PL\" \/>\n<meta property=\"og:description\" content=\"Paker do iniekcji. Wyj\u0105tkowa szczelno\u015b\u0107 nawet przy bardzo wysokim ci\u015bnieniu. Zarejestruj si\u0119 aby wybra\u0107 sw\u00f3j typ kalamitki.\" \/>\n<meta property=\"og:url\" content=\"https:\/\/b2b.pakery.pl\/pl\/produkt\/paker-do-iniekcji-pi-spm-13-170fwg\/\" \/>\n<meta property=\"og:site_name\" content=\"PAKERY.PL\" \/>\n<meta property=\"article:modified_time\" content=\"2025-05-08T12:37:33+00:00\" \/>\n<meta property=\"og:image\" content=\"https:\/\/b2b.pakery.pl\/wp-content\/uploads\/2024\/05\/PI-SPM-13170fwg.png\" \/>\n\t<meta property=\"og:image:width\" content=\"2000\" \/>\n\t<meta property=\"og:image:height\" content=\"2000\" \/>\n\t<meta property=\"og:image:type\" content=\"image\/png\" \/>\n<meta name=\"twitter:card\" content=\"summary_large_image\" \/>\n<script type=\"application\/ld+json\" class=\"yoast-schema-graph\">{\"@context\":\"https:\/\/schema.org\",\"@graph\":[{\"@type\":\"WebPage\",\"@id\":\"https:\/\/b2b.pakery.pl\/pl\/produkt\/paker-do-iniekcji-pi-spm-13-170fwg\/\",\"url\":\"https:\/\/b2b.pakery.pl\/pl\/produkt\/paker-do-iniekcji-pi-spm-13-170fwg\/\",\"name\":\"Paker do iniekcji PI-SPM 13\/170fwg - PAKERY.PL\",\"isPartOf\":{\"@id\":\"https:\/\/b2b.pakery.pl\/pl\/#website\"},\"primaryImageOfPage\":{\"@id\":\"https:\/\/b2b.pakery.pl\/pl\/produkt\/paker-do-iniekcji-pi-spm-13-170fwg\/#primaryimage\"},\"image\":{\"@id\":\"https:\/\/b2b.pakery.pl\/pl\/produkt\/paker-do-iniekcji-pi-spm-13-170fwg\/#primaryimage\"},\"thumbnailUrl\":\"https:\/\/b2b.pakery.pl\/wp-content\/uploads\/2024\/05\/PI-SPM-13170fwg.png\",\"datePublished\":\"2024-05-29T06:33:29+00:00\",\"dateModified\":\"2025-05-08T12:37:33+00:00\",\"description\":\"Paker do iniekcji. Wyj\u0105tkowa szczelno\u015b\u0107 nawet przy bardzo wysokim ci\u015bnieniu. Zarejestruj si\u0119 aby wybra\u0107 sw\u00f3j typ kalamitki.\",\"breadcrumb\":{\"@id\":\"https:\/\/b2b.pakery.pl\/pl\/produkt\/paker-do-iniekcji-pi-spm-13-170fwg\/#breadcrumb\"},\"inLanguage\":\"pl-PL\",\"potentialAction\":[{\"@type\":\"ReadAction\",\"target\":[\"https:\/\/b2b.pakery.pl\/pl\/produkt\/paker-do-iniekcji-pi-spm-13-170fwg\/\"]}]},{\"@type\":\"ImageObject\",\"inLanguage\":\"pl-PL\",\"@id\":\"https:\/\/b2b.pakery.pl\/pl\/produkt\/paker-do-iniekcji-pi-spm-13-170fwg\/#primaryimage\",\"url\":\"https:\/\/b2b.pakery.pl\/wp-content\/uploads\/2024\/05\/PI-SPM-13170fwg.png\",\"contentUrl\":\"https:\/\/b2b.pakery.pl\/wp-content\/uploads\/2024\/05\/PI-SPM-13170fwg.png\",\"width\":2000,\"height\":2000},{\"@type\":\"BreadcrumbList\",\"@id\":\"https:\/\/b2b.pakery.pl\/pl\/produkt\/paker-do-iniekcji-pi-spm-13-170fwg\/#breadcrumb\",\"itemListElement\":[{\"@type\":\"ListItem\",\"position\":1,\"name\":\"Strona g\u0142\u00f3wna\",\"item\":\"https:\/\/b2b.pakery.pl\/pl\/strona-glowna\/\"},{\"@type\":\"ListItem\",\"position\":2,\"name\":\"Sklep\",\"item\":\"https:\/\/b2b.pakery.pl\/pl\/sklep\/\"},{\"@type\":\"ListItem\",\"position\":3,\"name\":\"Paker do iniekcji PI-SPM 13\/170fwg\"}]},{\"@type\":\"WebSite\",\"@id\":\"https:\/\/b2b.pakery.pl\/pl\/#website\",\"url\":\"https:\/\/b2b.pakery.pl\/pl\/\",\"name\":\"Pakery.pl\",\"description\":\"Injection Packers, Spiral Anchors, Injection Lances, Injection Hoses, Injection Pumps, Injection Pump Service, Injection Pump Rental\",\"publisher\":{\"@id\":\"https:\/\/b2b.pakery.pl\/pl\/#organization\"},\"potentialAction\":[{\"@type\":\"SearchAction\",\"target\":{\"@type\":\"EntryPoint\",\"urlTemplate\":\"https:\/\/b2b.pakery.pl\/pl\/?s={search_term_string}\"},\"query-input\":{\"@type\":\"PropertyValueSpecification\",\"valueRequired\":true,\"valueName\":\"search_term_string\"}}],\"inLanguage\":\"pl-PL\"},{\"@type\":\"Organization\",\"@id\":\"https:\/\/b2b.pakery.pl\/pl\/#organization\",\"name\":\"PAKERY.PL\",\"url\":\"https:\/\/b2b.pakery.pl\/pl\/\",\"logo\":{\"@type\":\"ImageObject\",\"inLanguage\":\"pl-PL\",\"@id\":\"https:\/\/b2b.pakery.pl\/pl\/#\/schema\/logo\/image\/\",\"url\":\"https:\/\/b2b.pakery.pl\/wp-content\/uploads\/2021\/04\/cropped-PAKERY-LOGO.png\",\"contentUrl\":\"https:\/\/b2b.pakery.pl\/wp-content\/uploads\/2021\/04\/cropped-PAKERY-LOGO.png\",\"width\":1529,\"height\":500,\"caption\":\"PAKERY.PL\"},\"image\":{\"@id\":\"https:\/\/b2b.pakery.pl\/pl\/#\/schema\/logo\/image\/\"}}]}<\/script>\n<!-- \/ Yoast SEO plugin. -->","yoast_head_json":{"title":"Paker do iniekcji PI-SPM 13\/170fwg - PAKERY.PL","description":"Paker do iniekcji. Wyj\u0105tkowa szczelno\u015b\u0107 nawet przy bardzo wysokim ci\u015bnieniu. Zarejestruj si\u0119 aby wybra\u0107 sw\u00f3j typ kalamitki.","robots":{"index":"index","follow":"follow","max-snippet":"max-snippet:-1","max-image-preview":"max-image-preview:large","max-video-preview":"max-video-preview:-1"},"canonical":"https:\/\/b2b.pakery.pl\/pl\/produkt\/paker-do-iniekcji-pi-spm-13-170fwg\/","og_locale":"pl_PL","og_type":"article","og_title":"Paker do iniekcji PI-SPM 13\/170fwg - PAKERY.PL","og_description":"Paker do iniekcji. Wyj\u0105tkowa szczelno\u015b\u0107 nawet przy bardzo wysokim ci\u015bnieniu. Zarejestruj si\u0119 aby wybra\u0107 sw\u00f3j typ kalamitki.","og_url":"https:\/\/b2b.pakery.pl\/pl\/produkt\/paker-do-iniekcji-pi-spm-13-170fwg\/","og_site_name":"PAKERY.PL","article_modified_time":"2025-05-08T12:37:33+00:00","og_image":[{"width":2000,"height":2000,"url":"https:\/\/b2b.pakery.pl\/wp-content\/uploads\/2024\/05\/PI-SPM-13170fwg.png","type":"image\/png"}],"twitter_card":"summary_large_image","schema":{"@context":"https:\/\/schema.org","@graph":[{"@type":"WebPage","@id":"https:\/\/b2b.pakery.pl\/pl\/produkt\/paker-do-iniekcji-pi-spm-13-170fwg\/","url":"https:\/\/b2b.pakery.pl\/pl\/produkt\/paker-do-iniekcji-pi-spm-13-170fwg\/","name":"Paker do iniekcji PI-SPM 13\/170fwg - PAKERY.PL","isPartOf":{"@id":"https:\/\/b2b.pakery.pl\/pl\/#website"},"primaryImageOfPage":{"@id":"https:\/\/b2b.pakery.pl\/pl\/produkt\/paker-do-iniekcji-pi-spm-13-170fwg\/#primaryimage"},"image":{"@id":"https:\/\/b2b.pakery.pl\/pl\/produkt\/paker-do-iniekcji-pi-spm-13-170fwg\/#primaryimage"},"thumbnailUrl":"https:\/\/b2b.pakery.pl\/wp-content\/uploads\/2024\/05\/PI-SPM-13170fwg.png","datePublished":"2024-05-29T06:33:29+00:00","dateModified":"2025-05-08T12:37:33+00:00","description":"Paker do iniekcji. Wyj\u0105tkowa szczelno\u015b\u0107 nawet przy bardzo wysokim ci\u015bnieniu. Zarejestruj si\u0119 aby wybra\u0107 sw\u00f3j typ kalamitki.","breadcrumb":{"@id":"https:\/\/b2b.pakery.pl\/pl\/produkt\/paker-do-iniekcji-pi-spm-13-170fwg\/#breadcrumb"},"inLanguage":"pl-PL","potentialAction":[{"@type":"ReadAction","target":["https:\/\/b2b.pakery.pl\/pl\/produkt\/paker-do-iniekcji-pi-spm-13-170fwg\/"]}]},{"@type":"ImageObject","inLanguage":"pl-PL","@id":"https:\/\/b2b.pakery.pl\/pl\/produkt\/paker-do-iniekcji-pi-spm-13-170fwg\/#primaryimage","url":"https:\/\/b2b.pakery.pl\/wp-content\/uploads\/2024\/05\/PI-SPM-13170fwg.png","contentUrl":"https:\/\/b2b.pakery.pl\/wp-content\/uploads\/2024\/05\/PI-SPM-13170fwg.png","width":2000,"height":2000},{"@type":"BreadcrumbList","@id":"https:\/\/b2b.pakery.pl\/pl\/produkt\/paker-do-iniekcji-pi-spm-13-170fwg\/#breadcrumb","itemListElement":[{"@type":"ListItem","position":1,"name":"Strona g\u0142\u00f3wna","item":"https:\/\/b2b.pakery.pl\/pl\/strona-glowna\/"},{"@type":"ListItem","position":2,"name":"Sklep","item":"https:\/\/b2b.pakery.pl\/pl\/sklep\/"},{"@type":"ListItem","position":3,"name":"Paker do iniekcji PI-SPM 13\/170fwg"}]},{"@type":"WebSite","@id":"https:\/\/b2b.pakery.pl\/pl\/#website","url":"https:\/\/b2b.pakery.pl\/pl\/","name":"Pakery.pl","description":"Injection Packers, Spiral Anchors, Injection Lances, Injection Hoses, Injection Pumps, Injection Pump Service, Injection Pump Rental","publisher":{"@id":"https:\/\/b2b.pakery.pl\/pl\/#organization"},"potentialAction":[{"@type":"SearchAction","target":{"@type":"EntryPoint","urlTemplate":"https:\/\/b2b.pakery.pl\/pl\/?s={search_term_string}"},"query-input":{"@type":"PropertyValueSpecification","valueRequired":true,"valueName":"search_term_string"}}],"inLanguage":"pl-PL"},{"@type":"Organization","@id":"https:\/\/b2b.pakery.pl\/pl\/#organization","name":"PAKERY.PL","url":"https:\/\/b2b.pakery.pl\/pl\/","logo":{"@type":"ImageObject","inLanguage":"pl-PL","@id":"https:\/\/b2b.pakery.pl\/pl\/#\/schema\/logo\/image\/","url":"https:\/\/b2b.pakery.pl\/wp-content\/uploads\/2021\/04\/cropped-PAKERY-LOGO.png","contentUrl":"https:\/\/b2b.pakery.pl\/wp-content\/uploads\/2021\/04\/cropped-PAKERY-LOGO.png","width":1529,"height":500,"caption":"PAKERY.PL"},"image":{"@id":"https:\/\/b2b.pakery.pl\/pl\/#\/schema\/logo\/image\/"}}]}},"tiered_pricing_type":"fixed","tiered_pricing_fixed_rules":{"500":"4.63","1000":"4.41","2000":"4.20"},"tiered_pricing_product_settings":{"layout":"default","base_unit_name":{"singular":null,"plural":null},"default_variation":null},"tiered_pricing_minimum_quantity":null,"tiered_pricing_roles_data":[],"tiered_pricing_percentage_rules":[],"tiered_pricing_maximum_quantity":null,"tiered_pricing_quantity_step":null,"_links":{"self":[{"href":"https:\/\/b2b.pakery.pl\/pl\/wp-json\/wp\/v2\/product\/43033","targetHints":{"allow":["GET"]}}],"collection":[{"href":"https:\/\/b2b.pakery.pl\/pl\/wp-json\/wp\/v2\/product"}],"about":[{"href":"https:\/\/b2b.pakery.pl\/pl\/wp-json\/wp\/v2\/types\/product"}],"version-history":[{"count":4,"href":"https:\/\/b2b.pakery.pl\/pl\/wp-json\/wp\/v2\/product\/43033\/revisions"}],"predecessor-version":[{"id":43044,"href":"https:\/\/b2b.pakery.pl\/pl\/wp-json\/wp\/v2\/product\/43033\/revisions\/43044"}],"wp:featuredmedia":[{"embeddable":true,"href":"https:\/\/b2b.pakery.pl\/pl\/wp-json\/wp\/v2\/media\/43036"}],"wp:attachment":[{"href":"https:\/\/b2b.pakery.pl\/pl\/wp-json\/wp\/v2\/media?parent=43033"}],"wp:term":[{"taxonomy":"product_brand","embeddable":true,"href":"https:\/\/b2b.pakery.pl\/pl\/wp-json\/wp\/v2\/product_brand?post=43033"},{"taxonomy":"product_cat","embeddable":true,"href":"https:\/\/b2b.pakery.pl\/pl\/wp-json\/wp\/v2\/product_cat?post=43033"},{"taxonomy":"product_tag","embeddable":true,"href":"https:\/\/b2b.pakery.pl\/pl\/wp-json\/wp\/v2\/product_tag?post=43033"}],"curies":[{"name":"wp","href":"https:\/\/api.w.org\/{rel}","templated":true}]}}