{"id":40494,"date":"2023-03-31T16:01:32","date_gmt":"2023-03-31T14:01:32","guid":{"rendered":"https:\/\/b2b.pakery.pl\/?post_type=product&#038;p=40494"},"modified":"2025-04-10T12:25:00","modified_gmt":"2025-04-10T10:25:00","slug":"cement-do-tamowania-wyciekow-leakfix","status":"publish","type":"product","link":"https:\/\/b2b.pakery.pl\/pl\/produkt\/cement-do-tamowania-wyciekow-leakfix\/","title":{"rendered":"Cement do tamowania wyciek\u00f3w"},"content":{"rendered":"\t\t<div data-elementor-type=\"product-post\" data-elementor-id=\"40494\" class=\"elementor elementor-40494\" data-elementor-post-type=\"product\">\n\t\t\t\t\t\t<section class=\"elementor-section elementor-top-section elementor-element elementor-element-88e86b7 elementor-section-boxed elementor-section-height-default elementor-section-height-default\" data-id=\"88e86b7\" data-element_type=\"section\" data-e-type=\"section\">\n\t\t\t\t\t\t<div class=\"elementor-container elementor-column-gap-default\">\n\t\t\t\t\t<div class=\"elementor-column elementor-col-100 elementor-top-column elementor-element elementor-element-22a5616\" data-id=\"22a5616\" data-element_type=\"column\" data-e-type=\"column\">\n\t\t\t<div class=\"elementor-widget-wrap elementor-element-populated\">\n\t\t\t\t\t\t<div class=\"elementor-element elementor-element-5896cee elementor-widget elementor-widget-image\" data-id=\"5896cee\" data-element_type=\"widget\" data-e-type=\"widget\" data-widget_type=\"image.default\">\n\t\t\t\t<div class=\"elementor-widget-container\">\n\t\t\t\t\t\t\t\t\t\t\t\t\t\t\t<img fetchpriority=\"high\" decoding=\"async\" width=\"768\" height=\"193\" src=\"https:\/\/b2b.pakery.pl\/wp-content\/uploads\/2023\/03\/Zrzut-ekranu-2023-03-31-o-16.29.50-768x193.png\" class=\"attachment-medium_large size-medium_large wp-image-40506\" alt=\"\" srcset=\"https:\/\/b2b.pakery.pl\/wp-content\/uploads\/2023\/03\/Zrzut-ekranu-2023-03-31-o-16.29.50-768x193.png 768w, https:\/\/b2b.pakery.pl\/wp-content\/uploads\/2023\/03\/Zrzut-ekranu-2023-03-31-o-16.29.50-300x76.png 300w, https:\/\/b2b.pakery.pl\/wp-content\/uploads\/2023\/03\/Zrzut-ekranu-2023-03-31-o-16.29.50-1024x258.png 1024w, https:\/\/b2b.pakery.pl\/wp-content\/uploads\/2023\/03\/Zrzut-ekranu-2023-03-31-o-16.29.50-683x172.png 683w, https:\/\/b2b.pakery.pl\/wp-content\/uploads\/2023\/03\/Zrzut-ekranu-2023-03-31-o-16.29.50-602x152.png 602w, https:\/\/b2b.pakery.pl\/wp-content\/uploads\/2023\/03\/Zrzut-ekranu-2023-03-31-o-16.29.50.png 1350w\" sizes=\"(max-width: 768px) 100vw, 768px\" \/>\t\t\t\t\t\t\t\t\t\t\t\t\t\t\t<\/div>\n\t\t\t\t<\/div>\n\t\t\t\t\t<\/div>\n\t\t<\/div>\n\t\t\t\t\t<\/div>\n\t\t<\/section>\n\t\t\t\t<section class=\"elementor-section elementor-top-section elementor-element elementor-element-8dc0bf2 elementor-section-boxed elementor-section-height-default elementor-section-height-default\" data-id=\"8dc0bf2\" data-element_type=\"section\" data-e-type=\"section\">\n\t\t\t\t\t\t<div class=\"elementor-container elementor-column-gap-default\">\n\t\t\t\t\t<div class=\"elementor-column elementor-col-50 elementor-top-column elementor-element elementor-element-d9cf36f\" data-id=\"d9cf36f\" data-element_type=\"column\" data-e-type=\"column\">\n\t\t\t<div class=\"elementor-widget-wrap elementor-element-populated\">\n\t\t\t\t\t\t<div class=\"elementor-element elementor-element-c433a34 elementor-widget elementor-widget-text-editor\" data-id=\"c433a34\" data-element_type=\"widget\" data-e-type=\"widget\" data-widget_type=\"text-editor.default\">\n\t\t\t\t<div class=\"elementor-widget-container\">\n\t\t\t\t\t\t\t\t\t<p><span style=\"caret-color: #000000; color: #14408a; font-family: ArialNarrow; font-size: 18.66666603088379px; font-weight: bold;\">Obszary zastosowania\u00a0<\/span><\/p>\t\t\t\t\t\t\t\t<\/div>\n\t\t\t\t<\/div>\n\t\t\t\t\t<\/div>\n\t\t<\/div>\n\t\t\t\t<div class=\"elementor-column elementor-col-50 elementor-top-column elementor-element elementor-element-e95e8c9\" data-id=\"e95e8c9\" data-element_type=\"column\" data-e-type=\"column\">\n\t\t\t<div class=\"elementor-widget-wrap\">\n\t\t\t\t\t\t\t<\/div>\n\t\t<\/div>\n\t\t\t\t\t<\/div>\n\t\t<\/section>\n\t\t\t\t<section class=\"elementor-section elementor-top-section elementor-element elementor-element-dc1e9e5 elementor-section-boxed elementor-section-height-default elementor-section-height-default\" data-id=\"dc1e9e5\" data-element_type=\"section\" data-e-type=\"section\">\n\t\t\t\t\t\t<div class=\"elementor-container elementor-column-gap-default\">\n\t\t\t\t\t<div class=\"elementor-column elementor-col-50 elementor-top-column elementor-element elementor-element-8284bcd\" data-id=\"8284bcd\" data-element_type=\"column\" data-e-type=\"column\">\n\t\t\t<div class=\"elementor-widget-wrap elementor-element-populated\">\n\t\t\t\t\t\t<div class=\"elementor-element elementor-element-7d4e80f elementor-widget elementor-widget-image\" data-id=\"7d4e80f\" data-element_type=\"widget\" data-e-type=\"widget\" data-widget_type=\"image.default\">\n\t\t\t\t<div class=\"elementor-widget-container\">\n\t\t\t\t\t\t\t\t\t\t\t\t\t\t\t<img decoding=\"async\" width=\"364\" height=\"172\" src=\"https:\/\/b2b.pakery.pl\/wp-content\/uploads\/2023\/03\/Zrzut-ekranu-2023-04-3-o-12.06.07.png\" class=\"attachment-large size-large wp-image-40521\" alt=\"\" srcset=\"https:\/\/b2b.pakery.pl\/wp-content\/uploads\/2023\/03\/Zrzut-ekranu-2023-04-3-o-12.06.07.png 364w, https:\/\/b2b.pakery.pl\/wp-content\/uploads\/2023\/03\/Zrzut-ekranu-2023-04-3-o-12.06.07-300x142.png 300w\" sizes=\"(max-width: 364px) 100vw, 364px\" \/>\t\t\t\t\t\t\t\t\t\t\t\t\t\t\t<\/div>\n\t\t\t\t<\/div>\n\t\t\t\t\t<\/div>\n\t\t<\/div>\n\t\t\t\t<div class=\"elementor-column elementor-col-50 elementor-top-column elementor-element elementor-element-68347f4\" data-id=\"68347f4\" data-element_type=\"column\" data-e-type=\"column\">\n\t\t\t<div class=\"elementor-widget-wrap elementor-element-populated\">\n\t\t\t\t\t\t<div class=\"elementor-element elementor-element-58121b7 elementor-widget elementor-widget-text-editor\" data-id=\"58121b7\" data-element_type=\"widget\" data-e-type=\"widget\" data-widget_type=\"text-editor.default\">\n\t\t\t\t<div class=\"elementor-widget-container\">\n\t\t\t\t\t\t\t\t\t<div class=\"page\" title=\"Page 1\"><div class=\"section\"><div class=\"layoutArea\"><div class=\"column\"><ul><li><p><span style=\"color: #000000;\">Piwnice, podziemne garaz\u0307e, tunele, zapory wodne, kanalizacje, oczyszczalnie s\u0301cieko\u0301w, rury betonowe, szyby wind, deszczowe zbiorniki retencyjne, mury portowe, przepusty rurowe, bunkry, mury zaporowe, zbiorniki na wode\u0328 deszczowa\u0328, sztolnie, s\u0301luzy, przejs\u0301cia\/przejazdy podziemne, wykopy i przepompownie wody.<\/span><\/p><\/li><li><p><span style=\"color: #000000;\">Infrastruktura (siec\u0301) kanalizacyjna, budownictwo przemys\u0142owe, hydrotechniczne i energetyka.<\/span><\/p><\/li><\/ul><\/div><\/div><\/div><\/div>\t\t\t\t\t\t\t\t<\/div>\n\t\t\t\t<\/div>\n\t\t\t\t\t<\/div>\n\t\t<\/div>\n\t\t\t\t\t<\/div>\n\t\t<\/section>\n\t\t\t\t<section class=\"elementor-section elementor-top-section elementor-element elementor-element-0c3cc1a elementor-section-boxed elementor-section-height-default elementor-section-height-default\" data-id=\"0c3cc1a\" data-element_type=\"section\" data-e-type=\"section\">\n\t\t\t\t\t\t<div class=\"elementor-container elementor-column-gap-default\">\n\t\t\t\t\t<div class=\"elementor-column elementor-col-50 elementor-top-column elementor-element elementor-element-f5e0017\" data-id=\"f5e0017\" data-element_type=\"column\" data-e-type=\"column\">\n\t\t\t<div class=\"elementor-widget-wrap elementor-element-populated\">\n\t\t\t\t\t\t<div class=\"elementor-element elementor-element-c582765 elementor-widget elementor-widget-text-editor\" data-id=\"c582765\" data-element_type=\"widget\" data-e-type=\"widget\" data-widget_type=\"text-editor.default\">\n\t\t\t\t<div class=\"elementor-widget-container\">\n\t\t\t\t\t\t\t\t\t<p><span style=\"caret-color: #000000; color: #14408a; font-family: ArialNarrow; font-size: 18.66666603088379px; font-weight: bold;\">Spos\u00f3b u\u017cycia<\/span><\/p><p>\u00a0<\/p>\t\t\t\t\t\t\t\t<\/div>\n\t\t\t\t<\/div>\n\t\t\t\t\t<\/div>\n\t\t<\/div>\n\t\t\t\t<div class=\"elementor-column elementor-col-50 elementor-top-column elementor-element elementor-element-f9a3f2a\" data-id=\"f9a3f2a\" data-element_type=\"column\" data-e-type=\"column\">\n\t\t\t<div class=\"elementor-widget-wrap elementor-element-populated\">\n\t\t\t\t\t\t<div class=\"elementor-element elementor-element-9e8675c elementor-widget elementor-widget-text-editor\" data-id=\"9e8675c\" data-element_type=\"widget\" data-e-type=\"widget\" data-widget_type=\"text-editor.default\">\n\t\t\t\t<div class=\"elementor-widget-container\">\n\t\t\t\t\t\t\t\t\t<div class=\"page\" title=\"Page 1\"><div class=\"section\"><div class=\"layoutArea\"><div class=\"column\"><ul><li><p><span style=\"color: #000000;\">Aplikacja manualna. Nalez\u0307y stosowac\u0301 re\u0328kawice ochronne.<\/span><\/p><\/li><li><p><span style=\"color: #000000;\">Wez\u0301 gars\u0301c\u0301 proszku i ubij go w twarda\u0328 bry\u0142e\u0328, przypominaja\u0328ca\u0328 kulke\u0328 s\u0301niegu.<\/span><\/p><\/li><li><p><span style=\"color: #000000;\">Szybko i z odpowiednia\u0328 si\u0142a\u0328 wcis\u0301nij uformowana\u0328 bry\u0142e\u0328 w miejsce przecieku wody, przytrzymuja\u0328c ja\u0328 do\u00a0czasu, gdy woda przestanie wyp\u0142ywac\u0301.<\/span><\/p><\/li><li><p><span style=\"color: #000000;\">Jes\u0301li przeciek jest duz\u0307y lub woda wyp\u0142ywa z wie\u0328kszym cis\u0301nieniem, zmieszaj LeakFix z duz\u0307a\u0328 ilo\u015bci\u0105 wody, az\u0307\u00a0do uzyskania ge\u0328stej masy. Natychmiast zamknij miejsce wycieku.<\/span><\/p><\/li><\/ul><\/div><\/div><\/div><\/div>\t\t\t\t\t\t\t\t<\/div>\n\t\t\t\t<\/div>\n\t\t\t\t\t<\/div>\n\t\t<\/div>\n\t\t\t\t\t<\/div>\n\t\t<\/section>\n\t\t\t\t<section class=\"elementor-section elementor-top-section elementor-element elementor-element-93701a9 elementor-section-boxed elementor-section-height-default elementor-section-height-default\" data-id=\"93701a9\" data-element_type=\"section\" data-e-type=\"section\">\n\t\t\t\t\t\t<div class=\"elementor-container elementor-column-gap-default\">\n\t\t\t\t\t<div class=\"elementor-column elementor-col-50 elementor-top-column elementor-element elementor-element-70438c3\" data-id=\"70438c3\" data-element_type=\"column\" data-e-type=\"column\">\n\t\t\t<div class=\"elementor-widget-wrap elementor-element-populated\">\n\t\t\t\t\t\t<div class=\"elementor-element elementor-element-c92dbdd elementor-widget elementor-widget-text-editor\" data-id=\"c92dbdd\" data-element_type=\"widget\" data-e-type=\"widget\" data-widget_type=\"text-editor.default\">\n\t\t\t\t<div class=\"elementor-widget-container\">\n\t\t\t\t\t\t\t\t\t<p><b style=\"caret-color: #000000; color: #14408a; font-family: ArialNarrow;\">Do pobrania<\/b><\/p>\t\t\t\t\t\t\t\t<\/div>\n\t\t\t\t<\/div>\n\t\t\t\t\t<\/div>\n\t\t<\/div>\n\t\t\t\t<div class=\"elementor-column elementor-col-50 elementor-top-column elementor-element elementor-element-b9f1940\" data-id=\"b9f1940\" data-element_type=\"column\" data-e-type=\"column\">\n\t\t\t<div class=\"elementor-widget-wrap elementor-element-populated\">\n\t\t\t\t\t\t<div class=\"elementor-element elementor-element-fb6d2c7 elementor-widget elementor-widget-button\" data-id=\"fb6d2c7\" data-element_type=\"widget\" data-e-type=\"widget\" data-widget_type=\"button.default\">\n\t\t\t\t<div class=\"elementor-widget-container\">\n\t\t\t\t\t\t\t\t\t<div class=\"elementor-button-wrapper\">\n\t\t\t\t\t<a class=\"elementor-button elementor-button-link elementor-size-sm\" href=\"https:\/\/b2b.pakery.pl\/wp-content\/uploads\/2023\/04\/ResinBau-LeakFix-KT.pdf\">\n\t\t\t\t\t\t<span class=\"elementor-button-content-wrapper\">\n\t\t\t\t\t\t\t\t\t<span class=\"elementor-button-text\">Karta techniczna<\/span>\n\t\t\t\t\t<\/span>\n\t\t\t\t\t<\/a>\n\t\t\t\t<\/div>\n\t\t\t\t\t\t\t\t<\/div>\n\t\t\t\t<\/div>\n\t\t\t\t\t<\/div>\n\t\t<\/div>\n\t\t\t\t\t<\/div>\n\t\t<\/section>\n\t\t\t\t<\/div>\n\t\t","protected":false},"excerpt":{"rendered":"<p>Obszary zastosowania Piwnice, podziemne garaz\u0307e, tunele, zapory wodne, kanalizacje, oczyszczalnie s\u0301cieko\u0301w, rury betonowe, szyby wind, deszczowe zbiorniki retencyjne, mury portowe, przepusty rurowe, bunkry, mury zaporowe, zbiorniki na wode\u0328 deszczowa\u0328, sztolnie, s\u0301luzy, przejs\u0301cia\/przejazdy podziemne, wykopy i przepompownie wody. Infrastruktura (siec\u0301) kanalizacyjna, budownictwo przemys\u0142owe, hydrotechniczne i energetyka. Spos\u00f3b u\u017cycia Aplikacja manualna. Nalez\u0307y stosowac\u0301 re\u0328kawice ochronne. Wez\u0301 gars\u0301c\u0301 [&hellip;]<\/p>\n","protected":false},"featured_media":40499,"template":"","meta":{"_acf_changed":false},"product_brand":[],"product_cat":[1787],"product_tag":[],"class_list":{"0":"post-40494","1":"product","2":"type-product","3":"status-publish","4":"has-post-thumbnail","6":"product_cat-chemia-iniekcyjna","8":"first","9":"instock","10":"taxable","11":"shipping-taxable","12":"purchasable","13":"product-type-variable"},"acf":[],"yoast_head":"<!-- This site is optimized with the Yoast SEO plugin v24.8.1 - https:\/\/yoast.com\/wordpress\/plugins\/seo\/ -->\n<title>Cement do tamowania wyciek\u00f3w - PAKERY.PL<\/title>\n<meta name=\"description\" content=\"Cement do tamowania wyciek\u00f3w LeakFix | ResinBau | Hydroizolacje\" \/>\n<meta name=\"robots\" content=\"index, follow, max-snippet:-1, max-image-preview:large, max-video-preview:-1\" \/>\n<link rel=\"canonical\" href=\"https:\/\/b2b.pakery.pl\/pl\/produkt\/cement-do-tamowania-wyciekow-leakfix\/\" \/>\n<meta property=\"og:locale\" content=\"pl_PL\" \/>\n<meta property=\"og:type\" content=\"article\" \/>\n<meta property=\"og:title\" content=\"Cement do tamowania wyciek\u00f3w - PAKERY.PL\" \/>\n<meta property=\"og:description\" content=\"Cement do tamowania wyciek\u00f3w LeakFix | ResinBau | Hydroizolacje\" \/>\n<meta property=\"og:url\" content=\"https:\/\/b2b.pakery.pl\/pl\/produkt\/cement-do-tamowania-wyciekow-leakfix\/\" \/>\n<meta property=\"og:site_name\" content=\"PAKERY.PL\" \/>\n<meta property=\"article:modified_time\" content=\"2025-04-10T10:25:00+00:00\" \/>\n<meta property=\"og:image\" content=\"https:\/\/b2b.pakery.pl\/wp-content\/uploads\/2023\/03\/ResinBau-LeakFix-15kg-1024x1024.png\" \/>\n\t<meta property=\"og:image:width\" content=\"1024\" \/>\n\t<meta property=\"og:image:height\" content=\"1024\" \/>\n\t<meta property=\"og:image:type\" content=\"image\/png\" \/>\n<meta name=\"twitter:card\" content=\"summary_large_image\" \/>\n<meta name=\"twitter:label1\" content=\"Szacowany czas czytania\" \/>\n\t<meta name=\"twitter:data1\" content=\"1 minuta\" \/>\n<script type=\"application\/ld+json\" class=\"yoast-schema-graph\">{\"@context\":\"https:\/\/schema.org\",\"@graph\":[{\"@type\":\"WebPage\",\"@id\":\"https:\/\/b2b.pakery.pl\/pl\/produkt\/cement-do-tamowania-wyciekow-leakfix\/\",\"url\":\"https:\/\/b2b.pakery.pl\/pl\/produkt\/cement-do-tamowania-wyciekow-leakfix\/\",\"name\":\"Cement do tamowania wyciek\u00f3w - PAKERY.PL\",\"isPartOf\":{\"@id\":\"https:\/\/b2b.pakery.pl\/pl\/#website\"},\"primaryImageOfPage\":{\"@id\":\"https:\/\/b2b.pakery.pl\/pl\/produkt\/cement-do-tamowania-wyciekow-leakfix\/#primaryimage\"},\"image\":{\"@id\":\"https:\/\/b2b.pakery.pl\/pl\/produkt\/cement-do-tamowania-wyciekow-leakfix\/#primaryimage\"},\"thumbnailUrl\":\"https:\/\/b2b.pakery.pl\/wp-content\/uploads\/2023\/03\/ResinBau-LeakFix-15kg.png\",\"datePublished\":\"2023-03-31T14:01:32+00:00\",\"dateModified\":\"2025-04-10T10:25:00+00:00\",\"description\":\"Cement do tamowania wyciek\u00f3w LeakFix | ResinBau | Hydroizolacje\",\"breadcrumb\":{\"@id\":\"https:\/\/b2b.pakery.pl\/pl\/produkt\/cement-do-tamowania-wyciekow-leakfix\/#breadcrumb\"},\"inLanguage\":\"pl-PL\",\"potentialAction\":[{\"@type\":\"ReadAction\",\"target\":[\"https:\/\/b2b.pakery.pl\/pl\/produkt\/cement-do-tamowania-wyciekow-leakfix\/\"]}]},{\"@type\":\"ImageObject\",\"inLanguage\":\"pl-PL\",\"@id\":\"https:\/\/b2b.pakery.pl\/pl\/produkt\/cement-do-tamowania-wyciekow-leakfix\/#primaryimage\",\"url\":\"https:\/\/b2b.pakery.pl\/wp-content\/uploads\/2023\/03\/ResinBau-LeakFix-15kg.png\",\"contentUrl\":\"https:\/\/b2b.pakery.pl\/wp-content\/uploads\/2023\/03\/ResinBau-LeakFix-15kg.png\",\"width\":3000,\"height\":3000},{\"@type\":\"BreadcrumbList\",\"@id\":\"https:\/\/b2b.pakery.pl\/pl\/produkt\/cement-do-tamowania-wyciekow-leakfix\/#breadcrumb\",\"itemListElement\":[{\"@type\":\"ListItem\",\"position\":1,\"name\":\"Strona g\u0142\u00f3wna\",\"item\":\"https:\/\/b2b.pakery.pl\/pl\/strona-glowna\/\"},{\"@type\":\"ListItem\",\"position\":2,\"name\":\"Sklep\",\"item\":\"https:\/\/b2b.pakery.pl\/pl\/sklep\/\"},{\"@type\":\"ListItem\",\"position\":3,\"name\":\"Cement do tamowania wyciek\u00f3w\"}]},{\"@type\":\"WebSite\",\"@id\":\"https:\/\/b2b.pakery.pl\/pl\/#website\",\"url\":\"https:\/\/b2b.pakery.pl\/pl\/\",\"name\":\"Pakery.pl\",\"description\":\"Injection Packers, Spiral Anchors, Injection Lances, Injection Hoses, Injection Pumps, Injection Pump Service, Injection Pump Rental\",\"publisher\":{\"@id\":\"https:\/\/b2b.pakery.pl\/pl\/#organization\"},\"potentialAction\":[{\"@type\":\"SearchAction\",\"target\":{\"@type\":\"EntryPoint\",\"urlTemplate\":\"https:\/\/b2b.pakery.pl\/pl\/?s={search_term_string}\"},\"query-input\":{\"@type\":\"PropertyValueSpecification\",\"valueRequired\":true,\"valueName\":\"search_term_string\"}}],\"inLanguage\":\"pl-PL\"},{\"@type\":\"Organization\",\"@id\":\"https:\/\/b2b.pakery.pl\/pl\/#organization\",\"name\":\"PAKERY.PL\",\"url\":\"https:\/\/b2b.pakery.pl\/pl\/\",\"logo\":{\"@type\":\"ImageObject\",\"inLanguage\":\"pl-PL\",\"@id\":\"https:\/\/b2b.pakery.pl\/pl\/#\/schema\/logo\/image\/\",\"url\":\"https:\/\/b2b.pakery.pl\/wp-content\/uploads\/2021\/04\/cropped-PAKERY-LOGO.png\",\"contentUrl\":\"https:\/\/b2b.pakery.pl\/wp-content\/uploads\/2021\/04\/cropped-PAKERY-LOGO.png\",\"width\":1529,\"height\":500,\"caption\":\"PAKERY.PL\"},\"image\":{\"@id\":\"https:\/\/b2b.pakery.pl\/pl\/#\/schema\/logo\/image\/\"}}]}<\/script>\n<!-- \/ Yoast SEO plugin. -->","yoast_head_json":{"title":"Cement do tamowania wyciek\u00f3w - PAKERY.PL","description":"Cement do tamowania wyciek\u00f3w LeakFix | ResinBau | Hydroizolacje","robots":{"index":"index","follow":"follow","max-snippet":"max-snippet:-1","max-image-preview":"max-image-preview:large","max-video-preview":"max-video-preview:-1"},"canonical":"https:\/\/b2b.pakery.pl\/pl\/produkt\/cement-do-tamowania-wyciekow-leakfix\/","og_locale":"pl_PL","og_type":"article","og_title":"Cement do tamowania wyciek\u00f3w - PAKERY.PL","og_description":"Cement do tamowania wyciek\u00f3w LeakFix | ResinBau | Hydroizolacje","og_url":"https:\/\/b2b.pakery.pl\/pl\/produkt\/cement-do-tamowania-wyciekow-leakfix\/","og_site_name":"PAKERY.PL","article_modified_time":"2025-04-10T10:25:00+00:00","og_image":[{"width":1024,"height":1024,"url":"https:\/\/b2b.pakery.pl\/wp-content\/uploads\/2023\/03\/ResinBau-LeakFix-15kg-1024x1024.png","type":"image\/png"}],"twitter_card":"summary_large_image","twitter_misc":{"Szacowany czas czytania":"1 minuta"},"schema":{"@context":"https:\/\/schema.org","@graph":[{"@type":"WebPage","@id":"https:\/\/b2b.pakery.pl\/pl\/produkt\/cement-do-tamowania-wyciekow-leakfix\/","url":"https:\/\/b2b.pakery.pl\/pl\/produkt\/cement-do-tamowania-wyciekow-leakfix\/","name":"Cement do tamowania wyciek\u00f3w - PAKERY.PL","isPartOf":{"@id":"https:\/\/b2b.pakery.pl\/pl\/#website"},"primaryImageOfPage":{"@id":"https:\/\/b2b.pakery.pl\/pl\/produkt\/cement-do-tamowania-wyciekow-leakfix\/#primaryimage"},"image":{"@id":"https:\/\/b2b.pakery.pl\/pl\/produkt\/cement-do-tamowania-wyciekow-leakfix\/#primaryimage"},"thumbnailUrl":"https:\/\/b2b.pakery.pl\/wp-content\/uploads\/2023\/03\/ResinBau-LeakFix-15kg.png","datePublished":"2023-03-31T14:01:32+00:00","dateModified":"2025-04-10T10:25:00+00:00","description":"Cement do tamowania wyciek\u00f3w LeakFix | ResinBau | Hydroizolacje","breadcrumb":{"@id":"https:\/\/b2b.pakery.pl\/pl\/produkt\/cement-do-tamowania-wyciekow-leakfix\/#breadcrumb"},"inLanguage":"pl-PL","potentialAction":[{"@type":"ReadAction","target":["https:\/\/b2b.pakery.pl\/pl\/produkt\/cement-do-tamowania-wyciekow-leakfix\/"]}]},{"@type":"ImageObject","inLanguage":"pl-PL","@id":"https:\/\/b2b.pakery.pl\/pl\/produkt\/cement-do-tamowania-wyciekow-leakfix\/#primaryimage","url":"https:\/\/b2b.pakery.pl\/wp-content\/uploads\/2023\/03\/ResinBau-LeakFix-15kg.png","contentUrl":"https:\/\/b2b.pakery.pl\/wp-content\/uploads\/2023\/03\/ResinBau-LeakFix-15kg.png","width":3000,"height":3000},{"@type":"BreadcrumbList","@id":"https:\/\/b2b.pakery.pl\/pl\/produkt\/cement-do-tamowania-wyciekow-leakfix\/#breadcrumb","itemListElement":[{"@type":"ListItem","position":1,"name":"Strona g\u0142\u00f3wna","item":"https:\/\/b2b.pakery.pl\/pl\/strona-glowna\/"},{"@type":"ListItem","position":2,"name":"Sklep","item":"https:\/\/b2b.pakery.pl\/pl\/sklep\/"},{"@type":"ListItem","position":3,"name":"Cement do tamowania wyciek\u00f3w"}]},{"@type":"WebSite","@id":"https:\/\/b2b.pakery.pl\/pl\/#website","url":"https:\/\/b2b.pakery.pl\/pl\/","name":"Pakery.pl","description":"Injection Packers, Spiral Anchors, Injection Lances, Injection Hoses, Injection Pumps, Injection Pump Service, Injection Pump Rental","publisher":{"@id":"https:\/\/b2b.pakery.pl\/pl\/#organization"},"potentialAction":[{"@type":"SearchAction","target":{"@type":"EntryPoint","urlTemplate":"https:\/\/b2b.pakery.pl\/pl\/?s={search_term_string}"},"query-input":{"@type":"PropertyValueSpecification","valueRequired":true,"valueName":"search_term_string"}}],"inLanguage":"pl-PL"},{"@type":"Organization","@id":"https:\/\/b2b.pakery.pl\/pl\/#organization","name":"PAKERY.PL","url":"https:\/\/b2b.pakery.pl\/pl\/","logo":{"@type":"ImageObject","inLanguage":"pl-PL","@id":"https:\/\/b2b.pakery.pl\/pl\/#\/schema\/logo\/image\/","url":"https:\/\/b2b.pakery.pl\/wp-content\/uploads\/2021\/04\/cropped-PAKERY-LOGO.png","contentUrl":"https:\/\/b2b.pakery.pl\/wp-content\/uploads\/2021\/04\/cropped-PAKERY-LOGO.png","width":1529,"height":500,"caption":"PAKERY.PL"},"image":{"@id":"https:\/\/b2b.pakery.pl\/pl\/#\/schema\/logo\/image\/"}}]}},"tiered_pricing_type":"fixed","tiered_pricing_fixed_rules":[],"tiered_pricing_product_settings":{"layout":"default","base_unit_name":{"singular":null,"plural":null},"default_variation":null},"tiered_pricing_minimum_quantity":null,"tiered_pricing_roles_data":[],"tiered_pricing_percentage_rules":[],"tiered_pricing_maximum_quantity":null,"tiered_pricing_quantity_step":null,"_links":{"self":[{"href":"https:\/\/b2b.pakery.pl\/pl\/wp-json\/wp\/v2\/product\/40494","targetHints":{"allow":["GET"]}}],"collection":[{"href":"https:\/\/b2b.pakery.pl\/pl\/wp-json\/wp\/v2\/product"}],"about":[{"href":"https:\/\/b2b.pakery.pl\/pl\/wp-json\/wp\/v2\/types\/product"}],"version-history":[{"count":6,"href":"https:\/\/b2b.pakery.pl\/pl\/wp-json\/wp\/v2\/product\/40494\/revisions"}],"predecessor-version":[{"id":43962,"href":"https:\/\/b2b.pakery.pl\/pl\/wp-json\/wp\/v2\/product\/40494\/revisions\/43962"}],"wp:featuredmedia":[{"embeddable":true,"href":"https:\/\/b2b.pakery.pl\/pl\/wp-json\/wp\/v2\/media\/40499"}],"wp:attachment":[{"href":"https:\/\/b2b.pakery.pl\/pl\/wp-json\/wp\/v2\/media?parent=40494"}],"wp:term":[{"taxonomy":"product_brand","embeddable":true,"href":"https:\/\/b2b.pakery.pl\/pl\/wp-json\/wp\/v2\/product_brand?post=40494"},{"taxonomy":"product_cat","embeddable":true,"href":"https:\/\/b2b.pakery.pl\/pl\/wp-json\/wp\/v2\/product_cat?post=40494"},{"taxonomy":"product_tag","embeddable":true,"href":"https:\/\/b2b.pakery.pl\/pl\/wp-json\/wp\/v2\/product_tag?post=40494"}],"curies":[{"name":"wp","href":"https:\/\/api.w.org\/{rel}","templated":true}]}}