{"id":38939,"date":"2021-10-20T15:29:41","date_gmt":"2021-10-20T13:29:41","guid":{"rendered":"https:\/\/b2b.pakery.pl\/?post_type=product&#038;p=38939"},"modified":"2025-04-10T08:46:31","modified_gmt":"2025-04-10T06:46:31","slug":"pobijak-do-pakerow-plastikowych","status":"publish","type":"product","link":"https:\/\/b2b.pakery.pl\/pl\/produkt\/pobijak-do-pakerow-plastikowych\/","title":{"rendered":"Pobijak do paker\u00f3w plastikowych"},"content":{"rendered":"\t\t<div data-elementor-type=\"product-post\" data-elementor-id=\"38939\" class=\"elementor elementor-38939\" data-elementor-post-type=\"product\">\n\t\t\t\t\t\t<section class=\"elementor-section elementor-top-section elementor-element elementor-element-37da679 elementor-section-boxed elementor-section-height-default elementor-section-height-default\" data-id=\"37da679\" data-element_type=\"section\" data-e-type=\"section\">\n\t\t\t\t\t\t<div class=\"elementor-container elementor-column-gap-default\">\n\t\t\t\t\t<div class=\"elementor-column elementor-col-100 elementor-top-column elementor-element elementor-element-00d6266\" data-id=\"00d6266\" data-element_type=\"column\" data-e-type=\"column\">\n\t\t\t<div class=\"elementor-widget-wrap elementor-element-populated\">\n\t\t\t\t\t\t<section class=\"elementor-section elementor-inner-section elementor-element elementor-element-90e16c2 elementor-section-boxed elementor-section-height-default elementor-section-height-default\" data-id=\"90e16c2\" data-element_type=\"section\" data-e-type=\"section\">\n\t\t\t\t\t\t<div class=\"elementor-container elementor-column-gap-default\">\n\t\t\t\t\t<div class=\"elementor-column elementor-col-50 elementor-inner-column elementor-element elementor-element-a519357\" data-id=\"a519357\" data-element_type=\"column\" data-e-type=\"column\">\n\t\t\t<div class=\"elementor-widget-wrap elementor-element-populated\">\n\t\t\t\t\t\t<div class=\"elementor-element elementor-element-b5367f4 elementor-widget elementor-widget-text-editor\" data-id=\"b5367f4\" data-element_type=\"widget\" data-e-type=\"widget\" data-widget_type=\"text-editor.default\">\n\t\t\t\t<div class=\"elementor-widget-container\">\n\t\t\t\t\t\t\t\t\t<p><span style=\"color: #000000;\">Pobijak do paker\u00f3w iniekcyjnych plastikowych.<\/span><\/p><p><span style=\"color: #000000;\">Umo\u017cliwia prawid\u0142ow\u0105 instalacj\u0119 paker\u00f3w bez zniekszta\u0142cania gwintu.<\/span><\/p>\t\t\t\t\t\t\t\t<\/div>\n\t\t\t\t<\/div>\n\t\t\t\t\t<\/div>\n\t\t<\/div>\n\t\t\t\t<div class=\"elementor-column elementor-col-50 elementor-inner-column elementor-element elementor-element-2c5c24f\" data-id=\"2c5c24f\" data-element_type=\"column\" data-e-type=\"column\">\n\t\t\t<div class=\"elementor-widget-wrap elementor-element-populated\">\n\t\t\t\t\t\t<div class=\"elementor-element elementor-element-5befe66 elementor-widget elementor-widget-image\" data-id=\"5befe66\" data-element_type=\"widget\" data-e-type=\"widget\" data-widget_type=\"image.default\">\n\t\t\t\t<div class=\"elementor-widget-container\">\n\t\t\t\t\t\t\t\t\t\t\t\t\t\t\t<img fetchpriority=\"high\" decoding=\"async\" width=\"1024\" height=\"1024\" src=\"https:\/\/b2b.pakery.pl\/wp-content\/uploads\/2021\/10\/pobijak-szary-paker-1024x1024.png\" class=\"attachment-large size-large wp-image-38928\" alt=\"\" srcset=\"https:\/\/b2b.pakery.pl\/wp-content\/uploads\/2021\/10\/pobijak-szary-paker-1024x1024.png 1024w, https:\/\/b2b.pakery.pl\/wp-content\/uploads\/2021\/10\/pobijak-szary-paker-300x300.png 300w, https:\/\/b2b.pakery.pl\/wp-content\/uploads\/2021\/10\/pobijak-szary-paker-150x150.png 150w, https:\/\/b2b.pakery.pl\/wp-content\/uploads\/2021\/10\/pobijak-szary-paker-768x768.png 768w, https:\/\/b2b.pakery.pl\/wp-content\/uploads\/2021\/10\/pobijak-szary-paker-1536x1536.png 1536w, https:\/\/b2b.pakery.pl\/wp-content\/uploads\/2021\/10\/pobijak-szary-paker-2048x2048.png 2048w, https:\/\/b2b.pakery.pl\/wp-content\/uploads\/2021\/10\/pobijak-szary-paker-683x683.png 683w, https:\/\/b2b.pakery.pl\/wp-content\/uploads\/2021\/10\/pobijak-szary-paker-602x602.png 602w, https:\/\/b2b.pakery.pl\/wp-content\/uploads\/2021\/10\/pobijak-szary-paker-110x110.png 110w\" sizes=\"(max-width: 1024px) 100vw, 1024px\" \/>\t\t\t\t\t\t\t\t\t\t\t\t\t\t\t<\/div>\n\t\t\t\t<\/div>\n\t\t\t\t\t<\/div>\n\t\t<\/div>\n\t\t\t\t\t<\/div>\n\t\t<\/section>\n\t\t\t\t\t<\/div>\n\t\t<\/div>\n\t\t\t\t\t<\/div>\n\t\t<\/section>\n\t\t\t\t<\/div>\n\t\t","protected":false},"excerpt":{"rendered":"<p>Pobijak do paker\u00f3w iniekcyjnych plastikowych. Umo\u017cliwia prawid\u0142ow\u0105 instalacj\u0119 paker\u00f3w bez zniekszta\u0142cania gwintu.<\/p>\n","protected":false},"featured_media":38928,"template":"","meta":{"_acf_changed":false},"product_brand":[],"product_cat":[43,33],"product_tag":[],"class_list":{"0":"post-38939","1":"product","2":"type-product","3":"status-publish","4":"has-post-thumbnail","6":"product_cat-pakery-plastikowe","7":"product_cat-akcesoria-iniekcyjne","8":"pa_akcesoria-pakerowe-117","10":"first","11":"instock","12":"taxable","13":"shipping-taxable","14":"purchasable","15":"product-type-simple"},"acf":[],"yoast_head":"<!-- This site is optimized with the Yoast SEO plugin v24.8.1 - https:\/\/yoast.com\/wordpress\/plugins\/seo\/ -->\n<title>Pobijak do paker\u00f3w plastikowych plastikowych | PAKER PLASTIKOWY<\/title>\n<meta name=\"description\" content=\"Pobijak do paker\u00f3w plastikowych. Dzi\u0119ki zastosowaniu pobijaka nie ma problemu z uszkodzeniem pakera w trakcie jego osadzania\" \/>\n<meta name=\"robots\" content=\"index, follow, max-snippet:-1, max-image-preview:large, max-video-preview:-1\" \/>\n<link rel=\"canonical\" href=\"https:\/\/b2b.pakery.pl\/pl\/produkt\/pobijak-do-pakerow-plastikowych\/\" \/>\n<meta property=\"og:locale\" content=\"pl_PL\" \/>\n<meta property=\"og:type\" content=\"article\" \/>\n<meta property=\"og:title\" content=\"Pobijak do paker\u00f3w plastikowych plastikowych | PAKER PLASTIKOWY\" \/>\n<meta property=\"og:description\" content=\"Pobijak do paker\u00f3w plastikowych. Dzi\u0119ki zastosowaniu pobijaka nie ma problemu z uszkodzeniem pakera w trakcie jego osadzania\" \/>\n<meta property=\"og:url\" content=\"https:\/\/b2b.pakery.pl\/pl\/produkt\/pobijak-do-pakerow-plastikowych\/\" \/>\n<meta property=\"og:site_name\" content=\"PAKERY.PL\" \/>\n<meta property=\"article:modified_time\" content=\"2025-04-10T06:46:31+00:00\" \/>\n<meta property=\"og:image\" content=\"https:\/\/b2b.pakery.pl\/wp-content\/uploads\/2021\/10\/pobijak-szary-paker.png\" \/>\n\t<meta property=\"og:image:width\" content=\"2500\" \/>\n\t<meta property=\"og:image:height\" content=\"2500\" \/>\n\t<meta property=\"og:image:type\" content=\"image\/png\" \/>\n<meta name=\"twitter:card\" content=\"summary_large_image\" \/>\n<script type=\"application\/ld+json\" class=\"yoast-schema-graph\">{\"@context\":\"https:\/\/schema.org\",\"@graph\":[{\"@type\":\"WebPage\",\"@id\":\"https:\/\/b2b.pakery.pl\/pl\/produkt\/pobijak-do-pakerow-plastikowych\/\",\"url\":\"https:\/\/b2b.pakery.pl\/pl\/produkt\/pobijak-do-pakerow-plastikowych\/\",\"name\":\"Pobijak do paker\u00f3w plastikowych plastikowych | PAKER PLASTIKOWY\",\"isPartOf\":{\"@id\":\"https:\/\/b2b.pakery.pl\/pl\/#website\"},\"primaryImageOfPage\":{\"@id\":\"https:\/\/b2b.pakery.pl\/pl\/produkt\/pobijak-do-pakerow-plastikowych\/#primaryimage\"},\"image\":{\"@id\":\"https:\/\/b2b.pakery.pl\/pl\/produkt\/pobijak-do-pakerow-plastikowych\/#primaryimage\"},\"thumbnailUrl\":\"https:\/\/b2b.pakery.pl\/wp-content\/uploads\/2021\/10\/pobijak-szary-paker.png\",\"datePublished\":\"2021-10-20T13:29:41+00:00\",\"dateModified\":\"2025-04-10T06:46:31+00:00\",\"description\":\"Pobijak do paker\u00f3w plastikowych. Dzi\u0119ki zastosowaniu pobijaka nie ma problemu z uszkodzeniem pakera w trakcie jego osadzania\",\"breadcrumb\":{\"@id\":\"https:\/\/b2b.pakery.pl\/pl\/produkt\/pobijak-do-pakerow-plastikowych\/#breadcrumb\"},\"inLanguage\":\"pl-PL\",\"potentialAction\":[{\"@type\":\"ReadAction\",\"target\":[\"https:\/\/b2b.pakery.pl\/pl\/produkt\/pobijak-do-pakerow-plastikowych\/\"]}]},{\"@type\":\"ImageObject\",\"inLanguage\":\"pl-PL\",\"@id\":\"https:\/\/b2b.pakery.pl\/pl\/produkt\/pobijak-do-pakerow-plastikowych\/#primaryimage\",\"url\":\"https:\/\/b2b.pakery.pl\/wp-content\/uploads\/2021\/10\/pobijak-szary-paker.png\",\"contentUrl\":\"https:\/\/b2b.pakery.pl\/wp-content\/uploads\/2021\/10\/pobijak-szary-paker.png\",\"width\":2500,\"height\":2500},{\"@type\":\"BreadcrumbList\",\"@id\":\"https:\/\/b2b.pakery.pl\/pl\/produkt\/pobijak-do-pakerow-plastikowych\/#breadcrumb\",\"itemListElement\":[{\"@type\":\"ListItem\",\"position\":1,\"name\":\"Strona g\u0142\u00f3wna\",\"item\":\"https:\/\/b2b.pakery.pl\/pl\/strona-glowna\/\"},{\"@type\":\"ListItem\",\"position\":2,\"name\":\"Sklep\",\"item\":\"https:\/\/b2b.pakery.pl\/pl\/sklep\/\"},{\"@type\":\"ListItem\",\"position\":3,\"name\":\"Pobijak do paker\u00f3w plastikowych\"}]},{\"@type\":\"WebSite\",\"@id\":\"https:\/\/b2b.pakery.pl\/pl\/#website\",\"url\":\"https:\/\/b2b.pakery.pl\/pl\/\",\"name\":\"Pakery.pl\",\"description\":\"Injection Packers, Spiral Anchors, Injection Lances, Injection Hoses, Injection Pumps, Injection Pump Service, Injection Pump Rental\",\"publisher\":{\"@id\":\"https:\/\/b2b.pakery.pl\/pl\/#organization\"},\"potentialAction\":[{\"@type\":\"SearchAction\",\"target\":{\"@type\":\"EntryPoint\",\"urlTemplate\":\"https:\/\/b2b.pakery.pl\/pl\/?s={search_term_string}\"},\"query-input\":{\"@type\":\"PropertyValueSpecification\",\"valueRequired\":true,\"valueName\":\"search_term_string\"}}],\"inLanguage\":\"pl-PL\"},{\"@type\":\"Organization\",\"@id\":\"https:\/\/b2b.pakery.pl\/pl\/#organization\",\"name\":\"PAKERY.PL\",\"url\":\"https:\/\/b2b.pakery.pl\/pl\/\",\"logo\":{\"@type\":\"ImageObject\",\"inLanguage\":\"pl-PL\",\"@id\":\"https:\/\/b2b.pakery.pl\/pl\/#\/schema\/logo\/image\/\",\"url\":\"https:\/\/b2b.pakery.pl\/wp-content\/uploads\/2021\/04\/cropped-PAKERY-LOGO.png\",\"contentUrl\":\"https:\/\/b2b.pakery.pl\/wp-content\/uploads\/2021\/04\/cropped-PAKERY-LOGO.png\",\"width\":1529,\"height\":500,\"caption\":\"PAKERY.PL\"},\"image\":{\"@id\":\"https:\/\/b2b.pakery.pl\/pl\/#\/schema\/logo\/image\/\"}}]}<\/script>\n<!-- \/ Yoast SEO plugin. -->","yoast_head_json":{"title":"Pobijak do paker\u00f3w plastikowych plastikowych | PAKER PLASTIKOWY","description":"Pobijak do paker\u00f3w plastikowych. Dzi\u0119ki zastosowaniu pobijaka nie ma problemu z uszkodzeniem pakera w trakcie jego osadzania","robots":{"index":"index","follow":"follow","max-snippet":"max-snippet:-1","max-image-preview":"max-image-preview:large","max-video-preview":"max-video-preview:-1"},"canonical":"https:\/\/b2b.pakery.pl\/pl\/produkt\/pobijak-do-pakerow-plastikowych\/","og_locale":"pl_PL","og_type":"article","og_title":"Pobijak do paker\u00f3w plastikowych plastikowych | PAKER PLASTIKOWY","og_description":"Pobijak do paker\u00f3w plastikowych. Dzi\u0119ki zastosowaniu pobijaka nie ma problemu z uszkodzeniem pakera w trakcie jego osadzania","og_url":"https:\/\/b2b.pakery.pl\/pl\/produkt\/pobijak-do-pakerow-plastikowych\/","og_site_name":"PAKERY.PL","article_modified_time":"2025-04-10T06:46:31+00:00","og_image":[{"width":2500,"height":2500,"url":"https:\/\/b2b.pakery.pl\/wp-content\/uploads\/2021\/10\/pobijak-szary-paker.png","type":"image\/png"}],"twitter_card":"summary_large_image","schema":{"@context":"https:\/\/schema.org","@graph":[{"@type":"WebPage","@id":"https:\/\/b2b.pakery.pl\/pl\/produkt\/pobijak-do-pakerow-plastikowych\/","url":"https:\/\/b2b.pakery.pl\/pl\/produkt\/pobijak-do-pakerow-plastikowych\/","name":"Pobijak do paker\u00f3w plastikowych plastikowych | PAKER PLASTIKOWY","isPartOf":{"@id":"https:\/\/b2b.pakery.pl\/pl\/#website"},"primaryImageOfPage":{"@id":"https:\/\/b2b.pakery.pl\/pl\/produkt\/pobijak-do-pakerow-plastikowych\/#primaryimage"},"image":{"@id":"https:\/\/b2b.pakery.pl\/pl\/produkt\/pobijak-do-pakerow-plastikowych\/#primaryimage"},"thumbnailUrl":"https:\/\/b2b.pakery.pl\/wp-content\/uploads\/2021\/10\/pobijak-szary-paker.png","datePublished":"2021-10-20T13:29:41+00:00","dateModified":"2025-04-10T06:46:31+00:00","description":"Pobijak do paker\u00f3w plastikowych. Dzi\u0119ki zastosowaniu pobijaka nie ma problemu z uszkodzeniem pakera w trakcie jego osadzania","breadcrumb":{"@id":"https:\/\/b2b.pakery.pl\/pl\/produkt\/pobijak-do-pakerow-plastikowych\/#breadcrumb"},"inLanguage":"pl-PL","potentialAction":[{"@type":"ReadAction","target":["https:\/\/b2b.pakery.pl\/pl\/produkt\/pobijak-do-pakerow-plastikowych\/"]}]},{"@type":"ImageObject","inLanguage":"pl-PL","@id":"https:\/\/b2b.pakery.pl\/pl\/produkt\/pobijak-do-pakerow-plastikowych\/#primaryimage","url":"https:\/\/b2b.pakery.pl\/wp-content\/uploads\/2021\/10\/pobijak-szary-paker.png","contentUrl":"https:\/\/b2b.pakery.pl\/wp-content\/uploads\/2021\/10\/pobijak-szary-paker.png","width":2500,"height":2500},{"@type":"BreadcrumbList","@id":"https:\/\/b2b.pakery.pl\/pl\/produkt\/pobijak-do-pakerow-plastikowych\/#breadcrumb","itemListElement":[{"@type":"ListItem","position":1,"name":"Strona g\u0142\u00f3wna","item":"https:\/\/b2b.pakery.pl\/pl\/strona-glowna\/"},{"@type":"ListItem","position":2,"name":"Sklep","item":"https:\/\/b2b.pakery.pl\/pl\/sklep\/"},{"@type":"ListItem","position":3,"name":"Pobijak do paker\u00f3w plastikowych"}]},{"@type":"WebSite","@id":"https:\/\/b2b.pakery.pl\/pl\/#website","url":"https:\/\/b2b.pakery.pl\/pl\/","name":"Pakery.pl","description":"Injection Packers, Spiral Anchors, Injection Lances, Injection Hoses, Injection Pumps, Injection Pump Service, Injection Pump Rental","publisher":{"@id":"https:\/\/b2b.pakery.pl\/pl\/#organization"},"potentialAction":[{"@type":"SearchAction","target":{"@type":"EntryPoint","urlTemplate":"https:\/\/b2b.pakery.pl\/pl\/?s={search_term_string}"},"query-input":{"@type":"PropertyValueSpecification","valueRequired":true,"valueName":"search_term_string"}}],"inLanguage":"pl-PL"},{"@type":"Organization","@id":"https:\/\/b2b.pakery.pl\/pl\/#organization","name":"PAKERY.PL","url":"https:\/\/b2b.pakery.pl\/pl\/","logo":{"@type":"ImageObject","inLanguage":"pl-PL","@id":"https:\/\/b2b.pakery.pl\/pl\/#\/schema\/logo\/image\/","url":"https:\/\/b2b.pakery.pl\/wp-content\/uploads\/2021\/04\/cropped-PAKERY-LOGO.png","contentUrl":"https:\/\/b2b.pakery.pl\/wp-content\/uploads\/2021\/04\/cropped-PAKERY-LOGO.png","width":1529,"height":500,"caption":"PAKERY.PL"},"image":{"@id":"https:\/\/b2b.pakery.pl\/pl\/#\/schema\/logo\/image\/"}}]}},"tiered_pricing_type":"fixed","tiered_pricing_fixed_rules":[],"tiered_pricing_product_settings":{"layout":"default","base_unit_name":{"singular":null,"plural":null},"default_variation":null},"tiered_pricing_minimum_quantity":null,"tiered_pricing_roles_data":[],"tiered_pricing_percentage_rules":[],"tiered_pricing_maximum_quantity":null,"tiered_pricing_quantity_step":null,"_links":{"self":[{"href":"https:\/\/b2b.pakery.pl\/pl\/wp-json\/wp\/v2\/product\/38939","targetHints":{"allow":["GET"]}}],"collection":[{"href":"https:\/\/b2b.pakery.pl\/pl\/wp-json\/wp\/v2\/product"}],"about":[{"href":"https:\/\/b2b.pakery.pl\/pl\/wp-json\/wp\/v2\/types\/product"}],"version-history":[{"count":6,"href":"https:\/\/b2b.pakery.pl\/pl\/wp-json\/wp\/v2\/product\/38939\/revisions"}],"predecessor-version":[{"id":39887,"href":"https:\/\/b2b.pakery.pl\/pl\/wp-json\/wp\/v2\/product\/38939\/revisions\/39887"}],"wp:featuredmedia":[{"embeddable":true,"href":"https:\/\/b2b.pakery.pl\/pl\/wp-json\/wp\/v2\/media\/38928"}],"wp:attachment":[{"href":"https:\/\/b2b.pakery.pl\/pl\/wp-json\/wp\/v2\/media?parent=38939"}],"wp:term":[{"taxonomy":"product_brand","embeddable":true,"href":"https:\/\/b2b.pakery.pl\/pl\/wp-json\/wp\/v2\/product_brand?post=38939"},{"taxonomy":"product_cat","embeddable":true,"href":"https:\/\/b2b.pakery.pl\/pl\/wp-json\/wp\/v2\/product_cat?post=38939"},{"taxonomy":"product_tag","embeddable":true,"href":"https:\/\/b2b.pakery.pl\/pl\/wp-json\/wp\/v2\/product_tag?post=38939"}],"curies":[{"name":"wp","href":"https:\/\/api.w.org\/{rel}","templated":true}]}}