{"id":38728,"date":"2021-10-20T09:39:02","date_gmt":"2021-10-20T07:39:02","guid":{"rendered":"https:\/\/b2b.pakery.pl\/?post_type=product&#038;p=38728"},"modified":"2022-06-21T11:50:33","modified_gmt":"2022-06-21T09:50:33","slug":"pelen-zestaw-kroccy-do-fugowania-pump-integrale","status":"publish","type":"product","link":"https:\/\/b2b.pakery.pl\/pl\/produkt\/pelen-zestaw-kroccy-do-fugowania-pump-integrale\/","title":{"rendered":"Pe\u0142en zestaw kr\u00f3\u0107cy do fugowania Pump Integrale"},"content":{"rendered":"\t\t<div data-elementor-type=\"product-post\" data-elementor-id=\"38728\" class=\"elementor elementor-38728\" data-elementor-post-type=\"product\">\n\t\t\t\t\t\t<section class=\"elementor-section elementor-top-section elementor-element elementor-element-2880acb elementor-section-boxed elementor-section-height-default elementor-section-height-default\" data-id=\"2880acb\" data-element_type=\"section\" data-e-type=\"section\">\n\t\t\t\t\t\t<div class=\"elementor-container elementor-column-gap-default\">\n\t\t\t\t\t<div class=\"elementor-column elementor-col-100 elementor-top-column elementor-element elementor-element-3619a55\" data-id=\"3619a55\" data-element_type=\"column\" data-e-type=\"column\">\n\t\t\t<div class=\"elementor-widget-wrap elementor-element-populated\">\n\t\t\t\t\t\t<section class=\"elementor-section elementor-inner-section elementor-element elementor-element-2ea5a61 elementor-section-boxed elementor-section-height-default elementor-section-height-default\" data-id=\"2ea5a61\" data-element_type=\"section\" data-e-type=\"section\">\n\t\t\t\t\t\t<div class=\"elementor-container elementor-column-gap-default\">\n\t\t\t\t\t<div class=\"elementor-column elementor-col-50 elementor-inner-column elementor-element elementor-element-9dec388\" data-id=\"9dec388\" data-element_type=\"column\" data-e-type=\"column\">\n\t\t\t<div class=\"elementor-widget-wrap elementor-element-populated\">\n\t\t\t\t\t\t<div class=\"elementor-element elementor-element-58b3eef elementor-widget elementor-widget-text-editor\" data-id=\"58b3eef\" data-element_type=\"widget\" data-e-type=\"widget\" data-widget_type=\"text-editor.default\">\n\t\t\t\t<div class=\"elementor-widget-container\">\n\t\t\t\t\t\t\t\t\t<p style=\"box-sizing: inherit; margin-bottom: 10px; color: #222222; font-family: 'Open Sans', sans-serif;\"><span style=\"box-sizing: inherit; font-weight: 600; color: #262626;\">ZESTAW KR\u00d3\u0106CY DO FUGOWANIA O R\u00d3\u017bNEJ \u015aREDNICY ZE Z\u0141\u0104CZEM GEKA UMO\u017bLIWIAJ\u0104CYM MONTA\u017b\u00a0DO POMPKI PUMP INTEGRALE 800\u00a0<\/span>(dost\u0119pnej na naszej innej aukcji)<\/p><p style=\"box-sizing: inherit; margin-bottom: 10px; color: #222222; font-family: 'Open Sans', sans-serif;\"><span style=\"box-sizing: inherit; font-weight: 600; color: #262626;\">ZASTOSOWANIE:<\/span>\u00a0<span style=\"box-sizing: inherit; font-weight: 600; color: #262626;\">\u00a0<\/span>Stosowane do nak\u0142adania fug maszynowych. Kszta\u0142ty i rodzaje dysz umo\u017cliwiaj\u0105 nak\u0142adanie materia\u0142u w r\u00f3\u017cnych szeroko\u015bciach i kszta\u0142tach.<br style=\"box-sizing: inherit;\" \/><br style=\"box-sizing: inherit;\" \/><\/p><h1 style=\"box-sizing: inherit; font-size: 24px; margin-right: 0px; margin-left: 0px; font-family: 'Open Sans', sans-serif; font-weight: bold; line-height: 1.3; color: #222222;\">Zestaw zawiera:<\/h1><ul style=\"box-sizing: inherit; list-style: circle; padding-left: 0px; color: #222222; font-family: 'Open Sans', sans-serif;\"><li style=\"box-sizing: inherit;\">adapter GEKA<\/li><li style=\"box-sizing: inherit;\">ko\u0144c\u00f3wka o \u015brednicy wylotu 6 mm i d\u0142ugo\u015bci 22 mm<\/li><li style=\"box-sizing: inherit;\">ko\u0144c\u00f3wka o\u00a0\u015brednicy\u00a0wylotu 6 mm i d\u0142ugo\u015bci 35 mm<\/li><li style=\"box-sizing: inherit;\">ko\u0144c\u00f3wka o\u00a0\u015brednicy\u00a0wylotu 8 mm\u00a0i d\u0142ugo\u015bci 22 mm<\/li><li style=\"box-sizing: inherit;\">ko\u0144c\u00f3wka o\u00a0\u015brednicy\u00a0wylotu 8 mm i d\u0142ugo\u015bci 35 mm<\/li><li style=\"box-sizing: inherit;\">ko\u0144c\u00f3wka o\u00a0\u015brednicy\u00a0wylotu 12 mm i d\u0142ugo\u015bci 22 mm<\/li><li style=\"box-sizing: inherit;\">ko\u0144c\u00f3wka o\u00a0\u015brednicy\u00a0wylotu 12 mm i d\u0142ugo\u015bci 35 mm<\/li><li style=\"box-sizing: inherit;\">ko\u0144c\u00f3wka o wylocie o wymiarach &#8211; 10 x 25 mm<\/li><li style=\"box-sizing: inherit;\">ko\u0144c\u00f3wka o wylocie o wymiarach &#8211; 5 x 45 mm<\/li><li style=\"box-sizing: inherit;\">ko\u0144c\u00f3wka o wylocie o wymiarach &#8211; 10 x 45 mm<\/li><\/ul>\t\t\t\t\t\t\t\t<\/div>\n\t\t\t\t<\/div>\n\t\t\t\t\t<\/div>\n\t\t<\/div>\n\t\t\t\t<div class=\"elementor-column elementor-col-50 elementor-inner-column elementor-element elementor-element-66e11f0\" data-id=\"66e11f0\" data-element_type=\"column\" data-e-type=\"column\">\n\t\t\t<div class=\"elementor-widget-wrap elementor-element-populated\">\n\t\t\t\t\t\t<div class=\"elementor-element elementor-element-43d021e elementor-widget elementor-widget-image\" data-id=\"43d021e\" data-element_type=\"widget\" data-e-type=\"widget\" data-widget_type=\"image.default\">\n\t\t\t\t<div class=\"elementor-widget-container\">\n\t\t\t\t\t\t\t\t\t\t\t\t\t\t\t<img fetchpriority=\"high\" decoding=\"async\" width=\"1024\" height=\"1024\" src=\"https:\/\/b2b.pakery.pl\/wp-content\/uploads\/2021\/10\/fugownice-all-pakery-1024x1024.png\" class=\"attachment-large size-large wp-image-38729\" alt=\"\" srcset=\"https:\/\/b2b.pakery.pl\/wp-content\/uploads\/2021\/10\/fugownice-all-pakery-1024x1024.png 1024w, https:\/\/b2b.pakery.pl\/wp-content\/uploads\/2021\/10\/fugownice-all-pakery-300x300.png 300w, https:\/\/b2b.pakery.pl\/wp-content\/uploads\/2021\/10\/fugownice-all-pakery-150x150.png 150w, https:\/\/b2b.pakery.pl\/wp-content\/uploads\/2021\/10\/fugownice-all-pakery-768x768.png 768w, https:\/\/b2b.pakery.pl\/wp-content\/uploads\/2021\/10\/fugownice-all-pakery-1536x1536.png 1536w, https:\/\/b2b.pakery.pl\/wp-content\/uploads\/2021\/10\/fugownice-all-pakery-2048x2048.png 2048w, https:\/\/b2b.pakery.pl\/wp-content\/uploads\/2021\/10\/fugownice-all-pakery-683x683.png 683w, https:\/\/b2b.pakery.pl\/wp-content\/uploads\/2021\/10\/fugownice-all-pakery-602x602.png 602w, https:\/\/b2b.pakery.pl\/wp-content\/uploads\/2021\/10\/fugownice-all-pakery-110x110.png 110w\" sizes=\"(max-width: 1024px) 100vw, 1024px\" \/>\t\t\t\t\t\t\t\t\t\t\t\t\t\t\t<\/div>\n\t\t\t\t<\/div>\n\t\t\t\t\t<\/div>\n\t\t<\/div>\n\t\t\t\t\t<\/div>\n\t\t<\/section>\n\t\t\t\t\t<\/div>\n\t\t<\/div>\n\t\t\t\t\t<\/div>\n\t\t<\/section>\n\t\t\t\t<\/div>\n\t\t","protected":false},"excerpt":{"rendered":"<p>ZESTAW KR\u00d3\u0106CY DO FUGOWANIA O R\u00d3\u017bNEJ \u015aREDNICY ZE Z\u0141\u0104CZEM GEKA UMO\u017bLIWIAJ\u0104CYM MONTA\u017b\u00a0DO POMPKI PUMP INTEGRALE 800\u00a0(dost\u0119pnej na naszej innej aukcji) ZASTOSOWANIE:\u00a0\u00a0Stosowane do nak\u0142adania fug maszynowych. Kszta\u0142ty i rodzaje dysz umo\u017cliwiaj\u0105 nak\u0142adanie materia\u0142u w r\u00f3\u017cnych szeroko\u015bciach i kszta\u0142tach. Zestaw zawiera: adapter GEKA ko\u0144c\u00f3wka o \u015brednicy wylotu 6 mm i d\u0142ugo\u015bci 22 mm ko\u0144c\u00f3wka o\u00a0\u015brednicy\u00a0wylotu 6 mm [&hellip;]<\/p>\n","protected":false},"featured_media":38729,"template":"","meta":{"_acf_changed":false},"product_brand":[],"product_cat":[33],"product_tag":[],"class_list":{"0":"post-38728","1":"product","2":"type-product","3":"status-publish","4":"has-post-thumbnail","6":"product_cat-akcesoria-iniekcyjne","8":"first","9":"instock","10":"taxable","11":"shipping-taxable","12":"purchasable","13":"product-type-simple"},"acf":[],"yoast_head":"<!-- This site is optimized with the Yoast SEO plugin v24.8.1 - https:\/\/yoast.com\/wordpress\/plugins\/seo\/ -->\n<title>Pe\u0142en zestaw kr\u00f3\u0107cy do fugowania Pump Integrale - PAKERY.PL<\/title>\n<meta name=\"description\" content=\"Pe\u0142en zestaw kr\u00f3\u0107cy do fugowania Pump Integrale | Fugownice | GEKA\" \/>\n<meta name=\"robots\" content=\"index, follow, max-snippet:-1, max-image-preview:large, max-video-preview:-1\" \/>\n<link rel=\"canonical\" href=\"https:\/\/b2b.pakery.pl\/pl\/produkt\/pelen-zestaw-kroccy-do-fugowania-pump-integrale\/\" \/>\n<meta property=\"og:locale\" content=\"pl_PL\" \/>\n<meta property=\"og:type\" content=\"article\" \/>\n<meta property=\"og:title\" content=\"Pe\u0142en zestaw kr\u00f3\u0107cy do fugowania Pump Integrale - PAKERY.PL\" \/>\n<meta property=\"og:description\" content=\"Pe\u0142en zestaw kr\u00f3\u0107cy do fugowania Pump Integrale | Fugownice | GEKA\" \/>\n<meta property=\"og:url\" content=\"https:\/\/b2b.pakery.pl\/pl\/produkt\/pelen-zestaw-kroccy-do-fugowania-pump-integrale\/\" \/>\n<meta property=\"og:site_name\" content=\"PAKERY.PL\" \/>\n<meta property=\"article:modified_time\" content=\"2022-06-21T09:50:33+00:00\" \/>\n<meta property=\"og:image\" content=\"https:\/\/b2b.pakery.pl\/wp-content\/uploads\/2021\/10\/fugownice-all-pakery-1024x1024.png\" \/>\n\t<meta property=\"og:image:width\" content=\"1024\" \/>\n\t<meta property=\"og:image:height\" content=\"1024\" \/>\n\t<meta property=\"og:image:type\" content=\"image\/png\" \/>\n<meta name=\"twitter:card\" content=\"summary_large_image\" \/>\n<meta name=\"twitter:label1\" content=\"Szacowany czas czytania\" \/>\n\t<meta name=\"twitter:data1\" content=\"1 minuta\" \/>\n<script type=\"application\/ld+json\" class=\"yoast-schema-graph\">{\"@context\":\"https:\/\/schema.org\",\"@graph\":[{\"@type\":\"WebPage\",\"@id\":\"https:\/\/b2b.pakery.pl\/pl\/produkt\/pelen-zestaw-kroccy-do-fugowania-pump-integrale\/\",\"url\":\"https:\/\/b2b.pakery.pl\/pl\/produkt\/pelen-zestaw-kroccy-do-fugowania-pump-integrale\/\",\"name\":\"Pe\u0142en zestaw kr\u00f3\u0107cy do fugowania Pump Integrale - PAKERY.PL\",\"isPartOf\":{\"@id\":\"https:\/\/b2b.pakery.pl\/pl\/#website\"},\"primaryImageOfPage\":{\"@id\":\"https:\/\/b2b.pakery.pl\/pl\/produkt\/pelen-zestaw-kroccy-do-fugowania-pump-integrale\/#primaryimage\"},\"image\":{\"@id\":\"https:\/\/b2b.pakery.pl\/pl\/produkt\/pelen-zestaw-kroccy-do-fugowania-pump-integrale\/#primaryimage\"},\"thumbnailUrl\":\"https:\/\/b2b.pakery.pl\/wp-content\/uploads\/2021\/10\/fugownice-all-pakery.png\",\"datePublished\":\"2021-10-20T07:39:02+00:00\",\"dateModified\":\"2022-06-21T09:50:33+00:00\",\"description\":\"Pe\u0142en zestaw kr\u00f3\u0107cy do fugowania Pump Integrale | Fugownice | GEKA\",\"breadcrumb\":{\"@id\":\"https:\/\/b2b.pakery.pl\/pl\/produkt\/pelen-zestaw-kroccy-do-fugowania-pump-integrale\/#breadcrumb\"},\"inLanguage\":\"pl-PL\",\"potentialAction\":[{\"@type\":\"ReadAction\",\"target\":[\"https:\/\/b2b.pakery.pl\/pl\/produkt\/pelen-zestaw-kroccy-do-fugowania-pump-integrale\/\"]}]},{\"@type\":\"ImageObject\",\"inLanguage\":\"pl-PL\",\"@id\":\"https:\/\/b2b.pakery.pl\/pl\/produkt\/pelen-zestaw-kroccy-do-fugowania-pump-integrale\/#primaryimage\",\"url\":\"https:\/\/b2b.pakery.pl\/wp-content\/uploads\/2021\/10\/fugownice-all-pakery.png\",\"contentUrl\":\"https:\/\/b2b.pakery.pl\/wp-content\/uploads\/2021\/10\/fugownice-all-pakery.png\",\"width\":2500,\"height\":2500},{\"@type\":\"BreadcrumbList\",\"@id\":\"https:\/\/b2b.pakery.pl\/pl\/produkt\/pelen-zestaw-kroccy-do-fugowania-pump-integrale\/#breadcrumb\",\"itemListElement\":[{\"@type\":\"ListItem\",\"position\":1,\"name\":\"Strona g\u0142\u00f3wna\",\"item\":\"https:\/\/b2b.pakery.pl\/pl\/strona-glowna\/\"},{\"@type\":\"ListItem\",\"position\":2,\"name\":\"Sklep\",\"item\":\"https:\/\/b2b.pakery.pl\/pl\/sklep\/\"},{\"@type\":\"ListItem\",\"position\":3,\"name\":\"Pe\u0142en zestaw kr\u00f3\u0107cy do fugowania Pump Integrale\"}]},{\"@type\":\"WebSite\",\"@id\":\"https:\/\/b2b.pakery.pl\/pl\/#website\",\"url\":\"https:\/\/b2b.pakery.pl\/pl\/\",\"name\":\"Pakery.pl\",\"description\":\"Injection Packers, Spiral Anchors, Injection Lances, Injection Hoses, Injection Pumps, Injection Pump Service, Injection Pump Rental\",\"publisher\":{\"@id\":\"https:\/\/b2b.pakery.pl\/pl\/#organization\"},\"potentialAction\":[{\"@type\":\"SearchAction\",\"target\":{\"@type\":\"EntryPoint\",\"urlTemplate\":\"https:\/\/b2b.pakery.pl\/pl\/?s={search_term_string}\"},\"query-input\":{\"@type\":\"PropertyValueSpecification\",\"valueRequired\":true,\"valueName\":\"search_term_string\"}}],\"inLanguage\":\"pl-PL\"},{\"@type\":\"Organization\",\"@id\":\"https:\/\/b2b.pakery.pl\/pl\/#organization\",\"name\":\"PAKERY.PL\",\"url\":\"https:\/\/b2b.pakery.pl\/pl\/\",\"logo\":{\"@type\":\"ImageObject\",\"inLanguage\":\"pl-PL\",\"@id\":\"https:\/\/b2b.pakery.pl\/pl\/#\/schema\/logo\/image\/\",\"url\":\"https:\/\/b2b.pakery.pl\/wp-content\/uploads\/2021\/04\/cropped-PAKERY-LOGO.png\",\"contentUrl\":\"https:\/\/b2b.pakery.pl\/wp-content\/uploads\/2021\/04\/cropped-PAKERY-LOGO.png\",\"width\":1529,\"height\":500,\"caption\":\"PAKERY.PL\"},\"image\":{\"@id\":\"https:\/\/b2b.pakery.pl\/pl\/#\/schema\/logo\/image\/\"}}]}<\/script>\n<!-- \/ Yoast SEO plugin. -->","yoast_head_json":{"title":"Pe\u0142en zestaw kr\u00f3\u0107cy do fugowania Pump Integrale - PAKERY.PL","description":"Pe\u0142en zestaw kr\u00f3\u0107cy do fugowania Pump Integrale | Fugownice | GEKA","robots":{"index":"index","follow":"follow","max-snippet":"max-snippet:-1","max-image-preview":"max-image-preview:large","max-video-preview":"max-video-preview:-1"},"canonical":"https:\/\/b2b.pakery.pl\/pl\/produkt\/pelen-zestaw-kroccy-do-fugowania-pump-integrale\/","og_locale":"pl_PL","og_type":"article","og_title":"Pe\u0142en zestaw kr\u00f3\u0107cy do fugowania Pump Integrale - PAKERY.PL","og_description":"Pe\u0142en zestaw kr\u00f3\u0107cy do fugowania Pump Integrale | Fugownice | GEKA","og_url":"https:\/\/b2b.pakery.pl\/pl\/produkt\/pelen-zestaw-kroccy-do-fugowania-pump-integrale\/","og_site_name":"PAKERY.PL","article_modified_time":"2022-06-21T09:50:33+00:00","og_image":[{"width":1024,"height":1024,"url":"https:\/\/b2b.pakery.pl\/wp-content\/uploads\/2021\/10\/fugownice-all-pakery-1024x1024.png","type":"image\/png"}],"twitter_card":"summary_large_image","twitter_misc":{"Szacowany czas czytania":"1 minuta"},"schema":{"@context":"https:\/\/schema.org","@graph":[{"@type":"WebPage","@id":"https:\/\/b2b.pakery.pl\/pl\/produkt\/pelen-zestaw-kroccy-do-fugowania-pump-integrale\/","url":"https:\/\/b2b.pakery.pl\/pl\/produkt\/pelen-zestaw-kroccy-do-fugowania-pump-integrale\/","name":"Pe\u0142en zestaw kr\u00f3\u0107cy do fugowania Pump Integrale - PAKERY.PL","isPartOf":{"@id":"https:\/\/b2b.pakery.pl\/pl\/#website"},"primaryImageOfPage":{"@id":"https:\/\/b2b.pakery.pl\/pl\/produkt\/pelen-zestaw-kroccy-do-fugowania-pump-integrale\/#primaryimage"},"image":{"@id":"https:\/\/b2b.pakery.pl\/pl\/produkt\/pelen-zestaw-kroccy-do-fugowania-pump-integrale\/#primaryimage"},"thumbnailUrl":"https:\/\/b2b.pakery.pl\/wp-content\/uploads\/2021\/10\/fugownice-all-pakery.png","datePublished":"2021-10-20T07:39:02+00:00","dateModified":"2022-06-21T09:50:33+00:00","description":"Pe\u0142en zestaw kr\u00f3\u0107cy do fugowania Pump Integrale | Fugownice | GEKA","breadcrumb":{"@id":"https:\/\/b2b.pakery.pl\/pl\/produkt\/pelen-zestaw-kroccy-do-fugowania-pump-integrale\/#breadcrumb"},"inLanguage":"pl-PL","potentialAction":[{"@type":"ReadAction","target":["https:\/\/b2b.pakery.pl\/pl\/produkt\/pelen-zestaw-kroccy-do-fugowania-pump-integrale\/"]}]},{"@type":"ImageObject","inLanguage":"pl-PL","@id":"https:\/\/b2b.pakery.pl\/pl\/produkt\/pelen-zestaw-kroccy-do-fugowania-pump-integrale\/#primaryimage","url":"https:\/\/b2b.pakery.pl\/wp-content\/uploads\/2021\/10\/fugownice-all-pakery.png","contentUrl":"https:\/\/b2b.pakery.pl\/wp-content\/uploads\/2021\/10\/fugownice-all-pakery.png","width":2500,"height":2500},{"@type":"BreadcrumbList","@id":"https:\/\/b2b.pakery.pl\/pl\/produkt\/pelen-zestaw-kroccy-do-fugowania-pump-integrale\/#breadcrumb","itemListElement":[{"@type":"ListItem","position":1,"name":"Strona g\u0142\u00f3wna","item":"https:\/\/b2b.pakery.pl\/pl\/strona-glowna\/"},{"@type":"ListItem","position":2,"name":"Sklep","item":"https:\/\/b2b.pakery.pl\/pl\/sklep\/"},{"@type":"ListItem","position":3,"name":"Pe\u0142en zestaw kr\u00f3\u0107cy do fugowania Pump Integrale"}]},{"@type":"WebSite","@id":"https:\/\/b2b.pakery.pl\/pl\/#website","url":"https:\/\/b2b.pakery.pl\/pl\/","name":"Pakery.pl","description":"Injection Packers, Spiral Anchors, Injection Lances, Injection Hoses, Injection Pumps, Injection Pump Service, Injection Pump Rental","publisher":{"@id":"https:\/\/b2b.pakery.pl\/pl\/#organization"},"potentialAction":[{"@type":"SearchAction","target":{"@type":"EntryPoint","urlTemplate":"https:\/\/b2b.pakery.pl\/pl\/?s={search_term_string}"},"query-input":{"@type":"PropertyValueSpecification","valueRequired":true,"valueName":"search_term_string"}}],"inLanguage":"pl-PL"},{"@type":"Organization","@id":"https:\/\/b2b.pakery.pl\/pl\/#organization","name":"PAKERY.PL","url":"https:\/\/b2b.pakery.pl\/pl\/","logo":{"@type":"ImageObject","inLanguage":"pl-PL","@id":"https:\/\/b2b.pakery.pl\/pl\/#\/schema\/logo\/image\/","url":"https:\/\/b2b.pakery.pl\/wp-content\/uploads\/2021\/04\/cropped-PAKERY-LOGO.png","contentUrl":"https:\/\/b2b.pakery.pl\/wp-content\/uploads\/2021\/04\/cropped-PAKERY-LOGO.png","width":1529,"height":500,"caption":"PAKERY.PL"},"image":{"@id":"https:\/\/b2b.pakery.pl\/pl\/#\/schema\/logo\/image\/"}}]}},"tiered_pricing_type":"fixed","tiered_pricing_fixed_rules":[],"tiered_pricing_product_settings":{"layout":"default","base_unit_name":{"singular":null,"plural":null},"default_variation":null},"tiered_pricing_minimum_quantity":null,"tiered_pricing_roles_data":[],"tiered_pricing_percentage_rules":[],"tiered_pricing_maximum_quantity":null,"tiered_pricing_quantity_step":null,"_links":{"self":[{"href":"https:\/\/b2b.pakery.pl\/pl\/wp-json\/wp\/v2\/product\/38728","targetHints":{"allow":["GET"]}}],"collection":[{"href":"https:\/\/b2b.pakery.pl\/pl\/wp-json\/wp\/v2\/product"}],"about":[{"href":"https:\/\/b2b.pakery.pl\/pl\/wp-json\/wp\/v2\/types\/product"}],"version-history":[{"count":11,"href":"https:\/\/b2b.pakery.pl\/pl\/wp-json\/wp\/v2\/product\/38728\/revisions"}],"predecessor-version":[{"id":38751,"href":"https:\/\/b2b.pakery.pl\/pl\/wp-json\/wp\/v2\/product\/38728\/revisions\/38751"}],"wp:featuredmedia":[{"embeddable":true,"href":"https:\/\/b2b.pakery.pl\/pl\/wp-json\/wp\/v2\/media\/38729"}],"wp:attachment":[{"href":"https:\/\/b2b.pakery.pl\/pl\/wp-json\/wp\/v2\/media?parent=38728"}],"wp:term":[{"taxonomy":"product_brand","embeddable":true,"href":"https:\/\/b2b.pakery.pl\/pl\/wp-json\/wp\/v2\/product_brand?post=38728"},{"taxonomy":"product_cat","embeddable":true,"href":"https:\/\/b2b.pakery.pl\/pl\/wp-json\/wp\/v2\/product_cat?post=38728"},{"taxonomy":"product_tag","embeddable":true,"href":"https:\/\/b2b.pakery.pl\/pl\/wp-json\/wp\/v2\/product_tag?post=38728"}],"curies":[{"name":"wp","href":"https:\/\/api.w.org\/{rel}","templated":true}]}}