{"id":3547,"date":"2021-05-18T14:19:05","date_gmt":"2021-05-18T12:19:05","guid":{"rendered":"https:\/\/b2b.pakery.pl\/?post_type=product&#038;p=3547"},"modified":"2022-06-21T14:09:13","modified_gmt":"2022-06-21T12:09:13","slug":"srodek-do-czyszczenia-pomp-iniekcyjnych","status":"publish","type":"product","link":"https:\/\/b2b.pakery.pl\/pl\/produkt\/srodek-do-czyszczenia-pomp-iniekcyjnych\/","title":{"rendered":"\u015arodek do czyszczenia pomp iniekcyjnych"},"content":{"rendered":"\t\t<div data-elementor-type=\"product-post\" data-elementor-id=\"3547\" class=\"elementor elementor-3547\" data-elementor-post-type=\"product\">\n\t\t\t\t\t\t<section class=\"elementor-section elementor-top-section elementor-element elementor-element-3e560d8 elementor-section-full_width elementor-section-height-default elementor-section-height-default\" data-id=\"3e560d8\" data-element_type=\"section\" data-e-type=\"section\">\n\t\t\t\t\t\t<div class=\"elementor-container elementor-column-gap-default\">\n\t\t\t\t\t<div class=\"elementor-column elementor-col-100 elementor-top-column elementor-element elementor-element-8404500\" data-id=\"8404500\" data-element_type=\"column\" data-e-type=\"column\">\n\t\t\t<div class=\"elementor-widget-wrap elementor-element-populated\">\n\t\t\t\t\t\t<section class=\"elementor-section elementor-inner-section elementor-element elementor-element-8fdfbc5 elementor-section-full_width elementor-section-height-default elementor-section-height-default\" data-id=\"8fdfbc5\" data-element_type=\"section\" data-e-type=\"section\">\n\t\t\t\t\t\t<div class=\"elementor-container elementor-column-gap-default\">\n\t\t\t\t\t<div class=\"elementor-column elementor-col-50 elementor-inner-column elementor-element elementor-element-0817a6e\" data-id=\"0817a6e\" data-element_type=\"column\" data-e-type=\"column\">\n\t\t\t<div class=\"elementor-widget-wrap elementor-element-populated\">\n\t\t\t\t\t\t<div class=\"elementor-element elementor-element-fa6af93 elementor-widget elementor-widget-text-editor\" data-id=\"fa6af93\" data-element_type=\"widget\" data-e-type=\"widget\" data-widget_type=\"text-editor.default\">\n\t\t\t\t<div class=\"elementor-widget-container\">\n\t\t\t\t\t\t\t\t\t<div class=\"_1bo4a _xu6h2 _1ylmp _2d49e_YrWCD\"><div class=\"_1voj4 _z9prt _1xzdi _ai5yc _5d6n2 _15lj1\"><div class=\"_2d49e_5pK0q\"><p style=\"text-align: center;\"><strong><span style=\"color: #000000;\">\u00a0<\/span><\/strong><\/p><p style=\"text-align: center;\"><strong><span style=\"color: #000000;\">PI-CLEANER A<\/span><\/strong><\/p><p><span style=\"color: #000000;\">ZALETY:<\/span><\/p><ul><li><span style=\"color: #000000;\">nie niszczy o-ring\u00f3w i uszczelniaczy w pompach i g\u0142owicach<\/span><\/li><li><span style=\"color: #000000;\">ma w\u0142a\u015bciwo\u015bci konserwuj\u0105ce<\/span><\/li><li><span style=\"color: #000000;\">nie spienia si\u0119 w przypadku kontaktu z \u017cywicami poliuretanowymi spienianymi<\/span><\/li><li><span style=\"color: #000000;\">nie odparowuje<\/span><\/li><li><span style=\"color: #000000;\">zmieszany z \u017cywic\u0105 \u201edezaktywuje j\u0105\u201d<\/span><\/li><li><span style=\"color: #000000;\">jest ekologiczny i nie ma \u017cadnych oznacze\u0144 ADR<\/span><\/li><\/ul><\/div><\/div><\/div><div class=\"_1bo4a _xu6h2 _1ylmp _2d49e_YrWCD\"><div class=\"_1voj4 _z9prt _1xzdi _ai5yc _5d6n2 _15lj1\"><div class=\"_2d49e_5pK0q\"><p><span style=\"color: #000000;\">Nie nadaje si\u0119 do rozrzedzania \u017cywic iniekcyjnych celem zmniejszenia ich lepko\u015bci, w kontakcie z \u017cywic\u0105 neutralizuje j\u0105 i mieszanka jest oboj\u0119tna.<\/span><\/p><p><span style=\"color: #000000;\">Przy d\u0142u\u017cszym nie u\u017cytkowaniu pompy iniekcyjnej zaleca si\u0119 zala\u0107 j\u0105 olejem hydraulicznym.<\/span><\/p><\/div><\/div><\/div>\t\t\t\t\t\t\t\t<\/div>\n\t\t\t\t<\/div>\n\t\t\t\t\t<\/div>\n\t\t<\/div>\n\t\t\t\t<div class=\"elementor-column elementor-col-50 elementor-inner-column elementor-element elementor-element-7279e65\" data-id=\"7279e65\" data-element_type=\"column\" data-e-type=\"column\">\n\t\t\t<div class=\"elementor-widget-wrap elementor-element-populated\">\n\t\t\t\t\t\t<div class=\"elementor-element elementor-element-659abdb elementor-widget elementor-widget-image\" data-id=\"659abdb\" data-element_type=\"widget\" data-e-type=\"widget\" data-widget_type=\"image.default\">\n\t\t\t\t<div class=\"elementor-widget-container\">\n\t\t\t\t\t\t\t\t\t\t\t\t\t\t\t<img decoding=\"async\" src=\"https:\/\/b2b.pakery.pl\/wp-content\/uploads\/elementor\/thumbs\/cleaner-15-rjanhum55wwk8ueonnz9o60e0xioe5u637shz5w32g.png\" title=\"cleaner\" alt=\"cleaner\" loading=\"lazy\" \/>\t\t\t\t\t\t\t\t\t\t\t\t\t\t\t<\/div>\n\t\t\t\t<\/div>\n\t\t\t\t\t<\/div>\n\t\t<\/div>\n\t\t\t\t\t<\/div>\n\t\t<\/section>\n\t\t\t\t\t<\/div>\n\t\t<\/div>\n\t\t\t\t\t<\/div>\n\t\t<\/section>\n\t\t\t\t<\/div>\n\t\t","protected":false},"excerpt":{"rendered":"<p>\u00a0 PI-CLEANER A ZALETY: nie niszczy o-ring\u00f3w i uszczelniaczy w pompach i g\u0142owicach ma w\u0142a\u015bciwo\u015bci konserwuj\u0105ce nie spienia si\u0119 w przypadku kontaktu z \u017cywicami poliuretanowymi spienianymi nie odparowuje zmieszany z \u017cywic\u0105 \u201edezaktywuje j\u0105\u201d jest ekologiczny i nie ma \u017cadnych oznacze\u0144 ADR Nie nadaje si\u0119 do rozrzedzania \u017cywic iniekcyjnych celem zmniejszenia ich lepko\u015bci, w kontakcie z [&hellip;]<\/p>\n","protected":false},"featured_media":39280,"template":"","meta":{"_acf_changed":false},"product_brand":[],"product_cat":[1787,33],"product_tag":[],"class_list":{"0":"post-3547","1":"product","2":"type-product","3":"status-publish","4":"has-post-thumbnail","6":"product_cat-chemia-iniekcyjna","7":"product_cat-akcesoria-iniekcyjne","8":"pa_przylacza-i-czyszczenie-przylacza-i-czyszczenie","9":"pa_waga-1-kg","10":"pa_waga-5-kg","12":"first","13":"instock","14":"taxable","15":"shipping-taxable","16":"purchasable","17":"product-type-variable"},"acf":[],"yoast_head":"<!-- This site is optimized with the Yoast SEO plugin v24.8.1 - https:\/\/yoast.com\/wordpress\/plugins\/seo\/ -->\n<title>\u015arodek do czyszczenia pomp iniekcyjnych - PAKERY.PL<\/title>\n<meta name=\"description\" content=\"\u015arodek do czyszczenia pomp iniekcyjnych | Du\u017ca si\u0142a rozpuszczania nadaje si\u0119 do usuwania p\u0142ynnych \u017cywic poliuretanowych lub epoksydowych\" \/>\n<meta name=\"robots\" content=\"index, follow, max-snippet:-1, max-image-preview:large, max-video-preview:-1\" \/>\n<link rel=\"canonical\" href=\"https:\/\/b2b.pakery.pl\/pl\/produkt\/srodek-do-czyszczenia-pomp-iniekcyjnych\/\" \/>\n<meta property=\"og:locale\" content=\"pl_PL\" \/>\n<meta property=\"og:type\" content=\"article\" \/>\n<meta property=\"og:title\" content=\"\u015arodek do czyszczenia pomp iniekcyjnych - PAKERY.PL\" \/>\n<meta property=\"og:description\" content=\"\u015arodek do czyszczenia pomp iniekcyjnych | Du\u017ca si\u0142a rozpuszczania nadaje si\u0119 do usuwania p\u0142ynnych \u017cywic poliuretanowych lub epoksydowych\" \/>\n<meta property=\"og:url\" content=\"https:\/\/b2b.pakery.pl\/pl\/produkt\/srodek-do-czyszczenia-pomp-iniekcyjnych\/\" \/>\n<meta property=\"og:site_name\" content=\"PAKERY.PL\" \/>\n<meta property=\"article:modified_time\" content=\"2022-06-21T12:09:13+00:00\" \/>\n<meta property=\"og:image\" content=\"https:\/\/b2b.pakery.pl\/wp-content\/uploads\/2022\/06\/cleaner-15.png\" \/>\n\t<meta property=\"og:image:width\" content=\"850\" \/>\n\t<meta property=\"og:image:height\" content=\"768\" \/>\n\t<meta property=\"og:image:type\" content=\"image\/png\" \/>\n<meta name=\"twitter:card\" content=\"summary_large_image\" \/>\n<script type=\"application\/ld+json\" class=\"yoast-schema-graph\">{\"@context\":\"https:\/\/schema.org\",\"@graph\":[{\"@type\":\"WebPage\",\"@id\":\"https:\/\/b2b.pakery.pl\/pl\/produkt\/srodek-do-czyszczenia-pomp-iniekcyjnych\/\",\"url\":\"https:\/\/b2b.pakery.pl\/pl\/produkt\/srodek-do-czyszczenia-pomp-iniekcyjnych\/\",\"name\":\"\u015arodek do czyszczenia pomp iniekcyjnych - PAKERY.PL\",\"isPartOf\":{\"@id\":\"https:\/\/b2b.pakery.pl\/pl\/#website\"},\"primaryImageOfPage\":{\"@id\":\"https:\/\/b2b.pakery.pl\/pl\/produkt\/srodek-do-czyszczenia-pomp-iniekcyjnych\/#primaryimage\"},\"image\":{\"@id\":\"https:\/\/b2b.pakery.pl\/pl\/produkt\/srodek-do-czyszczenia-pomp-iniekcyjnych\/#primaryimage\"},\"thumbnailUrl\":\"https:\/\/b2b.pakery.pl\/wp-content\/uploads\/2022\/06\/cleaner-15.png\",\"datePublished\":\"2021-05-18T12:19:05+00:00\",\"dateModified\":\"2022-06-21T12:09:13+00:00\",\"description\":\"\u015arodek do czyszczenia pomp iniekcyjnych | Du\u017ca si\u0142a rozpuszczania nadaje si\u0119 do usuwania p\u0142ynnych \u017cywic poliuretanowych lub epoksydowych\",\"breadcrumb\":{\"@id\":\"https:\/\/b2b.pakery.pl\/pl\/produkt\/srodek-do-czyszczenia-pomp-iniekcyjnych\/#breadcrumb\"},\"inLanguage\":\"pl-PL\",\"potentialAction\":[{\"@type\":\"ReadAction\",\"target\":[\"https:\/\/b2b.pakery.pl\/pl\/produkt\/srodek-do-czyszczenia-pomp-iniekcyjnych\/\"]}]},{\"@type\":\"ImageObject\",\"inLanguage\":\"pl-PL\",\"@id\":\"https:\/\/b2b.pakery.pl\/pl\/produkt\/srodek-do-czyszczenia-pomp-iniekcyjnych\/#primaryimage\",\"url\":\"https:\/\/b2b.pakery.pl\/wp-content\/uploads\/2022\/06\/cleaner-15.png\",\"contentUrl\":\"https:\/\/b2b.pakery.pl\/wp-content\/uploads\/2022\/06\/cleaner-15.png\",\"width\":850,\"height\":768},{\"@type\":\"BreadcrumbList\",\"@id\":\"https:\/\/b2b.pakery.pl\/pl\/produkt\/srodek-do-czyszczenia-pomp-iniekcyjnych\/#breadcrumb\",\"itemListElement\":[{\"@type\":\"ListItem\",\"position\":1,\"name\":\"Strona g\u0142\u00f3wna\",\"item\":\"https:\/\/b2b.pakery.pl\/pl\/strona-glowna\/\"},{\"@type\":\"ListItem\",\"position\":2,\"name\":\"Sklep\",\"item\":\"https:\/\/b2b.pakery.pl\/pl\/sklep\/\"},{\"@type\":\"ListItem\",\"position\":3,\"name\":\"\u015arodek do czyszczenia pomp iniekcyjnych\"}]},{\"@type\":\"WebSite\",\"@id\":\"https:\/\/b2b.pakery.pl\/pl\/#website\",\"url\":\"https:\/\/b2b.pakery.pl\/pl\/\",\"name\":\"Pakery.pl\",\"description\":\"Injection Packers, Spiral Anchors, Injection Lances, Injection Hoses, Injection Pumps, Injection Pump Service, Injection Pump Rental\",\"publisher\":{\"@id\":\"https:\/\/b2b.pakery.pl\/pl\/#organization\"},\"potentialAction\":[{\"@type\":\"SearchAction\",\"target\":{\"@type\":\"EntryPoint\",\"urlTemplate\":\"https:\/\/b2b.pakery.pl\/pl\/?s={search_term_string}\"},\"query-input\":{\"@type\":\"PropertyValueSpecification\",\"valueRequired\":true,\"valueName\":\"search_term_string\"}}],\"inLanguage\":\"pl-PL\"},{\"@type\":\"Organization\",\"@id\":\"https:\/\/b2b.pakery.pl\/pl\/#organization\",\"name\":\"PAKERY.PL\",\"url\":\"https:\/\/b2b.pakery.pl\/pl\/\",\"logo\":{\"@type\":\"ImageObject\",\"inLanguage\":\"pl-PL\",\"@id\":\"https:\/\/b2b.pakery.pl\/pl\/#\/schema\/logo\/image\/\",\"url\":\"https:\/\/b2b.pakery.pl\/wp-content\/uploads\/2021\/04\/cropped-PAKERY-LOGO.png\",\"contentUrl\":\"https:\/\/b2b.pakery.pl\/wp-content\/uploads\/2021\/04\/cropped-PAKERY-LOGO.png\",\"width\":1529,\"height\":500,\"caption\":\"PAKERY.PL\"},\"image\":{\"@id\":\"https:\/\/b2b.pakery.pl\/pl\/#\/schema\/logo\/image\/\"}}]}<\/script>\n<!-- \/ Yoast SEO plugin. -->","yoast_head_json":{"title":"\u015arodek do czyszczenia pomp iniekcyjnych - PAKERY.PL","description":"\u015arodek do czyszczenia pomp iniekcyjnych | Du\u017ca si\u0142a rozpuszczania nadaje si\u0119 do usuwania p\u0142ynnych \u017cywic poliuretanowych lub epoksydowych","robots":{"index":"index","follow":"follow","max-snippet":"max-snippet:-1","max-image-preview":"max-image-preview:large","max-video-preview":"max-video-preview:-1"},"canonical":"https:\/\/b2b.pakery.pl\/pl\/produkt\/srodek-do-czyszczenia-pomp-iniekcyjnych\/","og_locale":"pl_PL","og_type":"article","og_title":"\u015arodek do czyszczenia pomp iniekcyjnych - PAKERY.PL","og_description":"\u015arodek do czyszczenia pomp iniekcyjnych | Du\u017ca si\u0142a rozpuszczania nadaje si\u0119 do usuwania p\u0142ynnych \u017cywic poliuretanowych lub epoksydowych","og_url":"https:\/\/b2b.pakery.pl\/pl\/produkt\/srodek-do-czyszczenia-pomp-iniekcyjnych\/","og_site_name":"PAKERY.PL","article_modified_time":"2022-06-21T12:09:13+00:00","og_image":[{"width":850,"height":768,"url":"https:\/\/b2b.pakery.pl\/wp-content\/uploads\/2022\/06\/cleaner-15.png","type":"image\/png"}],"twitter_card":"summary_large_image","schema":{"@context":"https:\/\/schema.org","@graph":[{"@type":"WebPage","@id":"https:\/\/b2b.pakery.pl\/pl\/produkt\/srodek-do-czyszczenia-pomp-iniekcyjnych\/","url":"https:\/\/b2b.pakery.pl\/pl\/produkt\/srodek-do-czyszczenia-pomp-iniekcyjnych\/","name":"\u015arodek do czyszczenia pomp iniekcyjnych - PAKERY.PL","isPartOf":{"@id":"https:\/\/b2b.pakery.pl\/pl\/#website"},"primaryImageOfPage":{"@id":"https:\/\/b2b.pakery.pl\/pl\/produkt\/srodek-do-czyszczenia-pomp-iniekcyjnych\/#primaryimage"},"image":{"@id":"https:\/\/b2b.pakery.pl\/pl\/produkt\/srodek-do-czyszczenia-pomp-iniekcyjnych\/#primaryimage"},"thumbnailUrl":"https:\/\/b2b.pakery.pl\/wp-content\/uploads\/2022\/06\/cleaner-15.png","datePublished":"2021-05-18T12:19:05+00:00","dateModified":"2022-06-21T12:09:13+00:00","description":"\u015arodek do czyszczenia pomp iniekcyjnych | Du\u017ca si\u0142a rozpuszczania nadaje si\u0119 do usuwania p\u0142ynnych \u017cywic poliuretanowych lub epoksydowych","breadcrumb":{"@id":"https:\/\/b2b.pakery.pl\/pl\/produkt\/srodek-do-czyszczenia-pomp-iniekcyjnych\/#breadcrumb"},"inLanguage":"pl-PL","potentialAction":[{"@type":"ReadAction","target":["https:\/\/b2b.pakery.pl\/pl\/produkt\/srodek-do-czyszczenia-pomp-iniekcyjnych\/"]}]},{"@type":"ImageObject","inLanguage":"pl-PL","@id":"https:\/\/b2b.pakery.pl\/pl\/produkt\/srodek-do-czyszczenia-pomp-iniekcyjnych\/#primaryimage","url":"https:\/\/b2b.pakery.pl\/wp-content\/uploads\/2022\/06\/cleaner-15.png","contentUrl":"https:\/\/b2b.pakery.pl\/wp-content\/uploads\/2022\/06\/cleaner-15.png","width":850,"height":768},{"@type":"BreadcrumbList","@id":"https:\/\/b2b.pakery.pl\/pl\/produkt\/srodek-do-czyszczenia-pomp-iniekcyjnych\/#breadcrumb","itemListElement":[{"@type":"ListItem","position":1,"name":"Strona g\u0142\u00f3wna","item":"https:\/\/b2b.pakery.pl\/pl\/strona-glowna\/"},{"@type":"ListItem","position":2,"name":"Sklep","item":"https:\/\/b2b.pakery.pl\/pl\/sklep\/"},{"@type":"ListItem","position":3,"name":"\u015arodek do czyszczenia pomp iniekcyjnych"}]},{"@type":"WebSite","@id":"https:\/\/b2b.pakery.pl\/pl\/#website","url":"https:\/\/b2b.pakery.pl\/pl\/","name":"Pakery.pl","description":"Injection Packers, Spiral Anchors, Injection Lances, Injection Hoses, Injection Pumps, Injection Pump Service, Injection Pump Rental","publisher":{"@id":"https:\/\/b2b.pakery.pl\/pl\/#organization"},"potentialAction":[{"@type":"SearchAction","target":{"@type":"EntryPoint","urlTemplate":"https:\/\/b2b.pakery.pl\/pl\/?s={search_term_string}"},"query-input":{"@type":"PropertyValueSpecification","valueRequired":true,"valueName":"search_term_string"}}],"inLanguage":"pl-PL"},{"@type":"Organization","@id":"https:\/\/b2b.pakery.pl\/pl\/#organization","name":"PAKERY.PL","url":"https:\/\/b2b.pakery.pl\/pl\/","logo":{"@type":"ImageObject","inLanguage":"pl-PL","@id":"https:\/\/b2b.pakery.pl\/pl\/#\/schema\/logo\/image\/","url":"https:\/\/b2b.pakery.pl\/wp-content\/uploads\/2021\/04\/cropped-PAKERY-LOGO.png","contentUrl":"https:\/\/b2b.pakery.pl\/wp-content\/uploads\/2021\/04\/cropped-PAKERY-LOGO.png","width":1529,"height":500,"caption":"PAKERY.PL"},"image":{"@id":"https:\/\/b2b.pakery.pl\/pl\/#\/schema\/logo\/image\/"}}]}},"tiered_pricing_type":"fixed","tiered_pricing_fixed_rules":[],"tiered_pricing_product_settings":{"layout":"default","base_unit_name":{"singular":null,"plural":null},"default_variation":null},"tiered_pricing_minimum_quantity":null,"tiered_pricing_roles_data":[],"tiered_pricing_percentage_rules":[],"tiered_pricing_maximum_quantity":null,"tiered_pricing_quantity_step":null,"_links":{"self":[{"href":"https:\/\/b2b.pakery.pl\/pl\/wp-json\/wp\/v2\/product\/3547","targetHints":{"allow":["GET"]}}],"collection":[{"href":"https:\/\/b2b.pakery.pl\/pl\/wp-json\/wp\/v2\/product"}],"about":[{"href":"https:\/\/b2b.pakery.pl\/pl\/wp-json\/wp\/v2\/types\/product"}],"version-history":[{"count":12,"href":"https:\/\/b2b.pakery.pl\/pl\/wp-json\/wp\/v2\/product\/3547\/revisions"}],"predecessor-version":[{"id":43547,"href":"https:\/\/b2b.pakery.pl\/pl\/wp-json\/wp\/v2\/product\/3547\/revisions\/43547"}],"wp:featuredmedia":[{"embeddable":true,"href":"https:\/\/b2b.pakery.pl\/pl\/wp-json\/wp\/v2\/media\/39280"}],"wp:attachment":[{"href":"https:\/\/b2b.pakery.pl\/pl\/wp-json\/wp\/v2\/media?parent=3547"}],"wp:term":[{"taxonomy":"product_brand","embeddable":true,"href":"https:\/\/b2b.pakery.pl\/pl\/wp-json\/wp\/v2\/product_brand?post=3547"},{"taxonomy":"product_cat","embeddable":true,"href":"https:\/\/b2b.pakery.pl\/pl\/wp-json\/wp\/v2\/product_cat?post=3547"},{"taxonomy":"product_tag","embeddable":true,"href":"https:\/\/b2b.pakery.pl\/pl\/wp-json\/wp\/v2\/product_tag?post=3547"}],"curies":[{"name":"wp","href":"https:\/\/api.w.org\/{rel}","templated":true}]}}