{"id":3514,"date":"2021-05-18T13:54:06","date_gmt":"2021-05-18T11:54:06","guid":{"rendered":"https:\/\/b2b.pakery.pl\/?post_type=product&#038;p=3514"},"modified":"2022-11-18T14:00:43","modified_gmt":"2022-11-18T13:00:43","slug":"srodek-do-konserwacji-pomp","status":"publish","type":"product","link":"https:\/\/b2b.pakery.pl\/pl\/produkt\/srodek-do-konserwacji-pomp\/","title":{"rendered":"\u015arodek do konserwacji pomp"},"content":{"rendered":"\t\t<div data-elementor-type=\"product-post\" data-elementor-id=\"3514\" class=\"elementor elementor-3514\" data-elementor-post-type=\"product\">\n\t\t\t\t\t\t<section class=\"elementor-section elementor-top-section elementor-element elementor-element-8ddbad9 elementor-section-full_width elementor-section-height-default elementor-section-height-default\" data-id=\"8ddbad9\" data-element_type=\"section\" data-e-type=\"section\">\n\t\t\t\t\t\t<div class=\"elementor-container elementor-column-gap-default\">\n\t\t\t\t\t<div class=\"elementor-column elementor-col-100 elementor-top-column elementor-element elementor-element-50b441d\" data-id=\"50b441d\" data-element_type=\"column\" data-e-type=\"column\">\n\t\t\t<div class=\"elementor-widget-wrap elementor-element-populated\">\n\t\t\t\t\t\t<section class=\"elementor-section elementor-inner-section elementor-element elementor-element-16e0ca8 elementor-section-full_width elementor-section-height-default elementor-section-height-default\" data-id=\"16e0ca8\" data-element_type=\"section\" data-e-type=\"section\">\n\t\t\t\t\t\t<div class=\"elementor-container elementor-column-gap-default\">\n\t\t\t\t\t<div class=\"elementor-column elementor-col-50 elementor-inner-column elementor-element elementor-element-8f44681\" data-id=\"8f44681\" data-element_type=\"column\" data-e-type=\"column\">\n\t\t\t<div class=\"elementor-widget-wrap elementor-element-populated\">\n\t\t\t\t\t\t<div class=\"elementor-element elementor-element-fd982ca elementor-widget elementor-widget-text-editor\" data-id=\"fd982ca\" data-element_type=\"widget\" data-e-type=\"widget\" data-widget_type=\"text-editor.default\">\n\t\t\t\t<div class=\"elementor-widget-container\">\n\t\t\t\t\t\t\t\t\t<p><span style=\"color: #000000;\">\u00a0<\/span><\/p><p><span style=\"color: #000000;\">Specjalna mieszanka lubrykantu\u00a0do pomp iniekcyjnych, wyd\u0142u\u017caj\u0105ca \u017cywotno\u015b\u0107 urz\u0105dzenia.<\/span><\/p><p><span style=\"color: #000000;\">Idealna do test\u00f3w urz\u0105dzenia, do smarowania po ka\u017cdym\u00a0czyszczeniu.<\/span><\/p><p><span style=\"color: #000000;\"><strong>\u015arodek mo\u017cna zostawi\u0107 w pompie bez obawy o uszczelnienia.<\/strong><\/span><\/p><p><span style=\"color: #000000;\">Je\u015bli chcesz aby manometr dzia\u0142a\u0142 po sko\u0144czonej iniekcji, u\u017cywaj lubrykantu\u00a0PI-SAVER, przed i po ka\u017cdej iniekcji:<\/span><\/p><ol><li><span style=\"color: #000000;\">Wlej olej do pompy tak by m\u00f3c wytworzy\u0107 ci\u015bnienie maksymalne pompy, przy zamkni\u0119tym zaworze &#8211; pami\u0119taj wi\u0119kszo\u015b\u0107 pomp iniekcyjnych nie powinna chodzi\u0107 bez cieczy. PI-SAVER powinien dotrze\u0107 w przestrze\u0144 rurki spr\u0119\u017cystej &#8220;Bourdona&#8221; i pozosta\u0107 tam przez ca\u0142\u0105 iniekcje &#8211; je\u015bli zostanie tam iniekt stwardnieje i manometr przestanie dzia\u0142a\u0107, lub zatrzyma si\u0119 na &#8220;jakim\u015b ci\u015bnieniu&#8221;.<\/span><\/li><li><span style=\"color: #000000;\">Masz te\u017c okazj\u0119 sprawdzi\u0107 czy pompa dzia\u0142a prawid\u0142owo<\/span><\/li><li><span style=\"color: #000000;\">Spu\u015b\u0107 olej i zalej niewielk\u0105 ilo\u015b\u0107 \u017cywicy (je\u015bli jest to \u017cywic dwukomponentowa dok\u0142adnie j\u0105 wymieszaj).<\/span><\/li><\/ol>\t\t\t\t\t\t\t\t<\/div>\n\t\t\t\t<\/div>\n\t\t\t\t\t<\/div>\n\t\t<\/div>\n\t\t\t\t<div class=\"elementor-column elementor-col-50 elementor-inner-column elementor-element elementor-element-7c9e0c2\" data-id=\"7c9e0c2\" data-element_type=\"column\" data-e-type=\"column\">\n\t\t\t<div class=\"elementor-widget-wrap elementor-element-populated\">\n\t\t\t\t\t\t<div class=\"elementor-element elementor-element-e90fc85 elementor-widget elementor-widget-image\" data-id=\"e90fc85\" data-element_type=\"widget\" data-e-type=\"widget\" data-widget_type=\"image.default\">\n\t\t\t\t<div class=\"elementor-widget-container\">\n\t\t\t\t\t\t\t\t\t\t\t\t\t\t\t<img decoding=\"async\" src=\"https:\/\/b2b.pakery.pl\/wp-content\/uploads\/elementor\/thumbs\/Cleaner-saver-rjanhvjzcqxukgdbi6dw8nrumbe1luxwfcfzgfuow8.png\" title=\"Cleaner + saver\" alt=\"Cleaner + saver\" loading=\"lazy\" \/>\t\t\t\t\t\t\t\t\t\t\t\t\t\t\t<\/div>\n\t\t\t\t<\/div>\n\t\t\t\t\t<\/div>\n\t\t<\/div>\n\t\t\t\t\t<\/div>\n\t\t<\/section>\n\t\t\t\t\t<\/div>\n\t\t<\/div>\n\t\t\t\t\t<\/div>\n\t\t<\/section>\n\t\t\t\t<\/div>\n\t\t","protected":false},"excerpt":{"rendered":"<p>\u00a0 Specjalna mieszanka lubrykantu\u00a0do pomp iniekcyjnych, wyd\u0142u\u017caj\u0105ca \u017cywotno\u015b\u0107 urz\u0105dzenia. Idealna do test\u00f3w urz\u0105dzenia, do smarowania po ka\u017cdym\u00a0czyszczeniu. \u015arodek mo\u017cna zostawi\u0107 w pompie bez obawy o uszczelnienia. Je\u015bli chcesz aby manometr dzia\u0142a\u0142 po sko\u0144czonej iniekcji, u\u017cywaj lubrykantu\u00a0PI-SAVER, przed i po ka\u017cdej iniekcji: Wlej olej do pompy tak by m\u00f3c wytworzy\u0107 ci\u015bnienie maksymalne pompy, przy zamkni\u0119tym zaworze [&hellip;]<\/p>\n","protected":false},"featured_media":39274,"template":"","meta":{"_acf_changed":false},"product_brand":[],"product_cat":[1787,33],"product_tag":[],"class_list":{"0":"post-3514","1":"product","2":"type-product","3":"status-publish","4":"has-post-thumbnail","6":"product_cat-chemia-iniekcyjna","7":"product_cat-akcesoria-iniekcyjne","8":"pa_pojemnosc-1l","9":"pa_pojemnosc-5l","10":"pa_przylacza-i-czyszczenie-przylacza-i-czyszczenie","12":"first","13":"instock","14":"taxable","15":"shipping-taxable","16":"purchasable","17":"product-type-variable"},"acf":[],"yoast_head":"<!-- This site is optimized with the Yoast SEO plugin v24.8.1 - https:\/\/yoast.com\/wordpress\/plugins\/seo\/ -->\n<title>\u015arodek do konserwacji pomp - PAKERY.PL | Pompy iniekcyjne<\/title>\n<meta name=\"description\" content=\"\u015arodek do konserwacji pomp | Specjalna mieszanka lubrykantu do pomp iniekcyjnych, wyd\u0142u\u017caj\u0105ca \u017cywotno\u015b\u0107 urz\u0105dzenia.\" \/>\n<meta name=\"robots\" content=\"index, follow, max-snippet:-1, max-image-preview:large, max-video-preview:-1\" \/>\n<link rel=\"canonical\" href=\"https:\/\/b2b.pakery.pl\/pl\/produkt\/srodek-do-konserwacji-pomp\/\" \/>\n<meta property=\"og:locale\" content=\"pl_PL\" \/>\n<meta property=\"og:type\" content=\"article\" \/>\n<meta property=\"og:title\" content=\"\u015arodek do konserwacji pomp - PAKERY.PL | Pompy iniekcyjne\" \/>\n<meta property=\"og:description\" content=\"\u015arodek do konserwacji pomp | Specjalna mieszanka lubrykantu do pomp iniekcyjnych, wyd\u0142u\u017caj\u0105ca \u017cywotno\u015b\u0107 urz\u0105dzenia.\" \/>\n<meta property=\"og:url\" content=\"https:\/\/b2b.pakery.pl\/pl\/produkt\/srodek-do-konserwacji-pomp\/\" \/>\n<meta property=\"og:site_name\" content=\"PAKERY.PL\" \/>\n<meta property=\"article:modified_time\" content=\"2022-11-18T13:00:43+00:00\" \/>\n<meta property=\"og:image\" content=\"https:\/\/b2b.pakery.pl\/wp-content\/uploads\/2022\/06\/Cleaner-saver.png\" \/>\n\t<meta property=\"og:image:width\" content=\"850\" \/>\n\t<meta property=\"og:image:height\" content=\"768\" \/>\n\t<meta property=\"og:image:type\" content=\"image\/png\" \/>\n<meta name=\"twitter:card\" content=\"summary_large_image\" \/>\n<meta name=\"twitter:label1\" content=\"Szacowany czas czytania\" \/>\n\t<meta name=\"twitter:data1\" content=\"1 minuta\" \/>\n<script type=\"application\/ld+json\" class=\"yoast-schema-graph\">{\"@context\":\"https:\/\/schema.org\",\"@graph\":[{\"@type\":\"WebPage\",\"@id\":\"https:\/\/b2b.pakery.pl\/pl\/produkt\/srodek-do-konserwacji-pomp\/\",\"url\":\"https:\/\/b2b.pakery.pl\/pl\/produkt\/srodek-do-konserwacji-pomp\/\",\"name\":\"\u015arodek do konserwacji pomp - PAKERY.PL | Pompy iniekcyjne\",\"isPartOf\":{\"@id\":\"https:\/\/b2b.pakery.pl\/pl\/#website\"},\"primaryImageOfPage\":{\"@id\":\"https:\/\/b2b.pakery.pl\/pl\/produkt\/srodek-do-konserwacji-pomp\/#primaryimage\"},\"image\":{\"@id\":\"https:\/\/b2b.pakery.pl\/pl\/produkt\/srodek-do-konserwacji-pomp\/#primaryimage\"},\"thumbnailUrl\":\"https:\/\/b2b.pakery.pl\/wp-content\/uploads\/2022\/06\/Cleaner-saver.png\",\"datePublished\":\"2021-05-18T11:54:06+00:00\",\"dateModified\":\"2022-11-18T13:00:43+00:00\",\"description\":\"\u015arodek do konserwacji pomp | Specjalna mieszanka lubrykantu do pomp iniekcyjnych, wyd\u0142u\u017caj\u0105ca \u017cywotno\u015b\u0107 urz\u0105dzenia.\",\"breadcrumb\":{\"@id\":\"https:\/\/b2b.pakery.pl\/pl\/produkt\/srodek-do-konserwacji-pomp\/#breadcrumb\"},\"inLanguage\":\"pl-PL\",\"potentialAction\":[{\"@type\":\"ReadAction\",\"target\":[\"https:\/\/b2b.pakery.pl\/pl\/produkt\/srodek-do-konserwacji-pomp\/\"]}]},{\"@type\":\"ImageObject\",\"inLanguage\":\"pl-PL\",\"@id\":\"https:\/\/b2b.pakery.pl\/pl\/produkt\/srodek-do-konserwacji-pomp\/#primaryimage\",\"url\":\"https:\/\/b2b.pakery.pl\/wp-content\/uploads\/2022\/06\/Cleaner-saver.png\",\"contentUrl\":\"https:\/\/b2b.pakery.pl\/wp-content\/uploads\/2022\/06\/Cleaner-saver.png\",\"width\":850,\"height\":768},{\"@type\":\"BreadcrumbList\",\"@id\":\"https:\/\/b2b.pakery.pl\/pl\/produkt\/srodek-do-konserwacji-pomp\/#breadcrumb\",\"itemListElement\":[{\"@type\":\"ListItem\",\"position\":1,\"name\":\"Strona g\u0142\u00f3wna\",\"item\":\"https:\/\/b2b.pakery.pl\/pl\/strona-glowna\/\"},{\"@type\":\"ListItem\",\"position\":2,\"name\":\"Sklep\",\"item\":\"https:\/\/b2b.pakery.pl\/pl\/sklep\/\"},{\"@type\":\"ListItem\",\"position\":3,\"name\":\"\u015arodek do konserwacji pomp\"}]},{\"@type\":\"WebSite\",\"@id\":\"https:\/\/b2b.pakery.pl\/pl\/#website\",\"url\":\"https:\/\/b2b.pakery.pl\/pl\/\",\"name\":\"Pakery.pl\",\"description\":\"Injection Packers, Spiral Anchors, Injection Lances, Injection Hoses, Injection Pumps, Injection Pump Service, Injection Pump Rental\",\"publisher\":{\"@id\":\"https:\/\/b2b.pakery.pl\/pl\/#organization\"},\"potentialAction\":[{\"@type\":\"SearchAction\",\"target\":{\"@type\":\"EntryPoint\",\"urlTemplate\":\"https:\/\/b2b.pakery.pl\/pl\/?s={search_term_string}\"},\"query-input\":{\"@type\":\"PropertyValueSpecification\",\"valueRequired\":true,\"valueName\":\"search_term_string\"}}],\"inLanguage\":\"pl-PL\"},{\"@type\":\"Organization\",\"@id\":\"https:\/\/b2b.pakery.pl\/pl\/#organization\",\"name\":\"PAKERY.PL\",\"url\":\"https:\/\/b2b.pakery.pl\/pl\/\",\"logo\":{\"@type\":\"ImageObject\",\"inLanguage\":\"pl-PL\",\"@id\":\"https:\/\/b2b.pakery.pl\/pl\/#\/schema\/logo\/image\/\",\"url\":\"https:\/\/b2b.pakery.pl\/wp-content\/uploads\/2021\/04\/cropped-PAKERY-LOGO.png\",\"contentUrl\":\"https:\/\/b2b.pakery.pl\/wp-content\/uploads\/2021\/04\/cropped-PAKERY-LOGO.png\",\"width\":1529,\"height\":500,\"caption\":\"PAKERY.PL\"},\"image\":{\"@id\":\"https:\/\/b2b.pakery.pl\/pl\/#\/schema\/logo\/image\/\"}}]}<\/script>\n<!-- \/ Yoast SEO plugin. -->","yoast_head_json":{"title":"\u015arodek do konserwacji pomp - PAKERY.PL | Pompy iniekcyjne","description":"\u015arodek do konserwacji pomp | Specjalna mieszanka lubrykantu do pomp iniekcyjnych, wyd\u0142u\u017caj\u0105ca \u017cywotno\u015b\u0107 urz\u0105dzenia.","robots":{"index":"index","follow":"follow","max-snippet":"max-snippet:-1","max-image-preview":"max-image-preview:large","max-video-preview":"max-video-preview:-1"},"canonical":"https:\/\/b2b.pakery.pl\/pl\/produkt\/srodek-do-konserwacji-pomp\/","og_locale":"pl_PL","og_type":"article","og_title":"\u015arodek do konserwacji pomp - PAKERY.PL | Pompy iniekcyjne","og_description":"\u015arodek do konserwacji pomp | Specjalna mieszanka lubrykantu do pomp iniekcyjnych, wyd\u0142u\u017caj\u0105ca \u017cywotno\u015b\u0107 urz\u0105dzenia.","og_url":"https:\/\/b2b.pakery.pl\/pl\/produkt\/srodek-do-konserwacji-pomp\/","og_site_name":"PAKERY.PL","article_modified_time":"2022-11-18T13:00:43+00:00","og_image":[{"width":850,"height":768,"url":"https:\/\/b2b.pakery.pl\/wp-content\/uploads\/2022\/06\/Cleaner-saver.png","type":"image\/png"}],"twitter_card":"summary_large_image","twitter_misc":{"Szacowany czas czytania":"1 minuta"},"schema":{"@context":"https:\/\/schema.org","@graph":[{"@type":"WebPage","@id":"https:\/\/b2b.pakery.pl\/pl\/produkt\/srodek-do-konserwacji-pomp\/","url":"https:\/\/b2b.pakery.pl\/pl\/produkt\/srodek-do-konserwacji-pomp\/","name":"\u015arodek do konserwacji pomp - PAKERY.PL | Pompy iniekcyjne","isPartOf":{"@id":"https:\/\/b2b.pakery.pl\/pl\/#website"},"primaryImageOfPage":{"@id":"https:\/\/b2b.pakery.pl\/pl\/produkt\/srodek-do-konserwacji-pomp\/#primaryimage"},"image":{"@id":"https:\/\/b2b.pakery.pl\/pl\/produkt\/srodek-do-konserwacji-pomp\/#primaryimage"},"thumbnailUrl":"https:\/\/b2b.pakery.pl\/wp-content\/uploads\/2022\/06\/Cleaner-saver.png","datePublished":"2021-05-18T11:54:06+00:00","dateModified":"2022-11-18T13:00:43+00:00","description":"\u015arodek do konserwacji pomp | Specjalna mieszanka lubrykantu do pomp iniekcyjnych, wyd\u0142u\u017caj\u0105ca \u017cywotno\u015b\u0107 urz\u0105dzenia.","breadcrumb":{"@id":"https:\/\/b2b.pakery.pl\/pl\/produkt\/srodek-do-konserwacji-pomp\/#breadcrumb"},"inLanguage":"pl-PL","potentialAction":[{"@type":"ReadAction","target":["https:\/\/b2b.pakery.pl\/pl\/produkt\/srodek-do-konserwacji-pomp\/"]}]},{"@type":"ImageObject","inLanguage":"pl-PL","@id":"https:\/\/b2b.pakery.pl\/pl\/produkt\/srodek-do-konserwacji-pomp\/#primaryimage","url":"https:\/\/b2b.pakery.pl\/wp-content\/uploads\/2022\/06\/Cleaner-saver.png","contentUrl":"https:\/\/b2b.pakery.pl\/wp-content\/uploads\/2022\/06\/Cleaner-saver.png","width":850,"height":768},{"@type":"BreadcrumbList","@id":"https:\/\/b2b.pakery.pl\/pl\/produkt\/srodek-do-konserwacji-pomp\/#breadcrumb","itemListElement":[{"@type":"ListItem","position":1,"name":"Strona g\u0142\u00f3wna","item":"https:\/\/b2b.pakery.pl\/pl\/strona-glowna\/"},{"@type":"ListItem","position":2,"name":"Sklep","item":"https:\/\/b2b.pakery.pl\/pl\/sklep\/"},{"@type":"ListItem","position":3,"name":"\u015arodek do konserwacji pomp"}]},{"@type":"WebSite","@id":"https:\/\/b2b.pakery.pl\/pl\/#website","url":"https:\/\/b2b.pakery.pl\/pl\/","name":"Pakery.pl","description":"Injection Packers, Spiral Anchors, Injection Lances, Injection Hoses, Injection Pumps, Injection Pump Service, Injection Pump Rental","publisher":{"@id":"https:\/\/b2b.pakery.pl\/pl\/#organization"},"potentialAction":[{"@type":"SearchAction","target":{"@type":"EntryPoint","urlTemplate":"https:\/\/b2b.pakery.pl\/pl\/?s={search_term_string}"},"query-input":{"@type":"PropertyValueSpecification","valueRequired":true,"valueName":"search_term_string"}}],"inLanguage":"pl-PL"},{"@type":"Organization","@id":"https:\/\/b2b.pakery.pl\/pl\/#organization","name":"PAKERY.PL","url":"https:\/\/b2b.pakery.pl\/pl\/","logo":{"@type":"ImageObject","inLanguage":"pl-PL","@id":"https:\/\/b2b.pakery.pl\/pl\/#\/schema\/logo\/image\/","url":"https:\/\/b2b.pakery.pl\/wp-content\/uploads\/2021\/04\/cropped-PAKERY-LOGO.png","contentUrl":"https:\/\/b2b.pakery.pl\/wp-content\/uploads\/2021\/04\/cropped-PAKERY-LOGO.png","width":1529,"height":500,"caption":"PAKERY.PL"},"image":{"@id":"https:\/\/b2b.pakery.pl\/pl\/#\/schema\/logo\/image\/"}}]}},"tiered_pricing_type":"fixed","tiered_pricing_fixed_rules":[],"tiered_pricing_product_settings":{"layout":"default","base_unit_name":{"singular":null,"plural":null},"default_variation":null},"tiered_pricing_minimum_quantity":null,"tiered_pricing_roles_data":[],"tiered_pricing_percentage_rules":[],"tiered_pricing_maximum_quantity":null,"tiered_pricing_quantity_step":null,"_links":{"self":[{"href":"https:\/\/b2b.pakery.pl\/pl\/wp-json\/wp\/v2\/product\/3514","targetHints":{"allow":["GET"]}}],"collection":[{"href":"https:\/\/b2b.pakery.pl\/pl\/wp-json\/wp\/v2\/product"}],"about":[{"href":"https:\/\/b2b.pakery.pl\/pl\/wp-json\/wp\/v2\/types\/product"}],"version-history":[{"count":12,"href":"https:\/\/b2b.pakery.pl\/pl\/wp-json\/wp\/v2\/product\/3514\/revisions"}],"predecessor-version":[{"id":43548,"href":"https:\/\/b2b.pakery.pl\/pl\/wp-json\/wp\/v2\/product\/3514\/revisions\/43548"}],"wp:featuredmedia":[{"embeddable":true,"href":"https:\/\/b2b.pakery.pl\/pl\/wp-json\/wp\/v2\/media\/39274"}],"wp:attachment":[{"href":"https:\/\/b2b.pakery.pl\/pl\/wp-json\/wp\/v2\/media?parent=3514"}],"wp:term":[{"taxonomy":"product_brand","embeddable":true,"href":"https:\/\/b2b.pakery.pl\/pl\/wp-json\/wp\/v2\/product_brand?post=3514"},{"taxonomy":"product_cat","embeddable":true,"href":"https:\/\/b2b.pakery.pl\/pl\/wp-json\/wp\/v2\/product_cat?post=3514"},{"taxonomy":"product_tag","embeddable":true,"href":"https:\/\/b2b.pakery.pl\/pl\/wp-json\/wp\/v2\/product_tag?post=3514"}],"curies":[{"name":"wp","href":"https:\/\/api.w.org\/{rel}","templated":true}]}}