{"id":2439,"date":"2021-05-10T12:40:22","date_gmt":"2021-05-10T10:40:22","guid":{"rendered":"https:\/\/b2b.pakery.pl\/?post_type=product&#038;p=2439"},"modified":"2021-07-26T11:53:25","modified_gmt":"2021-07-26T09:53:25","slug":"seeger-a0045","status":"publish","type":"product","link":"https:\/\/b2b.pakery.pl\/pl\/produkt\/seeger-a0045\/","title":{"rendered":"Seeger (A0045)"},"content":{"rendered":"\t\t<div data-elementor-type=\"product-post\" data-elementor-id=\"2439\" class=\"elementor elementor-2439\" data-elementor-post-type=\"product\">\n\t\t\t\t\t\t<section class=\"elementor-section elementor-top-section elementor-element elementor-element-04ab7ef elementor-section-boxed elementor-section-height-default elementor-section-height-default\" data-id=\"04ab7ef\" data-element_type=\"section\" data-e-type=\"section\">\n\t\t\t\t\t\t<div class=\"elementor-container elementor-column-gap-default\">\n\t\t\t\t\t<div class=\"elementor-column elementor-col-50 elementor-top-column elementor-element elementor-element-ddd6b78\" data-id=\"ddd6b78\" data-element_type=\"column\" data-e-type=\"column\">\n\t\t\t<div class=\"elementor-widget-wrap elementor-element-populated\">\n\t\t\t\t\t\t<div class=\"elementor-element elementor-element-8d210d2 elementor-widget elementor-widget-text-editor\" data-id=\"8d210d2\" data-element_type=\"widget\" data-e-type=\"widget\" data-widget_type=\"text-editor.default\">\n\t\t\t\t<div class=\"elementor-widget-container\">\n\t\t\t\t\t\t\t\t\t<table style=\"border-color: black;\" border=\"\" cellspacing=\"0\" cellpadding=\"0\">\n<tbody>\n<tr>\n<td valign=\"middle\">\n<p align=\"center\"><span style=\"color: #000000; font-family: Helvetica Neue; font-size: small;\">NR<\/span><\/p>\n<\/td>\n<td valign=\"middle\">\n<p align=\"center\"><span style=\"color: #000000; font-family: Helvetica Neue; font-size: small;\">KOD<\/span><\/p>\n<\/td>\n<td valign=\"middle\">\n<p align=\"center\"><span style=\"color: #000000; font-family: Helvetica Neue; font-size: small;\">NAZWA<\/span><\/p>\n<\/td>\n<\/tr>\n<tr>\n<td valign=\"middle\">\n<p align=\"center\"><span style=\"color: #000000; font-family: Helvetica Neue; font-size: small;\">32<\/span><\/p>\n<\/td>\n<td valign=\"middle\">\n<p align=\"center\"><span style=\"color: #000000; font-family: Helvetica Neue; font-size: small;\">A03115<\/span><\/p>\n<\/td>\n<td valign=\"middle\">\n<p align=\"center\"><span style=\"color: #000000; font-family: Helvetica Neue; font-size: small;\">Obudowa Olejowa<\/span><\/p>\n<\/td>\n<\/tr>\n<tr>\n<td valign=\"middle\">\n<p align=\"center\"><span style=\"color: #000000; font-family: Helvetica Neue; font-size: small;\">33-34<\/span><\/p>\n<\/td>\n<td valign=\"middle\">\n<p align=\"center\"><span style=\"color: #000000; font-family: Helvetica Neue; font-size: small;\">A03109<\/span><\/p>\n<\/td>\n<td valign=\"middle\">\n<p align=\"center\"><span style=\"color: #000000; font-family: Helvetica Neue; font-size: small;\">wska\u017anik poziomu oleju<\/span><\/p>\n<\/td>\n<\/tr>\n<tr>\n<td valign=\"middle\">\n<p align=\"center\"><span style=\"color: #000000; font-family: Helvetica Neue; font-size: small;\">35<\/span><\/p>\n<\/td>\n<td valign=\"middle\">\n<p align=\"center\"><span style=\"color: #000000; font-family: Helvetica Neue; font-size: small;\">CA4211<\/span><\/p>\n<\/td>\n<td valign=\"middle\">\n<p align=\"center\"><span style=\"color: #000000; font-family: Helvetica Neue; font-size: small;\">Wtyk dolny do korpusu<\/span><\/p>\n<\/td>\n<\/tr>\n<tr>\n<td valign=\"middle\">\n<p align=\"center\"><span style=\"color: #000000; font-family: Helvetica Neue; font-size: small;\">36+37+38<\/span><\/p>\n<\/td>\n<td valign=\"middle\">\n<p align=\"center\"><span style=\"color: #000000; font-family: Helvetica Neue; font-size: small;\">CA10120\nS110730\nCA10070<\/span><\/p>\n<\/td>\n<td valign=\"middle\">\n<p align=\"center\"><span style=\"color: #000000; font-family: Helvetica Neue; font-size: small;\">Noga do pompy<\/span><\/p>\n<\/td>\n<\/tr>\n<tr>\n<td valign=\"middle\">\n<p align=\"center\"><span style=\"color: #000000; font-family: Helvetica Neue; font-size: small;\">39<\/span><\/p>\n<\/td>\n<td valign=\"middle\">\n<p align=\"center\"><span style=\"color: #000000; font-family: Helvetica Neue; font-size: small;\">A03126E<\/span><\/p>\n<\/td>\n<td valign=\"middle\">\n<p align=\"center\"><span style=\"color: #000000; font-family: Helvetica Neue; font-size: small;\">Podk\u0142adka membrany<\/span><\/p>\n<\/td>\n<\/tr>\n<tr>\n<td valign=\"middle\">\n<p align=\"center\"><span style=\"color: #000000; font-family: Helvetica Neue; font-size: small;\">40<\/span><\/p>\n<\/td>\n<td valign=\"middle\">\n<p align=\"center\"><span style=\"color: #000000; font-family: Helvetica Neue; font-size: small;\">A03125E<\/span><\/p>\n<\/td>\n<td valign=\"middle\">\n<p align=\"center\"><span style=\"color: #000000; font-family: Helvetica Neue; font-size: small;\">Membrana<\/span><\/p>\n<\/td>\n<\/tr>\n<tr>\n<td valign=\"middle\">\n<p align=\"center\"><span style=\"color: #000000; font-family: Helvetica Neue; font-size: small;\">41<\/span><\/p>\n<\/td>\n<td valign=\"middle\">\n<p align=\"center\"><span style=\"color: #000000; font-family: Helvetica Neue; font-size: small;\">A03124<\/span><\/p>\n<\/td>\n<td valign=\"middle\">\n<p align=\"center\"><span style=\"color: #000000; font-family: Helvetica Neue; font-size: small;\">Spr\u0119\u017cyna t\u0142oka<\/span><\/p>\n<\/td>\n<\/tr>\n<tr>\n<td valign=\"middle\">\n<p align=\"center\"><span style=\"color: #000000; font-family: Helvetica Neue; font-size: small;\">42<\/span><\/p>\n<\/td>\n<td valign=\"middle\">\n<p align=\"center\"><span style=\"color: #000000; font-family: Helvetica Neue; font-size: small;\">A03123<\/span><\/p>\n<\/td>\n<td valign=\"middle\">\n<p align=\"center\"><span style=\"color: #000000; font-family: Helvetica Neue; font-size: small;\">Talerz spr\u0119\u017cynowy<\/span><\/p>\n<\/td>\n<\/tr>\n<tr>\n<td valign=\"middle\">\n<p align=\"center\"><span style=\"color: #000000; font-family: Helvetica Neue; font-size: small;\">43<\/span><\/p>\n<\/td>\n<td valign=\"middle\">\n<p align=\"center\"><span style=\"color: #000000; font-family: Helvetica Neue; font-size: small;\">A03122<\/span><\/p>\n<\/td>\n<td valign=\"middle\">\n<p align=\"center\"><span style=\"color: #000000; font-family: Helvetica Neue; font-size: small;\">T\u0142oczek<\/span><\/p>\n<\/td>\n<\/tr>\n<tr style = \"background-color: #cdd0d4;\">\n<td valign=\"middle\">\n<p align=\"center\"><strong><span style=\"color: #000000; font-family: Helvetica Neue; font-size: small;\">44<\/span><\/strong><\/p>\n<\/td>\n<td valign=\"middle\">\n<p align=\"center\"><strong><span style=\"color: #000000; font-family: Helvetica Neue; font-size: small;\">A0045<\/span><\/strong><\/p>\n<\/td>\n<td valign=\"middle\">\n<p align=\"center\"><strong><span style=\"color: #000000; font-family: Helvetica Neue; font-size: small;\">Seeger<\/span><\/strong><\/p>\n<\/td>\n<\/tr>\n<tr>\n<td valign=\"middle\">\n<p align=\"center\"><span style=\"color: #000000; font-family: Helvetica Neue; font-size: small;\">45<\/span><\/p>\n<\/td>\n<td valign=\"middle\">\n<p align=\"center\"><span style=\"color: #000000; font-family: Helvetica Neue; font-size: small;\">A03120<\/span><\/p>\n<\/td>\n<td valign=\"middle\">\n<p align=\"center\"><span style=\"color: #000000; font-family: Helvetica Neue; font-size: small;\">Cylinder<\/span><\/p>\n<\/td>\n<\/tr>\n<tr>\n<td valign=\"middle\">\n<p align=\"center\"><span style=\"color: #000000; font-family: Helvetica Neue; font-size: small;\">46<\/span><\/p>\n<\/td>\n<td valign=\"middle\">\n<p align=\"center\"><span style=\"color: #000000; font-family: Helvetica Neue; font-size: small;\">A03114<\/span><\/p>\n<\/td>\n<td valign=\"middle\">\n<p align=\"center\"><span style=\"color: #000000; font-family: Helvetica Neue; font-size: small;\">Wtyczka olejowa<\/span><\/p>\n<\/td>\n<\/tr>\n<\/tbody>\n<\/table>\t\t\t\t\t\t\t\t<\/div>\n\t\t\t\t<\/div>\n\t\t\t\t\t<\/div>\n\t\t<\/div>\n\t\t\t\t<div class=\"elementor-column elementor-col-50 elementor-top-column elementor-element elementor-element-6c2ac36\" data-id=\"6c2ac36\" data-element_type=\"column\" data-e-type=\"column\">\n\t\t\t<div class=\"elementor-widget-wrap\">\n\t\t\t\t\t\t\t<\/div>\n\t\t<\/div>\n\t\t\t\t\t<\/div>\n\t\t<\/section>\n\t\t\t\t<\/div>\n\t\t","protected":false},"excerpt":{"rendered":"<p>NR KOD NAZWA 32 A03115 Obudowa Olejowa 33-34 A03109 wska\u017anik poziomu oleju 35 CA4211 Wtyk dolny do korpusu 36+37+38 CA10120 S110730 CA10070 Noga do pompy 39 A03126E Podk\u0142adka membrany 40 A03125E Membrana 41 A03124 Spr\u0119\u017cyna t\u0142oka 42 A03123 Talerz spr\u0119\u017cynowy 43 A03122 T\u0142oczek 44 A0045 Seeger 45 A03120 Cylinder 46 A03114 Wtyczka olejowa<\/p>\n","protected":false},"featured_media":2440,"template":"","meta":{"_acf_changed":false},"product_brand":[],"product_cat":[149,87,15],"product_tag":[],"class_list":{"0":"post-2439","1":"product","2":"type-product","3":"status-publish","4":"has-post-thumbnail","6":"product_cat-czesci-do-pomp","7":"product_cat-pi-pump-4000","8":"product_cat-bez-kategorii","10":"first","11":"instock","12":"taxable","13":"shipping-taxable","14":"purchasable","15":"product-type-simple"},"acf":[],"yoast_head":"<!-- This site is optimized with the Yoast SEO plugin v24.8.1 - https:\/\/yoast.com\/wordpress\/plugins\/seo\/ -->\n<title>Seeger (A0045) - PAKERY.PL | PI-PUMP 4000<\/title>\n<meta name=\"description\" content=\"Seeger (A0045) | PI-PUMP 4000 | Pompy iniekcyjne | Iniekcje\" \/>\n<meta name=\"robots\" content=\"index, follow, max-snippet:-1, max-image-preview:large, max-video-preview:-1\" \/>\n<link rel=\"canonical\" href=\"https:\/\/b2b.pakery.pl\/pl\/produkt\/seeger-a0045\/\" \/>\n<meta property=\"og:locale\" content=\"pl_PL\" \/>\n<meta property=\"og:type\" content=\"article\" \/>\n<meta property=\"og:title\" content=\"Seeger (A0045) - PAKERY.PL | PI-PUMP 4000\" \/>\n<meta property=\"og:description\" content=\"Seeger (A0045) | PI-PUMP 4000 | Pompy iniekcyjne | Iniekcje\" \/>\n<meta property=\"og:url\" content=\"https:\/\/b2b.pakery.pl\/pl\/produkt\/seeger-a0045\/\" \/>\n<meta property=\"og:site_name\" content=\"PAKERY.PL\" \/>\n<meta property=\"article:modified_time\" content=\"2021-07-26T09:53:25+00:00\" \/>\n<meta property=\"og:image\" content=\"https:\/\/b2b.pakery.pl\/wp-content\/uploads\/2021\/05\/a0045.png\" \/>\n\t<meta property=\"og:image:width\" content=\"2500\" \/>\n\t<meta property=\"og:image:height\" content=\"2500\" \/>\n\t<meta property=\"og:image:type\" content=\"image\/png\" \/>\n<meta name=\"twitter:card\" content=\"summary_large_image\" \/>\n<script type=\"application\/ld+json\" class=\"yoast-schema-graph\">{\"@context\":\"https:\/\/schema.org\",\"@graph\":[{\"@type\":\"WebPage\",\"@id\":\"https:\/\/b2b.pakery.pl\/pl\/produkt\/seeger-a0045\/\",\"url\":\"https:\/\/b2b.pakery.pl\/pl\/produkt\/seeger-a0045\/\",\"name\":\"Seeger (A0045) - PAKERY.PL | PI-PUMP 4000\",\"isPartOf\":{\"@id\":\"https:\/\/b2b.pakery.pl\/pl\/#website\"},\"primaryImageOfPage\":{\"@id\":\"https:\/\/b2b.pakery.pl\/pl\/produkt\/seeger-a0045\/#primaryimage\"},\"image\":{\"@id\":\"https:\/\/b2b.pakery.pl\/pl\/produkt\/seeger-a0045\/#primaryimage\"},\"thumbnailUrl\":\"https:\/\/b2b.pakery.pl\/wp-content\/uploads\/2021\/05\/a0045.png\",\"datePublished\":\"2021-05-10T10:40:22+00:00\",\"dateModified\":\"2021-07-26T09:53:25+00:00\",\"description\":\"Seeger (A0045) | PI-PUMP 4000 | Pompy iniekcyjne | Iniekcje\",\"breadcrumb\":{\"@id\":\"https:\/\/b2b.pakery.pl\/pl\/produkt\/seeger-a0045\/#breadcrumb\"},\"inLanguage\":\"pl-PL\",\"potentialAction\":[{\"@type\":\"ReadAction\",\"target\":[\"https:\/\/b2b.pakery.pl\/pl\/produkt\/seeger-a0045\/\"]}]},{\"@type\":\"ImageObject\",\"inLanguage\":\"pl-PL\",\"@id\":\"https:\/\/b2b.pakery.pl\/pl\/produkt\/seeger-a0045\/#primaryimage\",\"url\":\"https:\/\/b2b.pakery.pl\/wp-content\/uploads\/2021\/05\/a0045.png\",\"contentUrl\":\"https:\/\/b2b.pakery.pl\/wp-content\/uploads\/2021\/05\/a0045.png\",\"width\":2500,\"height\":2500,\"caption\":\"Seeger\"},{\"@type\":\"BreadcrumbList\",\"@id\":\"https:\/\/b2b.pakery.pl\/pl\/produkt\/seeger-a0045\/#breadcrumb\",\"itemListElement\":[{\"@type\":\"ListItem\",\"position\":1,\"name\":\"Strona g\u0142\u00f3wna\",\"item\":\"https:\/\/b2b.pakery.pl\/pl\/strona-glowna\/\"},{\"@type\":\"ListItem\",\"position\":2,\"name\":\"Sklep\",\"item\":\"https:\/\/b2b.pakery.pl\/pl\/sklep\/\"},{\"@type\":\"ListItem\",\"position\":3,\"name\":\"Seeger (A0045)\"}]},{\"@type\":\"WebSite\",\"@id\":\"https:\/\/b2b.pakery.pl\/pl\/#website\",\"url\":\"https:\/\/b2b.pakery.pl\/pl\/\",\"name\":\"Pakery.pl\",\"description\":\"Injection Packers, Spiral Anchors, Injection Lances, Injection Hoses, Injection Pumps, Injection Pump Service, Injection Pump Rental\",\"publisher\":{\"@id\":\"https:\/\/b2b.pakery.pl\/pl\/#organization\"},\"potentialAction\":[{\"@type\":\"SearchAction\",\"target\":{\"@type\":\"EntryPoint\",\"urlTemplate\":\"https:\/\/b2b.pakery.pl\/pl\/?s={search_term_string}\"},\"query-input\":{\"@type\":\"PropertyValueSpecification\",\"valueRequired\":true,\"valueName\":\"search_term_string\"}}],\"inLanguage\":\"pl-PL\"},{\"@type\":\"Organization\",\"@id\":\"https:\/\/b2b.pakery.pl\/pl\/#organization\",\"name\":\"PAKERY.PL\",\"url\":\"https:\/\/b2b.pakery.pl\/pl\/\",\"logo\":{\"@type\":\"ImageObject\",\"inLanguage\":\"pl-PL\",\"@id\":\"https:\/\/b2b.pakery.pl\/pl\/#\/schema\/logo\/image\/\",\"url\":\"https:\/\/b2b.pakery.pl\/wp-content\/uploads\/2021\/04\/cropped-PAKERY-LOGO.png\",\"contentUrl\":\"https:\/\/b2b.pakery.pl\/wp-content\/uploads\/2021\/04\/cropped-PAKERY-LOGO.png\",\"width\":1529,\"height\":500,\"caption\":\"PAKERY.PL\"},\"image\":{\"@id\":\"https:\/\/b2b.pakery.pl\/pl\/#\/schema\/logo\/image\/\"}}]}<\/script>\n<!-- \/ Yoast SEO plugin. -->","yoast_head_json":{"title":"Seeger (A0045) - PAKERY.PL | PI-PUMP 4000","description":"Seeger (A0045) | PI-PUMP 4000 | Pompy iniekcyjne | Iniekcje","robots":{"index":"index","follow":"follow","max-snippet":"max-snippet:-1","max-image-preview":"max-image-preview:large","max-video-preview":"max-video-preview:-1"},"canonical":"https:\/\/b2b.pakery.pl\/pl\/produkt\/seeger-a0045\/","og_locale":"pl_PL","og_type":"article","og_title":"Seeger (A0045) - PAKERY.PL | PI-PUMP 4000","og_description":"Seeger (A0045) | PI-PUMP 4000 | Pompy iniekcyjne | Iniekcje","og_url":"https:\/\/b2b.pakery.pl\/pl\/produkt\/seeger-a0045\/","og_site_name":"PAKERY.PL","article_modified_time":"2021-07-26T09:53:25+00:00","og_image":[{"width":2500,"height":2500,"url":"https:\/\/b2b.pakery.pl\/wp-content\/uploads\/2021\/05\/a0045.png","type":"image\/png"}],"twitter_card":"summary_large_image","schema":{"@context":"https:\/\/schema.org","@graph":[{"@type":"WebPage","@id":"https:\/\/b2b.pakery.pl\/pl\/produkt\/seeger-a0045\/","url":"https:\/\/b2b.pakery.pl\/pl\/produkt\/seeger-a0045\/","name":"Seeger (A0045) - PAKERY.PL | PI-PUMP 4000","isPartOf":{"@id":"https:\/\/b2b.pakery.pl\/pl\/#website"},"primaryImageOfPage":{"@id":"https:\/\/b2b.pakery.pl\/pl\/produkt\/seeger-a0045\/#primaryimage"},"image":{"@id":"https:\/\/b2b.pakery.pl\/pl\/produkt\/seeger-a0045\/#primaryimage"},"thumbnailUrl":"https:\/\/b2b.pakery.pl\/wp-content\/uploads\/2021\/05\/a0045.png","datePublished":"2021-05-10T10:40:22+00:00","dateModified":"2021-07-26T09:53:25+00:00","description":"Seeger (A0045) | PI-PUMP 4000 | Pompy iniekcyjne | Iniekcje","breadcrumb":{"@id":"https:\/\/b2b.pakery.pl\/pl\/produkt\/seeger-a0045\/#breadcrumb"},"inLanguage":"pl-PL","potentialAction":[{"@type":"ReadAction","target":["https:\/\/b2b.pakery.pl\/pl\/produkt\/seeger-a0045\/"]}]},{"@type":"ImageObject","inLanguage":"pl-PL","@id":"https:\/\/b2b.pakery.pl\/pl\/produkt\/seeger-a0045\/#primaryimage","url":"https:\/\/b2b.pakery.pl\/wp-content\/uploads\/2021\/05\/a0045.png","contentUrl":"https:\/\/b2b.pakery.pl\/wp-content\/uploads\/2021\/05\/a0045.png","width":2500,"height":2500,"caption":"Seeger"},{"@type":"BreadcrumbList","@id":"https:\/\/b2b.pakery.pl\/pl\/produkt\/seeger-a0045\/#breadcrumb","itemListElement":[{"@type":"ListItem","position":1,"name":"Strona g\u0142\u00f3wna","item":"https:\/\/b2b.pakery.pl\/pl\/strona-glowna\/"},{"@type":"ListItem","position":2,"name":"Sklep","item":"https:\/\/b2b.pakery.pl\/pl\/sklep\/"},{"@type":"ListItem","position":3,"name":"Seeger (A0045)"}]},{"@type":"WebSite","@id":"https:\/\/b2b.pakery.pl\/pl\/#website","url":"https:\/\/b2b.pakery.pl\/pl\/","name":"Pakery.pl","description":"Injection Packers, Spiral Anchors, Injection Lances, Injection Hoses, Injection Pumps, Injection Pump Service, Injection Pump Rental","publisher":{"@id":"https:\/\/b2b.pakery.pl\/pl\/#organization"},"potentialAction":[{"@type":"SearchAction","target":{"@type":"EntryPoint","urlTemplate":"https:\/\/b2b.pakery.pl\/pl\/?s={search_term_string}"},"query-input":{"@type":"PropertyValueSpecification","valueRequired":true,"valueName":"search_term_string"}}],"inLanguage":"pl-PL"},{"@type":"Organization","@id":"https:\/\/b2b.pakery.pl\/pl\/#organization","name":"PAKERY.PL","url":"https:\/\/b2b.pakery.pl\/pl\/","logo":{"@type":"ImageObject","inLanguage":"pl-PL","@id":"https:\/\/b2b.pakery.pl\/pl\/#\/schema\/logo\/image\/","url":"https:\/\/b2b.pakery.pl\/wp-content\/uploads\/2021\/04\/cropped-PAKERY-LOGO.png","contentUrl":"https:\/\/b2b.pakery.pl\/wp-content\/uploads\/2021\/04\/cropped-PAKERY-LOGO.png","width":1529,"height":500,"caption":"PAKERY.PL"},"image":{"@id":"https:\/\/b2b.pakery.pl\/pl\/#\/schema\/logo\/image\/"}}]}},"tiered_pricing_type":"fixed","tiered_pricing_fixed_rules":[],"tiered_pricing_product_settings":{"layout":"default","base_unit_name":{"singular":null,"plural":null},"default_variation":null},"tiered_pricing_minimum_quantity":null,"tiered_pricing_roles_data":[],"tiered_pricing_percentage_rules":[],"tiered_pricing_maximum_quantity":null,"tiered_pricing_quantity_step":null,"_links":{"self":[{"href":"https:\/\/b2b.pakery.pl\/pl\/wp-json\/wp\/v2\/product\/2439","targetHints":{"allow":["GET"]}}],"collection":[{"href":"https:\/\/b2b.pakery.pl\/pl\/wp-json\/wp\/v2\/product"}],"about":[{"href":"https:\/\/b2b.pakery.pl\/pl\/wp-json\/wp\/v2\/types\/product"}],"version-history":[{"count":6,"href":"https:\/\/b2b.pakery.pl\/pl\/wp-json\/wp\/v2\/product\/2439\/revisions"}],"predecessor-version":[{"id":4360,"href":"https:\/\/b2b.pakery.pl\/pl\/wp-json\/wp\/v2\/product\/2439\/revisions\/4360"}],"wp:featuredmedia":[{"embeddable":true,"href":"https:\/\/b2b.pakery.pl\/pl\/wp-json\/wp\/v2\/media\/2440"}],"wp:attachment":[{"href":"https:\/\/b2b.pakery.pl\/pl\/wp-json\/wp\/v2\/media?parent=2439"}],"wp:term":[{"taxonomy":"product_brand","embeddable":true,"href":"https:\/\/b2b.pakery.pl\/pl\/wp-json\/wp\/v2\/product_brand?post=2439"},{"taxonomy":"product_cat","embeddable":true,"href":"https:\/\/b2b.pakery.pl\/pl\/wp-json\/wp\/v2\/product_cat?post=2439"},{"taxonomy":"product_tag","embeddable":true,"href":"https:\/\/b2b.pakery.pl\/pl\/wp-json\/wp\/v2\/product_tag?post=2439"}],"curies":[{"name":"wp","href":"https:\/\/api.w.org\/{rel}","templated":true}]}}