{"id":2327,"date":"2021-05-06T09:36:41","date_gmt":"2021-05-06T07:36:41","guid":{"rendered":"https:\/\/b2b.pakery.pl\/?post_type=product&#038;p=2327"},"modified":"2022-06-17T14:01:11","modified_gmt":"2022-06-17T12:01:11","slug":"o-ring-ochronny-a03117","status":"publish","type":"product","link":"https:\/\/b2b.pakery.pl\/pl\/produkt\/o-ring-ochronny-a03117\/","title":{"rendered":"O-RING ochronny (A03117)"},"content":{"rendered":"\t\t<div data-elementor-type=\"product-post\" data-elementor-id=\"2327\" class=\"elementor elementor-2327\" data-elementor-post-type=\"product\">\n\t\t\t\t\t\t<section class=\"elementor-section elementor-top-section elementor-element elementor-element-0fe1781 elementor-section-boxed elementor-section-height-default elementor-section-height-default\" data-id=\"0fe1781\" data-element_type=\"section\" data-e-type=\"section\">\n\t\t\t\t\t\t<div class=\"elementor-container elementor-column-gap-default\">\n\t\t\t\t\t<div class=\"elementor-column elementor-col-50 elementor-top-column elementor-element elementor-element-a585e3c\" data-id=\"a585e3c\" data-element_type=\"column\" data-e-type=\"column\">\n\t\t\t<div class=\"elementor-widget-wrap elementor-element-populated\">\n\t\t\t\t\t\t<div class=\"elementor-element elementor-element-4d6242a elementor-widget elementor-widget-text-editor\" data-id=\"4d6242a\" data-element_type=\"widget\" data-e-type=\"widget\" data-widget_type=\"text-editor.default\">\n\t\t\t\t<div class=\"elementor-widget-container\">\n\t\t\t\t\t\t\t\t\t<table style=\"border-color: black; background-color: white;\" border=\"\" cellspacing=\"0\" cellpadding=\"0\"><tbody><tr><td valign=\"middle\"><p align=\"center\"><span style=\"color: #000000; font-family: Helvetica Neue; font-size: small;\">NR<\/span><\/p><\/td><td valign=\"middle\"><p align=\"center\"><span style=\"color: #000000; font-family: Helvetica Neue; font-size: small;\">KOD<\/span><\/p><\/td><td valign=\"middle\"><p align=\"center\"><span style=\"color: #000000; font-family: Helvetica Neue; font-size: small;\">NAZWA<\/span><\/p><\/td><\/tr><tr><td valign=\"middle\"><p align=\"center\"><span style=\"color: #000000; font-family: Helvetica Neue; font-size: small;\">67<\/span><\/p><\/td><td valign=\"middle\"><p align=\"center\"><span style=\"color: #000000; font-family: Helvetica Neue; font-size: small;\">A03118<\/span><\/p><\/td><td valign=\"middle\"><p align=\"center\"><span style=\"color: #000000; font-family: Helvetica Neue; font-size: small;\">\u0141o\u017cysko<\/span><\/p><\/td><\/tr><tr><td valign=\"middle\"><p align=\"center\"><span style=\"color: #000000; font-family: Helvetica Neue; font-size: small;\">68<\/span><\/p><\/td><td valign=\"middle\"><p align=\"center\"><span style=\"color: #000000; font-family: Helvetica Neue; font-size: small;\">A04477<\/span><\/p><\/td><td valign=\"middle\"><p align=\"center\"><span style=\"color: #000000; font-family: Helvetica Neue; font-size: small;\">Podk\u0142adka<\/span><\/p><\/td><\/tr><tr><td valign=\"middle\"><p align=\"center\"><span style=\"color: #000000; font-family: Helvetica Neue; font-size: small;\">69<\/span><\/p><\/td><td valign=\"middle\"><p align=\"center\"><span style=\"color: #000000; font-family: Helvetica Neue; font-size: small;\">A04476<\/span><\/p><\/td><td valign=\"middle\"><p align=\"center\"><span style=\"color: #000000; font-family: Helvetica Neue; font-size: small;\">Uszczelka<\/span><\/p><\/td><\/tr><tr><td valign=\"middle\"><p align=\"center\"><span style=\"color: #000000; font-family: Helvetica Neue; font-size: small;\">70<\/span><\/p><\/td><td valign=\"middle\"><p align=\"center\"><span style=\"color: #000000; font-family: Helvetica Neue; font-size: small;\">A04375<\/span><\/p><\/td><td valign=\"middle\"><p align=\"center\"><span style=\"color: #000000; font-family: Helvetica Neue; font-size: small;\">\u015aruba<\/span><\/p><\/td><\/tr><tr style=\"background-color: #cdd0d4;\"><td valign=\"middle\"><p align=\"center\"><strong><span style=\"color: #000000; font-family: Helvetica Neue; font-size: small;\">71<\/span><\/strong><\/p><\/td><td valign=\"middle\"><p align=\"center\"><strong><span style=\"color: #000000; font-family: Helvetica Neue; font-size: small;\">A03117<\/span><\/strong><\/p><\/td><td valign=\"middle\"><p align=\"center\"><strong><span style=\"color: #000000; font-family: Helvetica Neue; font-size: small;\">O-Ring<\/span><\/strong><\/p><\/td><\/tr><tr><td valign=\"middle\"><p align=\"center\"><span style=\"color: #000000; font-family: Helvetica Neue; font-size: small;\">72<\/span><\/p><\/td><td valign=\"middle\"><p align=\"center\"><span style=\"color: #000000; font-family: Helvetica Neue; font-size: small;\">A03116<\/span><\/p><\/td><td valign=\"middle\"><p align=\"center\"><span style=\"color: #000000; font-family: Helvetica Neue; font-size: small;\">Pokrywa<\/span><\/p><\/td><\/tr><tr><td valign=\"middle\"><p align=\"center\"><span style=\"color: #000000; font-family: Helvetica Neue; font-size: small;\">73<\/span><\/p><\/td><td valign=\"middle\"><p align=\"center\"><span style=\"color: #000000; font-family: Helvetica Neue; font-size: small;\">A04128<\/span><\/p><\/td><td valign=\"middle\"><p align=\"center\"><span style=\"color: #000000; font-family: Helvetica Neue; font-size: small;\">\u015aruba<\/span><\/p><\/td><\/tr><\/tbody><\/table>\t\t\t\t\t\t\t\t<\/div>\n\t\t\t\t<\/div>\n\t\t\t\t\t<\/div>\n\t\t<\/div>\n\t\t\t\t<div class=\"elementor-column elementor-col-50 elementor-top-column elementor-element elementor-element-d6b5632\" data-id=\"d6b5632\" data-element_type=\"column\" data-e-type=\"column\">\n\t\t\t<div class=\"elementor-widget-wrap\">\n\t\t\t\t\t\t\t<\/div>\n\t\t<\/div>\n\t\t\t\t\t<\/div>\n\t\t<\/section>\n\t\t\t\t<\/div>\n\t\t","protected":false},"excerpt":{"rendered":"<p>NR KOD NAZWA 67 A03118 \u0141o\u017cysko 68 A04477 Podk\u0142adka 69 A04476 Uszczelka 70 A04375 \u015aruba 71 A03117 O-Ring 72 A03116 Pokrywa 73 A04128 \u015aruba<\/p>\n","protected":false},"featured_media":2328,"template":"","meta":{"_acf_changed":false},"product_brand":[],"product_cat":[149,87,15],"product_tag":[],"class_list":{"0":"post-2327","1":"product","2":"type-product","3":"status-publish","4":"has-post-thumbnail","6":"product_cat-czesci-do-pomp","7":"product_cat-pi-pump-4000","8":"product_cat-bez-kategorii","10":"first","11":"instock","12":"taxable","13":"shipping-taxable","14":"purchasable","15":"product-type-simple"},"acf":[],"yoast_head":"<!-- This site is optimized with the Yoast SEO plugin v24.8.1 - https:\/\/yoast.com\/wordpress\/plugins\/seo\/ -->\n<title>O-RING ochronny (A03117) - PAKERY.PL | PI-PUMP 4000<\/title>\n<meta name=\"description\" content=\"O-RING ochronny (A03117) | PI-PUMP 4000 | Pompy iniekcyjne | Iniekcje\" \/>\n<meta name=\"robots\" content=\"index, follow, max-snippet:-1, max-image-preview:large, max-video-preview:-1\" \/>\n<link rel=\"canonical\" href=\"https:\/\/b2b.pakery.pl\/pl\/produkt\/o-ring-ochronny-a03117\/\" \/>\n<meta property=\"og:locale\" content=\"pl_PL\" \/>\n<meta property=\"og:type\" content=\"article\" \/>\n<meta property=\"og:title\" content=\"O-RING ochronny (A03117) - PAKERY.PL | PI-PUMP 4000\" \/>\n<meta property=\"og:description\" content=\"O-RING ochronny (A03117) | PI-PUMP 4000 | Pompy iniekcyjne | Iniekcje\" \/>\n<meta property=\"og:url\" content=\"https:\/\/b2b.pakery.pl\/pl\/produkt\/o-ring-ochronny-a03117\/\" \/>\n<meta property=\"og:site_name\" content=\"PAKERY.PL\" \/>\n<meta property=\"article:modified_time\" content=\"2022-06-17T12:01:11+00:00\" \/>\n<meta property=\"og:image\" content=\"https:\/\/b2b.pakery.pl\/wp-content\/uploads\/2021\/05\/a03117.png\" \/>\n\t<meta property=\"og:image:width\" content=\"2500\" \/>\n\t<meta property=\"og:image:height\" content=\"2500\" \/>\n\t<meta property=\"og:image:type\" content=\"image\/png\" \/>\n<meta name=\"twitter:card\" content=\"summary_large_image\" \/>\n<script type=\"application\/ld+json\" class=\"yoast-schema-graph\">{\"@context\":\"https:\/\/schema.org\",\"@graph\":[{\"@type\":\"WebPage\",\"@id\":\"https:\/\/b2b.pakery.pl\/pl\/produkt\/o-ring-ochronny-a03117\/\",\"url\":\"https:\/\/b2b.pakery.pl\/pl\/produkt\/o-ring-ochronny-a03117\/\",\"name\":\"O-RING ochronny (A03117) - PAKERY.PL | PI-PUMP 4000\",\"isPartOf\":{\"@id\":\"https:\/\/b2b.pakery.pl\/pl\/#website\"},\"primaryImageOfPage\":{\"@id\":\"https:\/\/b2b.pakery.pl\/pl\/produkt\/o-ring-ochronny-a03117\/#primaryimage\"},\"image\":{\"@id\":\"https:\/\/b2b.pakery.pl\/pl\/produkt\/o-ring-ochronny-a03117\/#primaryimage\"},\"thumbnailUrl\":\"https:\/\/b2b.pakery.pl\/wp-content\/uploads\/2021\/05\/a03117.png\",\"datePublished\":\"2021-05-06T07:36:41+00:00\",\"dateModified\":\"2022-06-17T12:01:11+00:00\",\"description\":\"O-RING ochronny (A03117) | PI-PUMP 4000 | Pompy iniekcyjne | Iniekcje\",\"breadcrumb\":{\"@id\":\"https:\/\/b2b.pakery.pl\/pl\/produkt\/o-ring-ochronny-a03117\/#breadcrumb\"},\"inLanguage\":\"pl-PL\",\"potentialAction\":[{\"@type\":\"ReadAction\",\"target\":[\"https:\/\/b2b.pakery.pl\/pl\/produkt\/o-ring-ochronny-a03117\/\"]}]},{\"@type\":\"ImageObject\",\"inLanguage\":\"pl-PL\",\"@id\":\"https:\/\/b2b.pakery.pl\/pl\/produkt\/o-ring-ochronny-a03117\/#primaryimage\",\"url\":\"https:\/\/b2b.pakery.pl\/wp-content\/uploads\/2021\/05\/a03117.png\",\"contentUrl\":\"https:\/\/b2b.pakery.pl\/wp-content\/uploads\/2021\/05\/a03117.png\",\"width\":2500,\"height\":2500,\"caption\":\"O-Ring ochronny\"},{\"@type\":\"BreadcrumbList\",\"@id\":\"https:\/\/b2b.pakery.pl\/pl\/produkt\/o-ring-ochronny-a03117\/#breadcrumb\",\"itemListElement\":[{\"@type\":\"ListItem\",\"position\":1,\"name\":\"Strona g\u0142\u00f3wna\",\"item\":\"https:\/\/b2b.pakery.pl\/pl\/strona-glowna\/\"},{\"@type\":\"ListItem\",\"position\":2,\"name\":\"Sklep\",\"item\":\"https:\/\/b2b.pakery.pl\/pl\/sklep\/\"},{\"@type\":\"ListItem\",\"position\":3,\"name\":\"O-RING ochronny (A03117)\"}]},{\"@type\":\"WebSite\",\"@id\":\"https:\/\/b2b.pakery.pl\/pl\/#website\",\"url\":\"https:\/\/b2b.pakery.pl\/pl\/\",\"name\":\"Pakery.pl\",\"description\":\"Injection Packers, Spiral Anchors, Injection Lances, Injection Hoses, Injection Pumps, Injection Pump Service, Injection Pump Rental\",\"publisher\":{\"@id\":\"https:\/\/b2b.pakery.pl\/pl\/#organization\"},\"potentialAction\":[{\"@type\":\"SearchAction\",\"target\":{\"@type\":\"EntryPoint\",\"urlTemplate\":\"https:\/\/b2b.pakery.pl\/pl\/?s={search_term_string}\"},\"query-input\":{\"@type\":\"PropertyValueSpecification\",\"valueRequired\":true,\"valueName\":\"search_term_string\"}}],\"inLanguage\":\"pl-PL\"},{\"@type\":\"Organization\",\"@id\":\"https:\/\/b2b.pakery.pl\/pl\/#organization\",\"name\":\"PAKERY.PL\",\"url\":\"https:\/\/b2b.pakery.pl\/pl\/\",\"logo\":{\"@type\":\"ImageObject\",\"inLanguage\":\"pl-PL\",\"@id\":\"https:\/\/b2b.pakery.pl\/pl\/#\/schema\/logo\/image\/\",\"url\":\"https:\/\/b2b.pakery.pl\/wp-content\/uploads\/2021\/04\/cropped-PAKERY-LOGO.png\",\"contentUrl\":\"https:\/\/b2b.pakery.pl\/wp-content\/uploads\/2021\/04\/cropped-PAKERY-LOGO.png\",\"width\":1529,\"height\":500,\"caption\":\"PAKERY.PL\"},\"image\":{\"@id\":\"https:\/\/b2b.pakery.pl\/pl\/#\/schema\/logo\/image\/\"}}]}<\/script>\n<!-- \/ Yoast SEO plugin. -->","yoast_head_json":{"title":"O-RING ochronny (A03117) - PAKERY.PL | PI-PUMP 4000","description":"O-RING ochronny (A03117) | PI-PUMP 4000 | Pompy iniekcyjne | Iniekcje","robots":{"index":"index","follow":"follow","max-snippet":"max-snippet:-1","max-image-preview":"max-image-preview:large","max-video-preview":"max-video-preview:-1"},"canonical":"https:\/\/b2b.pakery.pl\/pl\/produkt\/o-ring-ochronny-a03117\/","og_locale":"pl_PL","og_type":"article","og_title":"O-RING ochronny (A03117) - PAKERY.PL | PI-PUMP 4000","og_description":"O-RING ochronny (A03117) | PI-PUMP 4000 | Pompy iniekcyjne | Iniekcje","og_url":"https:\/\/b2b.pakery.pl\/pl\/produkt\/o-ring-ochronny-a03117\/","og_site_name":"PAKERY.PL","article_modified_time":"2022-06-17T12:01:11+00:00","og_image":[{"width":2500,"height":2500,"url":"https:\/\/b2b.pakery.pl\/wp-content\/uploads\/2021\/05\/a03117.png","type":"image\/png"}],"twitter_card":"summary_large_image","schema":{"@context":"https:\/\/schema.org","@graph":[{"@type":"WebPage","@id":"https:\/\/b2b.pakery.pl\/pl\/produkt\/o-ring-ochronny-a03117\/","url":"https:\/\/b2b.pakery.pl\/pl\/produkt\/o-ring-ochronny-a03117\/","name":"O-RING ochronny (A03117) - PAKERY.PL | PI-PUMP 4000","isPartOf":{"@id":"https:\/\/b2b.pakery.pl\/pl\/#website"},"primaryImageOfPage":{"@id":"https:\/\/b2b.pakery.pl\/pl\/produkt\/o-ring-ochronny-a03117\/#primaryimage"},"image":{"@id":"https:\/\/b2b.pakery.pl\/pl\/produkt\/o-ring-ochronny-a03117\/#primaryimage"},"thumbnailUrl":"https:\/\/b2b.pakery.pl\/wp-content\/uploads\/2021\/05\/a03117.png","datePublished":"2021-05-06T07:36:41+00:00","dateModified":"2022-06-17T12:01:11+00:00","description":"O-RING ochronny (A03117) | PI-PUMP 4000 | Pompy iniekcyjne | Iniekcje","breadcrumb":{"@id":"https:\/\/b2b.pakery.pl\/pl\/produkt\/o-ring-ochronny-a03117\/#breadcrumb"},"inLanguage":"pl-PL","potentialAction":[{"@type":"ReadAction","target":["https:\/\/b2b.pakery.pl\/pl\/produkt\/o-ring-ochronny-a03117\/"]}]},{"@type":"ImageObject","inLanguage":"pl-PL","@id":"https:\/\/b2b.pakery.pl\/pl\/produkt\/o-ring-ochronny-a03117\/#primaryimage","url":"https:\/\/b2b.pakery.pl\/wp-content\/uploads\/2021\/05\/a03117.png","contentUrl":"https:\/\/b2b.pakery.pl\/wp-content\/uploads\/2021\/05\/a03117.png","width":2500,"height":2500,"caption":"O-Ring ochronny"},{"@type":"BreadcrumbList","@id":"https:\/\/b2b.pakery.pl\/pl\/produkt\/o-ring-ochronny-a03117\/#breadcrumb","itemListElement":[{"@type":"ListItem","position":1,"name":"Strona g\u0142\u00f3wna","item":"https:\/\/b2b.pakery.pl\/pl\/strona-glowna\/"},{"@type":"ListItem","position":2,"name":"Sklep","item":"https:\/\/b2b.pakery.pl\/pl\/sklep\/"},{"@type":"ListItem","position":3,"name":"O-RING ochronny (A03117)"}]},{"@type":"WebSite","@id":"https:\/\/b2b.pakery.pl\/pl\/#website","url":"https:\/\/b2b.pakery.pl\/pl\/","name":"Pakery.pl","description":"Injection Packers, Spiral Anchors, Injection Lances, Injection Hoses, Injection Pumps, Injection Pump Service, Injection Pump Rental","publisher":{"@id":"https:\/\/b2b.pakery.pl\/pl\/#organization"},"potentialAction":[{"@type":"SearchAction","target":{"@type":"EntryPoint","urlTemplate":"https:\/\/b2b.pakery.pl\/pl\/?s={search_term_string}"},"query-input":{"@type":"PropertyValueSpecification","valueRequired":true,"valueName":"search_term_string"}}],"inLanguage":"pl-PL"},{"@type":"Organization","@id":"https:\/\/b2b.pakery.pl\/pl\/#organization","name":"PAKERY.PL","url":"https:\/\/b2b.pakery.pl\/pl\/","logo":{"@type":"ImageObject","inLanguage":"pl-PL","@id":"https:\/\/b2b.pakery.pl\/pl\/#\/schema\/logo\/image\/","url":"https:\/\/b2b.pakery.pl\/wp-content\/uploads\/2021\/04\/cropped-PAKERY-LOGO.png","contentUrl":"https:\/\/b2b.pakery.pl\/wp-content\/uploads\/2021\/04\/cropped-PAKERY-LOGO.png","width":1529,"height":500,"caption":"PAKERY.PL"},"image":{"@id":"https:\/\/b2b.pakery.pl\/pl\/#\/schema\/logo\/image\/"}}]}},"tiered_pricing_type":"fixed","tiered_pricing_fixed_rules":[],"tiered_pricing_product_settings":{"layout":"default","base_unit_name":{"singular":null,"plural":null},"default_variation":null},"tiered_pricing_minimum_quantity":null,"tiered_pricing_roles_data":[],"tiered_pricing_percentage_rules":[],"tiered_pricing_maximum_quantity":null,"tiered_pricing_quantity_step":null,"_links":{"self":[{"href":"https:\/\/b2b.pakery.pl\/pl\/wp-json\/wp\/v2\/product\/2327","targetHints":{"allow":["GET"]}}],"collection":[{"href":"https:\/\/b2b.pakery.pl\/pl\/wp-json\/wp\/v2\/product"}],"about":[{"href":"https:\/\/b2b.pakery.pl\/pl\/wp-json\/wp\/v2\/types\/product"}],"version-history":[{"count":4,"href":"https:\/\/b2b.pakery.pl\/pl\/wp-json\/wp\/v2\/product\/2327\/revisions"}],"predecessor-version":[{"id":4290,"href":"https:\/\/b2b.pakery.pl\/pl\/wp-json\/wp\/v2\/product\/2327\/revisions\/4290"}],"wp:featuredmedia":[{"embeddable":true,"href":"https:\/\/b2b.pakery.pl\/pl\/wp-json\/wp\/v2\/media\/2328"}],"wp:attachment":[{"href":"https:\/\/b2b.pakery.pl\/pl\/wp-json\/wp\/v2\/media?parent=2327"}],"wp:term":[{"taxonomy":"product_brand","embeddable":true,"href":"https:\/\/b2b.pakery.pl\/pl\/wp-json\/wp\/v2\/product_brand?post=2327"},{"taxonomy":"product_cat","embeddable":true,"href":"https:\/\/b2b.pakery.pl\/pl\/wp-json\/wp\/v2\/product_cat?post=2327"},{"taxonomy":"product_tag","embeddable":true,"href":"https:\/\/b2b.pakery.pl\/pl\/wp-json\/wp\/v2\/product_tag?post=2327"}],"curies":[{"name":"wp","href":"https:\/\/api.w.org\/{rel}","templated":true}]}}