{"id":2005,"date":"2021-04-22T10:45:24","date_gmt":"2021-04-22T08:45:24","guid":{"rendered":"https:\/\/b2b.pakery.pl\/?post_type=product&#038;p=2005"},"modified":"2022-06-21T13:52:54","modified_gmt":"2022-06-21T11:52:54","slug":"glowica-do-natrysku","status":"publish","type":"product","link":"https:\/\/b2b.pakery.pl\/pl\/produkt\/glowica-do-natrysku\/","title":{"rendered":"G\u0142owica do natrysku"},"content":{"rendered":"\t\t<div data-elementor-type=\"product-post\" data-elementor-id=\"2005\" class=\"elementor elementor-2005\" data-elementor-post-type=\"product\">\n\t\t\t\t\t\t<section class=\"elementor-section elementor-top-section elementor-element elementor-element-92cfc14 elementor-section-full_width elementor-section-height-default elementor-section-height-default\" data-id=\"92cfc14\" data-element_type=\"section\" data-e-type=\"section\">\n\t\t\t\t\t\t<div class=\"elementor-container elementor-column-gap-default\">\n\t\t\t\t\t<div class=\"elementor-column elementor-col-50 elementor-top-column elementor-element elementor-element-e20726f\" data-id=\"e20726f\" data-element_type=\"column\" data-e-type=\"column\">\n\t\t\t<div class=\"elementor-widget-wrap elementor-element-populated\">\n\t\t\t\t\t\t<div class=\"elementor-element elementor-element-fced67f elementor-widget elementor-widget-text-editor\" data-id=\"fced67f\" data-element_type=\"widget\" data-e-type=\"widget\" data-widget_type=\"text-editor.default\">\n\t\t\t\t<div class=\"elementor-widget-container\">\n\t\t\t\t\t\t\t\t\t<p><span style=\"color: #000000;\"><b>W\u0142a\u015bciwo\u015bci:<\/b><\/span><\/p><ul><li><span style=\"color: #000000;\">G\u0142owica pozwala na \u0142atw\u0105 regulacj\u0119 ci\u015bnienia.<\/span><\/li><li><span style=\"color: #000000;\">Wyposa\u017cona w z\u0142\u0105cze geka gwarantuj\u0105ce \u0142atwo\u015b\u0107 przy\u0142\u0105czania<\/span><\/li><\/ul><p><span style=\"color: #000000;\">Dysza mo\u017ce by\u0107 wykorzystywana z r\u00f3\u017cnymi dyszami. W sk\u0142ad g\u0142owicy wchodzi dysza ukazana na zdj\u0119ciu<\/span><\/p><p><strong><em><span style=\"color: #000000;\">Komplet 4 wymiennych dysz dost\u0119pny jest na naszej platformie.<\/span><\/em><\/strong><\/p>\t\t\t\t\t\t\t\t<\/div>\n\t\t\t\t<\/div>\n\t\t\t\t<div class=\"elementor-element elementor-element-3045a2e elementor-align-center elementor-widget elementor-widget-button\" data-id=\"3045a2e\" data-element_type=\"widget\" data-e-type=\"widget\" data-widget_type=\"button.default\">\n\t\t\t\t<div class=\"elementor-widget-container\">\n\t\t\t\t\t\t\t\t\t<div class=\"elementor-button-wrapper\">\n\t\t\t\t\t<a class=\"elementor-button elementor-button-link elementor-size-sm\" href=\"https:\/\/b2b.pakery.pl\/produkt\/komplet-4-dysz-do-natrysku-do-glowicy-natryskowej\/\">\n\t\t\t\t\t\t<span class=\"elementor-button-content-wrapper\">\n\t\t\t\t\t\t\t\t\t<span class=\"elementor-button-text\">KUP DYSZE<\/span>\n\t\t\t\t\t<\/span>\n\t\t\t\t\t<\/a>\n\t\t\t\t<\/div>\n\t\t\t\t\t\t\t\t<\/div>\n\t\t\t\t<\/div>\n\t\t\t\t\t<\/div>\n\t\t<\/div>\n\t\t\t\t<div class=\"elementor-column elementor-col-50 elementor-top-column elementor-element elementor-element-6460ec0\" data-id=\"6460ec0\" data-element_type=\"column\" data-e-type=\"column\">\n\t\t\t<div class=\"elementor-widget-wrap elementor-element-populated\">\n\t\t\t\t\t\t<div class=\"elementor-element elementor-element-1dac538 elementor-widget elementor-widget-image\" data-id=\"1dac538\" data-element_type=\"widget\" data-e-type=\"widget\" data-widget_type=\"image.default\">\n\t\t\t\t<div class=\"elementor-widget-container\">\n\t\t\t\t\t\t\t\t\t\t\t\t\t\t\t<img fetchpriority=\"high\" decoding=\"async\" width=\"225\" height=\"300\" src=\"https:\/\/b2b.pakery.pl\/wp-content\/uploads\/2021\/05\/glowica-do-fugowania-225x300.png\" class=\"attachment-medium size-medium wp-image-3699\" alt=\"\" srcset=\"https:\/\/b2b.pakery.pl\/wp-content\/uploads\/2021\/05\/glowica-do-fugowania-225x300.png 225w, https:\/\/b2b.pakery.pl\/wp-content\/uploads\/2021\/05\/glowica-do-fugowania-768x1024.png 768w, https:\/\/b2b.pakery.pl\/wp-content\/uploads\/2021\/05\/glowica-do-fugowania-1152x1536.png 1152w, https:\/\/b2b.pakery.pl\/wp-content\/uploads\/2021\/05\/glowica-do-fugowania-1536x2048.png 1536w, https:\/\/b2b.pakery.pl\/wp-content\/uploads\/2021\/05\/glowica-do-fugowania-683x911.png 683w, https:\/\/b2b.pakery.pl\/wp-content\/uploads\/2021\/05\/glowica-do-fugowania-512x683.png 512w, https:\/\/b2b.pakery.pl\/wp-content\/uploads\/2021\/05\/glowica-do-fugowania.png 1800w\" sizes=\"(max-width: 225px) 100vw, 225px\" \/>\t\t\t\t\t\t\t\t\t\t\t\t\t\t\t<\/div>\n\t\t\t\t<\/div>\n\t\t\t\t\t<\/div>\n\t\t<\/div>\n\t\t\t\t\t<\/div>\n\t\t<\/section>\n\t\t\t\t<\/div>\n\t\t","protected":false},"excerpt":{"rendered":"<p>W\u0142a\u015bciwo\u015bci: G\u0142owica pozwala na \u0142atw\u0105 regulacj\u0119 ci\u015bnienia. Wyposa\u017cona w z\u0142\u0105cze geka gwarantuj\u0105ce \u0142atwo\u015b\u0107 przy\u0142\u0105czania Dysza mo\u017ce by\u0107 wykorzystywana z r\u00f3\u017cnymi dyszami. W sk\u0142ad g\u0142owicy wchodzi dysza ukazana na zdj\u0119ciu Komplet 4 wymiennych dysz dost\u0119pny jest na naszej platformie. KUP DYSZE<\/p>\n","protected":false},"featured_media":2006,"template":"","meta":{"_acf_changed":false},"product_brand":[],"product_cat":[81,82],"product_tag":[1778],"class_list":{"0":"post-2005","1":"product","2":"type-product","3":"status-publish","4":"has-post-thumbnail","6":"product_cat-pakery-do-cementu","7":"product_cat-pistolety","8":"product_tag-pakery-iniekcyjne","10":"first","11":"instock","12":"featured","13":"taxable","14":"shipping-taxable","15":"purchasable","16":"product-type-simple"},"acf":[],"yoast_head":"<!-- This site is optimized with the Yoast SEO plugin v24.8.1 - https:\/\/yoast.com\/wordpress\/plugins\/seo\/ -->\n<title>G\u0142owica do natrysku mas bitumicznych oraz mineralnych - PAKERY.PL<\/title>\n<meta name=\"description\" content=\"G\u0142owica do natrysku mas bitumicznych oraz mineralnych. Sprawdzona niezawodna konstrukcja. Wyposa\u017cona w wygodne z\u0142\u0105cze geka\" \/>\n<meta name=\"robots\" content=\"index, follow, max-snippet:-1, max-image-preview:large, max-video-preview:-1\" \/>\n<link rel=\"canonical\" href=\"https:\/\/b2b.pakery.pl\/pl\/produkt\/glowica-do-natrysku\/\" \/>\n<meta property=\"og:locale\" content=\"pl_PL\" \/>\n<meta property=\"og:type\" content=\"article\" \/>\n<meta property=\"og:title\" content=\"G\u0142owica do natrysku mas bitumicznych oraz mineralnych - PAKERY.PL\" \/>\n<meta property=\"og:description\" content=\"G\u0142owica do natrysku mas bitumicznych oraz mineralnych. Sprawdzona niezawodna konstrukcja. Wyposa\u017cona w wygodne z\u0142\u0105cze geka\" \/>\n<meta property=\"og:url\" content=\"https:\/\/b2b.pakery.pl\/produkt\/glowica-do-natrysku\/\" \/>\n<meta property=\"og:site_name\" content=\"PAKERY.PL\" \/>\n<meta property=\"article:modified_time\" content=\"2022-06-21T11:52:54+00:00\" \/>\n<meta property=\"og:image\" content=\"https:\/\/b2b.pakery.pl\/wp-content\/uploads\/2021\/04\/PI-JET.png\" \/>\n\t<meta property=\"og:image:width\" content=\"2500\" \/>\n\t<meta property=\"og:image:height\" content=\"2500\" \/>\n\t<meta property=\"og:image:type\" content=\"image\/png\" \/>\n<meta name=\"twitter:card\" content=\"summary_large_image\" \/>\n<script type=\"application\/ld+json\" class=\"yoast-schema-graph\">{\"@context\":\"https:\/\/schema.org\",\"@graph\":[{\"@type\":\"WebPage\",\"@id\":\"https:\/\/b2b.pakery.pl\/pl\/produkt\/glowica-do-natrysku\/\",\"url\":\"https:\/\/b2b.pakery.pl\/produkt\/glowica-do-natrysku\/\",\"name\":\"G\u0142owica do natrysku mas bitumicznych oraz mineralnych - PAKERY.PL\",\"isPartOf\":{\"@id\":\"https:\/\/b2b.pakery.pl\/pl\/#website\"},\"primaryImageOfPage\":{\"@id\":\"https:\/\/b2b.pakery.pl\/produkt\/glowica-do-natrysku\/#primaryimage\"},\"image\":{\"@id\":\"https:\/\/b2b.pakery.pl\/produkt\/glowica-do-natrysku\/#primaryimage\"},\"thumbnailUrl\":\"https:\/\/b2b.pakery.pl\/wp-content\/uploads\/2021\/04\/PI-JET.png\",\"datePublished\":\"2021-04-22T08:45:24+00:00\",\"dateModified\":\"2022-06-21T11:52:54+00:00\",\"description\":\"G\u0142owica do natrysku mas bitumicznych oraz mineralnych. Sprawdzona niezawodna konstrukcja. Wyposa\u017cona w wygodne z\u0142\u0105cze geka\",\"breadcrumb\":{\"@id\":\"https:\/\/b2b.pakery.pl\/produkt\/glowica-do-natrysku\/#breadcrumb\"},\"inLanguage\":\"pl-PL\",\"potentialAction\":[{\"@type\":\"ReadAction\",\"target\":[\"https:\/\/b2b.pakery.pl\/produkt\/glowica-do-natrysku\/\"]}]},{\"@type\":\"ImageObject\",\"inLanguage\":\"pl-PL\",\"@id\":\"https:\/\/b2b.pakery.pl\/produkt\/glowica-do-natrysku\/#primaryimage\",\"url\":\"https:\/\/b2b.pakery.pl\/wp-content\/uploads\/2021\/04\/PI-JET.png\",\"contentUrl\":\"https:\/\/b2b.pakery.pl\/wp-content\/uploads\/2021\/04\/PI-JET.png\",\"width\":2500,\"height\":2500,\"caption\":\"g\u0142owica do natrysku mas bitumicznych oraz mineralnych\"},{\"@type\":\"BreadcrumbList\",\"@id\":\"https:\/\/b2b.pakery.pl\/produkt\/glowica-do-natrysku\/#breadcrumb\",\"itemListElement\":[{\"@type\":\"ListItem\",\"position\":1,\"name\":\"Strona g\u0142\u00f3wna\",\"item\":\"https:\/\/b2b.pakery.pl\/pl\/strona-glowna\/\"},{\"@type\":\"ListItem\",\"position\":2,\"name\":\"Sklep\",\"item\":\"https:\/\/b2b.pakery.pl\/pl\/sklep\/\"},{\"@type\":\"ListItem\",\"position\":3,\"name\":\"G\u0142owica do natrysku\"}]},{\"@type\":\"WebSite\",\"@id\":\"https:\/\/b2b.pakery.pl\/pl\/#website\",\"url\":\"https:\/\/b2b.pakery.pl\/pl\/\",\"name\":\"Pakery.pl\",\"description\":\"Injection Packers, Spiral Anchors, Injection Lances, Injection Hoses, Injection Pumps, Injection Pump Service, Injection Pump Rental\",\"publisher\":{\"@id\":\"https:\/\/b2b.pakery.pl\/pl\/#organization\"},\"potentialAction\":[{\"@type\":\"SearchAction\",\"target\":{\"@type\":\"EntryPoint\",\"urlTemplate\":\"https:\/\/b2b.pakery.pl\/pl\/?s={search_term_string}\"},\"query-input\":{\"@type\":\"PropertyValueSpecification\",\"valueRequired\":true,\"valueName\":\"search_term_string\"}}],\"inLanguage\":\"pl-PL\"},{\"@type\":\"Organization\",\"@id\":\"https:\/\/b2b.pakery.pl\/pl\/#organization\",\"name\":\"PAKERY.PL\",\"url\":\"https:\/\/b2b.pakery.pl\/pl\/\",\"logo\":{\"@type\":\"ImageObject\",\"inLanguage\":\"pl-PL\",\"@id\":\"https:\/\/b2b.pakery.pl\/pl\/#\/schema\/logo\/image\/\",\"url\":\"https:\/\/b2b.pakery.pl\/wp-content\/uploads\/2021\/04\/cropped-PAKERY-LOGO.png\",\"contentUrl\":\"https:\/\/b2b.pakery.pl\/wp-content\/uploads\/2021\/04\/cropped-PAKERY-LOGO.png\",\"width\":1529,\"height\":500,\"caption\":\"PAKERY.PL\"},\"image\":{\"@id\":\"https:\/\/b2b.pakery.pl\/pl\/#\/schema\/logo\/image\/\"}}]}<\/script>\n<!-- \/ Yoast SEO plugin. -->","yoast_head_json":{"title":"G\u0142owica do natrysku mas bitumicznych oraz mineralnych - PAKERY.PL","description":"G\u0142owica do natrysku mas bitumicznych oraz mineralnych. Sprawdzona niezawodna konstrukcja. Wyposa\u017cona w wygodne z\u0142\u0105cze geka","robots":{"index":"index","follow":"follow","max-snippet":"max-snippet:-1","max-image-preview":"max-image-preview:large","max-video-preview":"max-video-preview:-1"},"canonical":"https:\/\/b2b.pakery.pl\/pl\/produkt\/glowica-do-natrysku\/","og_locale":"pl_PL","og_type":"article","og_title":"G\u0142owica do natrysku mas bitumicznych oraz mineralnych - PAKERY.PL","og_description":"G\u0142owica do natrysku mas bitumicznych oraz mineralnych. Sprawdzona niezawodna konstrukcja. Wyposa\u017cona w wygodne z\u0142\u0105cze geka","og_url":"https:\/\/b2b.pakery.pl\/produkt\/glowica-do-natrysku\/","og_site_name":"PAKERY.PL","article_modified_time":"2022-06-21T11:52:54+00:00","og_image":[{"width":2500,"height":2500,"url":"https:\/\/b2b.pakery.pl\/wp-content\/uploads\/2021\/04\/PI-JET.png","type":"image\/png"}],"twitter_card":"summary_large_image","schema":{"@context":"https:\/\/schema.org","@graph":[{"@type":"WebPage","@id":"https:\/\/b2b.pakery.pl\/pl\/produkt\/glowica-do-natrysku\/","url":"https:\/\/b2b.pakery.pl\/produkt\/glowica-do-natrysku\/","name":"G\u0142owica do natrysku mas bitumicznych oraz mineralnych - PAKERY.PL","isPartOf":{"@id":"https:\/\/b2b.pakery.pl\/pl\/#website"},"primaryImageOfPage":{"@id":"https:\/\/b2b.pakery.pl\/produkt\/glowica-do-natrysku\/#primaryimage"},"image":{"@id":"https:\/\/b2b.pakery.pl\/produkt\/glowica-do-natrysku\/#primaryimage"},"thumbnailUrl":"https:\/\/b2b.pakery.pl\/wp-content\/uploads\/2021\/04\/PI-JET.png","datePublished":"2021-04-22T08:45:24+00:00","dateModified":"2022-06-21T11:52:54+00:00","description":"G\u0142owica do natrysku mas bitumicznych oraz mineralnych. Sprawdzona niezawodna konstrukcja. Wyposa\u017cona w wygodne z\u0142\u0105cze geka","breadcrumb":{"@id":"https:\/\/b2b.pakery.pl\/produkt\/glowica-do-natrysku\/#breadcrumb"},"inLanguage":"pl-PL","potentialAction":[{"@type":"ReadAction","target":["https:\/\/b2b.pakery.pl\/produkt\/glowica-do-natrysku\/"]}]},{"@type":"ImageObject","inLanguage":"pl-PL","@id":"https:\/\/b2b.pakery.pl\/produkt\/glowica-do-natrysku\/#primaryimage","url":"https:\/\/b2b.pakery.pl\/wp-content\/uploads\/2021\/04\/PI-JET.png","contentUrl":"https:\/\/b2b.pakery.pl\/wp-content\/uploads\/2021\/04\/PI-JET.png","width":2500,"height":2500,"caption":"g\u0142owica do natrysku mas bitumicznych oraz mineralnych"},{"@type":"BreadcrumbList","@id":"https:\/\/b2b.pakery.pl\/produkt\/glowica-do-natrysku\/#breadcrumb","itemListElement":[{"@type":"ListItem","position":1,"name":"Strona g\u0142\u00f3wna","item":"https:\/\/b2b.pakery.pl\/pl\/strona-glowna\/"},{"@type":"ListItem","position":2,"name":"Sklep","item":"https:\/\/b2b.pakery.pl\/pl\/sklep\/"},{"@type":"ListItem","position":3,"name":"G\u0142owica do natrysku"}]},{"@type":"WebSite","@id":"https:\/\/b2b.pakery.pl\/pl\/#website","url":"https:\/\/b2b.pakery.pl\/pl\/","name":"Pakery.pl","description":"Injection Packers, Spiral Anchors, Injection Lances, Injection Hoses, Injection Pumps, Injection Pump Service, Injection Pump Rental","publisher":{"@id":"https:\/\/b2b.pakery.pl\/pl\/#organization"},"potentialAction":[{"@type":"SearchAction","target":{"@type":"EntryPoint","urlTemplate":"https:\/\/b2b.pakery.pl\/pl\/?s={search_term_string}"},"query-input":{"@type":"PropertyValueSpecification","valueRequired":true,"valueName":"search_term_string"}}],"inLanguage":"pl-PL"},{"@type":"Organization","@id":"https:\/\/b2b.pakery.pl\/pl\/#organization","name":"PAKERY.PL","url":"https:\/\/b2b.pakery.pl\/pl\/","logo":{"@type":"ImageObject","inLanguage":"pl-PL","@id":"https:\/\/b2b.pakery.pl\/pl\/#\/schema\/logo\/image\/","url":"https:\/\/b2b.pakery.pl\/wp-content\/uploads\/2021\/04\/cropped-PAKERY-LOGO.png","contentUrl":"https:\/\/b2b.pakery.pl\/wp-content\/uploads\/2021\/04\/cropped-PAKERY-LOGO.png","width":1529,"height":500,"caption":"PAKERY.PL"},"image":{"@id":"https:\/\/b2b.pakery.pl\/pl\/#\/schema\/logo\/image\/"}}]}},"tiered_pricing_type":"fixed","tiered_pricing_fixed_rules":[],"tiered_pricing_product_settings":{"layout":"default","base_unit_name":{"singular":null,"plural":null},"default_variation":null},"tiered_pricing_minimum_quantity":null,"tiered_pricing_roles_data":[],"tiered_pricing_percentage_rules":[],"tiered_pricing_maximum_quantity":null,"tiered_pricing_quantity_step":null,"_links":{"self":[{"href":"https:\/\/b2b.pakery.pl\/pl\/wp-json\/wp\/v2\/product\/2005","targetHints":{"allow":["GET"]}}],"collection":[{"href":"https:\/\/b2b.pakery.pl\/pl\/wp-json\/wp\/v2\/product"}],"about":[{"href":"https:\/\/b2b.pakery.pl\/pl\/wp-json\/wp\/v2\/types\/product"}],"version-history":[{"count":10,"href":"https:\/\/b2b.pakery.pl\/pl\/wp-json\/wp\/v2\/product\/2005\/revisions"}],"predecessor-version":[{"id":39896,"href":"https:\/\/b2b.pakery.pl\/pl\/wp-json\/wp\/v2\/product\/2005\/revisions\/39896"}],"wp:featuredmedia":[{"embeddable":true,"href":"https:\/\/b2b.pakery.pl\/pl\/wp-json\/wp\/v2\/media\/2006"}],"wp:attachment":[{"href":"https:\/\/b2b.pakery.pl\/pl\/wp-json\/wp\/v2\/media?parent=2005"}],"wp:term":[{"taxonomy":"product_brand","embeddable":true,"href":"https:\/\/b2b.pakery.pl\/pl\/wp-json\/wp\/v2\/product_brand?post=2005"},{"taxonomy":"product_cat","embeddable":true,"href":"https:\/\/b2b.pakery.pl\/pl\/wp-json\/wp\/v2\/product_cat?post=2005"},{"taxonomy":"product_tag","embeddable":true,"href":"https:\/\/b2b.pakery.pl\/pl\/wp-json\/wp\/v2\/product_tag?post=2005"}],"curies":[{"name":"wp","href":"https:\/\/api.w.org\/{rel}","templated":true}]}}