{"id":1996,"date":"2021-04-22T10:31:25","date_gmt":"2021-04-22T08:31:25","guid":{"rendered":"https:\/\/b2b.pakery.pl\/?post_type=product&#038;p=1996"},"modified":"2023-07-19T15:05:45","modified_gmt":"2023-07-19T13:05:45","slug":"nasada-szczypcowa","status":"publish","type":"product","link":"https:\/\/b2b.pakery.pl\/pl\/produkt\/nasada-szczypcowa\/","title":{"rendered":"Nasada szczypcowa"},"content":{"rendered":"\t\t<div data-elementor-type=\"product-post\" data-elementor-id=\"1996\" class=\"elementor elementor-1996\" data-elementor-post-type=\"product\">\n\t\t\t\t\t\t<section class=\"elementor-section elementor-top-section elementor-element elementor-element-2bfc58e elementor-section-full_width elementor-section-height-default elementor-section-height-default\" data-id=\"2bfc58e\" data-element_type=\"section\" data-e-type=\"section\">\n\t\t\t\t\t\t<div class=\"elementor-container elementor-column-gap-default\">\n\t\t\t\t\t<div class=\"elementor-column elementor-col-50 elementor-top-column elementor-element elementor-element-eb87ad6\" data-id=\"eb87ad6\" data-element_type=\"column\" data-e-type=\"column\">\n\t\t\t<div class=\"elementor-widget-wrap elementor-element-populated\">\n\t\t\t\t\t\t<div class=\"elementor-element elementor-element-d16ad32 elementor-widget elementor-widget-text-editor\" data-id=\"d16ad32\" data-element_type=\"widget\" data-e-type=\"widget\" data-widget_type=\"text-editor.default\">\n\t\t\t\t<div class=\"elementor-widget-container\">\n\t\t\t\t\t\t\t\t\t<p><span style=\"color: #000000;\"><b>W\u0141A\u015aCIWO\u015aCI<br><\/b><\/span><\/p>\n<ul>\n<li><span style=\"color: #000000;\">\u0141atwy monta\u017c<\/span><\/li>\n<li><span style=\"color: #000000;\">Wygoda pracy<\/span><\/li>\n<li><span style=\"color: #000000;\">Do suspensji cementowych<\/span><\/li>\n<li><span style=\"color: #000000;\">Do dyspersji wodnych<\/span><\/li>\n<li><span style=\"color: #000000;\">Du\u017cy przelot 7,5 mm<\/span><\/li>\n<li><span style=\"color: #000000;\">Kompatybilne ze szczypcami do iniekcji<\/span><\/li>\n<\/ul>\n<p><span style=\"color: #000000;\">Nasada CPC w \u0142atwy spos\u00f3b umo\u017cliwia obserwacj\u0119 i kontrol\u0119 iniekcji poprzez zasuwany zaw\u00f3r wielokrotnego u\u017cytku, obustronnie uszczelniony oringami.&nbsp;<\/span><\/p><p><span style=\"caret-color: rgb(0, 0, 0); color: rgb(0, 0, 0);\">Nasada szczypcowa&nbsp;<\/span><span style=\"caret-color: rgb(0, 0, 0); color: rgb(0, 0, 0);\"><b>M10x1<\/b>&nbsp;<\/span><span style=\"caret-color: rgb(0, 0, 0); color: rgb(0, 0, 0);\">pasuje do paker\u00f3w:&nbsp;<\/span><span style=\"caret-color: rgb(0, 0, 0); color: rgb(0, 0, 0);\"><b>PI-JG 18\/150&nbsp;<\/b><\/span><span style=\"color: #000000;\"><br><\/span><\/p>\n<p><span style=\"color: #000000;\">Nasada szczypcowa <b>GW 1\/4&#8242; <\/b>pasuje do paker\u00f3w: <b>PI-CEM 14\/100, PI-CEM 18\/110,<\/b> oraz do systemu lanc iniekcyjnych <b>Hammpack JG-System.<\/b><\/span><\/p>\t\t\t\t\t\t\t\t<\/div>\n\t\t\t\t<\/div>\n\t\t\t\t\t<\/div>\n\t\t<\/div>\n\t\t\t\t<div class=\"elementor-column elementor-col-50 elementor-top-column elementor-element elementor-element-044bba4\" data-id=\"044bba4\" data-element_type=\"column\" data-e-type=\"column\">\n\t\t\t<div class=\"elementor-widget-wrap elementor-element-populated\">\n\t\t\t\t\t\t<div class=\"elementor-element elementor-element-75dea71 elementor-widget elementor-widget-image\" data-id=\"75dea71\" data-element_type=\"widget\" data-e-type=\"widget\" data-widget_type=\"image.default\">\n\t\t\t\t<div class=\"elementor-widget-container\">\n\t\t\t\t\t\t\t\t\t\t\t\t\t\t\t<img fetchpriority=\"high\" decoding=\"async\" width=\"300\" height=\"196\" src=\"https:\/\/b2b.pakery.pl\/wp-content\/uploads\/2021\/05\/Baner-pakery-cement-300x196.png\" class=\"attachment-medium size-medium wp-image-2983\" alt=\"\" srcset=\"https:\/\/b2b.pakery.pl\/wp-content\/uploads\/2021\/05\/Baner-pakery-cement-300x196.png 300w, https:\/\/b2b.pakery.pl\/wp-content\/uploads\/2021\/05\/Baner-pakery-cement-1024x671.png 1024w, https:\/\/b2b.pakery.pl\/wp-content\/uploads\/2021\/05\/Baner-pakery-cement-768x503.png 768w, https:\/\/b2b.pakery.pl\/wp-content\/uploads\/2021\/05\/Baner-pakery-cement-683x447.png 683w, https:\/\/b2b.pakery.pl\/wp-content\/uploads\/2021\/05\/Baner-pakery-cement-602x394.png 602w, https:\/\/b2b.pakery.pl\/wp-content\/uploads\/2021\/05\/Baner-pakery-cement.png 1365w\" sizes=\"(max-width: 300px) 100vw, 300px\" \/>\t\t\t\t\t\t\t\t\t\t\t\t\t\t\t<\/div>\n\t\t\t\t<\/div>\n\t\t\t\t\t<\/div>\n\t\t<\/div>\n\t\t\t\t\t<\/div>\n\t\t<\/section>\n\t\t\t\t<section class=\"elementor-section elementor-top-section elementor-element elementor-element-f714686 elementor-section-full_width elementor-section-height-default elementor-section-height-default\" data-id=\"f714686\" data-element_type=\"section\" data-e-type=\"section\">\n\t\t\t\t\t\t<div class=\"elementor-container elementor-column-gap-default\">\n\t\t\t\t\t<div class=\"elementor-column elementor-col-100 elementor-top-column elementor-element elementor-element-cbb3c9d\" data-id=\"cbb3c9d\" data-element_type=\"column\" data-e-type=\"column\">\n\t\t\t<div class=\"elementor-widget-wrap elementor-element-populated\">\n\t\t\t\t\t\t<div class=\"elementor-element elementor-element-1068e64 elementor-widget elementor-widget-image\" data-id=\"1068e64\" data-element_type=\"widget\" data-e-type=\"widget\" data-widget_type=\"image.default\">\n\t\t\t\t<div class=\"elementor-widget-container\">\n\t\t\t\t\t\t\t\t\t\t\t\t\t\t\t<img decoding=\"async\" width=\"1024\" height=\"379\" src=\"https:\/\/b2b.pakery.pl\/wp-content\/uploads\/2021\/04\/CPC-1_4-1024x379.png\" class=\"attachment-large size-large wp-image-39795\" alt=\"\" srcset=\"https:\/\/b2b.pakery.pl\/wp-content\/uploads\/2021\/04\/CPC-1_4-1024x379.png 1024w, https:\/\/b2b.pakery.pl\/wp-content\/uploads\/2021\/04\/CPC-1_4-300x111.png 300w, https:\/\/b2b.pakery.pl\/wp-content\/uploads\/2021\/04\/CPC-1_4-768x284.png 768w, https:\/\/b2b.pakery.pl\/wp-content\/uploads\/2021\/04\/CPC-1_4-1536x569.png 1536w, https:\/\/b2b.pakery.pl\/wp-content\/uploads\/2021\/04\/CPC-1_4-2048x758.png 2048w, https:\/\/b2b.pakery.pl\/wp-content\/uploads\/2021\/04\/CPC-1_4-683x253.png 683w, https:\/\/b2b.pakery.pl\/wp-content\/uploads\/2021\/04\/CPC-1_4-602x223.png 602w\" sizes=\"(max-width: 1024px) 100vw, 1024px\" \/>\t\t\t\t\t\t\t\t\t\t\t\t\t\t\t<\/div>\n\t\t\t\t<\/div>\n\t\t\t\t\t<\/div>\n\t\t<\/div>\n\t\t\t\t\t<\/div>\n\t\t<\/section>\n\t\t\t\t<\/div>\n\t\t","protected":false},"excerpt":{"rendered":"<p>W\u0141A\u015aCIWO\u015aCI \u0141atwy monta\u017c Wygoda pracy Do suspensji cementowych Do dyspersji wodnych Du\u017cy przelot 7,5 mm Kompatybilne ze szczypcami do iniekcji Nasada CPC w \u0142atwy spos\u00f3b umo\u017cliwia obserwacj\u0119 i kontrol\u0119 iniekcji poprzez zasuwany zaw\u00f3r wielokrotnego u\u017cytku, obustronnie uszczelniony oringami. Nasada szczypcowa\u00a0M10x1\u00a0pasuje do paker\u00f3w:\u00a0PI-JG 18\/150\u00a0 Nasada szczypcowa GW 1\/4&#8242; pasuje do paker\u00f3w: PI-CEM 14\/100, PI-CEM 18\/110, oraz [&hellip;]<\/p>\n","protected":false},"featured_media":39628,"template":"","meta":{"_acf_changed":false},"product_brand":[],"product_cat":[1842,81,33,29],"product_tag":[1778],"class_list":{"0":"post-1996","1":"product","2":"type-product","3":"status-publish","4":"has-post-thumbnail","6":"product_cat-lance-iniekcyjne-jg-system-213","7":"product_cat-pakery-do-cementu","8":"product_cat-akcesoria-iniekcyjne","9":"product_cat-lance-iniekcyjne-jg-system-13","10":"product_tag-pakery-iniekcyjne","11":"pa_akcesoria-pakerowe-117","13":"first","14":"instock","15":"taxable","16":"shipping-taxable","17":"purchasable","18":"product-type-variable"},"acf":[],"yoast_head":"<!-- This site is optimized with the Yoast SEO plugin v24.8.1 - https:\/\/yoast.com\/wordpress\/plugins\/seo\/ -->\n<title>Nasada szczypcowa | Pakery do cementu - PAKERY.PL<\/title>\n<meta name=\"description\" content=\"Przy u\u017cyciu nasady szczypcowej zyskujemy wygod\u0119 iniekcji. Szczypce do iniekcji s\u0105 kompatybilne z takim rodzajem nasady.\" \/>\n<meta name=\"robots\" content=\"index, follow, max-snippet:-1, max-image-preview:large, max-video-preview:-1\" \/>\n<link rel=\"canonical\" href=\"https:\/\/b2b.pakery.pl\/pl\/produkt\/nasada-szczypcowa\/\" \/>\n<meta property=\"og:locale\" content=\"pl_PL\" \/>\n<meta property=\"og:type\" content=\"article\" \/>\n<meta property=\"og:title\" content=\"Nasada szczypcowa | Pakery do cementu - PAKERY.PL\" \/>\n<meta property=\"og:description\" content=\"Przy u\u017cyciu nasady szczypcowej zyskujemy wygod\u0119 iniekcji. Szczypce do iniekcji s\u0105 kompatybilne z takim rodzajem nasady.\" \/>\n<meta property=\"og:url\" content=\"https:\/\/b2b.pakery.pl\/pl\/produkt\/nasada-szczypcowa\/\" \/>\n<meta property=\"og:site_name\" content=\"PAKERY.PL\" \/>\n<meta property=\"article:modified_time\" content=\"2023-07-19T13:05:45+00:00\" \/>\n<meta property=\"og:image\" content=\"https:\/\/b2b.pakery.pl\/wp-content\/uploads\/2021\/04\/nasada-m10x1-602x602-1.png\" \/>\n\t<meta property=\"og:image:width\" content=\"602\" \/>\n\t<meta property=\"og:image:height\" content=\"602\" \/>\n\t<meta property=\"og:image:type\" content=\"image\/png\" \/>\n<meta name=\"twitter:card\" content=\"summary_large_image\" \/>\n<script type=\"application\/ld+json\" class=\"yoast-schema-graph\">{\"@context\":\"https:\/\/schema.org\",\"@graph\":[{\"@type\":\"WebPage\",\"@id\":\"https:\/\/b2b.pakery.pl\/pl\/produkt\/nasada-szczypcowa\/\",\"url\":\"https:\/\/b2b.pakery.pl\/pl\/produkt\/nasada-szczypcowa\/\",\"name\":\"Nasada szczypcowa | Pakery do cementu - PAKERY.PL\",\"isPartOf\":{\"@id\":\"https:\/\/b2b.pakery.pl\/pl\/#website\"},\"primaryImageOfPage\":{\"@id\":\"https:\/\/b2b.pakery.pl\/pl\/produkt\/nasada-szczypcowa\/#primaryimage\"},\"image\":{\"@id\":\"https:\/\/b2b.pakery.pl\/pl\/produkt\/nasada-szczypcowa\/#primaryimage\"},\"thumbnailUrl\":\"https:\/\/b2b.pakery.pl\/wp-content\/uploads\/2021\/04\/nasada-m10x1-602x602-1.png\",\"datePublished\":\"2021-04-22T08:31:25+00:00\",\"dateModified\":\"2023-07-19T13:05:45+00:00\",\"description\":\"Przy u\u017cyciu nasady szczypcowej zyskujemy wygod\u0119 iniekcji. Szczypce do iniekcji s\u0105 kompatybilne z takim rodzajem nasady.\",\"breadcrumb\":{\"@id\":\"https:\/\/b2b.pakery.pl\/pl\/produkt\/nasada-szczypcowa\/#breadcrumb\"},\"inLanguage\":\"pl-PL\",\"potentialAction\":[{\"@type\":\"ReadAction\",\"target\":[\"https:\/\/b2b.pakery.pl\/pl\/produkt\/nasada-szczypcowa\/\"]}]},{\"@type\":\"ImageObject\",\"inLanguage\":\"pl-PL\",\"@id\":\"https:\/\/b2b.pakery.pl\/pl\/produkt\/nasada-szczypcowa\/#primaryimage\",\"url\":\"https:\/\/b2b.pakery.pl\/wp-content\/uploads\/2021\/04\/nasada-m10x1-602x602-1.png\",\"contentUrl\":\"https:\/\/b2b.pakery.pl\/wp-content\/uploads\/2021\/04\/nasada-m10x1-602x602-1.png\",\"width\":602,\"height\":602},{\"@type\":\"BreadcrumbList\",\"@id\":\"https:\/\/b2b.pakery.pl\/pl\/produkt\/nasada-szczypcowa\/#breadcrumb\",\"itemListElement\":[{\"@type\":\"ListItem\",\"position\":1,\"name\":\"Strona g\u0142\u00f3wna\",\"item\":\"https:\/\/b2b.pakery.pl\/pl\/strona-glowna\/\"},{\"@type\":\"ListItem\",\"position\":2,\"name\":\"Sklep\",\"item\":\"https:\/\/b2b.pakery.pl\/pl\/sklep\/\"},{\"@type\":\"ListItem\",\"position\":3,\"name\":\"Nasada szczypcowa\"}]},{\"@type\":\"WebSite\",\"@id\":\"https:\/\/b2b.pakery.pl\/pl\/#website\",\"url\":\"https:\/\/b2b.pakery.pl\/pl\/\",\"name\":\"Pakery.pl\",\"description\":\"Injection Packers, Spiral Anchors, Injection Lances, Injection Hoses, Injection Pumps, Injection Pump Service, Injection Pump Rental\",\"publisher\":{\"@id\":\"https:\/\/b2b.pakery.pl\/pl\/#organization\"},\"potentialAction\":[{\"@type\":\"SearchAction\",\"target\":{\"@type\":\"EntryPoint\",\"urlTemplate\":\"https:\/\/b2b.pakery.pl\/pl\/?s={search_term_string}\"},\"query-input\":{\"@type\":\"PropertyValueSpecification\",\"valueRequired\":true,\"valueName\":\"search_term_string\"}}],\"inLanguage\":\"pl-PL\"},{\"@type\":\"Organization\",\"@id\":\"https:\/\/b2b.pakery.pl\/pl\/#organization\",\"name\":\"PAKERY.PL\",\"url\":\"https:\/\/b2b.pakery.pl\/pl\/\",\"logo\":{\"@type\":\"ImageObject\",\"inLanguage\":\"pl-PL\",\"@id\":\"https:\/\/b2b.pakery.pl\/pl\/#\/schema\/logo\/image\/\",\"url\":\"https:\/\/b2b.pakery.pl\/wp-content\/uploads\/2021\/04\/cropped-PAKERY-LOGO.png\",\"contentUrl\":\"https:\/\/b2b.pakery.pl\/wp-content\/uploads\/2021\/04\/cropped-PAKERY-LOGO.png\",\"width\":1529,\"height\":500,\"caption\":\"PAKERY.PL\"},\"image\":{\"@id\":\"https:\/\/b2b.pakery.pl\/pl\/#\/schema\/logo\/image\/\"}}]}<\/script>\n<!-- \/ Yoast SEO plugin. -->","yoast_head_json":{"title":"Nasada szczypcowa | Pakery do cementu - PAKERY.PL","description":"Przy u\u017cyciu nasady szczypcowej zyskujemy wygod\u0119 iniekcji. Szczypce do iniekcji s\u0105 kompatybilne z takim rodzajem nasady.","robots":{"index":"index","follow":"follow","max-snippet":"max-snippet:-1","max-image-preview":"max-image-preview:large","max-video-preview":"max-video-preview:-1"},"canonical":"https:\/\/b2b.pakery.pl\/pl\/produkt\/nasada-szczypcowa\/","og_locale":"pl_PL","og_type":"article","og_title":"Nasada szczypcowa | Pakery do cementu - PAKERY.PL","og_description":"Przy u\u017cyciu nasady szczypcowej zyskujemy wygod\u0119 iniekcji. Szczypce do iniekcji s\u0105 kompatybilne z takim rodzajem nasady.","og_url":"https:\/\/b2b.pakery.pl\/pl\/produkt\/nasada-szczypcowa\/","og_site_name":"PAKERY.PL","article_modified_time":"2023-07-19T13:05:45+00:00","og_image":[{"width":602,"height":602,"url":"https:\/\/b2b.pakery.pl\/wp-content\/uploads\/2021\/04\/nasada-m10x1-602x602-1.png","type":"image\/png"}],"twitter_card":"summary_large_image","schema":{"@context":"https:\/\/schema.org","@graph":[{"@type":"WebPage","@id":"https:\/\/b2b.pakery.pl\/pl\/produkt\/nasada-szczypcowa\/","url":"https:\/\/b2b.pakery.pl\/pl\/produkt\/nasada-szczypcowa\/","name":"Nasada szczypcowa | Pakery do cementu - PAKERY.PL","isPartOf":{"@id":"https:\/\/b2b.pakery.pl\/pl\/#website"},"primaryImageOfPage":{"@id":"https:\/\/b2b.pakery.pl\/pl\/produkt\/nasada-szczypcowa\/#primaryimage"},"image":{"@id":"https:\/\/b2b.pakery.pl\/pl\/produkt\/nasada-szczypcowa\/#primaryimage"},"thumbnailUrl":"https:\/\/b2b.pakery.pl\/wp-content\/uploads\/2021\/04\/nasada-m10x1-602x602-1.png","datePublished":"2021-04-22T08:31:25+00:00","dateModified":"2023-07-19T13:05:45+00:00","description":"Przy u\u017cyciu nasady szczypcowej zyskujemy wygod\u0119 iniekcji. Szczypce do iniekcji s\u0105 kompatybilne z takim rodzajem nasady.","breadcrumb":{"@id":"https:\/\/b2b.pakery.pl\/pl\/produkt\/nasada-szczypcowa\/#breadcrumb"},"inLanguage":"pl-PL","potentialAction":[{"@type":"ReadAction","target":["https:\/\/b2b.pakery.pl\/pl\/produkt\/nasada-szczypcowa\/"]}]},{"@type":"ImageObject","inLanguage":"pl-PL","@id":"https:\/\/b2b.pakery.pl\/pl\/produkt\/nasada-szczypcowa\/#primaryimage","url":"https:\/\/b2b.pakery.pl\/wp-content\/uploads\/2021\/04\/nasada-m10x1-602x602-1.png","contentUrl":"https:\/\/b2b.pakery.pl\/wp-content\/uploads\/2021\/04\/nasada-m10x1-602x602-1.png","width":602,"height":602},{"@type":"BreadcrumbList","@id":"https:\/\/b2b.pakery.pl\/pl\/produkt\/nasada-szczypcowa\/#breadcrumb","itemListElement":[{"@type":"ListItem","position":1,"name":"Strona g\u0142\u00f3wna","item":"https:\/\/b2b.pakery.pl\/pl\/strona-glowna\/"},{"@type":"ListItem","position":2,"name":"Sklep","item":"https:\/\/b2b.pakery.pl\/pl\/sklep\/"},{"@type":"ListItem","position":3,"name":"Nasada szczypcowa"}]},{"@type":"WebSite","@id":"https:\/\/b2b.pakery.pl\/pl\/#website","url":"https:\/\/b2b.pakery.pl\/pl\/","name":"Pakery.pl","description":"Injection Packers, Spiral Anchors, Injection Lances, Injection Hoses, Injection Pumps, Injection Pump Service, Injection Pump Rental","publisher":{"@id":"https:\/\/b2b.pakery.pl\/pl\/#organization"},"potentialAction":[{"@type":"SearchAction","target":{"@type":"EntryPoint","urlTemplate":"https:\/\/b2b.pakery.pl\/pl\/?s={search_term_string}"},"query-input":{"@type":"PropertyValueSpecification","valueRequired":true,"valueName":"search_term_string"}}],"inLanguage":"pl-PL"},{"@type":"Organization","@id":"https:\/\/b2b.pakery.pl\/pl\/#organization","name":"PAKERY.PL","url":"https:\/\/b2b.pakery.pl\/pl\/","logo":{"@type":"ImageObject","inLanguage":"pl-PL","@id":"https:\/\/b2b.pakery.pl\/pl\/#\/schema\/logo\/image\/","url":"https:\/\/b2b.pakery.pl\/wp-content\/uploads\/2021\/04\/cropped-PAKERY-LOGO.png","contentUrl":"https:\/\/b2b.pakery.pl\/wp-content\/uploads\/2021\/04\/cropped-PAKERY-LOGO.png","width":1529,"height":500,"caption":"PAKERY.PL"},"image":{"@id":"https:\/\/b2b.pakery.pl\/pl\/#\/schema\/logo\/image\/"}}]}},"tiered_pricing_type":"fixed","tiered_pricing_fixed_rules":{"50":"9.50","200":"8"},"tiered_pricing_product_settings":{"layout":"default","base_unit_name":{"singular":null,"plural":null},"default_variation":null},"tiered_pricing_minimum_quantity":null,"tiered_pricing_roles_data":[],"tiered_pricing_percentage_rules":[],"tiered_pricing_maximum_quantity":null,"tiered_pricing_quantity_step":null,"_links":{"self":[{"href":"https:\/\/b2b.pakery.pl\/pl\/wp-json\/wp\/v2\/product\/1996","targetHints":{"allow":["GET"]}}],"collection":[{"href":"https:\/\/b2b.pakery.pl\/pl\/wp-json\/wp\/v2\/product"}],"about":[{"href":"https:\/\/b2b.pakery.pl\/pl\/wp-json\/wp\/v2\/types\/product"}],"version-history":[{"count":29,"href":"https:\/\/b2b.pakery.pl\/pl\/wp-json\/wp\/v2\/product\/1996\/revisions"}],"predecessor-version":[{"id":39892,"href":"https:\/\/b2b.pakery.pl\/pl\/wp-json\/wp\/v2\/product\/1996\/revisions\/39892"}],"wp:featuredmedia":[{"embeddable":true,"href":"https:\/\/b2b.pakery.pl\/pl\/wp-json\/wp\/v2\/media\/39628"}],"wp:attachment":[{"href":"https:\/\/b2b.pakery.pl\/pl\/wp-json\/wp\/v2\/media?parent=1996"}],"wp:term":[{"taxonomy":"product_brand","embeddable":true,"href":"https:\/\/b2b.pakery.pl\/pl\/wp-json\/wp\/v2\/product_brand?post=1996"},{"taxonomy":"product_cat","embeddable":true,"href":"https:\/\/b2b.pakery.pl\/pl\/wp-json\/wp\/v2\/product_cat?post=1996"},{"taxonomy":"product_tag","embeddable":true,"href":"https:\/\/b2b.pakery.pl\/pl\/wp-json\/wp\/v2\/product_tag?post=1996"}],"curies":[{"name":"wp","href":"https:\/\/api.w.org\/{rel}","templated":true}]}}