{"id":1989,"date":"2021-04-22T10:13:16","date_gmt":"2021-04-22T08:13:16","guid":{"rendered":"https:\/\/b2b.pakery.pl\/?post_type=product&#038;p=1989"},"modified":"2022-06-21T13:50:36","modified_gmt":"2022-06-21T11:50:36","slug":"pi-cem-18-100","status":"publish","type":"product","link":"https:\/\/b2b.pakery.pl\/pl\/produkt\/pi-cem-18-100\/","title":{"rendered":"Paker do iniekcji PI-CEM 18\/100"},"content":{"rendered":"\t\t<div data-elementor-type=\"product-post\" data-elementor-id=\"1989\" class=\"elementor elementor-1989\" data-elementor-post-type=\"product\">\n\t\t\t\t\t\t<section class=\"elementor-section elementor-top-section elementor-element elementor-element-fc539b3 elementor-section-full_width elementor-section-height-default elementor-section-height-default\" data-id=\"fc539b3\" data-element_type=\"section\" data-e-type=\"section\">\n\t\t\t\t\t\t<div class=\"elementor-container elementor-column-gap-default\">\n\t\t\t\t\t<div class=\"elementor-column elementor-col-100 elementor-top-column elementor-element elementor-element-f80b319\" data-id=\"f80b319\" data-element_type=\"column\" data-e-type=\"column\">\n\t\t\t<div class=\"elementor-widget-wrap elementor-element-populated\">\n\t\t\t\t\t\t<section class=\"elementor-section elementor-inner-section elementor-element elementor-element-68da547 elementor-section-full_width elementor-section-height-default elementor-section-height-default\" data-id=\"68da547\" data-element_type=\"section\" data-e-type=\"section\">\n\t\t\t\t\t\t<div class=\"elementor-container elementor-column-gap-default\">\n\t\t\t\t\t<div class=\"elementor-column elementor-col-50 elementor-inner-column elementor-element elementor-element-5225542\" data-id=\"5225542\" data-element_type=\"column\" data-e-type=\"column\">\n\t\t\t<div class=\"elementor-widget-wrap elementor-element-populated\">\n\t\t\t\t\t\t<div class=\"elementor-element elementor-element-ecec32a elementor-widget elementor-widget-text-editor\" data-id=\"ecec32a\" data-element_type=\"widget\" data-e-type=\"widget\" data-widget_type=\"text-editor.default\">\n\t\t\t\t<div class=\"elementor-widget-container\">\n\t\t\t\t\t\t\t\t\t<div class=\"_1voj4 _z9prt _1xzdi _ai5yc _5d6n2 _15lj1\"><div class=\"_2d49e_5pK0q\"><p><span style=\"color: #000000;\">Paker do suspensji cementowych \u00a0PI-CEM 18\/100<\/span><\/p><ul><li><span style=\"color: #000000;\">materia\u0142: tworzywo sztuczne<\/span><\/li><li><span style=\"color: #000000;\">\u015brednica otworu iniekcyjnego: \u00d818<\/span><\/li><li><span style=\"color: #000000;\">d\u0142ugo\u015b\u0107: 100 mm<\/span><\/li><li><span style=\"color: #000000;\">gwint 1\/4\u2032 umo\u017cliwiaj\u0105cy monta\u017c nasady szczypcowej lub kalamitki p\u0142askiej z gwintem wewn\u0119trznym 1\/4\u2032<\/span><\/li><li><span style=\"color: #000000;\">bardzo du\u017cy przep\u0142yw \u00d87,5mm<\/span><\/li><\/ul><p><span style=\"color: #000000;\">ZASTOSOWANIE:<\/span><\/p><p><span style=\"color: #000000;\">Iniekcje uszczelniaj\u0105ce, iniekcje wype\u0142niaj\u0105ce.<\/span><\/p><p><span style=\"color: #000000;\">MATERIA\u0141Y:<\/span><\/p><p><span style=\"color: #000000;\">suspensje cementowe, dyspersje wodne.<\/span><\/p><p><span style=\"color: #000000;\">Iniektor, dzi\u0119ki du\u017cej \u015brednicy przep\u0142ywu, umo\u017cliwia wykonywanie iniekcji materia\u0142ami o wi\u0119kszej g\u0119sto\u015bci lub ziarnisto\u015bci.<\/span><\/p><p><span style=\"color: #000000;\">Dodaj sw\u00f3j ulubiony zaw\u00f3r: nasada p\u0142aska 1\/4 lub kalamitka szczypcowa<\/span><\/p><\/div><\/div>\t\t\t\t\t\t\t\t<\/div>\n\t\t\t\t<\/div>\n\t\t\t\t\t<\/div>\n\t\t<\/div>\n\t\t\t\t<div class=\"elementor-column elementor-col-50 elementor-inner-column elementor-element elementor-element-628e459\" data-id=\"628e459\" data-element_type=\"column\" data-e-type=\"column\">\n\t\t\t<div class=\"elementor-widget-wrap elementor-element-populated\">\n\t\t\t\t\t\t<div class=\"elementor-element elementor-element-1c67eab elementor-widget elementor-widget-image\" data-id=\"1c67eab\" data-element_type=\"widget\" data-e-type=\"widget\" data-widget_type=\"image.default\">\n\t\t\t\t<div class=\"elementor-widget-container\">\n\t\t\t\t\t\t\t\t\t\t\t\t\t\t\t<img fetchpriority=\"high\" decoding=\"async\" width=\"1024\" height=\"670\" src=\"https:\/\/b2b.pakery.pl\/wp-content\/uploads\/2021\/05\/pakery-do-cementu-kalamitki-e1621354703978-1024x670.png\" class=\"attachment-large size-large wp-image-3718\" alt=\"\" srcset=\"https:\/\/b2b.pakery.pl\/wp-content\/uploads\/2021\/05\/pakery-do-cementu-kalamitki-e1621354703978-1024x670.png 1024w, https:\/\/b2b.pakery.pl\/wp-content\/uploads\/2021\/05\/pakery-do-cementu-kalamitki-e1621354703978-300x196.png 300w, https:\/\/b2b.pakery.pl\/wp-content\/uploads\/2021\/05\/pakery-do-cementu-kalamitki-e1621354703978-768x503.png 768w, https:\/\/b2b.pakery.pl\/wp-content\/uploads\/2021\/05\/pakery-do-cementu-kalamitki-e1621354703978-1536x1006.png 1536w, https:\/\/b2b.pakery.pl\/wp-content\/uploads\/2021\/05\/pakery-do-cementu-kalamitki-e1621354703978-683x447.png 683w, https:\/\/b2b.pakery.pl\/wp-content\/uploads\/2021\/05\/pakery-do-cementu-kalamitki-e1621354703978-602x394.png 602w, https:\/\/b2b.pakery.pl\/wp-content\/uploads\/2021\/05\/pakery-do-cementu-kalamitki-e1621354703978.png 1761w\" sizes=\"(max-width: 1024px) 100vw, 1024px\" \/>\t\t\t\t\t\t\t\t\t\t\t\t\t\t\t<\/div>\n\t\t\t\t<\/div>\n\t\t\t\t\t<\/div>\n\t\t<\/div>\n\t\t\t\t\t<\/div>\n\t\t<\/section>\n\t\t\t\t\t<\/div>\n\t\t<\/div>\n\t\t\t\t\t<\/div>\n\t\t<\/section>\n\t\t\t\t<section class=\"elementor-section elementor-top-section elementor-element elementor-element-81131c9 elementor-section-full_width elementor-section-height-default elementor-section-height-default\" data-id=\"81131c9\" data-element_type=\"section\" data-e-type=\"section\">\n\t\t\t\t\t\t<div class=\"elementor-container elementor-column-gap-default\">\n\t\t\t\t\t<div class=\"elementor-column elementor-col-16 elementor-top-column elementor-element elementor-element-5632622\" data-id=\"5632622\" data-element_type=\"column\" data-e-type=\"column\">\n\t\t\t<div class=\"elementor-widget-wrap elementor-element-populated\">\n\t\t\t\t\t\t<div class=\"elementor-element elementor-element-35df953 elementor-align-center elementor-widget elementor-widget-button\" data-id=\"35df953\" data-element_type=\"widget\" data-e-type=\"widget\" data-widget_type=\"button.default\">\n\t\t\t\t<div class=\"elementor-widget-container\">\n\t\t\t\t\t\t\t\t\t<div class=\"elementor-button-wrapper\">\n\t\t\t\t\t<a class=\"elementor-button elementor-button-link elementor-size-sm\" href=\"https:\/\/b2b.pakery.pl\/produkt\/nasada-szczypcowa-1-4\/\">\n\t\t\t\t\t\t<span class=\"elementor-button-content-wrapper\">\n\t\t\t\t\t\t\t\t\t<span class=\"elementor-button-text\">WYBIERZ NASAD\u0118 SZCZYPCOW\u0104 <\/span>\n\t\t\t\t\t<\/span>\n\t\t\t\t\t<\/a>\n\t\t\t\t<\/div>\n\t\t\t\t\t\t\t\t<\/div>\n\t\t\t\t<\/div>\n\t\t\t\t\t<\/div>\n\t\t<\/div>\n\t\t\t\t<div class=\"elementor-column elementor-col-16 elementor-top-column elementor-element elementor-element-eefcd59\" data-id=\"eefcd59\" data-element_type=\"column\" data-e-type=\"column\">\n\t\t\t<div class=\"elementor-widget-wrap elementor-element-populated\">\n\t\t\t\t\t\t<div class=\"elementor-element elementor-element-0a2808a elementor-widget elementor-widget-image\" data-id=\"0a2808a\" data-element_type=\"widget\" data-e-type=\"widget\" data-widget_type=\"image.default\">\n\t\t\t\t<div class=\"elementor-widget-container\">\n\t\t\t\t\t\t\t\t\t\t\t\t\t\t\t<img decoding=\"async\" width=\"64\" height=\"64\" src=\"https:\/\/b2b.pakery.pl\/wp-content\/uploads\/2021\/04\/szczypcowa-ikona.png\" class=\"attachment-large size-large wp-image-3873\" alt=\"\" \/>\t\t\t\t\t\t\t\t\t\t\t\t\t\t\t<\/div>\n\t\t\t\t<\/div>\n\t\t\t\t\t<\/div>\n\t\t<\/div>\n\t\t\t\t<div class=\"elementor-column elementor-col-16 elementor-top-column elementor-element elementor-element-badef9d\" data-id=\"badef9d\" data-element_type=\"column\" data-e-type=\"column\">\n\t\t\t<div class=\"elementor-widget-wrap\">\n\t\t\t\t\t\t\t<\/div>\n\t\t<\/div>\n\t\t\t\t<div class=\"elementor-column elementor-col-16 elementor-top-column elementor-element elementor-element-8708bd0\" data-id=\"8708bd0\" data-element_type=\"column\" data-e-type=\"column\">\n\t\t\t<div class=\"elementor-widget-wrap\">\n\t\t\t\t\t\t\t<\/div>\n\t\t<\/div>\n\t\t\t\t<div class=\"elementor-column elementor-col-16 elementor-top-column elementor-element elementor-element-de5f29b\" data-id=\"de5f29b\" data-element_type=\"column\" data-e-type=\"column\">\n\t\t\t<div class=\"elementor-widget-wrap\">\n\t\t\t\t\t\t\t<\/div>\n\t\t<\/div>\n\t\t\t\t<div class=\"elementor-column elementor-col-16 elementor-top-column elementor-element elementor-element-db1425f\" data-id=\"db1425f\" data-element_type=\"column\" data-e-type=\"column\">\n\t\t\t<div class=\"elementor-widget-wrap\">\n\t\t\t\t\t\t\t<\/div>\n\t\t<\/div>\n\t\t\t\t\t<\/div>\n\t\t<\/section>\n\t\t\t\t<section class=\"elementor-section elementor-top-section elementor-element elementor-element-0bb3ab7 elementor-section-full_width elementor-section-height-default elementor-section-height-default\" data-id=\"0bb3ab7\" data-element_type=\"section\" data-e-type=\"section\">\n\t\t\t\t\t\t<div class=\"elementor-container elementor-column-gap-default\">\n\t\t\t\t\t<div class=\"elementor-column elementor-col-16 elementor-top-column elementor-element elementor-element-d46999b\" data-id=\"d46999b\" data-element_type=\"column\" data-e-type=\"column\">\n\t\t\t<div class=\"elementor-widget-wrap elementor-element-populated\">\n\t\t\t\t\t\t<div class=\"elementor-element elementor-element-6d02e4a elementor-align-center elementor-widget elementor-widget-button\" data-id=\"6d02e4a\" data-element_type=\"widget\" data-e-type=\"widget\" data-widget_type=\"button.default\">\n\t\t\t\t<div class=\"elementor-widget-container\">\n\t\t\t\t\t\t\t\t\t<div class=\"elementor-button-wrapper\">\n\t\t\t\t\t<a class=\"elementor-button elementor-button-link elementor-size-sm\" href=\"https:\/\/b2b.pakery.pl\/produkt\/kalamitka-plaska-do-suspensji-cementowych\/\">\n\t\t\t\t\t\t<span class=\"elementor-button-content-wrapper\">\n\t\t\t\t\t\t\t\t\t<span class=\"elementor-button-text\">WYBIERZ KALAMITK\u0118 P\u0141ASK\u0104 <\/span>\n\t\t\t\t\t<\/span>\n\t\t\t\t\t<\/a>\n\t\t\t\t<\/div>\n\t\t\t\t\t\t\t\t<\/div>\n\t\t\t\t<\/div>\n\t\t\t\t\t<\/div>\n\t\t<\/div>\n\t\t\t\t<div class=\"elementor-column elementor-col-16 elementor-top-column elementor-element elementor-element-60be820\" data-id=\"60be820\" data-element_type=\"column\" data-e-type=\"column\">\n\t\t\t<div class=\"elementor-widget-wrap elementor-element-populated\">\n\t\t\t\t\t\t<div class=\"elementor-element elementor-element-9a04c7d elementor-widget elementor-widget-image\" data-id=\"9a04c7d\" data-element_type=\"widget\" data-e-type=\"widget\" data-widget_type=\"image.default\">\n\t\t\t\t<div class=\"elementor-widget-container\">\n\t\t\t\t\t\t\t\t\t\t\t\t\t\t\t<img decoding=\"async\" width=\"64\" height=\"64\" src=\"https:\/\/b2b.pakery.pl\/wp-content\/uploads\/2021\/04\/ikona-kalamitka-.png\" class=\"attachment-large size-large wp-image-3861\" alt=\"\" \/>\t\t\t\t\t\t\t\t\t\t\t\t\t\t\t<\/div>\n\t\t\t\t<\/div>\n\t\t\t\t\t<\/div>\n\t\t<\/div>\n\t\t\t\t<div class=\"elementor-column elementor-col-16 elementor-top-column elementor-element elementor-element-72b67fe\" data-id=\"72b67fe\" data-element_type=\"column\" data-e-type=\"column\">\n\t\t\t<div class=\"elementor-widget-wrap\">\n\t\t\t\t\t\t\t<\/div>\n\t\t<\/div>\n\t\t\t\t<div class=\"elementor-column elementor-col-16 elementor-top-column elementor-element elementor-element-7a2311d\" data-id=\"7a2311d\" data-element_type=\"column\" data-e-type=\"column\">\n\t\t\t<div class=\"elementor-widget-wrap\">\n\t\t\t\t\t\t\t<\/div>\n\t\t<\/div>\n\t\t\t\t<div class=\"elementor-column elementor-col-16 elementor-top-column elementor-element elementor-element-f269856\" data-id=\"f269856\" data-element_type=\"column\" data-e-type=\"column\">\n\t\t\t<div class=\"elementor-widget-wrap\">\n\t\t\t\t\t\t\t<\/div>\n\t\t<\/div>\n\t\t\t\t<div class=\"elementor-column elementor-col-16 elementor-top-column elementor-element elementor-element-6c9cdae\" data-id=\"6c9cdae\" data-element_type=\"column\" data-e-type=\"column\">\n\t\t\t<div class=\"elementor-widget-wrap\">\n\t\t\t\t\t\t\t<\/div>\n\t\t<\/div>\n\t\t\t\t\t<\/div>\n\t\t<\/section>\n\t\t\t\t<\/div>\n\t\t","protected":false},"excerpt":{"rendered":"<p>Paker do suspensji cementowych \u00a0PI-CEM 18\/100 materia\u0142: tworzywo sztuczne \u015brednica otworu iniekcyjnego: \u00d818 d\u0142ugo\u015b\u0107: 100 mm gwint 1\/4\u2032 umo\u017cliwiaj\u0105cy monta\u017c nasady szczypcowej lub kalamitki p\u0142askiej z gwintem wewn\u0119trznym 1\/4\u2032 bardzo du\u017cy przep\u0142yw \u00d87,5mm ZASTOSOWANIE: Iniekcje uszczelniaj\u0105ce, iniekcje wype\u0142niaj\u0105ce. MATERIA\u0141Y: suspensje cementowe, dyspersje wodne. Iniektor, dzi\u0119ki du\u017cej \u015brednicy przep\u0142ywu, umo\u017cliwia wykonywanie iniekcji materia\u0142ami o wi\u0119kszej g\u0119sto\u015bci [&hellip;]<\/p>\n","protected":false},"featured_media":4872,"template":"","meta":{"_acf_changed":false},"product_brand":[],"product_cat":[81,43],"product_tag":[1778],"class_list":{"0":"post-1989","1":"product","2":"type-product","3":"status-publish","4":"has-post-thumbnail","6":"product_cat-pakery-do-cementu","7":"product_cat-pakery-plastikowe","8":"product_tag-pakery-iniekcyjne","10":"first","11":"instock","12":"taxable","13":"shipping-taxable","14":"purchasable","15":"product-type-variable"},"acf":[],"yoast_head":"<!-- This site is optimized with the Yoast SEO plugin v24.8.1 - https:\/\/yoast.com\/wordpress\/plugins\/seo\/ -->\n<title>Paker do iniekcji suspensji cementowych PI-CEM 18\/100 - PAKERY.PL<\/title>\n<meta name=\"description\" content=\"Paker do iniekcji suspensji cementowych. Gwint kompatybilny z nasad\u0105 szczypcow\u0105 dzi\u0119ki czemu mo\u017cna wykorzystywa\u0107 szczypce iniekcyjne | Hammpack\" \/>\n<meta name=\"robots\" content=\"index, follow, max-snippet:-1, max-image-preview:large, max-video-preview:-1\" \/>\n<link rel=\"canonical\" href=\"https:\/\/b2b.pakery.pl\/pl\/produkt\/pi-cem-18-100\/\" \/>\n<meta property=\"og:locale\" content=\"pl_PL\" \/>\n<meta property=\"og:type\" content=\"article\" \/>\n<meta property=\"og:title\" content=\"Paker do iniekcji suspensji cementowych PI-CEM 18\/100 - PAKERY.PL\" \/>\n<meta property=\"og:description\" content=\"Paker do iniekcji suspensji cementowych. Gwint kompatybilny z nasad\u0105 szczypcow\u0105 dzi\u0119ki czemu mo\u017cna wykorzystywa\u0107 szczypce iniekcyjne | Hammpack\" \/>\n<meta property=\"og:url\" content=\"https:\/\/b2b.pakery.pl\/pl\/produkt\/pi-cem-18-100\/\" \/>\n<meta property=\"og:site_name\" content=\"PAKERY.PL\" \/>\n<meta property=\"article:modified_time\" content=\"2022-06-21T11:50:36+00:00\" \/>\n<meta property=\"og:image\" content=\"https:\/\/b2b.pakery.pl\/wp-content\/uploads\/2021\/04\/pi-cem-18100-1.png\" \/>\n\t<meta property=\"og:image:width\" content=\"2500\" \/>\n\t<meta property=\"og:image:height\" content=\"2500\" \/>\n\t<meta property=\"og:image:type\" content=\"image\/png\" \/>\n<meta name=\"twitter:card\" content=\"summary_large_image\" \/>\n<script type=\"application\/ld+json\" class=\"yoast-schema-graph\">{\"@context\":\"https:\/\/schema.org\",\"@graph\":[{\"@type\":\"WebPage\",\"@id\":\"https:\/\/b2b.pakery.pl\/pl\/produkt\/pi-cem-18-100\/\",\"url\":\"https:\/\/b2b.pakery.pl\/pl\/produkt\/pi-cem-18-100\/\",\"name\":\"Paker do iniekcji suspensji cementowych PI-CEM 18\/100 - PAKERY.PL\",\"isPartOf\":{\"@id\":\"https:\/\/b2b.pakery.pl\/pl\/#website\"},\"primaryImageOfPage\":{\"@id\":\"https:\/\/b2b.pakery.pl\/pl\/produkt\/pi-cem-18-100\/#primaryimage\"},\"image\":{\"@id\":\"https:\/\/b2b.pakery.pl\/pl\/produkt\/pi-cem-18-100\/#primaryimage\"},\"thumbnailUrl\":\"https:\/\/b2b.pakery.pl\/wp-content\/uploads\/2021\/04\/pi-cem-18100-1.png\",\"datePublished\":\"2021-04-22T08:13:16+00:00\",\"dateModified\":\"2022-06-21T11:50:36+00:00\",\"description\":\"Paker do iniekcji suspensji cementowych. Gwint kompatybilny z nasad\u0105 szczypcow\u0105 dzi\u0119ki czemu mo\u017cna wykorzystywa\u0107 szczypce iniekcyjne | Hammpack\",\"breadcrumb\":{\"@id\":\"https:\/\/b2b.pakery.pl\/pl\/produkt\/pi-cem-18-100\/#breadcrumb\"},\"inLanguage\":\"pl-PL\",\"potentialAction\":[{\"@type\":\"ReadAction\",\"target\":[\"https:\/\/b2b.pakery.pl\/pl\/produkt\/pi-cem-18-100\/\"]}]},{\"@type\":\"ImageObject\",\"inLanguage\":\"pl-PL\",\"@id\":\"https:\/\/b2b.pakery.pl\/pl\/produkt\/pi-cem-18-100\/#primaryimage\",\"url\":\"https:\/\/b2b.pakery.pl\/wp-content\/uploads\/2021\/04\/pi-cem-18100-1.png\",\"contentUrl\":\"https:\/\/b2b.pakery.pl\/wp-content\/uploads\/2021\/04\/pi-cem-18100-1.png\",\"width\":2500,\"height\":2500,\"caption\":\"paker do cementu\"},{\"@type\":\"BreadcrumbList\",\"@id\":\"https:\/\/b2b.pakery.pl\/pl\/produkt\/pi-cem-18-100\/#breadcrumb\",\"itemListElement\":[{\"@type\":\"ListItem\",\"position\":1,\"name\":\"Strona g\u0142\u00f3wna\",\"item\":\"https:\/\/b2b.pakery.pl\/pl\/strona-glowna\/\"},{\"@type\":\"ListItem\",\"position\":2,\"name\":\"Sklep\",\"item\":\"https:\/\/b2b.pakery.pl\/pl\/sklep\/\"},{\"@type\":\"ListItem\",\"position\":3,\"name\":\"Paker do iniekcji PI-CEM 18\/100\"}]},{\"@type\":\"WebSite\",\"@id\":\"https:\/\/b2b.pakery.pl\/pl\/#website\",\"url\":\"https:\/\/b2b.pakery.pl\/pl\/\",\"name\":\"Pakery.pl\",\"description\":\"Injection Packers, Spiral Anchors, Injection Lances, Injection Hoses, Injection Pumps, Injection Pump Service, Injection Pump Rental\",\"publisher\":{\"@id\":\"https:\/\/b2b.pakery.pl\/pl\/#organization\"},\"potentialAction\":[{\"@type\":\"SearchAction\",\"target\":{\"@type\":\"EntryPoint\",\"urlTemplate\":\"https:\/\/b2b.pakery.pl\/pl\/?s={search_term_string}\"},\"query-input\":{\"@type\":\"PropertyValueSpecification\",\"valueRequired\":true,\"valueName\":\"search_term_string\"}}],\"inLanguage\":\"pl-PL\"},{\"@type\":\"Organization\",\"@id\":\"https:\/\/b2b.pakery.pl\/pl\/#organization\",\"name\":\"PAKERY.PL\",\"url\":\"https:\/\/b2b.pakery.pl\/pl\/\",\"logo\":{\"@type\":\"ImageObject\",\"inLanguage\":\"pl-PL\",\"@id\":\"https:\/\/b2b.pakery.pl\/pl\/#\/schema\/logo\/image\/\",\"url\":\"https:\/\/b2b.pakery.pl\/wp-content\/uploads\/2021\/04\/cropped-PAKERY-LOGO.png\",\"contentUrl\":\"https:\/\/b2b.pakery.pl\/wp-content\/uploads\/2021\/04\/cropped-PAKERY-LOGO.png\",\"width\":1529,\"height\":500,\"caption\":\"PAKERY.PL\"},\"image\":{\"@id\":\"https:\/\/b2b.pakery.pl\/pl\/#\/schema\/logo\/image\/\"}}]}<\/script>\n<!-- \/ Yoast SEO plugin. -->","yoast_head_json":{"title":"Paker do iniekcji suspensji cementowych PI-CEM 18\/100 - PAKERY.PL","description":"Paker do iniekcji suspensji cementowych. Gwint kompatybilny z nasad\u0105 szczypcow\u0105 dzi\u0119ki czemu mo\u017cna wykorzystywa\u0107 szczypce iniekcyjne | Hammpack","robots":{"index":"index","follow":"follow","max-snippet":"max-snippet:-1","max-image-preview":"max-image-preview:large","max-video-preview":"max-video-preview:-1"},"canonical":"https:\/\/b2b.pakery.pl\/pl\/produkt\/pi-cem-18-100\/","og_locale":"pl_PL","og_type":"article","og_title":"Paker do iniekcji suspensji cementowych PI-CEM 18\/100 - PAKERY.PL","og_description":"Paker do iniekcji suspensji cementowych. Gwint kompatybilny z nasad\u0105 szczypcow\u0105 dzi\u0119ki czemu mo\u017cna wykorzystywa\u0107 szczypce iniekcyjne | Hammpack","og_url":"https:\/\/b2b.pakery.pl\/pl\/produkt\/pi-cem-18-100\/","og_site_name":"PAKERY.PL","article_modified_time":"2022-06-21T11:50:36+00:00","og_image":[{"width":2500,"height":2500,"url":"https:\/\/b2b.pakery.pl\/wp-content\/uploads\/2021\/04\/pi-cem-18100-1.png","type":"image\/png"}],"twitter_card":"summary_large_image","schema":{"@context":"https:\/\/schema.org","@graph":[{"@type":"WebPage","@id":"https:\/\/b2b.pakery.pl\/pl\/produkt\/pi-cem-18-100\/","url":"https:\/\/b2b.pakery.pl\/pl\/produkt\/pi-cem-18-100\/","name":"Paker do iniekcji suspensji cementowych PI-CEM 18\/100 - PAKERY.PL","isPartOf":{"@id":"https:\/\/b2b.pakery.pl\/pl\/#website"},"primaryImageOfPage":{"@id":"https:\/\/b2b.pakery.pl\/pl\/produkt\/pi-cem-18-100\/#primaryimage"},"image":{"@id":"https:\/\/b2b.pakery.pl\/pl\/produkt\/pi-cem-18-100\/#primaryimage"},"thumbnailUrl":"https:\/\/b2b.pakery.pl\/wp-content\/uploads\/2021\/04\/pi-cem-18100-1.png","datePublished":"2021-04-22T08:13:16+00:00","dateModified":"2022-06-21T11:50:36+00:00","description":"Paker do iniekcji suspensji cementowych. Gwint kompatybilny z nasad\u0105 szczypcow\u0105 dzi\u0119ki czemu mo\u017cna wykorzystywa\u0107 szczypce iniekcyjne | Hammpack","breadcrumb":{"@id":"https:\/\/b2b.pakery.pl\/pl\/produkt\/pi-cem-18-100\/#breadcrumb"},"inLanguage":"pl-PL","potentialAction":[{"@type":"ReadAction","target":["https:\/\/b2b.pakery.pl\/pl\/produkt\/pi-cem-18-100\/"]}]},{"@type":"ImageObject","inLanguage":"pl-PL","@id":"https:\/\/b2b.pakery.pl\/pl\/produkt\/pi-cem-18-100\/#primaryimage","url":"https:\/\/b2b.pakery.pl\/wp-content\/uploads\/2021\/04\/pi-cem-18100-1.png","contentUrl":"https:\/\/b2b.pakery.pl\/wp-content\/uploads\/2021\/04\/pi-cem-18100-1.png","width":2500,"height":2500,"caption":"paker do cementu"},{"@type":"BreadcrumbList","@id":"https:\/\/b2b.pakery.pl\/pl\/produkt\/pi-cem-18-100\/#breadcrumb","itemListElement":[{"@type":"ListItem","position":1,"name":"Strona g\u0142\u00f3wna","item":"https:\/\/b2b.pakery.pl\/pl\/strona-glowna\/"},{"@type":"ListItem","position":2,"name":"Sklep","item":"https:\/\/b2b.pakery.pl\/pl\/sklep\/"},{"@type":"ListItem","position":3,"name":"Paker do iniekcji PI-CEM 18\/100"}]},{"@type":"WebSite","@id":"https:\/\/b2b.pakery.pl\/pl\/#website","url":"https:\/\/b2b.pakery.pl\/pl\/","name":"Pakery.pl","description":"Injection Packers, Spiral Anchors, Injection Lances, Injection Hoses, Injection Pumps, Injection Pump Service, Injection Pump Rental","publisher":{"@id":"https:\/\/b2b.pakery.pl\/pl\/#organization"},"potentialAction":[{"@type":"SearchAction","target":{"@type":"EntryPoint","urlTemplate":"https:\/\/b2b.pakery.pl\/pl\/?s={search_term_string}"},"query-input":{"@type":"PropertyValueSpecification","valueRequired":true,"valueName":"search_term_string"}}],"inLanguage":"pl-PL"},{"@type":"Organization","@id":"https:\/\/b2b.pakery.pl\/pl\/#organization","name":"PAKERY.PL","url":"https:\/\/b2b.pakery.pl\/pl\/","logo":{"@type":"ImageObject","inLanguage":"pl-PL","@id":"https:\/\/b2b.pakery.pl\/pl\/#\/schema\/logo\/image\/","url":"https:\/\/b2b.pakery.pl\/wp-content\/uploads\/2021\/04\/cropped-PAKERY-LOGO.png","contentUrl":"https:\/\/b2b.pakery.pl\/wp-content\/uploads\/2021\/04\/cropped-PAKERY-LOGO.png","width":1529,"height":500,"caption":"PAKERY.PL"},"image":{"@id":"https:\/\/b2b.pakery.pl\/pl\/#\/schema\/logo\/image\/"}}]}},"tiered_pricing_type":"fixed","tiered_pricing_fixed_rules":{"1500":"2.79","3000":"2.59","6000":"2.39"},"tiered_pricing_product_settings":{"layout":"default","base_unit_name":{"singular":null,"plural":null},"default_variation":null},"tiered_pricing_minimum_quantity":null,"tiered_pricing_roles_data":[],"tiered_pricing_percentage_rules":[],"tiered_pricing_maximum_quantity":null,"tiered_pricing_quantity_step":null,"_links":{"self":[{"href":"https:\/\/b2b.pakery.pl\/pl\/wp-json\/wp\/v2\/product\/1989","targetHints":{"allow":["GET"]}}],"collection":[{"href":"https:\/\/b2b.pakery.pl\/pl\/wp-json\/wp\/v2\/product"}],"about":[{"href":"https:\/\/b2b.pakery.pl\/pl\/wp-json\/wp\/v2\/types\/product"}],"version-history":[{"count":40,"href":"https:\/\/b2b.pakery.pl\/pl\/wp-json\/wp\/v2\/product\/1989\/revisions"}],"predecessor-version":[{"id":38686,"href":"https:\/\/b2b.pakery.pl\/pl\/wp-json\/wp\/v2\/product\/1989\/revisions\/38686"}],"wp:featuredmedia":[{"embeddable":true,"href":"https:\/\/b2b.pakery.pl\/pl\/wp-json\/wp\/v2\/media\/4872"}],"wp:attachment":[{"href":"https:\/\/b2b.pakery.pl\/pl\/wp-json\/wp\/v2\/media?parent=1989"}],"wp:term":[{"taxonomy":"product_brand","embeddable":true,"href":"https:\/\/b2b.pakery.pl\/pl\/wp-json\/wp\/v2\/product_brand?post=1989"},{"taxonomy":"product_cat","embeddable":true,"href":"https:\/\/b2b.pakery.pl\/pl\/wp-json\/wp\/v2\/product_cat?post=1989"},{"taxonomy":"product_tag","embeddable":true,"href":"https:\/\/b2b.pakery.pl\/pl\/wp-json\/wp\/v2\/product_tag?post=1989"}],"curies":[{"name":"wp","href":"https:\/\/api.w.org\/{rel}","templated":true}]}}