{"id":1948,"date":"2021-04-22T07:27:57","date_gmt":"2021-04-22T05:27:57","guid":{"rendered":"https:\/\/b2b.pakery.pl\/?post_type=product&#038;p=1948"},"modified":"2025-02-11T16:03:24","modified_gmt":"2025-02-11T15:03:24","slug":"jg-connector-14","status":"publish","type":"product","link":"https:\/\/b2b.pakery.pl\/pl\/produkt\/jg-connector-14\/","title":{"rendered":"\u0141\u0105cznik do lanc iniekcyjnych"},"content":{"rendered":"\t\t<div data-elementor-type=\"product-post\" data-elementor-id=\"1948\" class=\"elementor elementor-1948\" data-elementor-post-type=\"product\">\n\t\t\t\t\t\t<section class=\"elementor-section elementor-top-section elementor-element elementor-element-33958ac elementor-section-full_width elementor-section-height-default elementor-section-height-default\" data-id=\"33958ac\" data-element_type=\"section\" data-e-type=\"section\">\n\t\t\t\t\t\t<div class=\"elementor-container elementor-column-gap-default\">\n\t\t\t\t\t<div class=\"elementor-column elementor-col-100 elementor-top-column elementor-element elementor-element-0522b5f\" data-id=\"0522b5f\" data-element_type=\"column\" data-e-type=\"column\">\n\t\t\t<div class=\"elementor-widget-wrap elementor-element-populated\">\n\t\t\t\t\t\t<div class=\"elementor-element elementor-element-7f79f68 elementor-widget elementor-widget-image\" data-id=\"7f79f68\" data-element_type=\"widget\" data-e-type=\"widget\" data-widget_type=\"image.default\">\n\t\t\t\t<div class=\"elementor-widget-container\">\n\t\t\t\t\t\t\t\t\t\t\t\t\t\t\t<img fetchpriority=\"high\" decoding=\"async\" width=\"3508\" height=\"1299\" src=\"https:\/\/b2b.pakery.pl\/wp-content\/uploads\/2021\/04\/connector-14.png\" class=\"attachment-full size-full wp-image-39738\" alt=\"\" srcset=\"https:\/\/b2b.pakery.pl\/wp-content\/uploads\/2021\/04\/connector-14.png 3508w, https:\/\/b2b.pakery.pl\/wp-content\/uploads\/2021\/04\/connector-14-300x111.png 300w, https:\/\/b2b.pakery.pl\/wp-content\/uploads\/2021\/04\/connector-14-1024x379.png 1024w, https:\/\/b2b.pakery.pl\/wp-content\/uploads\/2021\/04\/connector-14-768x284.png 768w, https:\/\/b2b.pakery.pl\/wp-content\/uploads\/2021\/04\/connector-14-1536x569.png 1536w, https:\/\/b2b.pakery.pl\/wp-content\/uploads\/2021\/04\/connector-14-2048x758.png 2048w, https:\/\/b2b.pakery.pl\/wp-content\/uploads\/2021\/04\/connector-14-683x253.png 683w, https:\/\/b2b.pakery.pl\/wp-content\/uploads\/2021\/04\/connector-14-602x223.png 602w\" sizes=\"(max-width: 3508px) 100vw, 3508px\" \/>\t\t\t\t\t\t\t\t\t\t\t\t\t\t\t<\/div>\n\t\t\t\t<\/div>\n\t\t\t\t<div class=\"elementor-element elementor-element-6ba7736 elementor-widget elementor-widget-text-editor\" data-id=\"6ba7736\" data-element_type=\"widget\" data-e-type=\"widget\" data-widget_type=\"text-editor.default\">\n\t\t\t\t<div class=\"elementor-widget-container\">\n\t\t\t\t\t\t\t\t\t<h3><span style=\"color: #000000;\"><strong>JG-CONNECTOR 14<\/strong><\/span><\/h3><p><span style=\"color: #000000;\"><strong>PARAMETRY TECHNICZNE:<\/strong><\/span><\/p><ul><li><span style=\"color: #000000;\"><em>materia\u0142: <b>stal<\/b><\/em><\/span><\/li><li><span style=\"color: #000000;\"><em>\u015br. zew.: <b>\u00d816 mm<\/b><\/em><\/span><\/li><li><span style=\"color: #000000;\"><em>\u015br. wew.: <b>\u00d813 mm<\/b><\/em><\/span><\/li><li><span style=\"color: #000000;\"><em><b>GW 1\/4 x2<\/b><\/em><\/span><\/li><li><strong><span style=\"color: #000000;\"><em>pod klucz 15<\/em><\/span><\/strong><\/li><\/ul><p><span style=\"color: #000000;\">\u0141\u0105cznik lanc iniekcyjnych, o specjalnie wyprofilowanym kszta\u0142cie, u\u0142atwiaj\u0105cym wbijanie lanc. Bardzo wygodny ze wzgl\u0119du na mo\u017cliwo\u015b\u0107 u\u017cycia klucza p\u0142askiego 15.<\/span><\/p>\t\t\t\t\t\t\t\t<\/div>\n\t\t\t\t<\/div>\n\t\t\t\t\t<\/div>\n\t\t<\/div>\n\t\t\t\t\t<\/div>\n\t\t<\/section>\n\t\t\t\t<\/div>\n\t\t","protected":false},"excerpt":{"rendered":"<p>JG-CONNECTOR 14 PARAMETRY TECHNICZNE: materia\u0142: stal \u015br. zew.: \u00d816 mm \u015br. wew.: \u00d813 mm GW 1\/4 x2 pod klucz 15 \u0141\u0105cznik lanc iniekcyjnych, o specjalnie wyprofilowanym kszta\u0142cie, u\u0142atwiaj\u0105cym wbijanie lanc. Bardzo wygodny ze wzgl\u0119du na mo\u017cliwo\u015b\u0107 u\u017cycia klucza p\u0142askiego 15.<\/p>\n","protected":false},"featured_media":1951,"template":"","meta":{"_acf_changed":false},"product_brand":[],"product_cat":[29],"product_tag":[],"class_list":{"0":"post-1948","1":"product","2":"type-product","3":"status-publish","4":"has-post-thumbnail","6":"product_cat-lance-iniekcyjne-jg-system-13","8":"first","9":"instock","10":"taxable","11":"shipping-taxable","12":"purchasable","13":"product-type-simple"},"acf":[],"yoast_head":"<!-- This site is optimized with the Yoast SEO plugin v24.8.1 - https:\/\/yoast.com\/wordpress\/plugins\/seo\/ -->\n<title>\u0141\u0105cznik do lanc iniekcyjnych - PAKERY.PL<\/title>\n<meta name=\"robots\" content=\"index, follow, max-snippet:-1, max-image-preview:large, max-video-preview:-1\" \/>\n<link rel=\"canonical\" href=\"https:\/\/b2b.pakery.pl\/pl\/produkt\/jg-connector-14\/\" \/>\n<meta property=\"og:locale\" content=\"pl_PL\" \/>\n<meta property=\"og:type\" content=\"article\" \/>\n<meta property=\"og:title\" content=\"\u0141\u0105cznik do lanc iniekcyjnych - PAKERY.PL\" \/>\n<meta property=\"og:description\" content=\"JG-CONNECTOR 14 PARAMETRY TECHNICZNE: materia\u0142: stal \u015br. zew.: \u00d816 mm \u015br. wew.: \u00d813 mm GW 1\/4 x2 pod klucz 15 \u0141\u0105cznik lanc iniekcyjnych, o specjalnie wyprofilowanym kszta\u0142cie, u\u0142atwiaj\u0105cym wbijanie lanc. Bardzo wygodny ze wzgl\u0119du na mo\u017cliwo\u015b\u0107 u\u017cycia klucza p\u0142askiego 15.\" \/>\n<meta property=\"og:url\" content=\"https:\/\/b2b.pakery.pl\/pl\/produkt\/jg-connector-14\/\" \/>\n<meta property=\"og:site_name\" content=\"PAKERY.PL\" \/>\n<meta property=\"article:modified_time\" content=\"2025-02-11T15:03:24+00:00\" \/>\n<meta property=\"og:image\" content=\"https:\/\/b2b.pakery.pl\/wp-content\/uploads\/2021\/04\/JG-CONNECTOR-14.png\" \/>\n\t<meta property=\"og:image:width\" content=\"2500\" \/>\n\t<meta property=\"og:image:height\" content=\"2500\" \/>\n\t<meta property=\"og:image:type\" content=\"image\/png\" \/>\n<meta name=\"twitter:card\" content=\"summary_large_image\" \/>\n<script type=\"application\/ld+json\" class=\"yoast-schema-graph\">{\"@context\":\"https:\/\/schema.org\",\"@graph\":[{\"@type\":\"WebPage\",\"@id\":\"https:\/\/b2b.pakery.pl\/pl\/produkt\/jg-connector-14\/\",\"url\":\"https:\/\/b2b.pakery.pl\/pl\/produkt\/jg-connector-14\/\",\"name\":\"\u0141\u0105cznik do lanc iniekcyjnych - PAKERY.PL\",\"isPartOf\":{\"@id\":\"https:\/\/b2b.pakery.pl\/pl\/#website\"},\"primaryImageOfPage\":{\"@id\":\"https:\/\/b2b.pakery.pl\/pl\/produkt\/jg-connector-14\/#primaryimage\"},\"image\":{\"@id\":\"https:\/\/b2b.pakery.pl\/pl\/produkt\/jg-connector-14\/#primaryimage\"},\"thumbnailUrl\":\"https:\/\/b2b.pakery.pl\/wp-content\/uploads\/2021\/04\/JG-CONNECTOR-14.png\",\"datePublished\":\"2021-04-22T05:27:57+00:00\",\"dateModified\":\"2025-02-11T15:03:24+00:00\",\"breadcrumb\":{\"@id\":\"https:\/\/b2b.pakery.pl\/pl\/produkt\/jg-connector-14\/#breadcrumb\"},\"inLanguage\":\"pl-PL\",\"potentialAction\":[{\"@type\":\"ReadAction\",\"target\":[\"https:\/\/b2b.pakery.pl\/pl\/produkt\/jg-connector-14\/\"]}]},{\"@type\":\"ImageObject\",\"inLanguage\":\"pl-PL\",\"@id\":\"https:\/\/b2b.pakery.pl\/pl\/produkt\/jg-connector-14\/#primaryimage\",\"url\":\"https:\/\/b2b.pakery.pl\/wp-content\/uploads\/2021\/04\/JG-CONNECTOR-14.png\",\"contentUrl\":\"https:\/\/b2b.pakery.pl\/wp-content\/uploads\/2021\/04\/JG-CONNECTOR-14.png\",\"width\":2500,\"height\":2500},{\"@type\":\"BreadcrumbList\",\"@id\":\"https:\/\/b2b.pakery.pl\/pl\/produkt\/jg-connector-14\/#breadcrumb\",\"itemListElement\":[{\"@type\":\"ListItem\",\"position\":1,\"name\":\"Strona g\u0142\u00f3wna\",\"item\":\"https:\/\/b2b.pakery.pl\/pl\/strona-glowna\/\"},{\"@type\":\"ListItem\",\"position\":2,\"name\":\"Sklep\",\"item\":\"https:\/\/b2b.pakery.pl\/pl\/sklep\/\"},{\"@type\":\"ListItem\",\"position\":3,\"name\":\"\u0141\u0105cznik do lanc iniekcyjnych\"}]},{\"@type\":\"WebSite\",\"@id\":\"https:\/\/b2b.pakery.pl\/pl\/#website\",\"url\":\"https:\/\/b2b.pakery.pl\/pl\/\",\"name\":\"Pakery.pl\",\"description\":\"Injection Packers, Spiral Anchors, Injection Lances, Injection Hoses, Injection Pumps, Injection Pump Service, Injection Pump Rental\",\"publisher\":{\"@id\":\"https:\/\/b2b.pakery.pl\/pl\/#organization\"},\"potentialAction\":[{\"@type\":\"SearchAction\",\"target\":{\"@type\":\"EntryPoint\",\"urlTemplate\":\"https:\/\/b2b.pakery.pl\/pl\/?s={search_term_string}\"},\"query-input\":{\"@type\":\"PropertyValueSpecification\",\"valueRequired\":true,\"valueName\":\"search_term_string\"}}],\"inLanguage\":\"pl-PL\"},{\"@type\":\"Organization\",\"@id\":\"https:\/\/b2b.pakery.pl\/pl\/#organization\",\"name\":\"PAKERY.PL\",\"url\":\"https:\/\/b2b.pakery.pl\/pl\/\",\"logo\":{\"@type\":\"ImageObject\",\"inLanguage\":\"pl-PL\",\"@id\":\"https:\/\/b2b.pakery.pl\/pl\/#\/schema\/logo\/image\/\",\"url\":\"https:\/\/b2b.pakery.pl\/wp-content\/uploads\/2021\/04\/cropped-PAKERY-LOGO.png\",\"contentUrl\":\"https:\/\/b2b.pakery.pl\/wp-content\/uploads\/2021\/04\/cropped-PAKERY-LOGO.png\",\"width\":1529,\"height\":500,\"caption\":\"PAKERY.PL\"},\"image\":{\"@id\":\"https:\/\/b2b.pakery.pl\/pl\/#\/schema\/logo\/image\/\"}}]}<\/script>\n<!-- \/ Yoast SEO plugin. -->","yoast_head_json":{"title":"\u0141\u0105cznik do lanc iniekcyjnych - PAKERY.PL","robots":{"index":"index","follow":"follow","max-snippet":"max-snippet:-1","max-image-preview":"max-image-preview:large","max-video-preview":"max-video-preview:-1"},"canonical":"https:\/\/b2b.pakery.pl\/pl\/produkt\/jg-connector-14\/","og_locale":"pl_PL","og_type":"article","og_title":"\u0141\u0105cznik do lanc iniekcyjnych - PAKERY.PL","og_description":"JG-CONNECTOR 14 PARAMETRY TECHNICZNE: materia\u0142: stal \u015br. zew.: \u00d816 mm \u015br. wew.: \u00d813 mm GW 1\/4 x2 pod klucz 15 \u0141\u0105cznik lanc iniekcyjnych, o specjalnie wyprofilowanym kszta\u0142cie, u\u0142atwiaj\u0105cym wbijanie lanc. Bardzo wygodny ze wzgl\u0119du na mo\u017cliwo\u015b\u0107 u\u017cycia klucza p\u0142askiego 15.","og_url":"https:\/\/b2b.pakery.pl\/pl\/produkt\/jg-connector-14\/","og_site_name":"PAKERY.PL","article_modified_time":"2025-02-11T15:03:24+00:00","og_image":[{"width":2500,"height":2500,"url":"https:\/\/b2b.pakery.pl\/wp-content\/uploads\/2021\/04\/JG-CONNECTOR-14.png","type":"image\/png"}],"twitter_card":"summary_large_image","schema":{"@context":"https:\/\/schema.org","@graph":[{"@type":"WebPage","@id":"https:\/\/b2b.pakery.pl\/pl\/produkt\/jg-connector-14\/","url":"https:\/\/b2b.pakery.pl\/pl\/produkt\/jg-connector-14\/","name":"\u0141\u0105cznik do lanc iniekcyjnych - PAKERY.PL","isPartOf":{"@id":"https:\/\/b2b.pakery.pl\/pl\/#website"},"primaryImageOfPage":{"@id":"https:\/\/b2b.pakery.pl\/pl\/produkt\/jg-connector-14\/#primaryimage"},"image":{"@id":"https:\/\/b2b.pakery.pl\/pl\/produkt\/jg-connector-14\/#primaryimage"},"thumbnailUrl":"https:\/\/b2b.pakery.pl\/wp-content\/uploads\/2021\/04\/JG-CONNECTOR-14.png","datePublished":"2021-04-22T05:27:57+00:00","dateModified":"2025-02-11T15:03:24+00:00","breadcrumb":{"@id":"https:\/\/b2b.pakery.pl\/pl\/produkt\/jg-connector-14\/#breadcrumb"},"inLanguage":"pl-PL","potentialAction":[{"@type":"ReadAction","target":["https:\/\/b2b.pakery.pl\/pl\/produkt\/jg-connector-14\/"]}]},{"@type":"ImageObject","inLanguage":"pl-PL","@id":"https:\/\/b2b.pakery.pl\/pl\/produkt\/jg-connector-14\/#primaryimage","url":"https:\/\/b2b.pakery.pl\/wp-content\/uploads\/2021\/04\/JG-CONNECTOR-14.png","contentUrl":"https:\/\/b2b.pakery.pl\/wp-content\/uploads\/2021\/04\/JG-CONNECTOR-14.png","width":2500,"height":2500},{"@type":"BreadcrumbList","@id":"https:\/\/b2b.pakery.pl\/pl\/produkt\/jg-connector-14\/#breadcrumb","itemListElement":[{"@type":"ListItem","position":1,"name":"Strona g\u0142\u00f3wna","item":"https:\/\/b2b.pakery.pl\/pl\/strona-glowna\/"},{"@type":"ListItem","position":2,"name":"Sklep","item":"https:\/\/b2b.pakery.pl\/pl\/sklep\/"},{"@type":"ListItem","position":3,"name":"\u0141\u0105cznik do lanc iniekcyjnych"}]},{"@type":"WebSite","@id":"https:\/\/b2b.pakery.pl\/pl\/#website","url":"https:\/\/b2b.pakery.pl\/pl\/","name":"Pakery.pl","description":"Injection Packers, Spiral Anchors, Injection Lances, Injection Hoses, Injection Pumps, Injection Pump Service, Injection Pump Rental","publisher":{"@id":"https:\/\/b2b.pakery.pl\/pl\/#organization"},"potentialAction":[{"@type":"SearchAction","target":{"@type":"EntryPoint","urlTemplate":"https:\/\/b2b.pakery.pl\/pl\/?s={search_term_string}"},"query-input":{"@type":"PropertyValueSpecification","valueRequired":true,"valueName":"search_term_string"}}],"inLanguage":"pl-PL"},{"@type":"Organization","@id":"https:\/\/b2b.pakery.pl\/pl\/#organization","name":"PAKERY.PL","url":"https:\/\/b2b.pakery.pl\/pl\/","logo":{"@type":"ImageObject","inLanguage":"pl-PL","@id":"https:\/\/b2b.pakery.pl\/pl\/#\/schema\/logo\/image\/","url":"https:\/\/b2b.pakery.pl\/wp-content\/uploads\/2021\/04\/cropped-PAKERY-LOGO.png","contentUrl":"https:\/\/b2b.pakery.pl\/wp-content\/uploads\/2021\/04\/cropped-PAKERY-LOGO.png","width":1529,"height":500,"caption":"PAKERY.PL"},"image":{"@id":"https:\/\/b2b.pakery.pl\/pl\/#\/schema\/logo\/image\/"}}]}},"tiered_pricing_type":"fixed","tiered_pricing_fixed_rules":{"100":"7","500":"5"},"tiered_pricing_product_settings":{"layout":"default","base_unit_name":{"singular":null,"plural":null},"default_variation":null},"tiered_pricing_minimum_quantity":null,"tiered_pricing_roles_data":[],"tiered_pricing_percentage_rules":[],"tiered_pricing_maximum_quantity":null,"tiered_pricing_quantity_step":null,"_links":{"self":[{"href":"https:\/\/b2b.pakery.pl\/pl\/wp-json\/wp\/v2\/product\/1948","targetHints":{"allow":["GET"]}}],"collection":[{"href":"https:\/\/b2b.pakery.pl\/pl\/wp-json\/wp\/v2\/product"}],"about":[{"href":"https:\/\/b2b.pakery.pl\/pl\/wp-json\/wp\/v2\/types\/product"}],"version-history":[{"count":10,"href":"https:\/\/b2b.pakery.pl\/pl\/wp-json\/wp\/v2\/product\/1948\/revisions"}],"predecessor-version":[{"id":39903,"href":"https:\/\/b2b.pakery.pl\/pl\/wp-json\/wp\/v2\/product\/1948\/revisions\/39903"}],"wp:featuredmedia":[{"embeddable":true,"href":"https:\/\/b2b.pakery.pl\/pl\/wp-json\/wp\/v2\/media\/1951"}],"wp:attachment":[{"href":"https:\/\/b2b.pakery.pl\/pl\/wp-json\/wp\/v2\/media?parent=1948"}],"wp:term":[{"taxonomy":"product_brand","embeddable":true,"href":"https:\/\/b2b.pakery.pl\/pl\/wp-json\/wp\/v2\/product_brand?post=1948"},{"taxonomy":"product_cat","embeddable":true,"href":"https:\/\/b2b.pakery.pl\/pl\/wp-json\/wp\/v2\/product_cat?post=1948"},{"taxonomy":"product_tag","embeddable":true,"href":"https:\/\/b2b.pakery.pl\/pl\/wp-json\/wp\/v2\/product_tag?post=1948"}],"curies":[{"name":"wp","href":"https:\/\/api.w.org\/{rel}","templated":true}]}}