{"id":1933,"date":"2021-04-21T14:16:43","date_gmt":"2021-04-21T12:16:43","guid":{"rendered":"https:\/\/b2b.pakery.pl\/?post_type=product&#038;p=1933"},"modified":"2023-07-19T13:56:53","modified_gmt":"2023-07-19T11:56:53","slug":"jg-end-per","status":"publish","type":"product","link":"https:\/\/b2b.pakery.pl\/pl\/produkt\/jg-end-per\/","title":{"rendered":"Lanca iniekcyjna perforowana"},"content":{"rendered":"\t\t<div data-elementor-type=\"product-post\" data-elementor-id=\"1933\" class=\"elementor elementor-1933\" data-elementor-post-type=\"product\">\n\t\t\t\t\t\t<section class=\"elementor-section elementor-top-section elementor-element elementor-element-860e25a elementor-section-full_width elementor-section-height-default elementor-section-height-default\" data-id=\"860e25a\" data-element_type=\"section\" data-e-type=\"section\">\n\t\t\t\t\t\t<div class=\"elementor-container elementor-column-gap-default\">\n\t\t\t\t\t<div class=\"elementor-column elementor-col-100 elementor-top-column elementor-element elementor-element-b84f84f\" data-id=\"b84f84f\" data-element_type=\"column\" data-e-type=\"column\">\n\t\t\t<div class=\"elementor-widget-wrap elementor-element-populated\">\n\t\t\t\t\t\t<div class=\"elementor-element elementor-element-e140e1f elementor-widget elementor-widget-image\" data-id=\"e140e1f\" data-element_type=\"widget\" data-e-type=\"widget\" data-widget_type=\"image.default\">\n\t\t\t\t<div class=\"elementor-widget-container\">\n\t\t\t\t\t\t\t\t\t\t\t\t\t\t\t<img fetchpriority=\"high\" decoding=\"async\" width=\"3508\" height=\"1299\" src=\"https:\/\/b2b.pakery.pl\/wp-content\/uploads\/2021\/04\/JE-END-PER.png\" class=\"attachment-full size-full wp-image-39763\" alt=\"\" srcset=\"https:\/\/b2b.pakery.pl\/wp-content\/uploads\/2021\/04\/JE-END-PER.png 3508w, https:\/\/b2b.pakery.pl\/wp-content\/uploads\/2021\/04\/JE-END-PER-300x111.png 300w, https:\/\/b2b.pakery.pl\/wp-content\/uploads\/2021\/04\/JE-END-PER-1024x379.png 1024w, https:\/\/b2b.pakery.pl\/wp-content\/uploads\/2021\/04\/JE-END-PER-768x284.png 768w, https:\/\/b2b.pakery.pl\/wp-content\/uploads\/2021\/04\/JE-END-PER-1536x569.png 1536w, https:\/\/b2b.pakery.pl\/wp-content\/uploads\/2021\/04\/JE-END-PER-2048x758.png 2048w, https:\/\/b2b.pakery.pl\/wp-content\/uploads\/2021\/04\/JE-END-PER-683x253.png 683w, https:\/\/b2b.pakery.pl\/wp-content\/uploads\/2021\/04\/JE-END-PER-602x223.png 602w\" sizes=\"(max-width: 3508px) 100vw, 3508px\" \/>\t\t\t\t\t\t\t\t\t\t\t\t\t\t\t<\/div>\n\t\t\t\t<\/div>\n\t\t\t\t<div class=\"elementor-element elementor-element-08b3c3e elementor-widget elementor-widget-text-editor\" data-id=\"08b3c3e\" data-element_type=\"widget\" data-e-type=\"widget\" data-widget_type=\"text-editor.default\">\n\t\t\t\t<div class=\"elementor-widget-container\">\n\t\t\t\t\t\t\t\t\t<h3><span style=\"color: #000000;\"><strong>JG-END-PER 500 \/ 1000<\/strong><\/span><\/h3>\n<p><\/p>\n<p><span style=\"color: #000000;\"><strong>PARAMETRY TECHNICZNE:<\/strong><\/span><\/p>\n<ul>\n<li><span style=\"color: #000000;\"><em>materia\u0142: <b>stal<\/b><\/em><\/span><\/li>\n<li><span style=\"color: #000000;\"><em>\u015br. zew.: <b>\u00d813 mm<\/b><\/em><\/span><\/li>\n<li><span style=\"color: #000000;\"><em>\u015br. wew.: <b>\u00d89 mm<\/b><\/em><\/span><\/li>\n<li><span style=\"color: #000000;\"><em>\u015br. otwor\u00f3w.: <b>\u00d83,8 mm<\/b><\/em><\/span><\/li>\n<li><span style=\"color: #000000;\"><em>ilo\u015b\u0107 otw. \/ mb: <b>16<\/b><\/em><\/span><\/li>\n<li><span style=\"color: #000000;\"><em><b>GZ 1\/4, m10x1\n<\/b><\/em><p><em><b><\/b><\/em><\/p><\/span><\/li>\n<\/ul>\n<p><span style=\"color: #000000;\">Lance do iniekcji JG-END-PER, to lance pod grot wkr\u0119cany. Wszystkie lance iniekcyjne systemu HAMMPACK wyposa\u017cone s\u0105 w wej\u015bcie (frez) pod klucz p\u0142aski. Dotyczy to zar\u00f3wno samych lanc iniekcyjnych jak i muf \u0142\u0105cz\u0105cych i grot\u00f3w wkr\u0119canych (JG-NOSHOOTER).<\/span><\/p>\t\t\t\t\t\t\t\t<\/div>\n\t\t\t\t<\/div>\n\t\t\t\t\t<\/div>\n\t\t<\/div>\n\t\t\t\t\t<\/div>\n\t\t<\/section>\n\t\t\t\t<\/div>\n\t\t","protected":false},"excerpt":{"rendered":"<p>JG-END-PER 500 \/ 1000 PARAMETRY TECHNICZNE: materia\u0142: stal \u015br. zew.: \u00d813 mm \u015br. wew.: \u00d89 mm \u015br. otwor\u00f3w.: \u00d83,8 mm ilo\u015b\u0107 otw. \/ mb: 16 GZ 1\/4, m10x1 Lance do iniekcji JG-END-PER, to lance pod grot wkr\u0119cany. Wszystkie lance iniekcyjne systemu HAMMPACK wyposa\u017cone s\u0105 w wej\u015bcie (frez) pod klucz p\u0142aski. Dotyczy to zar\u00f3wno samych lanc [&hellip;]<\/p>\n","protected":false},"featured_media":1936,"template":"","meta":{"_acf_changed":false},"product_brand":[],"product_cat":[29],"product_tag":[],"class_list":{"0":"post-1933","1":"product","2":"type-product","3":"status-publish","4":"has-post-thumbnail","6":"product_cat-lance-iniekcyjne-jg-system-13","7":"pa_wymiar-lanca-1000-mm","8":"pa_wymiar-lanca-500-mm","10":"first","11":"instock","12":"taxable","13":"shipping-taxable","14":"purchasable","15":"product-type-variable"},"acf":[],"yoast_head":"<!-- This site is optimized with the Yoast SEO plugin v24.8.1 - https:\/\/yoast.com\/wordpress\/plugins\/seo\/ -->\n<title>Lanca iniekcyjna perforowana - PAKERY.PL<\/title>\n<meta name=\"robots\" content=\"index, follow, max-snippet:-1, max-image-preview:large, max-video-preview:-1\" \/>\n<link rel=\"canonical\" href=\"https:\/\/b2b.pakery.pl\/pl\/produkt\/jg-end-per\/\" \/>\n<meta property=\"og:locale\" content=\"pl_PL\" \/>\n<meta property=\"og:type\" content=\"article\" \/>\n<meta property=\"og:title\" content=\"Lanca iniekcyjna perforowana - PAKERY.PL\" \/>\n<meta property=\"og:description\" content=\"JG-END-PER 500 \/ 1000 PARAMETRY TECHNICZNE: materia\u0142: stal \u015br. zew.: \u00d813 mm \u015br. wew.: \u00d89 mm \u015br. otwor\u00f3w.: \u00d83,8 mm ilo\u015b\u0107 otw. \/ mb: 16 GZ 1\/4, m10x1 Lance do iniekcji JG-END-PER, to lance pod grot wkr\u0119cany. Wszystkie lance iniekcyjne systemu HAMMPACK wyposa\u017cone s\u0105 w wej\u015bcie (frez) pod klucz p\u0142aski. Dotyczy to zar\u00f3wno samych lanc [&hellip;]\" \/>\n<meta property=\"og:url\" content=\"https:\/\/b2b.pakery.pl\/pl\/produkt\/jg-end-per\/\" \/>\n<meta property=\"og:site_name\" content=\"PAKERY.PL\" \/>\n<meta property=\"article:modified_time\" content=\"2023-07-19T11:56:53+00:00\" \/>\n<meta property=\"og:image\" content=\"https:\/\/b2b.pakery.pl\/wp-content\/uploads\/2021\/04\/JG-END-PER.png\" \/>\n\t<meta property=\"og:image:width\" content=\"2500\" \/>\n\t<meta property=\"og:image:height\" content=\"2500\" \/>\n\t<meta property=\"og:image:type\" content=\"image\/png\" \/>\n<meta name=\"twitter:card\" content=\"summary_large_image\" \/>\n<script type=\"application\/ld+json\" class=\"yoast-schema-graph\">{\"@context\":\"https:\/\/schema.org\",\"@graph\":[{\"@type\":\"WebPage\",\"@id\":\"https:\/\/b2b.pakery.pl\/pl\/produkt\/jg-end-per\/\",\"url\":\"https:\/\/b2b.pakery.pl\/pl\/produkt\/jg-end-per\/\",\"name\":\"Lanca iniekcyjna perforowana - PAKERY.PL\",\"isPartOf\":{\"@id\":\"https:\/\/b2b.pakery.pl\/pl\/#website\"},\"primaryImageOfPage\":{\"@id\":\"https:\/\/b2b.pakery.pl\/pl\/produkt\/jg-end-per\/#primaryimage\"},\"image\":{\"@id\":\"https:\/\/b2b.pakery.pl\/pl\/produkt\/jg-end-per\/#primaryimage\"},\"thumbnailUrl\":\"https:\/\/b2b.pakery.pl\/wp-content\/uploads\/2021\/04\/JG-END-PER.png\",\"datePublished\":\"2021-04-21T12:16:43+00:00\",\"dateModified\":\"2023-07-19T11:56:53+00:00\",\"breadcrumb\":{\"@id\":\"https:\/\/b2b.pakery.pl\/pl\/produkt\/jg-end-per\/#breadcrumb\"},\"inLanguage\":\"pl-PL\",\"potentialAction\":[{\"@type\":\"ReadAction\",\"target\":[\"https:\/\/b2b.pakery.pl\/pl\/produkt\/jg-end-per\/\"]}]},{\"@type\":\"ImageObject\",\"inLanguage\":\"pl-PL\",\"@id\":\"https:\/\/b2b.pakery.pl\/pl\/produkt\/jg-end-per\/#primaryimage\",\"url\":\"https:\/\/b2b.pakery.pl\/wp-content\/uploads\/2021\/04\/JG-END-PER.png\",\"contentUrl\":\"https:\/\/b2b.pakery.pl\/wp-content\/uploads\/2021\/04\/JG-END-PER.png\",\"width\":2500,\"height\":2500},{\"@type\":\"BreadcrumbList\",\"@id\":\"https:\/\/b2b.pakery.pl\/pl\/produkt\/jg-end-per\/#breadcrumb\",\"itemListElement\":[{\"@type\":\"ListItem\",\"position\":1,\"name\":\"Strona g\u0142\u00f3wna\",\"item\":\"https:\/\/b2b.pakery.pl\/pl\/strona-glowna\/\"},{\"@type\":\"ListItem\",\"position\":2,\"name\":\"Sklep\",\"item\":\"https:\/\/b2b.pakery.pl\/pl\/sklep\/\"},{\"@type\":\"ListItem\",\"position\":3,\"name\":\"Lanca iniekcyjna perforowana\"}]},{\"@type\":\"WebSite\",\"@id\":\"https:\/\/b2b.pakery.pl\/pl\/#website\",\"url\":\"https:\/\/b2b.pakery.pl\/pl\/\",\"name\":\"Pakery.pl\",\"description\":\"Injection Packers, Spiral Anchors, Injection Lances, Injection Hoses, Injection Pumps, Injection Pump Service, Injection Pump Rental\",\"publisher\":{\"@id\":\"https:\/\/b2b.pakery.pl\/pl\/#organization\"},\"potentialAction\":[{\"@type\":\"SearchAction\",\"target\":{\"@type\":\"EntryPoint\",\"urlTemplate\":\"https:\/\/b2b.pakery.pl\/pl\/?s={search_term_string}\"},\"query-input\":{\"@type\":\"PropertyValueSpecification\",\"valueRequired\":true,\"valueName\":\"search_term_string\"}}],\"inLanguage\":\"pl-PL\"},{\"@type\":\"Organization\",\"@id\":\"https:\/\/b2b.pakery.pl\/pl\/#organization\",\"name\":\"PAKERY.PL\",\"url\":\"https:\/\/b2b.pakery.pl\/pl\/\",\"logo\":{\"@type\":\"ImageObject\",\"inLanguage\":\"pl-PL\",\"@id\":\"https:\/\/b2b.pakery.pl\/pl\/#\/schema\/logo\/image\/\",\"url\":\"https:\/\/b2b.pakery.pl\/wp-content\/uploads\/2021\/04\/cropped-PAKERY-LOGO.png\",\"contentUrl\":\"https:\/\/b2b.pakery.pl\/wp-content\/uploads\/2021\/04\/cropped-PAKERY-LOGO.png\",\"width\":1529,\"height\":500,\"caption\":\"PAKERY.PL\"},\"image\":{\"@id\":\"https:\/\/b2b.pakery.pl\/pl\/#\/schema\/logo\/image\/\"}}]}<\/script>\n<!-- \/ Yoast SEO plugin. -->","yoast_head_json":{"title":"Lanca iniekcyjna perforowana - PAKERY.PL","robots":{"index":"index","follow":"follow","max-snippet":"max-snippet:-1","max-image-preview":"max-image-preview:large","max-video-preview":"max-video-preview:-1"},"canonical":"https:\/\/b2b.pakery.pl\/pl\/produkt\/jg-end-per\/","og_locale":"pl_PL","og_type":"article","og_title":"Lanca iniekcyjna perforowana - PAKERY.PL","og_description":"JG-END-PER 500 \/ 1000 PARAMETRY TECHNICZNE: materia\u0142: stal \u015br. zew.: \u00d813 mm \u015br. wew.: \u00d89 mm \u015br. otwor\u00f3w.: \u00d83,8 mm ilo\u015b\u0107 otw. \/ mb: 16 GZ 1\/4, m10x1 Lance do iniekcji JG-END-PER, to lance pod grot wkr\u0119cany. Wszystkie lance iniekcyjne systemu HAMMPACK wyposa\u017cone s\u0105 w wej\u015bcie (frez) pod klucz p\u0142aski. Dotyczy to zar\u00f3wno samych lanc [&hellip;]","og_url":"https:\/\/b2b.pakery.pl\/pl\/produkt\/jg-end-per\/","og_site_name":"PAKERY.PL","article_modified_time":"2023-07-19T11:56:53+00:00","og_image":[{"width":2500,"height":2500,"url":"https:\/\/b2b.pakery.pl\/wp-content\/uploads\/2021\/04\/JG-END-PER.png","type":"image\/png"}],"twitter_card":"summary_large_image","schema":{"@context":"https:\/\/schema.org","@graph":[{"@type":"WebPage","@id":"https:\/\/b2b.pakery.pl\/pl\/produkt\/jg-end-per\/","url":"https:\/\/b2b.pakery.pl\/pl\/produkt\/jg-end-per\/","name":"Lanca iniekcyjna perforowana - PAKERY.PL","isPartOf":{"@id":"https:\/\/b2b.pakery.pl\/pl\/#website"},"primaryImageOfPage":{"@id":"https:\/\/b2b.pakery.pl\/pl\/produkt\/jg-end-per\/#primaryimage"},"image":{"@id":"https:\/\/b2b.pakery.pl\/pl\/produkt\/jg-end-per\/#primaryimage"},"thumbnailUrl":"https:\/\/b2b.pakery.pl\/wp-content\/uploads\/2021\/04\/JG-END-PER.png","datePublished":"2021-04-21T12:16:43+00:00","dateModified":"2023-07-19T11:56:53+00:00","breadcrumb":{"@id":"https:\/\/b2b.pakery.pl\/pl\/produkt\/jg-end-per\/#breadcrumb"},"inLanguage":"pl-PL","potentialAction":[{"@type":"ReadAction","target":["https:\/\/b2b.pakery.pl\/pl\/produkt\/jg-end-per\/"]}]},{"@type":"ImageObject","inLanguage":"pl-PL","@id":"https:\/\/b2b.pakery.pl\/pl\/produkt\/jg-end-per\/#primaryimage","url":"https:\/\/b2b.pakery.pl\/wp-content\/uploads\/2021\/04\/JG-END-PER.png","contentUrl":"https:\/\/b2b.pakery.pl\/wp-content\/uploads\/2021\/04\/JG-END-PER.png","width":2500,"height":2500},{"@type":"BreadcrumbList","@id":"https:\/\/b2b.pakery.pl\/pl\/produkt\/jg-end-per\/#breadcrumb","itemListElement":[{"@type":"ListItem","position":1,"name":"Strona g\u0142\u00f3wna","item":"https:\/\/b2b.pakery.pl\/pl\/strona-glowna\/"},{"@type":"ListItem","position":2,"name":"Sklep","item":"https:\/\/b2b.pakery.pl\/pl\/sklep\/"},{"@type":"ListItem","position":3,"name":"Lanca iniekcyjna perforowana"}]},{"@type":"WebSite","@id":"https:\/\/b2b.pakery.pl\/pl\/#website","url":"https:\/\/b2b.pakery.pl\/pl\/","name":"Pakery.pl","description":"Injection Packers, Spiral Anchors, Injection Lances, Injection Hoses, Injection Pumps, Injection Pump Service, Injection Pump Rental","publisher":{"@id":"https:\/\/b2b.pakery.pl\/pl\/#organization"},"potentialAction":[{"@type":"SearchAction","target":{"@type":"EntryPoint","urlTemplate":"https:\/\/b2b.pakery.pl\/pl\/?s={search_term_string}"},"query-input":{"@type":"PropertyValueSpecification","valueRequired":true,"valueName":"search_term_string"}}],"inLanguage":"pl-PL"},{"@type":"Organization","@id":"https:\/\/b2b.pakery.pl\/pl\/#organization","name":"PAKERY.PL","url":"https:\/\/b2b.pakery.pl\/pl\/","logo":{"@type":"ImageObject","inLanguage":"pl-PL","@id":"https:\/\/b2b.pakery.pl\/pl\/#\/schema\/logo\/image\/","url":"https:\/\/b2b.pakery.pl\/wp-content\/uploads\/2021\/04\/cropped-PAKERY-LOGO.png","contentUrl":"https:\/\/b2b.pakery.pl\/wp-content\/uploads\/2021\/04\/cropped-PAKERY-LOGO.png","width":1529,"height":500,"caption":"PAKERY.PL"},"image":{"@id":"https:\/\/b2b.pakery.pl\/pl\/#\/schema\/logo\/image\/"}}]}},"tiered_pricing_type":"fixed","tiered_pricing_fixed_rules":[],"tiered_pricing_product_settings":{"layout":"default","base_unit_name":{"singular":null,"plural":null},"default_variation":null},"tiered_pricing_minimum_quantity":null,"tiered_pricing_roles_data":[],"tiered_pricing_percentage_rules":[],"tiered_pricing_maximum_quantity":null,"tiered_pricing_quantity_step":null,"_links":{"self":[{"href":"https:\/\/b2b.pakery.pl\/pl\/wp-json\/wp\/v2\/product\/1933","targetHints":{"allow":["GET"]}}],"collection":[{"href":"https:\/\/b2b.pakery.pl\/pl\/wp-json\/wp\/v2\/product"}],"about":[{"href":"https:\/\/b2b.pakery.pl\/pl\/wp-json\/wp\/v2\/types\/product"}],"version-history":[{"count":14,"href":"https:\/\/b2b.pakery.pl\/pl\/wp-json\/wp\/v2\/product\/1933\/revisions"}],"predecessor-version":[{"id":42248,"href":"https:\/\/b2b.pakery.pl\/pl\/wp-json\/wp\/v2\/product\/1933\/revisions\/42248"}],"wp:featuredmedia":[{"embeddable":true,"href":"https:\/\/b2b.pakery.pl\/pl\/wp-json\/wp\/v2\/media\/1936"}],"wp:attachment":[{"href":"https:\/\/b2b.pakery.pl\/pl\/wp-json\/wp\/v2\/media?parent=1933"}],"wp:term":[{"taxonomy":"product_brand","embeddable":true,"href":"https:\/\/b2b.pakery.pl\/pl\/wp-json\/wp\/v2\/product_brand?post=1933"},{"taxonomy":"product_cat","embeddable":true,"href":"https:\/\/b2b.pakery.pl\/pl\/wp-json\/wp\/v2\/product_cat?post=1933"},{"taxonomy":"product_tag","embeddable":true,"href":"https:\/\/b2b.pakery.pl\/pl\/wp-json\/wp\/v2\/product_tag?post=1933"}],"curies":[{"name":"wp","href":"https:\/\/api.w.org\/{rel}","templated":true}]}}