{"id":1919,"date":"2021-04-21T12:18:40","date_gmt":"2021-04-21T10:18:40","guid":{"rendered":"https:\/\/b2b.pakery.pl\/?post_type=product&#038;p=1919"},"modified":"2024-08-20T12:26:15","modified_gmt":"2024-08-20T10:26:15","slug":"pi-spm-13-110eco","status":"publish","type":"product","link":"https:\/\/b2b.pakery.pl\/pl\/produkt\/pi-spm-13-110eco\/","title":{"rendered":"Paker iniekcyjny PI-SPM 13\/110eco"},"content":{"rendered":"<p><strong>Nasz najbardziej popularny paker stalowy PI-SPM 13\/110 teraz w wersji economy line<\/strong>.\u00a0Paker (czyli stalowy korpus, wraz z gum\u0105 rozporow\u0105 ten sam co w wersji profesional line), r\u00f3\u017cnica jest <strong>w zastosowanej bud\u017cetowej kalamitce ECO.<\/strong><\/p>\n<p>Kalamitka zapewnia szczelne podawanie iniektu przy niskich oraz wysokich ci\u015bnieniach, ale przy niskim nat\u0119\u017ceniu przep\u0142ywu iniektu. Bardzo atrakcyjna cena.<\/p>\n<p>Polecany do \u017cywic epoksydowych (mo\u017cliwo\u015b\u0107 utr\u0105cenia korpusu m\u0142otkiem, \u0142atwiejsze wycinanie), oraz do \u017cywic poliuretanowych ma\u0142o ekspansywnych i niespienialnych, gdzie wyst\u0119puje znikome ci\u015bnienie wsteczne.<\/p>\n<p>Je\u015bli jednak s\u0105 Pa\u0144stwo osobami szukaj\u0105cej najwy\u017cszej jako\u015bci, zapraszamy do skorzystania <strong>z serii profesional line lub <\/strong>najwy\u017cszej jako\u015b<strong>ci paker\u00f3w iniekcyjnych Hammpack.<\/strong><\/p>\n","protected":false},"excerpt":{"rendered":"<p>Nasz najbardziej popularny paker stalowy PI-SPM 13\/110 teraz w wersji economy line.\u00a0Paker (czyli stalowy korpus, wraz z gum\u0105 rozporow\u0105 ten sam co w wersji profesional line), r\u00f3\u017cnica jest w zastosowanej bud\u017cetowej kalamitce ECO. Kalamitka zapewnia szczelne podawanie iniektu przy niskich oraz wysokich ci\u015bnieniach, ale przy niskim nat\u0119\u017ceniu przep\u0142ywu iniektu. Bardzo atrakcyjna cena. Polecany do \u017cywic [&hellip;]<\/p>\n","protected":false},"featured_media":3693,"template":"","meta":{"_acf_changed":false},"product_brand":[],"product_cat":[27,44],"product_tag":[1778],"class_list":{"0":"post-1919","1":"product","2":"type-product","3":"status-publish","4":"has-post-thumbnail","6":"product_cat-pakery-iniekcyjne","7":"product_cat-pakery-ekonomiczne","8":"product_tag-pakery-iniekcyjne","10":"first","11":"instock","12":"taxable","13":"shipping-taxable","14":"purchasable","15":"product-type-simple"},"acf":[],"yoast_head":"<!-- This site is optimized with the Yoast SEO plugin v24.8.1 - https:\/\/yoast.com\/wordpress\/plugins\/seo\/ -->\n<title>Paker do iniekcji | Paker iniekcyjny PI-SPM 13\/110eco<\/title>\n<meta name=\"description\" content=\"Iniektor polecany do \u017cywic epoksydowych, oraz do \u017cywic poliuretanowych, gdzie wyst\u0119puje znikome ci\u015bnienie wsteczne.\" \/>\n<meta name=\"robots\" content=\"index, follow, max-snippet:-1, max-image-preview:large, max-video-preview:-1\" \/>\n<link rel=\"canonical\" href=\"https:\/\/b2b.pakery.pl\/pl\/produkt\/pi-spm-13-110eco\/\" \/>\n<meta property=\"og:locale\" content=\"pl_PL\" \/>\n<meta property=\"og:type\" content=\"article\" \/>\n<meta property=\"og:title\" content=\"Paker do iniekcji | Paker iniekcyjny PI-SPM 13\/110eco\" \/>\n<meta property=\"og:description\" content=\"Iniektor polecany do \u017cywic epoksydowych, oraz do \u017cywic poliuretanowych, gdzie wyst\u0119puje znikome ci\u015bnienie wsteczne.\" \/>\n<meta property=\"og:url\" content=\"https:\/\/b2b.pakery.pl\/pl\/produkt\/pi-spm-13-110eco\/\" \/>\n<meta property=\"og:site_name\" content=\"PAKERY.PL\" \/>\n<meta property=\"article:modified_time\" content=\"2024-08-20T10:26:15+00:00\" \/>\n<meta property=\"og:image\" content=\"https:\/\/b2b.pakery.pl\/wp-content\/uploads\/2021\/05\/spm-13110-Eco.png\" \/>\n\t<meta property=\"og:image:width\" content=\"2500\" \/>\n\t<meta property=\"og:image:height\" content=\"2500\" \/>\n\t<meta property=\"og:image:type\" content=\"image\/png\" \/>\n<meta name=\"twitter:card\" content=\"summary_large_image\" \/>\n<meta name=\"twitter:label1\" content=\"Szacowany czas czytania\" \/>\n\t<meta name=\"twitter:data1\" content=\"1 minuta\" \/>\n<script type=\"application\/ld+json\" class=\"yoast-schema-graph\">{\"@context\":\"https:\/\/schema.org\",\"@graph\":[{\"@type\":\"WebPage\",\"@id\":\"https:\/\/b2b.pakery.pl\/pl\/produkt\/pi-spm-13-110eco\/\",\"url\":\"https:\/\/b2b.pakery.pl\/pl\/produkt\/pi-spm-13-110eco\/\",\"name\":\"Paker do iniekcji | Paker iniekcyjny PI-SPM 13\/110eco\",\"isPartOf\":{\"@id\":\"https:\/\/b2b.pakery.pl\/pl\/#website\"},\"primaryImageOfPage\":{\"@id\":\"https:\/\/b2b.pakery.pl\/pl\/produkt\/pi-spm-13-110eco\/#primaryimage\"},\"image\":{\"@id\":\"https:\/\/b2b.pakery.pl\/pl\/produkt\/pi-spm-13-110eco\/#primaryimage\"},\"thumbnailUrl\":\"https:\/\/b2b.pakery.pl\/wp-content\/uploads\/2021\/05\/spm-13110-Eco.png\",\"datePublished\":\"2021-04-21T10:18:40+00:00\",\"dateModified\":\"2024-08-20T10:26:15+00:00\",\"description\":\"Iniektor polecany do \u017cywic epoksydowych, oraz do \u017cywic poliuretanowych, gdzie wyst\u0119puje znikome ci\u015bnienie wsteczne.\",\"breadcrumb\":{\"@id\":\"https:\/\/b2b.pakery.pl\/pl\/produkt\/pi-spm-13-110eco\/#breadcrumb\"},\"inLanguage\":\"pl-PL\",\"potentialAction\":[{\"@type\":\"ReadAction\",\"target\":[\"https:\/\/b2b.pakery.pl\/pl\/produkt\/pi-spm-13-110eco\/\"]}]},{\"@type\":\"ImageObject\",\"inLanguage\":\"pl-PL\",\"@id\":\"https:\/\/b2b.pakery.pl\/pl\/produkt\/pi-spm-13-110eco\/#primaryimage\",\"url\":\"https:\/\/b2b.pakery.pl\/wp-content\/uploads\/2021\/05\/spm-13110-Eco.png\",\"contentUrl\":\"https:\/\/b2b.pakery.pl\/wp-content\/uploads\/2021\/05\/spm-13110-Eco.png\",\"width\":2500,\"height\":2500,\"caption\":\"iniektor paker do iniekcji\"},{\"@type\":\"BreadcrumbList\",\"@id\":\"https:\/\/b2b.pakery.pl\/pl\/produkt\/pi-spm-13-110eco\/#breadcrumb\",\"itemListElement\":[{\"@type\":\"ListItem\",\"position\":1,\"name\":\"Strona g\u0142\u00f3wna\",\"item\":\"https:\/\/b2b.pakery.pl\/pl\/strona-glowna\/\"},{\"@type\":\"ListItem\",\"position\":2,\"name\":\"Sklep\",\"item\":\"https:\/\/b2b.pakery.pl\/pl\/sklep\/\"},{\"@type\":\"ListItem\",\"position\":3,\"name\":\"Paker iniekcyjny PI-SPM 13\/110eco\"}]},{\"@type\":\"WebSite\",\"@id\":\"https:\/\/b2b.pakery.pl\/pl\/#website\",\"url\":\"https:\/\/b2b.pakery.pl\/pl\/\",\"name\":\"Pakery.pl\",\"description\":\"Injection Packers, Spiral Anchors, Injection Lances, Injection Hoses, Injection Pumps, Injection Pump Service, Injection Pump Rental\",\"publisher\":{\"@id\":\"https:\/\/b2b.pakery.pl\/pl\/#organization\"},\"potentialAction\":[{\"@type\":\"SearchAction\",\"target\":{\"@type\":\"EntryPoint\",\"urlTemplate\":\"https:\/\/b2b.pakery.pl\/pl\/?s={search_term_string}\"},\"query-input\":{\"@type\":\"PropertyValueSpecification\",\"valueRequired\":true,\"valueName\":\"search_term_string\"}}],\"inLanguage\":\"pl-PL\"},{\"@type\":\"Organization\",\"@id\":\"https:\/\/b2b.pakery.pl\/pl\/#organization\",\"name\":\"PAKERY.PL\",\"url\":\"https:\/\/b2b.pakery.pl\/pl\/\",\"logo\":{\"@type\":\"ImageObject\",\"inLanguage\":\"pl-PL\",\"@id\":\"https:\/\/b2b.pakery.pl\/pl\/#\/schema\/logo\/image\/\",\"url\":\"https:\/\/b2b.pakery.pl\/wp-content\/uploads\/2021\/04\/cropped-PAKERY-LOGO.png\",\"contentUrl\":\"https:\/\/b2b.pakery.pl\/wp-content\/uploads\/2021\/04\/cropped-PAKERY-LOGO.png\",\"width\":1529,\"height\":500,\"caption\":\"PAKERY.PL\"},\"image\":{\"@id\":\"https:\/\/b2b.pakery.pl\/pl\/#\/schema\/logo\/image\/\"}}]}<\/script>\n<!-- \/ Yoast SEO plugin. -->","yoast_head_json":{"title":"Paker do iniekcji | Paker iniekcyjny PI-SPM 13\/110eco","description":"Iniektor polecany do \u017cywic epoksydowych, oraz do \u017cywic poliuretanowych, gdzie wyst\u0119puje znikome ci\u015bnienie wsteczne.","robots":{"index":"index","follow":"follow","max-snippet":"max-snippet:-1","max-image-preview":"max-image-preview:large","max-video-preview":"max-video-preview:-1"},"canonical":"https:\/\/b2b.pakery.pl\/pl\/produkt\/pi-spm-13-110eco\/","og_locale":"pl_PL","og_type":"article","og_title":"Paker do iniekcji | Paker iniekcyjny PI-SPM 13\/110eco","og_description":"Iniektor polecany do \u017cywic epoksydowych, oraz do \u017cywic poliuretanowych, gdzie wyst\u0119puje znikome ci\u015bnienie wsteczne.","og_url":"https:\/\/b2b.pakery.pl\/pl\/produkt\/pi-spm-13-110eco\/","og_site_name":"PAKERY.PL","article_modified_time":"2024-08-20T10:26:15+00:00","og_image":[{"width":2500,"height":2500,"url":"https:\/\/b2b.pakery.pl\/wp-content\/uploads\/2021\/05\/spm-13110-Eco.png","type":"image\/png"}],"twitter_card":"summary_large_image","twitter_misc":{"Szacowany czas czytania":"1 minuta"},"schema":{"@context":"https:\/\/schema.org","@graph":[{"@type":"WebPage","@id":"https:\/\/b2b.pakery.pl\/pl\/produkt\/pi-spm-13-110eco\/","url":"https:\/\/b2b.pakery.pl\/pl\/produkt\/pi-spm-13-110eco\/","name":"Paker do iniekcji | Paker iniekcyjny PI-SPM 13\/110eco","isPartOf":{"@id":"https:\/\/b2b.pakery.pl\/pl\/#website"},"primaryImageOfPage":{"@id":"https:\/\/b2b.pakery.pl\/pl\/produkt\/pi-spm-13-110eco\/#primaryimage"},"image":{"@id":"https:\/\/b2b.pakery.pl\/pl\/produkt\/pi-spm-13-110eco\/#primaryimage"},"thumbnailUrl":"https:\/\/b2b.pakery.pl\/wp-content\/uploads\/2021\/05\/spm-13110-Eco.png","datePublished":"2021-04-21T10:18:40+00:00","dateModified":"2024-08-20T10:26:15+00:00","description":"Iniektor polecany do \u017cywic epoksydowych, oraz do \u017cywic poliuretanowych, gdzie wyst\u0119puje znikome ci\u015bnienie wsteczne.","breadcrumb":{"@id":"https:\/\/b2b.pakery.pl\/pl\/produkt\/pi-spm-13-110eco\/#breadcrumb"},"inLanguage":"pl-PL","potentialAction":[{"@type":"ReadAction","target":["https:\/\/b2b.pakery.pl\/pl\/produkt\/pi-spm-13-110eco\/"]}]},{"@type":"ImageObject","inLanguage":"pl-PL","@id":"https:\/\/b2b.pakery.pl\/pl\/produkt\/pi-spm-13-110eco\/#primaryimage","url":"https:\/\/b2b.pakery.pl\/wp-content\/uploads\/2021\/05\/spm-13110-Eco.png","contentUrl":"https:\/\/b2b.pakery.pl\/wp-content\/uploads\/2021\/05\/spm-13110-Eco.png","width":2500,"height":2500,"caption":"iniektor paker do iniekcji"},{"@type":"BreadcrumbList","@id":"https:\/\/b2b.pakery.pl\/pl\/produkt\/pi-spm-13-110eco\/#breadcrumb","itemListElement":[{"@type":"ListItem","position":1,"name":"Strona g\u0142\u00f3wna","item":"https:\/\/b2b.pakery.pl\/pl\/strona-glowna\/"},{"@type":"ListItem","position":2,"name":"Sklep","item":"https:\/\/b2b.pakery.pl\/pl\/sklep\/"},{"@type":"ListItem","position":3,"name":"Paker iniekcyjny PI-SPM 13\/110eco"}]},{"@type":"WebSite","@id":"https:\/\/b2b.pakery.pl\/pl\/#website","url":"https:\/\/b2b.pakery.pl\/pl\/","name":"Pakery.pl","description":"Injection Packers, Spiral Anchors, Injection Lances, Injection Hoses, Injection Pumps, Injection Pump Service, Injection Pump Rental","publisher":{"@id":"https:\/\/b2b.pakery.pl\/pl\/#organization"},"potentialAction":[{"@type":"SearchAction","target":{"@type":"EntryPoint","urlTemplate":"https:\/\/b2b.pakery.pl\/pl\/?s={search_term_string}"},"query-input":{"@type":"PropertyValueSpecification","valueRequired":true,"valueName":"search_term_string"}}],"inLanguage":"pl-PL"},{"@type":"Organization","@id":"https:\/\/b2b.pakery.pl\/pl\/#organization","name":"PAKERY.PL","url":"https:\/\/b2b.pakery.pl\/pl\/","logo":{"@type":"ImageObject","inLanguage":"pl-PL","@id":"https:\/\/b2b.pakery.pl\/pl\/#\/schema\/logo\/image\/","url":"https:\/\/b2b.pakery.pl\/wp-content\/uploads\/2021\/04\/cropped-PAKERY-LOGO.png","contentUrl":"https:\/\/b2b.pakery.pl\/wp-content\/uploads\/2021\/04\/cropped-PAKERY-LOGO.png","width":1529,"height":500,"caption":"PAKERY.PL"},"image":{"@id":"https:\/\/b2b.pakery.pl\/pl\/#\/schema\/logo\/image\/"}}]}},"tiered_pricing_type":"fixed","tiered_pricing_fixed_rules":[],"tiered_pricing_product_settings":{"layout":"default","base_unit_name":{"singular":null,"plural":null},"default_variation":null},"tiered_pricing_minimum_quantity":null,"tiered_pricing_roles_data":[],"tiered_pricing_percentage_rules":[],"tiered_pricing_maximum_quantity":null,"tiered_pricing_quantity_step":null,"_links":{"self":[{"href":"https:\/\/b2b.pakery.pl\/pl\/wp-json\/wp\/v2\/product\/1919","targetHints":{"allow":["GET"]}}],"collection":[{"href":"https:\/\/b2b.pakery.pl\/pl\/wp-json\/wp\/v2\/product"}],"about":[{"href":"https:\/\/b2b.pakery.pl\/pl\/wp-json\/wp\/v2\/types\/product"}],"version-history":[{"count":6,"href":"https:\/\/b2b.pakery.pl\/pl\/wp-json\/wp\/v2\/product\/1919\/revisions"}],"predecessor-version":[{"id":4561,"href":"https:\/\/b2b.pakery.pl\/pl\/wp-json\/wp\/v2\/product\/1919\/revisions\/4561"}],"wp:featuredmedia":[{"embeddable":true,"href":"https:\/\/b2b.pakery.pl\/pl\/wp-json\/wp\/v2\/media\/3693"}],"wp:attachment":[{"href":"https:\/\/b2b.pakery.pl\/pl\/wp-json\/wp\/v2\/media?parent=1919"}],"wp:term":[{"taxonomy":"product_brand","embeddable":true,"href":"https:\/\/b2b.pakery.pl\/pl\/wp-json\/wp\/v2\/product_brand?post=1919"},{"taxonomy":"product_cat","embeddable":true,"href":"https:\/\/b2b.pakery.pl\/pl\/wp-json\/wp\/v2\/product_cat?post=1919"},{"taxonomy":"product_tag","embeddable":true,"href":"https:\/\/b2b.pakery.pl\/pl\/wp-json\/wp\/v2\/product_tag?post=1919"}],"curies":[{"name":"wp","href":"https:\/\/api.w.org\/{rel}","templated":true}]}}