{"id":1905,"date":"2021-04-21T11:56:12","date_gmt":"2021-04-21T09:56:12","guid":{"rendered":"https:\/\/b2b.pakery.pl\/?post_type=product&#038;p=1905"},"modified":"2025-02-11T16:06:42","modified_gmt":"2025-02-11T15:06:42","slug":"pi-p-65-27","status":"publish","type":"product","link":"https:\/\/b2b.pakery.pl\/pl\/produkt\/pi-p-65-27\/","title":{"rendered":"Paker do iniekcji PI-P 6,5\/27"},"content":{"rendered":"\t\t<div data-elementor-type=\"product-post\" data-elementor-id=\"1905\" class=\"elementor elementor-1905\" data-elementor-post-type=\"product\">\n\t\t\t\t\t\t<section class=\"elementor-section elementor-top-section elementor-element elementor-element-fa587c3 elementor-section-full_width elementor-section-height-default elementor-section-height-default\" data-id=\"fa587c3\" data-element_type=\"section\" data-e-type=\"section\">\n\t\t\t\t\t\t<div class=\"elementor-container elementor-column-gap-default\">\n\t\t\t\t\t<div class=\"elementor-column elementor-col-100 elementor-top-column elementor-element elementor-element-b69afe1\" data-id=\"b69afe1\" data-element_type=\"column\" data-e-type=\"column\">\n\t\t\t<div class=\"elementor-widget-wrap elementor-element-populated\">\n\t\t\t\t\t\t<section class=\"elementor-section elementor-inner-section elementor-element elementor-element-d942f4c elementor-section-full_width elementor-section-height-default elementor-section-height-default\" data-id=\"d942f4c\" data-element_type=\"section\" data-e-type=\"section\">\n\t\t\t\t\t\t<div class=\"elementor-container elementor-column-gap-default\">\n\t\t\t\t\t<div class=\"elementor-column elementor-col-50 elementor-inner-column elementor-element elementor-element-d4a1761\" data-id=\"d4a1761\" data-element_type=\"column\" data-e-type=\"column\">\n\t\t\t<div class=\"elementor-widget-wrap elementor-element-populated\">\n\t\t\t\t\t\t<div class=\"elementor-element elementor-element-7f62e73 elementor-widget elementor-widget-text-editor\" data-id=\"7f62e73\" data-element_type=\"widget\" data-e-type=\"widget\" data-widget_type=\"text-editor.default\">\n\t\t\t\t<div class=\"elementor-widget-container\">\n\t\t\t\t\t\t\t\t\t<p><span style=\"color: #000000;\"><b><br \/><br \/>Iniektor do drewna wbijany z zaworem zwrotnym.<\/b>\u00a0Paker w \u0142atwy spos\u00f3b mo\u017cna zdemontowa\u0107, wycinaj\u0105c go, b\u0105d\u017a wyci\u0105gaj\u0105c. Na nasad\u0119 czteroszcz\u0119kow\u0105. Paker ten znajdzie r\u00f3wnie\u017c zastosowanie w iniekcji pod p\u0142ytkowej i delikatnych element\u00f3w budowlanych.<\/span><\/p>\t\t\t\t\t\t\t\t<\/div>\n\t\t\t\t<\/div>\n\t\t\t\t\t<\/div>\n\t\t<\/div>\n\t\t\t\t<div class=\"elementor-column elementor-col-50 elementor-inner-column elementor-element elementor-element-2137654\" data-id=\"2137654\" data-element_type=\"column\" data-e-type=\"column\">\n\t\t\t<div class=\"elementor-widget-wrap elementor-element-populated\">\n\t\t\t\t\t\t<div class=\"elementor-element elementor-element-d4977b9 elementor-widget elementor-widget-image\" data-id=\"d4977b9\" data-element_type=\"widget\" data-e-type=\"widget\" data-widget_type=\"image.default\">\n\t\t\t\t<div class=\"elementor-widget-container\">\n\t\t\t\t\t\t\t\t\t\t\t\t\t\t\t<img fetchpriority=\"high\" decoding=\"async\" width=\"300\" height=\"300\" src=\"https:\/\/b2b.pakery.pl\/wp-content\/uploads\/2021\/04\/PI-P-6527-300x300.png\" class=\"attachment-medium size-medium wp-image-1906\" alt=\"paker do iniekcji plastikowy\" srcset=\"https:\/\/b2b.pakery.pl\/wp-content\/uploads\/2021\/04\/PI-P-6527-300x300.png 300w, https:\/\/b2b.pakery.pl\/wp-content\/uploads\/2021\/04\/PI-P-6527-1024x1024.png 1024w, https:\/\/b2b.pakery.pl\/wp-content\/uploads\/2021\/04\/PI-P-6527-150x150.png 150w, https:\/\/b2b.pakery.pl\/wp-content\/uploads\/2021\/04\/PI-P-6527-768x768.png 768w, https:\/\/b2b.pakery.pl\/wp-content\/uploads\/2021\/04\/PI-P-6527-1536x1536.png 1536w, https:\/\/b2b.pakery.pl\/wp-content\/uploads\/2021\/04\/PI-P-6527-2048x2048.png 2048w, https:\/\/b2b.pakery.pl\/wp-content\/uploads\/2021\/04\/PI-P-6527-683x683.png 683w, https:\/\/b2b.pakery.pl\/wp-content\/uploads\/2021\/04\/PI-P-6527-602x602.png 602w, https:\/\/b2b.pakery.pl\/wp-content\/uploads\/2021\/04\/PI-P-6527-110x110.png 110w\" sizes=\"(max-width: 300px) 100vw, 300px\" \/>\t\t\t\t\t\t\t\t\t\t\t\t\t\t\t<\/div>\n\t\t\t\t<\/div>\n\t\t\t\t\t<\/div>\n\t\t<\/div>\n\t\t\t\t\t<\/div>\n\t\t<\/section>\n\t\t\t\t\t<\/div>\n\t\t<\/div>\n\t\t\t\t\t<\/div>\n\t\t<\/section>\n\t\t\t\t<\/div>\n\t\t","protected":false},"excerpt":{"rendered":"<p>&nbsp; Iniektor do drewna wbijany z zaworem zwrotnym.\u00a0Paker w \u0142atwy spos\u00f3b mo\u017cna zdemontowa\u0107, wycinaj\u0105c go, b\u0105d\u017a wyci\u0105gaj\u0105c. Na nasad\u0119 czteroszcz\u0119kow\u0105. Paker ten znajdzie r\u00f3wnie\u017c zastosowanie w iniekcji pod p\u0142ytkowej i delikatnych element\u00f3w budowlanych.<\/p>\n","protected":false},"featured_media":1906,"template":"","meta":{"_acf_changed":false},"product_brand":[],"product_cat":[43,32],"product_tag":[1778],"class_list":{"0":"post-1905","1":"product","2":"type-product","3":"status-publish","4":"has-post-thumbnail","6":"product_cat-pakery-plastikowe","7":"product_cat-iniekcja-drewna","8":"product_tag-pakery-iniekcyjne","10":"first","11":"instock","12":"taxable","13":"shipping-taxable","14":"purchasable","15":"product-type-simple"},"acf":[],"yoast_head":"<!-- This site is optimized with the Yoast SEO plugin v24.8.1 - https:\/\/yoast.com\/wordpress\/plugins\/seo\/ -->\n<title>Pakery do iniekcji | Paker do iniekcji plastikowy PI-P 6,5\/27 - PAKERY.PL<\/title>\n<meta name=\"description\" content=\"Iniektor do drewna wbijany z zaworem zwrotnym. Paker w \u0142atwy spos\u00f3b mo\u017cna zdemontowa\u0107, wycinaj\u0105c go, b\u0105d\u017a wyci\u0105gaj\u0105c.\" \/>\n<meta name=\"robots\" content=\"index, follow, max-snippet:-1, max-image-preview:large, max-video-preview:-1\" \/>\n<link rel=\"canonical\" href=\"https:\/\/b2b.pakery.pl\/pl\/produkt\/pi-p-65-27\/\" \/>\n<meta property=\"og:locale\" content=\"pl_PL\" \/>\n<meta property=\"og:type\" content=\"article\" \/>\n<meta property=\"og:title\" content=\"Pakery do iniekcji | Paker do iniekcji plastikowy PI-P 6,5\/27 - PAKERY.PL\" \/>\n<meta property=\"og:description\" content=\"Iniektor do drewna wbijany z zaworem zwrotnym. Paker w \u0142atwy spos\u00f3b mo\u017cna zdemontowa\u0107, wycinaj\u0105c go, b\u0105d\u017a wyci\u0105gaj\u0105c.\" \/>\n<meta property=\"og:url\" content=\"https:\/\/b2b.pakery.pl\/pl\/produkt\/pi-p-65-27\/\" \/>\n<meta property=\"og:site_name\" content=\"PAKERY.PL\" \/>\n<meta property=\"article:modified_time\" content=\"2025-02-11T15:06:42+00:00\" \/>\n<meta property=\"og:image\" content=\"https:\/\/b2b.pakery.pl\/wp-content\/uploads\/2021\/04\/PI-P-6527.png\" \/>\n\t<meta property=\"og:image:width\" content=\"2500\" \/>\n\t<meta property=\"og:image:height\" content=\"2500\" \/>\n\t<meta property=\"og:image:type\" content=\"image\/png\" \/>\n<meta name=\"twitter:card\" content=\"summary_large_image\" \/>\n<script type=\"application\/ld+json\" class=\"yoast-schema-graph\">{\"@context\":\"https:\/\/schema.org\",\"@graph\":[{\"@type\":\"WebPage\",\"@id\":\"https:\/\/b2b.pakery.pl\/pl\/produkt\/pi-p-65-27\/\",\"url\":\"https:\/\/b2b.pakery.pl\/pl\/produkt\/pi-p-65-27\/\",\"name\":\"Pakery do iniekcji | Paker do iniekcji plastikowy PI-P 6,5\/27 - PAKERY.PL\",\"isPartOf\":{\"@id\":\"https:\/\/b2b.pakery.pl\/pl\/#website\"},\"primaryImageOfPage\":{\"@id\":\"https:\/\/b2b.pakery.pl\/pl\/produkt\/pi-p-65-27\/#primaryimage\"},\"image\":{\"@id\":\"https:\/\/b2b.pakery.pl\/pl\/produkt\/pi-p-65-27\/#primaryimage\"},\"thumbnailUrl\":\"https:\/\/b2b.pakery.pl\/wp-content\/uploads\/2021\/04\/PI-P-6527.png\",\"datePublished\":\"2021-04-21T09:56:12+00:00\",\"dateModified\":\"2025-02-11T15:06:42+00:00\",\"description\":\"Iniektor do drewna wbijany z zaworem zwrotnym. Paker w \u0142atwy spos\u00f3b mo\u017cna zdemontowa\u0107, wycinaj\u0105c go, b\u0105d\u017a wyci\u0105gaj\u0105c.\",\"breadcrumb\":{\"@id\":\"https:\/\/b2b.pakery.pl\/pl\/produkt\/pi-p-65-27\/#breadcrumb\"},\"inLanguage\":\"pl-PL\",\"potentialAction\":[{\"@type\":\"ReadAction\",\"target\":[\"https:\/\/b2b.pakery.pl\/pl\/produkt\/pi-p-65-27\/\"]}]},{\"@type\":\"ImageObject\",\"inLanguage\":\"pl-PL\",\"@id\":\"https:\/\/b2b.pakery.pl\/pl\/produkt\/pi-p-65-27\/#primaryimage\",\"url\":\"https:\/\/b2b.pakery.pl\/wp-content\/uploads\/2021\/04\/PI-P-6527.png\",\"contentUrl\":\"https:\/\/b2b.pakery.pl\/wp-content\/uploads\/2021\/04\/PI-P-6527.png\",\"width\":2500,\"height\":2500,\"caption\":\"paker do iniekcji plastikowy\"},{\"@type\":\"BreadcrumbList\",\"@id\":\"https:\/\/b2b.pakery.pl\/pl\/produkt\/pi-p-65-27\/#breadcrumb\",\"itemListElement\":[{\"@type\":\"ListItem\",\"position\":1,\"name\":\"Strona g\u0142\u00f3wna\",\"item\":\"https:\/\/b2b.pakery.pl\/pl\/strona-glowna\/\"},{\"@type\":\"ListItem\",\"position\":2,\"name\":\"Sklep\",\"item\":\"https:\/\/b2b.pakery.pl\/pl\/sklep\/\"},{\"@type\":\"ListItem\",\"position\":3,\"name\":\"Paker do iniekcji PI-P 6,5\/27\"}]},{\"@type\":\"WebSite\",\"@id\":\"https:\/\/b2b.pakery.pl\/pl\/#website\",\"url\":\"https:\/\/b2b.pakery.pl\/pl\/\",\"name\":\"Pakery.pl\",\"description\":\"Injection Packers, Spiral Anchors, Injection Lances, Injection Hoses, Injection Pumps, Injection Pump Service, Injection Pump Rental\",\"publisher\":{\"@id\":\"https:\/\/b2b.pakery.pl\/pl\/#organization\"},\"potentialAction\":[{\"@type\":\"SearchAction\",\"target\":{\"@type\":\"EntryPoint\",\"urlTemplate\":\"https:\/\/b2b.pakery.pl\/pl\/?s={search_term_string}\"},\"query-input\":{\"@type\":\"PropertyValueSpecification\",\"valueRequired\":true,\"valueName\":\"search_term_string\"}}],\"inLanguage\":\"pl-PL\"},{\"@type\":\"Organization\",\"@id\":\"https:\/\/b2b.pakery.pl\/pl\/#organization\",\"name\":\"PAKERY.PL\",\"url\":\"https:\/\/b2b.pakery.pl\/pl\/\",\"logo\":{\"@type\":\"ImageObject\",\"inLanguage\":\"pl-PL\",\"@id\":\"https:\/\/b2b.pakery.pl\/pl\/#\/schema\/logo\/image\/\",\"url\":\"https:\/\/b2b.pakery.pl\/wp-content\/uploads\/2021\/04\/cropped-PAKERY-LOGO.png\",\"contentUrl\":\"https:\/\/b2b.pakery.pl\/wp-content\/uploads\/2021\/04\/cropped-PAKERY-LOGO.png\",\"width\":1529,\"height\":500,\"caption\":\"PAKERY.PL\"},\"image\":{\"@id\":\"https:\/\/b2b.pakery.pl\/pl\/#\/schema\/logo\/image\/\"}}]}<\/script>\n<!-- \/ Yoast SEO plugin. -->","yoast_head_json":{"title":"Pakery do iniekcji | Paker do iniekcji plastikowy PI-P 6,5\/27 - PAKERY.PL","description":"Iniektor do drewna wbijany z zaworem zwrotnym. Paker w \u0142atwy spos\u00f3b mo\u017cna zdemontowa\u0107, wycinaj\u0105c go, b\u0105d\u017a wyci\u0105gaj\u0105c.","robots":{"index":"index","follow":"follow","max-snippet":"max-snippet:-1","max-image-preview":"max-image-preview:large","max-video-preview":"max-video-preview:-1"},"canonical":"https:\/\/b2b.pakery.pl\/pl\/produkt\/pi-p-65-27\/","og_locale":"pl_PL","og_type":"article","og_title":"Pakery do iniekcji | Paker do iniekcji plastikowy PI-P 6,5\/27 - PAKERY.PL","og_description":"Iniektor do drewna wbijany z zaworem zwrotnym. Paker w \u0142atwy spos\u00f3b mo\u017cna zdemontowa\u0107, wycinaj\u0105c go, b\u0105d\u017a wyci\u0105gaj\u0105c.","og_url":"https:\/\/b2b.pakery.pl\/pl\/produkt\/pi-p-65-27\/","og_site_name":"PAKERY.PL","article_modified_time":"2025-02-11T15:06:42+00:00","og_image":[{"width":2500,"height":2500,"url":"https:\/\/b2b.pakery.pl\/wp-content\/uploads\/2021\/04\/PI-P-6527.png","type":"image\/png"}],"twitter_card":"summary_large_image","schema":{"@context":"https:\/\/schema.org","@graph":[{"@type":"WebPage","@id":"https:\/\/b2b.pakery.pl\/pl\/produkt\/pi-p-65-27\/","url":"https:\/\/b2b.pakery.pl\/pl\/produkt\/pi-p-65-27\/","name":"Pakery do iniekcji | Paker do iniekcji plastikowy PI-P 6,5\/27 - PAKERY.PL","isPartOf":{"@id":"https:\/\/b2b.pakery.pl\/pl\/#website"},"primaryImageOfPage":{"@id":"https:\/\/b2b.pakery.pl\/pl\/produkt\/pi-p-65-27\/#primaryimage"},"image":{"@id":"https:\/\/b2b.pakery.pl\/pl\/produkt\/pi-p-65-27\/#primaryimage"},"thumbnailUrl":"https:\/\/b2b.pakery.pl\/wp-content\/uploads\/2021\/04\/PI-P-6527.png","datePublished":"2021-04-21T09:56:12+00:00","dateModified":"2025-02-11T15:06:42+00:00","description":"Iniektor do drewna wbijany z zaworem zwrotnym. Paker w \u0142atwy spos\u00f3b mo\u017cna zdemontowa\u0107, wycinaj\u0105c go, b\u0105d\u017a wyci\u0105gaj\u0105c.","breadcrumb":{"@id":"https:\/\/b2b.pakery.pl\/pl\/produkt\/pi-p-65-27\/#breadcrumb"},"inLanguage":"pl-PL","potentialAction":[{"@type":"ReadAction","target":["https:\/\/b2b.pakery.pl\/pl\/produkt\/pi-p-65-27\/"]}]},{"@type":"ImageObject","inLanguage":"pl-PL","@id":"https:\/\/b2b.pakery.pl\/pl\/produkt\/pi-p-65-27\/#primaryimage","url":"https:\/\/b2b.pakery.pl\/wp-content\/uploads\/2021\/04\/PI-P-6527.png","contentUrl":"https:\/\/b2b.pakery.pl\/wp-content\/uploads\/2021\/04\/PI-P-6527.png","width":2500,"height":2500,"caption":"paker do iniekcji plastikowy"},{"@type":"BreadcrumbList","@id":"https:\/\/b2b.pakery.pl\/pl\/produkt\/pi-p-65-27\/#breadcrumb","itemListElement":[{"@type":"ListItem","position":1,"name":"Strona g\u0142\u00f3wna","item":"https:\/\/b2b.pakery.pl\/pl\/strona-glowna\/"},{"@type":"ListItem","position":2,"name":"Sklep","item":"https:\/\/b2b.pakery.pl\/pl\/sklep\/"},{"@type":"ListItem","position":3,"name":"Paker do iniekcji PI-P 6,5\/27"}]},{"@type":"WebSite","@id":"https:\/\/b2b.pakery.pl\/pl\/#website","url":"https:\/\/b2b.pakery.pl\/pl\/","name":"Pakery.pl","description":"Injection Packers, Spiral Anchors, Injection Lances, Injection Hoses, Injection Pumps, Injection Pump Service, Injection Pump Rental","publisher":{"@id":"https:\/\/b2b.pakery.pl\/pl\/#organization"},"potentialAction":[{"@type":"SearchAction","target":{"@type":"EntryPoint","urlTemplate":"https:\/\/b2b.pakery.pl\/pl\/?s={search_term_string}"},"query-input":{"@type":"PropertyValueSpecification","valueRequired":true,"valueName":"search_term_string"}}],"inLanguage":"pl-PL"},{"@type":"Organization","@id":"https:\/\/b2b.pakery.pl\/pl\/#organization","name":"PAKERY.PL","url":"https:\/\/b2b.pakery.pl\/pl\/","logo":{"@type":"ImageObject","inLanguage":"pl-PL","@id":"https:\/\/b2b.pakery.pl\/pl\/#\/schema\/logo\/image\/","url":"https:\/\/b2b.pakery.pl\/wp-content\/uploads\/2021\/04\/cropped-PAKERY-LOGO.png","contentUrl":"https:\/\/b2b.pakery.pl\/wp-content\/uploads\/2021\/04\/cropped-PAKERY-LOGO.png","width":1529,"height":500,"caption":"PAKERY.PL"},"image":{"@id":"https:\/\/b2b.pakery.pl\/pl\/#\/schema\/logo\/image\/"}}]}},"tiered_pricing_type":"fixed","tiered_pricing_fixed_rules":{"1500":"0.78","3000":"0.68","6000":"0.58"},"tiered_pricing_product_settings":{"layout":"default","base_unit_name":{"singular":null,"plural":null},"default_variation":null},"tiered_pricing_minimum_quantity":null,"tiered_pricing_roles_data":[],"tiered_pricing_percentage_rules":[],"tiered_pricing_maximum_quantity":null,"tiered_pricing_quantity_step":null,"_links":{"self":[{"href":"https:\/\/b2b.pakery.pl\/pl\/wp-json\/wp\/v2\/product\/1905","targetHints":{"allow":["GET"]}}],"collection":[{"href":"https:\/\/b2b.pakery.pl\/pl\/wp-json\/wp\/v2\/product"}],"about":[{"href":"https:\/\/b2b.pakery.pl\/pl\/wp-json\/wp\/v2\/types\/product"}],"version-history":[{"count":11,"href":"https:\/\/b2b.pakery.pl\/pl\/wp-json\/wp\/v2\/product\/1905\/revisions"}],"predecessor-version":[{"id":4558,"href":"https:\/\/b2b.pakery.pl\/pl\/wp-json\/wp\/v2\/product\/1905\/revisions\/4558"}],"wp:featuredmedia":[{"embeddable":true,"href":"https:\/\/b2b.pakery.pl\/pl\/wp-json\/wp\/v2\/media\/1906"}],"wp:attachment":[{"href":"https:\/\/b2b.pakery.pl\/pl\/wp-json\/wp\/v2\/media?parent=1905"}],"wp:term":[{"taxonomy":"product_brand","embeddable":true,"href":"https:\/\/b2b.pakery.pl\/pl\/wp-json\/wp\/v2\/product_brand?post=1905"},{"taxonomy":"product_cat","embeddable":true,"href":"https:\/\/b2b.pakery.pl\/pl\/wp-json\/wp\/v2\/product_cat?post=1905"},{"taxonomy":"product_tag","embeddable":true,"href":"https:\/\/b2b.pakery.pl\/pl\/wp-json\/wp\/v2\/product_tag?post=1905"}],"curies":[{"name":"wp","href":"https:\/\/api.w.org\/{rel}","templated":true}]}}