{"id":1901,"date":"2021-04-21T11:42:16","date_gmt":"2021-04-21T09:42:16","guid":{"rendered":"https:\/\/b2b.pakery.pl\/?post_type=product&#038;p=1901"},"modified":"2025-02-11T16:08:01","modified_gmt":"2025-02-11T15:08:01","slug":"pi-ph-12-65","status":"publish","type":"product","link":"https:\/\/b2b.pakery.pl\/pl\/produkt\/pi-ph-12-65\/","title":{"rendered":"Paker do iniekcji PI-P 12\/65"},"content":{"rendered":"\t\t<div data-elementor-type=\"product-post\" data-elementor-id=\"1901\" class=\"elementor elementor-1901\" data-elementor-post-type=\"product\">\n\t\t\t\t\t\t<section class=\"elementor-section elementor-top-section elementor-element elementor-element-7193bca elementor-section-full_width elementor-section-height-default elementor-section-height-default\" data-id=\"7193bca\" data-element_type=\"section\" data-e-type=\"section\">\n\t\t\t\t\t\t<div class=\"elementor-container elementor-column-gap-default\">\n\t\t\t\t\t<div class=\"elementor-column elementor-col-100 elementor-top-column elementor-element elementor-element-d786fb9\" data-id=\"d786fb9\" data-element_type=\"column\" data-e-type=\"column\">\n\t\t\t<div class=\"elementor-widget-wrap elementor-element-populated\">\n\t\t\t\t\t\t<div class=\"elementor-element elementor-element-0ae5e08 elementor-widget elementor-widget-text-editor\" data-id=\"0ae5e08\" data-element_type=\"widget\" data-e-type=\"widget\" data-widget_type=\"text-editor.default\">\n\t\t\t\t<div class=\"elementor-widget-container\">\n\t\t\t\t\t\t\t\t\t<p><span style=\"color: #000000;\"><b>Paker plastikowy wbijany, idealny do prac niewymagaj\u0105cych wysokiego ci\u015bnienia<\/b>\u00a0(dla ci\u015bnie\u0144 poni\u017cej 60 BAR). Praktycznie zerowe ci\u015bnienie otwarcia zaworu, dzi\u0119ki zastosowaniu zaworu grawitacyjnego. <br \/>Pakery nadaj\u0105 si\u0119 do wysycenia konstrukcji, jak i iniekcji kurtynowych. Idealne do iniekcji roztwor\u00f3w wodnych, krzemian\u00f3w. Iniektor posiada zaw\u00f3r zwrotny. Bardzo atrakcyjna cena.<\/span><\/p>\t\t\t\t\t\t\t\t<\/div>\n\t\t\t\t<\/div>\n\t\t\t\t\t<\/div>\n\t\t<\/div>\n\t\t\t\t\t<\/div>\n\t\t<\/section>\n\t\t\t\t<section class=\"elementor-section elementor-top-section elementor-element elementor-element-89fe9a1 elementor-section-full_width elementor-section-height-default elementor-section-height-default\" data-id=\"89fe9a1\" data-element_type=\"section\" data-e-type=\"section\">\n\t\t\t\t\t\t<div class=\"elementor-container elementor-column-gap-default\">\n\t\t\t\t\t<div class=\"elementor-column elementor-col-50 elementor-top-column elementor-element elementor-element-bf8f933\" data-id=\"bf8f933\" data-element_type=\"column\" data-e-type=\"column\">\n\t\t\t<div class=\"elementor-widget-wrap elementor-element-populated\">\n\t\t\t\t\t\t<div class=\"elementor-element elementor-element-0007b71 elementor-widget elementor-widget-text-editor\" data-id=\"0007b71\" data-element_type=\"widget\" data-e-type=\"widget\" data-widget_type=\"text-editor.default\">\n\t\t\t\t<div class=\"elementor-widget-container\">\n\t\t\t\t\t\t\t\t\t<p><span style=\"color: #000000;\"><b>W\u0142a\u015bciwo\u015bci:<\/b><\/span><\/p><ul><li><p><span style=\"color: #000000;\">Starannie opracowana mieszanka poliamid\u00f3w zapewnia idealne kotwienie iniektora<\/span><\/p><\/li><li><p><span style=\"color: #000000;\">Zapewnia wysok\u0105 elastyczno\u015b\u0107 listk\u00f3w kotwi\u0105cych iniektor\u00f3w<\/span><\/p><\/li><li><p><span style=\"color: #000000;\">Dzi\u0119ki zastosowaniu zaworu zwrotnego otrzymujemy bardzo wysok\u0105 szczelno\u015b\u0107<\/span><\/p><\/li><\/ul><p><span style=\"color: #000000;\">Przy wbijaniu pakera w konstrukcj\u0119 budowlan\u0105 nale\u017cy wbija\u0107 poprzez pobijak (np klucz nasadowy 7), lub dedykowany przez HAMMER POD tak by nie zniekszta\u0142ci\u0107 zaworu.<\/span><\/p>\t\t\t\t\t\t\t\t<\/div>\n\t\t\t\t<\/div>\n\t\t\t\t\t<\/div>\n\t\t<\/div>\n\t\t\t\t<div class=\"elementor-column elementor-col-50 elementor-top-column elementor-element elementor-element-262f392\" data-id=\"262f392\" data-element_type=\"column\" data-e-type=\"column\">\n\t\t\t<div class=\"elementor-widget-wrap elementor-element-populated\">\n\t\t\t\t\t\t<div class=\"elementor-element elementor-element-9389ef6 elementor-widget elementor-widget-image\" data-id=\"9389ef6\" data-element_type=\"widget\" data-e-type=\"widget\" data-widget_type=\"image.default\">\n\t\t\t\t<div class=\"elementor-widget-container\">\n\t\t\t\t\t\t\t\t\t\t\t\t\t\t\t<img fetchpriority=\"high\" decoding=\"async\" width=\"242\" height=\"300\" src=\"https:\/\/b2b.pakery.pl\/wp-content\/uploads\/2021\/04\/IMG_2267-242x300.jpg\" class=\"attachment-medium size-medium wp-image-3383\" alt=\"\" srcset=\"https:\/\/b2b.pakery.pl\/wp-content\/uploads\/2021\/04\/IMG_2267-242x300.jpg 242w, https:\/\/b2b.pakery.pl\/wp-content\/uploads\/2021\/04\/IMG_2267-827x1024.jpg 827w, https:\/\/b2b.pakery.pl\/wp-content\/uploads\/2021\/04\/IMG_2267-768x951.jpg 768w, https:\/\/b2b.pakery.pl\/wp-content\/uploads\/2021\/04\/IMG_2267-1240x1536.jpg 1240w, https:\/\/b2b.pakery.pl\/wp-content\/uploads\/2021\/04\/IMG_2267-1654x2048.jpg 1654w, https:\/\/b2b.pakery.pl\/wp-content\/uploads\/2021\/04\/IMG_2267-683x846.jpg 683w, https:\/\/b2b.pakery.pl\/wp-content\/uploads\/2021\/04\/IMG_2267-552x683.jpg 552w, https:\/\/b2b.pakery.pl\/wp-content\/uploads\/2021\/04\/IMG_2267.jpg 1800w\" sizes=\"(max-width: 242px) 100vw, 242px\" \/>\t\t\t\t\t\t\t\t\t\t\t\t\t\t\t<\/div>\n\t\t\t\t<\/div>\n\t\t\t\t\t<\/div>\n\t\t<\/div>\n\t\t\t\t\t<\/div>\n\t\t<\/section>\n\t\t\t\t<\/div>\n\t\t","protected":false},"excerpt":{"rendered":"<p>Paker plastikowy wbijany, idealny do prac niewymagaj\u0105cych wysokiego ci\u015bnienia\u00a0(dla ci\u015bnie\u0144 poni\u017cej 60 BAR). Praktycznie zerowe ci\u015bnienie otwarcia zaworu, dzi\u0119ki zastosowaniu zaworu grawitacyjnego. Pakery nadaj\u0105 si\u0119 do wysycenia konstrukcji, jak i iniekcji kurtynowych. Idealne do iniekcji roztwor\u00f3w wodnych, krzemian\u00f3w. Iniektor posiada zaw\u00f3r zwrotny. Bardzo atrakcyjna cena. W\u0142a\u015bciwo\u015bci: Starannie opracowana mieszanka poliamid\u00f3w zapewnia idealne kotwienie iniektora Zapewnia [&hellip;]<\/p>\n","protected":false},"featured_media":1902,"template":"","meta":{"_acf_changed":false},"product_brand":[],"product_cat":[43],"product_tag":[1778],"class_list":{"0":"post-1901","1":"product","2":"type-product","3":"status-publish","4":"has-post-thumbnail","6":"product_cat-pakery-plastikowe","7":"product_tag-pakery-iniekcyjne","9":"first","10":"instock","11":"taxable","12":"shipping-taxable","13":"purchasable","14":"product-type-simple"},"acf":[],"yoast_head":"<!-- This site is optimized with the Yoast SEO plugin v24.8.1 - https:\/\/yoast.com\/wordpress\/plugins\/seo\/ -->\n<title>Pakery do iniekcji | Paker do iniekcji PI-P 12\/65 - PAKERY.PL<\/title>\n<meta name=\"description\" content=\"Paker plastikowy wbijany, idealny do prac niewymagaj\u0105cych wysokiego ci\u015bnienia (dla ci\u015bnie\u0144 poni\u017cej 60 BAR).\" \/>\n<meta name=\"robots\" content=\"index, follow, max-snippet:-1, max-image-preview:large, max-video-preview:-1\" \/>\n<link rel=\"canonical\" href=\"https:\/\/b2b.pakery.pl\/pl\/produkt\/pi-ph-12-65\/\" \/>\n<meta property=\"og:locale\" content=\"pl_PL\" \/>\n<meta property=\"og:type\" content=\"article\" \/>\n<meta property=\"og:title\" content=\"Pakery do iniekcji | Paker do iniekcji PI-P 12\/65 - PAKERY.PL\" \/>\n<meta property=\"og:description\" content=\"Paker plastikowy wbijany, idealny do prac niewymagaj\u0105cych wysokiego ci\u015bnienia (dla ci\u015bnie\u0144 poni\u017cej 60 BAR).\" \/>\n<meta property=\"og:url\" content=\"https:\/\/b2b.pakery.pl\/pl\/produkt\/pi-ph-12-65\/\" \/>\n<meta property=\"og:site_name\" content=\"PAKERY.PL\" \/>\n<meta property=\"article:modified_time\" content=\"2025-02-11T15:08:01+00:00\" \/>\n<meta property=\"og:image\" content=\"https:\/\/b2b.pakery.pl\/wp-content\/uploads\/2021\/04\/PI-PH-1265.png\" \/>\n\t<meta property=\"og:image:width\" content=\"2500\" \/>\n\t<meta property=\"og:image:height\" content=\"2500\" \/>\n\t<meta property=\"og:image:type\" content=\"image\/png\" \/>\n<meta name=\"twitter:card\" content=\"summary_large_image\" \/>\n<script type=\"application\/ld+json\" class=\"yoast-schema-graph\">{\"@context\":\"https:\/\/schema.org\",\"@graph\":[{\"@type\":\"WebPage\",\"@id\":\"https:\/\/b2b.pakery.pl\/pl\/produkt\/pi-ph-12-65\/\",\"url\":\"https:\/\/b2b.pakery.pl\/pl\/produkt\/pi-ph-12-65\/\",\"name\":\"Pakery do iniekcji | Paker do iniekcji PI-P 12\/65 - PAKERY.PL\",\"isPartOf\":{\"@id\":\"https:\/\/b2b.pakery.pl\/pl\/#website\"},\"primaryImageOfPage\":{\"@id\":\"https:\/\/b2b.pakery.pl\/pl\/produkt\/pi-ph-12-65\/#primaryimage\"},\"image\":{\"@id\":\"https:\/\/b2b.pakery.pl\/pl\/produkt\/pi-ph-12-65\/#primaryimage\"},\"thumbnailUrl\":\"https:\/\/b2b.pakery.pl\/wp-content\/uploads\/2021\/04\/PI-PH-1265.png\",\"datePublished\":\"2021-04-21T09:42:16+00:00\",\"dateModified\":\"2025-02-11T15:08:01+00:00\",\"description\":\"Paker plastikowy wbijany, idealny do prac niewymagaj\u0105cych wysokiego ci\u015bnienia (dla ci\u015bnie\u0144 poni\u017cej 60 BAR).\",\"breadcrumb\":{\"@id\":\"https:\/\/b2b.pakery.pl\/pl\/produkt\/pi-ph-12-65\/#breadcrumb\"},\"inLanguage\":\"pl-PL\",\"potentialAction\":[{\"@type\":\"ReadAction\",\"target\":[\"https:\/\/b2b.pakery.pl\/pl\/produkt\/pi-ph-12-65\/\"]}]},{\"@type\":\"ImageObject\",\"inLanguage\":\"pl-PL\",\"@id\":\"https:\/\/b2b.pakery.pl\/pl\/produkt\/pi-ph-12-65\/#primaryimage\",\"url\":\"https:\/\/b2b.pakery.pl\/wp-content\/uploads\/2021\/04\/PI-PH-1265.png\",\"contentUrl\":\"https:\/\/b2b.pakery.pl\/wp-content\/uploads\/2021\/04\/PI-PH-1265.png\",\"width\":2500,\"height\":2500,\"caption\":\"pakery do iniekcji\"},{\"@type\":\"BreadcrumbList\",\"@id\":\"https:\/\/b2b.pakery.pl\/pl\/produkt\/pi-ph-12-65\/#breadcrumb\",\"itemListElement\":[{\"@type\":\"ListItem\",\"position\":1,\"name\":\"Strona g\u0142\u00f3wna\",\"item\":\"https:\/\/b2b.pakery.pl\/pl\/strona-glowna\/\"},{\"@type\":\"ListItem\",\"position\":2,\"name\":\"Sklep\",\"item\":\"https:\/\/b2b.pakery.pl\/pl\/sklep\/\"},{\"@type\":\"ListItem\",\"position\":3,\"name\":\"Paker do iniekcji PI-P 12\/65\"}]},{\"@type\":\"WebSite\",\"@id\":\"https:\/\/b2b.pakery.pl\/pl\/#website\",\"url\":\"https:\/\/b2b.pakery.pl\/pl\/\",\"name\":\"Pakery.pl\",\"description\":\"Injection Packers, Spiral Anchors, Injection Lances, Injection Hoses, Injection Pumps, Injection Pump Service, Injection Pump Rental\",\"publisher\":{\"@id\":\"https:\/\/b2b.pakery.pl\/pl\/#organization\"},\"potentialAction\":[{\"@type\":\"SearchAction\",\"target\":{\"@type\":\"EntryPoint\",\"urlTemplate\":\"https:\/\/b2b.pakery.pl\/pl\/?s={search_term_string}\"},\"query-input\":{\"@type\":\"PropertyValueSpecification\",\"valueRequired\":true,\"valueName\":\"search_term_string\"}}],\"inLanguage\":\"pl-PL\"},{\"@type\":\"Organization\",\"@id\":\"https:\/\/b2b.pakery.pl\/pl\/#organization\",\"name\":\"PAKERY.PL\",\"url\":\"https:\/\/b2b.pakery.pl\/pl\/\",\"logo\":{\"@type\":\"ImageObject\",\"inLanguage\":\"pl-PL\",\"@id\":\"https:\/\/b2b.pakery.pl\/pl\/#\/schema\/logo\/image\/\",\"url\":\"https:\/\/b2b.pakery.pl\/wp-content\/uploads\/2021\/04\/cropped-PAKERY-LOGO.png\",\"contentUrl\":\"https:\/\/b2b.pakery.pl\/wp-content\/uploads\/2021\/04\/cropped-PAKERY-LOGO.png\",\"width\":1529,\"height\":500,\"caption\":\"PAKERY.PL\"},\"image\":{\"@id\":\"https:\/\/b2b.pakery.pl\/pl\/#\/schema\/logo\/image\/\"}}]}<\/script>\n<!-- \/ Yoast SEO plugin. -->","yoast_head_json":{"title":"Pakery do iniekcji | Paker do iniekcji PI-P 12\/65 - PAKERY.PL","description":"Paker plastikowy wbijany, idealny do prac niewymagaj\u0105cych wysokiego ci\u015bnienia (dla ci\u015bnie\u0144 poni\u017cej 60 BAR).","robots":{"index":"index","follow":"follow","max-snippet":"max-snippet:-1","max-image-preview":"max-image-preview:large","max-video-preview":"max-video-preview:-1"},"canonical":"https:\/\/b2b.pakery.pl\/pl\/produkt\/pi-ph-12-65\/","og_locale":"pl_PL","og_type":"article","og_title":"Pakery do iniekcji | Paker do iniekcji PI-P 12\/65 - PAKERY.PL","og_description":"Paker plastikowy wbijany, idealny do prac niewymagaj\u0105cych wysokiego ci\u015bnienia (dla ci\u015bnie\u0144 poni\u017cej 60 BAR).","og_url":"https:\/\/b2b.pakery.pl\/pl\/produkt\/pi-ph-12-65\/","og_site_name":"PAKERY.PL","article_modified_time":"2025-02-11T15:08:01+00:00","og_image":[{"width":2500,"height":2500,"url":"https:\/\/b2b.pakery.pl\/wp-content\/uploads\/2021\/04\/PI-PH-1265.png","type":"image\/png"}],"twitter_card":"summary_large_image","schema":{"@context":"https:\/\/schema.org","@graph":[{"@type":"WebPage","@id":"https:\/\/b2b.pakery.pl\/pl\/produkt\/pi-ph-12-65\/","url":"https:\/\/b2b.pakery.pl\/pl\/produkt\/pi-ph-12-65\/","name":"Pakery do iniekcji | Paker do iniekcji PI-P 12\/65 - PAKERY.PL","isPartOf":{"@id":"https:\/\/b2b.pakery.pl\/pl\/#website"},"primaryImageOfPage":{"@id":"https:\/\/b2b.pakery.pl\/pl\/produkt\/pi-ph-12-65\/#primaryimage"},"image":{"@id":"https:\/\/b2b.pakery.pl\/pl\/produkt\/pi-ph-12-65\/#primaryimage"},"thumbnailUrl":"https:\/\/b2b.pakery.pl\/wp-content\/uploads\/2021\/04\/PI-PH-1265.png","datePublished":"2021-04-21T09:42:16+00:00","dateModified":"2025-02-11T15:08:01+00:00","description":"Paker plastikowy wbijany, idealny do prac niewymagaj\u0105cych wysokiego ci\u015bnienia (dla ci\u015bnie\u0144 poni\u017cej 60 BAR).","breadcrumb":{"@id":"https:\/\/b2b.pakery.pl\/pl\/produkt\/pi-ph-12-65\/#breadcrumb"},"inLanguage":"pl-PL","potentialAction":[{"@type":"ReadAction","target":["https:\/\/b2b.pakery.pl\/pl\/produkt\/pi-ph-12-65\/"]}]},{"@type":"ImageObject","inLanguage":"pl-PL","@id":"https:\/\/b2b.pakery.pl\/pl\/produkt\/pi-ph-12-65\/#primaryimage","url":"https:\/\/b2b.pakery.pl\/wp-content\/uploads\/2021\/04\/PI-PH-1265.png","contentUrl":"https:\/\/b2b.pakery.pl\/wp-content\/uploads\/2021\/04\/PI-PH-1265.png","width":2500,"height":2500,"caption":"pakery do iniekcji"},{"@type":"BreadcrumbList","@id":"https:\/\/b2b.pakery.pl\/pl\/produkt\/pi-ph-12-65\/#breadcrumb","itemListElement":[{"@type":"ListItem","position":1,"name":"Strona g\u0142\u00f3wna","item":"https:\/\/b2b.pakery.pl\/pl\/strona-glowna\/"},{"@type":"ListItem","position":2,"name":"Sklep","item":"https:\/\/b2b.pakery.pl\/pl\/sklep\/"},{"@type":"ListItem","position":3,"name":"Paker do iniekcji PI-P 12\/65"}]},{"@type":"WebSite","@id":"https:\/\/b2b.pakery.pl\/pl\/#website","url":"https:\/\/b2b.pakery.pl\/pl\/","name":"Pakery.pl","description":"Injection Packers, Spiral Anchors, Injection Lances, Injection Hoses, Injection Pumps, Injection Pump Service, Injection Pump Rental","publisher":{"@id":"https:\/\/b2b.pakery.pl\/pl\/#organization"},"potentialAction":[{"@type":"SearchAction","target":{"@type":"EntryPoint","urlTemplate":"https:\/\/b2b.pakery.pl\/pl\/?s={search_term_string}"},"query-input":{"@type":"PropertyValueSpecification","valueRequired":true,"valueName":"search_term_string"}}],"inLanguage":"pl-PL"},{"@type":"Organization","@id":"https:\/\/b2b.pakery.pl\/pl\/#organization","name":"PAKERY.PL","url":"https:\/\/b2b.pakery.pl\/pl\/","logo":{"@type":"ImageObject","inLanguage":"pl-PL","@id":"https:\/\/b2b.pakery.pl\/pl\/#\/schema\/logo\/image\/","url":"https:\/\/b2b.pakery.pl\/wp-content\/uploads\/2021\/04\/cropped-PAKERY-LOGO.png","contentUrl":"https:\/\/b2b.pakery.pl\/wp-content\/uploads\/2021\/04\/cropped-PAKERY-LOGO.png","width":1529,"height":500,"caption":"PAKERY.PL"},"image":{"@id":"https:\/\/b2b.pakery.pl\/pl\/#\/schema\/logo\/image\/"}}]}},"tiered_pricing_type":"fixed","tiered_pricing_fixed_rules":{"1500":"0.99","3000":"0.84","6000":"0.79"},"tiered_pricing_product_settings":{"layout":"default","base_unit_name":{"singular":null,"plural":null},"default_variation":null},"tiered_pricing_minimum_quantity":null,"tiered_pricing_roles_data":[],"tiered_pricing_percentage_rules":[],"tiered_pricing_maximum_quantity":null,"tiered_pricing_quantity_step":null,"_links":{"self":[{"href":"https:\/\/b2b.pakery.pl\/pl\/wp-json\/wp\/v2\/product\/1901","targetHints":{"allow":["GET"]}}],"collection":[{"href":"https:\/\/b2b.pakery.pl\/pl\/wp-json\/wp\/v2\/product"}],"about":[{"href":"https:\/\/b2b.pakery.pl\/pl\/wp-json\/wp\/v2\/types\/product"}],"version-history":[{"count":11,"href":"https:\/\/b2b.pakery.pl\/pl\/wp-json\/wp\/v2\/product\/1901\/revisions"}],"predecessor-version":[{"id":43621,"href":"https:\/\/b2b.pakery.pl\/pl\/wp-json\/wp\/v2\/product\/1901\/revisions\/43621"}],"wp:featuredmedia":[{"embeddable":true,"href":"https:\/\/b2b.pakery.pl\/pl\/wp-json\/wp\/v2\/media\/1902"}],"wp:attachment":[{"href":"https:\/\/b2b.pakery.pl\/pl\/wp-json\/wp\/v2\/media?parent=1901"}],"wp:term":[{"taxonomy":"product_brand","embeddable":true,"href":"https:\/\/b2b.pakery.pl\/pl\/wp-json\/wp\/v2\/product_brand?post=1901"},{"taxonomy":"product_cat","embeddable":true,"href":"https:\/\/b2b.pakery.pl\/pl\/wp-json\/wp\/v2\/product_cat?post=1901"},{"taxonomy":"product_tag","embeddable":true,"href":"https:\/\/b2b.pakery.pl\/pl\/wp-json\/wp\/v2\/product_tag?post=1901"}],"curies":[{"name":"wp","href":"https:\/\/api.w.org\/{rel}","templated":true}]}}