{"id":1890,"date":"2021-04-21T11:09:59","date_gmt":"2021-04-21T09:09:59","guid":{"rendered":"https:\/\/b2b.pakery.pl\/?post_type=product&#038;p=1890"},"modified":"2025-05-09T08:42:15","modified_gmt":"2025-05-09T06:42:15","slug":"pi-a-13-100swg","status":"publish","type":"product","link":"https:\/\/b2b.pakery.pl\/pl\/produkt\/pi-a-13-100swg\/","title":{"rendered":"Paker do iniekcji PI-A 13\/100"},"content":{"rendered":"\t\t<div data-elementor-type=\"product-post\" data-elementor-id=\"1890\" class=\"elementor elementor-1890\" data-elementor-post-type=\"product\">\n\t\t\t\t\t\t<section class=\"elementor-section elementor-top-section elementor-element elementor-element-85b9033 elementor-section-full_width elementor-section-height-default elementor-section-height-default\" data-id=\"85b9033\" data-element_type=\"section\" data-e-type=\"section\">\n\t\t\t\t\t\t<div class=\"elementor-container elementor-column-gap-default\">\n\t\t\t\t\t<div class=\"elementor-column elementor-col-100 elementor-top-column elementor-element elementor-element-fc15f1f\" data-id=\"fc15f1f\" data-element_type=\"column\" data-e-type=\"column\">\n\t\t\t<div class=\"elementor-widget-wrap elementor-element-populated\">\n\t\t\t\t\t\t<div class=\"elementor-element elementor-element-1798c75 elementor-widget elementor-widget-text-editor\" data-id=\"1798c75\" data-element_type=\"widget\" data-e-type=\"widget\" data-widget_type=\"text-editor.default\">\n\t\t\t\t<div class=\"elementor-widget-container\">\n\t\t\t\t\t\t\t\t\t<p><span style=\"color: #000000;\"><b>Paker aluminiowy z&nbsp;kalamitami najwy\u017cszej jako\u015bci SWG \/ PRE \/ FWG znanych z serii professional line<\/b>.<\/span><\/p>\n<p><span style=\"color: #000000;\">&nbsp;Iniektor zapewnia wzorow\u0105 szczelno\u015b\u0107, oraz dobre kotwienie. Iniektor zapewnia szczelne podawanie iniektu przy niskich oraz wysokich ci\u015bnieniach. Bardzo atrakcyjna cena.<\/span><\/p>\n<p><span style=\"color: #000000;\">Paker wyst\u0119puje w r\u00f3\u017cnych d\u0142ugo\u015bciach korpusu: <b>110 <\/b>\/ 150 \/ 200 \/ 300 \/ 450 mm.<\/span><\/p>\n<p><span style=\"color: #000000;\">Niew\u0105tpliw\u0105 zalet\u0105 jest mo\u017cliwo\u015b\u0107 utr\u0105cenia pakera m\u0142otkiem.<\/span><\/p>\t\t\t\t\t\t\t\t<\/div>\n\t\t\t\t<\/div>\n\t\t\t\t\t<\/div>\n\t\t<\/div>\n\t\t\t\t\t<\/div>\n\t\t<\/section>\n\t\t\t\t<\/div>\n\t\t","protected":false},"excerpt":{"rendered":"<p>Paker aluminiowy z\u00a0kalamitami najwy\u017cszej jako\u015bci SWG \/ PRE \/ FWG znanych z serii professional line. Iniektor zapewnia wzorow\u0105 szczelno\u015b\u0107, oraz dobre kotwienie. Iniektor zapewnia szczelne podawanie iniektu przy niskich oraz wysokich ci\u015bnieniach. Bardzo atrakcyjna cena. Paker wyst\u0119puje w r\u00f3\u017cnych d\u0142ugo\u015bciach korpusu: 110 \/ 150 \/ 200 \/ 300 \/ 450 mm. Niew\u0105tpliw\u0105 zalet\u0105 jest mo\u017cliwo\u015b\u0107 [&hellip;]<\/p>\n","protected":false},"featured_media":3227,"template":"","meta":{"_acf_changed":false},"product_brand":[],"product_cat":[36],"product_tag":[1778],"class_list":{"0":"post-1890","1":"product","2":"type-product","3":"status-publish","4":"has-post-thumbnail","6":"product_cat-pakery-stalowe","7":"product_tag-pakery-iniekcyjne","8":"pa_rodzaj-kalamitki-swg","9":"pa_rodzaj-kalamitki-pre","10":"pa_rodzaj-kalamitki-fwg","12":"first","13":"instock","14":"taxable","15":"shipping-taxable","16":"purchasable","17":"product-type-variable"},"acf":[],"yoast_head":"<!-- This site is optimized with the Yoast SEO plugin v24.8.1 - https:\/\/yoast.com\/wordpress\/plugins\/seo\/ -->\n<title>Paker do iniekcji aluminiowy PI-A 13\/100 - PAKERY.PL<\/title>\n<meta name=\"description\" content=\"Paker do iniekcji aluminiowy. Wyj\u0105tkowa szczelno\u015b\u0107 nawet przy bardzo wysokim ci\u015bnieniu. Zarejestruj si\u0119 aby wybra\u0107 sw\u00f3j typ kalamitki.\" \/>\n<meta name=\"robots\" content=\"index, follow, max-snippet:-1, max-image-preview:large, max-video-preview:-1\" \/>\n<link rel=\"canonical\" href=\"https:\/\/b2b.pakery.pl\/pl\/produkt\/pi-a-13-100swg\/\" \/>\n<meta property=\"og:locale\" content=\"pl_PL\" \/>\n<meta property=\"og:type\" content=\"article\" \/>\n<meta property=\"og:title\" content=\"Paker do iniekcji aluminiowy PI-A 13\/100 - PAKERY.PL\" \/>\n<meta property=\"og:description\" content=\"Paker do iniekcji aluminiowy. Wyj\u0105tkowa szczelno\u015b\u0107 nawet przy bardzo wysokim ci\u015bnieniu. Zarejestruj si\u0119 aby wybra\u0107 sw\u00f3j typ kalamitki.\" \/>\n<meta property=\"og:url\" content=\"https:\/\/b2b.pakery.pl\/pl\/produkt\/pi-a-13-100swg\/\" \/>\n<meta property=\"og:site_name\" content=\"PAKERY.PL\" \/>\n<meta property=\"article:modified_time\" content=\"2025-05-09T06:42:15+00:00\" \/>\n<meta property=\"og:image\" content=\"https:\/\/b2b.pakery.pl\/wp-content\/uploads\/2021\/04\/PI-A-13100-1024x1024.png\" \/>\n\t<meta property=\"og:image:width\" content=\"1024\" \/>\n\t<meta property=\"og:image:height\" content=\"1024\" \/>\n\t<meta property=\"og:image:type\" content=\"image\/png\" \/>\n<meta name=\"twitter:card\" content=\"summary_large_image\" \/>\n<script type=\"application\/ld+json\" class=\"yoast-schema-graph\">{\"@context\":\"https:\/\/schema.org\",\"@graph\":[{\"@type\":\"WebPage\",\"@id\":\"https:\/\/b2b.pakery.pl\/pl\/produkt\/pi-a-13-100swg\/\",\"url\":\"https:\/\/b2b.pakery.pl\/pl\/produkt\/pi-a-13-100swg\/\",\"name\":\"Paker do iniekcji aluminiowy PI-A 13\/100 - PAKERY.PL\",\"isPartOf\":{\"@id\":\"https:\/\/b2b.pakery.pl\/pl\/#website\"},\"primaryImageOfPage\":{\"@id\":\"https:\/\/b2b.pakery.pl\/pl\/produkt\/pi-a-13-100swg\/#primaryimage\"},\"image\":{\"@id\":\"https:\/\/b2b.pakery.pl\/pl\/produkt\/pi-a-13-100swg\/#primaryimage\"},\"thumbnailUrl\":\"https:\/\/b2b.pakery.pl\/wp-content\/uploads\/2021\/04\/PI-A-13100.png\",\"datePublished\":\"2021-04-21T09:09:59+00:00\",\"dateModified\":\"2025-05-09T06:42:15+00:00\",\"description\":\"Paker do iniekcji aluminiowy. Wyj\u0105tkowa szczelno\u015b\u0107 nawet przy bardzo wysokim ci\u015bnieniu. Zarejestruj si\u0119 aby wybra\u0107 sw\u00f3j typ kalamitki.\",\"breadcrumb\":{\"@id\":\"https:\/\/b2b.pakery.pl\/pl\/produkt\/pi-a-13-100swg\/#breadcrumb\"},\"inLanguage\":\"pl-PL\",\"potentialAction\":[{\"@type\":\"ReadAction\",\"target\":[\"https:\/\/b2b.pakery.pl\/pl\/produkt\/pi-a-13-100swg\/\"]}]},{\"@type\":\"ImageObject\",\"inLanguage\":\"pl-PL\",\"@id\":\"https:\/\/b2b.pakery.pl\/pl\/produkt\/pi-a-13-100swg\/#primaryimage\",\"url\":\"https:\/\/b2b.pakery.pl\/wp-content\/uploads\/2021\/04\/PI-A-13100.png\",\"contentUrl\":\"https:\/\/b2b.pakery.pl\/wp-content\/uploads\/2021\/04\/PI-A-13100.png\",\"width\":2500,\"height\":2500,\"caption\":\"Paker do iniekcji paker iniekcyjny\"},{\"@type\":\"BreadcrumbList\",\"@id\":\"https:\/\/b2b.pakery.pl\/pl\/produkt\/pi-a-13-100swg\/#breadcrumb\",\"itemListElement\":[{\"@type\":\"ListItem\",\"position\":1,\"name\":\"Strona g\u0142\u00f3wna\",\"item\":\"https:\/\/b2b.pakery.pl\/pl\/strona-glowna\/\"},{\"@type\":\"ListItem\",\"position\":2,\"name\":\"Sklep\",\"item\":\"https:\/\/b2b.pakery.pl\/pl\/sklep\/\"},{\"@type\":\"ListItem\",\"position\":3,\"name\":\"Paker do iniekcji PI-A 13\/100\"}]},{\"@type\":\"WebSite\",\"@id\":\"https:\/\/b2b.pakery.pl\/pl\/#website\",\"url\":\"https:\/\/b2b.pakery.pl\/pl\/\",\"name\":\"Pakery.pl\",\"description\":\"Injection Packers, Spiral Anchors, Injection Lances, Injection Hoses, Injection Pumps, Injection Pump Service, Injection Pump Rental\",\"publisher\":{\"@id\":\"https:\/\/b2b.pakery.pl\/pl\/#organization\"},\"potentialAction\":[{\"@type\":\"SearchAction\",\"target\":{\"@type\":\"EntryPoint\",\"urlTemplate\":\"https:\/\/b2b.pakery.pl\/pl\/?s={search_term_string}\"},\"query-input\":{\"@type\":\"PropertyValueSpecification\",\"valueRequired\":true,\"valueName\":\"search_term_string\"}}],\"inLanguage\":\"pl-PL\"},{\"@type\":\"Organization\",\"@id\":\"https:\/\/b2b.pakery.pl\/pl\/#organization\",\"name\":\"PAKERY.PL\",\"url\":\"https:\/\/b2b.pakery.pl\/pl\/\",\"logo\":{\"@type\":\"ImageObject\",\"inLanguage\":\"pl-PL\",\"@id\":\"https:\/\/b2b.pakery.pl\/pl\/#\/schema\/logo\/image\/\",\"url\":\"https:\/\/b2b.pakery.pl\/wp-content\/uploads\/2021\/04\/cropped-PAKERY-LOGO.png\",\"contentUrl\":\"https:\/\/b2b.pakery.pl\/wp-content\/uploads\/2021\/04\/cropped-PAKERY-LOGO.png\",\"width\":1529,\"height\":500,\"caption\":\"PAKERY.PL\"},\"image\":{\"@id\":\"https:\/\/b2b.pakery.pl\/pl\/#\/schema\/logo\/image\/\"}}]}<\/script>\n<!-- \/ Yoast SEO plugin. -->","yoast_head_json":{"title":"Paker do iniekcji aluminiowy PI-A 13\/100 - PAKERY.PL","description":"Paker do iniekcji aluminiowy. Wyj\u0105tkowa szczelno\u015b\u0107 nawet przy bardzo wysokim ci\u015bnieniu. Zarejestruj si\u0119 aby wybra\u0107 sw\u00f3j typ kalamitki.","robots":{"index":"index","follow":"follow","max-snippet":"max-snippet:-1","max-image-preview":"max-image-preview:large","max-video-preview":"max-video-preview:-1"},"canonical":"https:\/\/b2b.pakery.pl\/pl\/produkt\/pi-a-13-100swg\/","og_locale":"pl_PL","og_type":"article","og_title":"Paker do iniekcji aluminiowy PI-A 13\/100 - PAKERY.PL","og_description":"Paker do iniekcji aluminiowy. Wyj\u0105tkowa szczelno\u015b\u0107 nawet przy bardzo wysokim ci\u015bnieniu. Zarejestruj si\u0119 aby wybra\u0107 sw\u00f3j typ kalamitki.","og_url":"https:\/\/b2b.pakery.pl\/pl\/produkt\/pi-a-13-100swg\/","og_site_name":"PAKERY.PL","article_modified_time":"2025-05-09T06:42:15+00:00","og_image":[{"width":1024,"height":1024,"url":"https:\/\/b2b.pakery.pl\/wp-content\/uploads\/2021\/04\/PI-A-13100-1024x1024.png","type":"image\/png"}],"twitter_card":"summary_large_image","schema":{"@context":"https:\/\/schema.org","@graph":[{"@type":"WebPage","@id":"https:\/\/b2b.pakery.pl\/pl\/produkt\/pi-a-13-100swg\/","url":"https:\/\/b2b.pakery.pl\/pl\/produkt\/pi-a-13-100swg\/","name":"Paker do iniekcji aluminiowy PI-A 13\/100 - PAKERY.PL","isPartOf":{"@id":"https:\/\/b2b.pakery.pl\/pl\/#website"},"primaryImageOfPage":{"@id":"https:\/\/b2b.pakery.pl\/pl\/produkt\/pi-a-13-100swg\/#primaryimage"},"image":{"@id":"https:\/\/b2b.pakery.pl\/pl\/produkt\/pi-a-13-100swg\/#primaryimage"},"thumbnailUrl":"https:\/\/b2b.pakery.pl\/wp-content\/uploads\/2021\/04\/PI-A-13100.png","datePublished":"2021-04-21T09:09:59+00:00","dateModified":"2025-05-09T06:42:15+00:00","description":"Paker do iniekcji aluminiowy. Wyj\u0105tkowa szczelno\u015b\u0107 nawet przy bardzo wysokim ci\u015bnieniu. Zarejestruj si\u0119 aby wybra\u0107 sw\u00f3j typ kalamitki.","breadcrumb":{"@id":"https:\/\/b2b.pakery.pl\/pl\/produkt\/pi-a-13-100swg\/#breadcrumb"},"inLanguage":"pl-PL","potentialAction":[{"@type":"ReadAction","target":["https:\/\/b2b.pakery.pl\/pl\/produkt\/pi-a-13-100swg\/"]}]},{"@type":"ImageObject","inLanguage":"pl-PL","@id":"https:\/\/b2b.pakery.pl\/pl\/produkt\/pi-a-13-100swg\/#primaryimage","url":"https:\/\/b2b.pakery.pl\/wp-content\/uploads\/2021\/04\/PI-A-13100.png","contentUrl":"https:\/\/b2b.pakery.pl\/wp-content\/uploads\/2021\/04\/PI-A-13100.png","width":2500,"height":2500,"caption":"Paker do iniekcji paker iniekcyjny"},{"@type":"BreadcrumbList","@id":"https:\/\/b2b.pakery.pl\/pl\/produkt\/pi-a-13-100swg\/#breadcrumb","itemListElement":[{"@type":"ListItem","position":1,"name":"Strona g\u0142\u00f3wna","item":"https:\/\/b2b.pakery.pl\/pl\/strona-glowna\/"},{"@type":"ListItem","position":2,"name":"Sklep","item":"https:\/\/b2b.pakery.pl\/pl\/sklep\/"},{"@type":"ListItem","position":3,"name":"Paker do iniekcji PI-A 13\/100"}]},{"@type":"WebSite","@id":"https:\/\/b2b.pakery.pl\/pl\/#website","url":"https:\/\/b2b.pakery.pl\/pl\/","name":"Pakery.pl","description":"Injection Packers, Spiral Anchors, Injection Lances, Injection Hoses, Injection Pumps, Injection Pump Service, Injection Pump Rental","publisher":{"@id":"https:\/\/b2b.pakery.pl\/pl\/#organization"},"potentialAction":[{"@type":"SearchAction","target":{"@type":"EntryPoint","urlTemplate":"https:\/\/b2b.pakery.pl\/pl\/?s={search_term_string}"},"query-input":{"@type":"PropertyValueSpecification","valueRequired":true,"valueName":"search_term_string"}}],"inLanguage":"pl-PL"},{"@type":"Organization","@id":"https:\/\/b2b.pakery.pl\/pl\/#organization","name":"PAKERY.PL","url":"https:\/\/b2b.pakery.pl\/pl\/","logo":{"@type":"ImageObject","inLanguage":"pl-PL","@id":"https:\/\/b2b.pakery.pl\/pl\/#\/schema\/logo\/image\/","url":"https:\/\/b2b.pakery.pl\/wp-content\/uploads\/2021\/04\/cropped-PAKERY-LOGO.png","contentUrl":"https:\/\/b2b.pakery.pl\/wp-content\/uploads\/2021\/04\/cropped-PAKERY-LOGO.png","width":1529,"height":500,"caption":"PAKERY.PL"},"image":{"@id":"https:\/\/b2b.pakery.pl\/pl\/#\/schema\/logo\/image\/"}}]}},"tiered_pricing_type":"fixed","tiered_pricing_fixed_rules":{"1000":"1.59","3000":"1.54"},"tiered_pricing_product_settings":{"layout":"default","base_unit_name":{"singular":null,"plural":null},"default_variation":null},"tiered_pricing_minimum_quantity":null,"tiered_pricing_roles_data":[],"tiered_pricing_percentage_rules":[],"tiered_pricing_maximum_quantity":null,"tiered_pricing_quantity_step":null,"_links":{"self":[{"href":"https:\/\/b2b.pakery.pl\/pl\/wp-json\/wp\/v2\/product\/1890","targetHints":{"allow":["GET"]}}],"collection":[{"href":"https:\/\/b2b.pakery.pl\/pl\/wp-json\/wp\/v2\/product"}],"about":[{"href":"https:\/\/b2b.pakery.pl\/pl\/wp-json\/wp\/v2\/types\/product"}],"version-history":[{"count":15,"href":"https:\/\/b2b.pakery.pl\/pl\/wp-json\/wp\/v2\/product\/1890\/revisions"}],"predecessor-version":[{"id":44069,"href":"https:\/\/b2b.pakery.pl\/pl\/wp-json\/wp\/v2\/product\/1890\/revisions\/44069"}],"wp:featuredmedia":[{"embeddable":true,"href":"https:\/\/b2b.pakery.pl\/pl\/wp-json\/wp\/v2\/media\/3227"}],"wp:attachment":[{"href":"https:\/\/b2b.pakery.pl\/pl\/wp-json\/wp\/v2\/media?parent=1890"}],"wp:term":[{"taxonomy":"product_brand","embeddable":true,"href":"https:\/\/b2b.pakery.pl\/pl\/wp-json\/wp\/v2\/product_brand?post=1890"},{"taxonomy":"product_cat","embeddable":true,"href":"https:\/\/b2b.pakery.pl\/pl\/wp-json\/wp\/v2\/product_cat?post=1890"},{"taxonomy":"product_tag","embeddable":true,"href":"https:\/\/b2b.pakery.pl\/pl\/wp-json\/wp\/v2\/product_tag?post=1890"}],"curies":[{"name":"wp","href":"https:\/\/api.w.org\/{rel}","templated":true}]}}