{"id":1861,"date":"2021-04-21T09:15:15","date_gmt":"2021-04-21T07:15:15","guid":{"rendered":"https:\/\/b2b.pakery.pl\/?post_type=product&#038;p=1861"},"modified":"2023-12-20T16:53:30","modified_gmt":"2023-12-20T15:53:30","slug":"kotwa-spiralna-3","status":"publish","type":"product","link":"https:\/\/b2b.pakery.pl\/pl\/produkt\/kotwa-spiralna-3\/","title":{"rendered":"Kotwa spiralna \u23008 mm"},"content":{"rendered":"\t\t<div data-elementor-type=\"product-post\" data-elementor-id=\"1861\" class=\"elementor elementor-1861\" data-elementor-post-type=\"product\">\n\t\t\t\t\t\t<section class=\"elementor-section elementor-top-section elementor-element elementor-element-27d19c8 elementor-section-boxed elementor-section-height-default elementor-section-height-default\" data-id=\"27d19c8\" data-element_type=\"section\" data-e-type=\"section\">\n\t\t\t\t\t\t<div class=\"elementor-container elementor-column-gap-default\">\n\t\t\t\t\t<div class=\"elementor-column elementor-col-100 elementor-top-column elementor-element elementor-element-1379c46\" data-id=\"1379c46\" data-element_type=\"column\" data-e-type=\"column\">\n\t\t\t<div class=\"elementor-widget-wrap elementor-element-populated\">\n\t\t\t\t\t\t<section class=\"elementor-section elementor-inner-section elementor-element elementor-element-6a4b693 elementor-section-boxed elementor-section-height-default elementor-section-height-default\" data-id=\"6a4b693\" data-element_type=\"section\" data-e-type=\"section\">\n\t\t\t\t\t\t<div class=\"elementor-container elementor-column-gap-default\">\n\t\t\t\t\t<div class=\"elementor-column elementor-col-50 elementor-inner-column elementor-element elementor-element-9775ea6\" data-id=\"9775ea6\" data-element_type=\"column\" data-e-type=\"column\">\n\t\t\t<div class=\"elementor-widget-wrap elementor-element-populated\">\n\t\t\t\t\t\t<div class=\"elementor-element elementor-element-54aed20 elementor-widget elementor-widget-text-editor\" data-id=\"54aed20\" data-element_type=\"widget\" data-e-type=\"widget\" data-widget_type=\"text-editor.default\">\n\t\t\t\t<div class=\"elementor-widget-container\">\n\t\t\t\t\t\t\t\t\t<div data-id=\"9c16b70\" data-element_type=\"widget\" data-widget_type=\"text-editor.default\"><div><div><div><span style=\"color: #000000;\"><strong>PARAMETRY TECHNICZNE:<\/strong><\/span><\/div><ul><li><span style=\"color: #000000;\">\u015arednica kotwy: 8 mm<\/span><\/li><li><span style=\"color: #000000;\">Powierzchnia przekroju [mm\u00b2]: \u00a010,00<\/span><\/li><li><span style=\"color: #000000;\">Granica plastyczno\u015bci [MPa]: 388,9<\/span><\/li><li><span style=\"color: #000000;\">Wytrzyma\u0142o\u015b\u0107 na rozci\u0105ganie [MPa]: 988,7<\/span><\/li><li><span style=\"color: #000000;\">Modu\u0142 [GPa]: 163,1<\/span><\/li><\/ul><\/div><\/div><\/div><div data-id=\"f10e87b\" data-element_type=\"widget\" data-widget_type=\"text-editor.default\"><div><div><p><span style=\"color: #000000;\"><strong>ZASTOSOWANIE:<\/strong><\/span><\/p><ul><li><span style=\"color: #000000;\">naprawa p\u0119kni\u0119\u0107 \u015bcian konstrukcyjnych wykonanych z ceg\u0142y, kamienia betonu<\/span><\/li><li><span style=\"color: #000000;\">wzmocnienie po\u0142\u0105cze\u0144 \u015bcian dzia\u0142owych z konstrukcyjnymi<\/span><\/li><li><span style=\"color: #000000;\">wzmocnienie attyk dachowych<\/span><\/li><li><span style=\"color: #000000;\">wzmocnienie p\u0142yt balkonowych<\/span><\/li><li><span style=\"color: #000000;\">naprawa i wzmacnianie nadpro\u017cy, belek, strop\u00f3w<\/span><\/li><li><span style=\"color: #000000;\">kotwienie odspojonych warstw os\u0142onowych \u015bcian<\/span><\/li><li><span style=\"color: #000000;\">stabilizacja wyboczonych \u015bcian<\/span><\/li><li><span style=\"color: #000000;\">wzmacnianie \u015bcian w obiektach wsp\u00f3\u0142czesnych<\/span><\/li><\/ul><p><span style=\"color: #000000;\"><strong>ZALETY SPIRALNYCH WZMOCNIE\u0143:<\/strong><\/span><\/p><ul><li><span style=\"color: #000000;\">Zwi\u0119kszenie no\u015bno\u015bci \u015bcian, s\u0142up\u00f3w, d\u017awigar\u00f3w, belek, p\u0142yt, fundament\u00f3w<\/span><\/li><li><span style=\"color: #000000;\">Szybka aplikacja \u2013 bez przerw technologicznych<\/span><\/li><li><span style=\"color: #000000;\">Niska inwazyjno\u015b\u0107 \u2013 aplikacja bez ba\u0142aganu i zamieszania<\/span><\/li><li><span style=\"color: #000000;\">P\u0119kni\u0119cia nie pojawiaj\u0105 si\u0119 ponownie \u2013 wysoka wydajno\u015b\u0107 technologii<\/span><\/li><li><span style=\"color: #000000;\">Niski koszt<\/span><\/li><\/ul><\/div><\/div><\/div>\t\t\t\t\t\t\t\t<\/div>\n\t\t\t\t<\/div>\n\t\t\t\t\t<\/div>\n\t\t<\/div>\n\t\t\t\t<div class=\"elementor-column elementor-col-50 elementor-inner-column elementor-element elementor-element-1c1b2cc\" data-id=\"1c1b2cc\" data-element_type=\"column\" data-e-type=\"column\">\n\t\t\t<div class=\"elementor-widget-wrap elementor-element-populated\">\n\t\t\t\t\t\t<div class=\"elementor-element elementor-element-fb8190c elementor-widget elementor-widget-image\" data-id=\"fb8190c\" data-element_type=\"widget\" data-e-type=\"widget\" data-widget_type=\"image.default\">\n\t\t\t\t<div class=\"elementor-widget-container\">\n\t\t\t\t\t\t\t\t\t\t\t\t\t\t\t<img fetchpriority=\"high\" decoding=\"async\" width=\"691\" height=\"758\" src=\"https:\/\/b2b.pakery.pl\/wp-content\/uploads\/2021\/04\/Kotwa-spiralna.png\" class=\"attachment-large size-large wp-image-3131\" alt=\"\" srcset=\"https:\/\/b2b.pakery.pl\/wp-content\/uploads\/2021\/04\/Kotwa-spiralna.png 691w, https:\/\/b2b.pakery.pl\/wp-content\/uploads\/2021\/04\/Kotwa-spiralna-273x300.png 273w, https:\/\/b2b.pakery.pl\/wp-content\/uploads\/2021\/04\/Kotwa-spiralna-683x749.png 683w, https:\/\/b2b.pakery.pl\/wp-content\/uploads\/2021\/04\/Kotwa-spiralna-602x660.png 602w\" sizes=\"(max-width: 691px) 100vw, 691px\" \/>\t\t\t\t\t\t\t\t\t\t\t\t\t\t\t<\/div>\n\t\t\t\t<\/div>\n\t\t\t\t\t<\/div>\n\t\t<\/div>\n\t\t\t\t\t<\/div>\n\t\t<\/section>\n\t\t\t\t\t<\/div>\n\t\t<\/div>\n\t\t\t\t\t<\/div>\n\t\t<\/section>\n\t\t\t\t<section class=\"elementor-section elementor-top-section elementor-element elementor-element-c5684eb elementor-section-boxed elementor-section-height-default elementor-section-height-default\" data-id=\"c5684eb\" data-element_type=\"section\" data-e-type=\"section\">\n\t\t\t\t\t\t<div class=\"elementor-container elementor-column-gap-default\">\n\t\t\t\t\t<div class=\"elementor-column elementor-col-100 elementor-top-column elementor-element elementor-element-a67b020\" data-id=\"a67b020\" data-element_type=\"column\" data-e-type=\"column\">\n\t\t\t<div class=\"elementor-widget-wrap elementor-element-populated\">\n\t\t\t\t\t\t<div class=\"elementor-element elementor-element-4006458 elementor-widget elementor-widget-image\" data-id=\"4006458\" data-element_type=\"widget\" data-e-type=\"widget\" data-widget_type=\"image.default\">\n\t\t\t\t<div class=\"elementor-widget-container\">\n\t\t\t\t\t\t\t\t\t\t\t\t\t\t\t<img decoding=\"async\" width=\"1024\" height=\"526\" src=\"https:\/\/b2b.pakery.pl\/wp-content\/uploads\/2021\/04\/HAMMPACK-SPIRAL-HAMMER-1024x526.png\" class=\"attachment-large size-large wp-image-3149\" alt=\"\" srcset=\"https:\/\/b2b.pakery.pl\/wp-content\/uploads\/2021\/04\/HAMMPACK-SPIRAL-HAMMER-1024x526.png 1024w, https:\/\/b2b.pakery.pl\/wp-content\/uploads\/2021\/04\/HAMMPACK-SPIRAL-HAMMER-300x154.png 300w, https:\/\/b2b.pakery.pl\/wp-content\/uploads\/2021\/04\/HAMMPACK-SPIRAL-HAMMER-768x394.png 768w, https:\/\/b2b.pakery.pl\/wp-content\/uploads\/2021\/04\/HAMMPACK-SPIRAL-HAMMER-683x351.png 683w, https:\/\/b2b.pakery.pl\/wp-content\/uploads\/2021\/04\/HAMMPACK-SPIRAL-HAMMER-602x309.png 602w, https:\/\/b2b.pakery.pl\/wp-content\/uploads\/2021\/04\/HAMMPACK-SPIRAL-HAMMER.png 1323w\" sizes=\"(max-width: 1024px) 100vw, 1024px\" \/>\t\t\t\t\t\t\t\t\t\t\t\t\t\t\t<\/div>\n\t\t\t\t<\/div>\n\t\t\t\t\t<\/div>\n\t\t<\/div>\n\t\t\t\t\t<\/div>\n\t\t<\/section>\n\t\t\t\t<section class=\"elementor-section elementor-top-section elementor-element elementor-element-ec0bf78 elementor-section-boxed elementor-section-height-default elementor-section-height-default\" data-id=\"ec0bf78\" data-element_type=\"section\" data-e-type=\"section\">\n\t\t\t\t\t\t<div class=\"elementor-container elementor-column-gap-default\">\n\t\t\t\t\t<div class=\"elementor-column elementor-col-100 elementor-top-column elementor-element elementor-element-05c2e9e\" data-id=\"05c2e9e\" data-element_type=\"column\" data-e-type=\"column\">\n\t\t\t<div class=\"elementor-widget-wrap elementor-element-populated\">\n\t\t\t\t\t\t<div class=\"elementor-element elementor-element-8369f04 elementor-widget elementor-widget-text-editor\" data-id=\"8369f04\" data-element_type=\"widget\" data-e-type=\"widget\" data-widget_type=\"text-editor.default\">\n\t\t\t\t<div class=\"elementor-widget-container\">\n\t\t\t\t\t\t\t\t\t<p><span style=\"caret-color: #000000; color: #000000;\">Wymiary bruzd pod kotwy spiralne, wraz z orientacyjnym zu\u017cyciem zaprawy do kotew, znajd\u0105 Pa\u0144stwo w tabeli poni\u017cej:<\/span><\/p>\t\t\t\t\t\t\t\t<\/div>\n\t\t\t\t<\/div>\n\t\t\t\t\t<\/div>\n\t\t<\/div>\n\t\t\t\t\t<\/div>\n\t\t<\/section>\n\t\t\t\t<section class=\"elementor-section elementor-top-section elementor-element elementor-element-ab4cb88 elementor-section-boxed elementor-section-height-default elementor-section-height-default\" data-id=\"ab4cb88\" data-element_type=\"section\" data-e-type=\"section\">\n\t\t\t\t\t\t<div class=\"elementor-container elementor-column-gap-default\">\n\t\t\t\t\t<div class=\"elementor-column elementor-col-100 elementor-top-column elementor-element elementor-element-6c18d94\" data-id=\"6c18d94\" data-element_type=\"column\" data-e-type=\"column\">\n\t\t\t<div class=\"elementor-widget-wrap elementor-element-populated\">\n\t\t\t\t\t\t<section class=\"elementor-section elementor-inner-section elementor-element elementor-element-26da927 elementor-section-boxed elementor-section-height-default elementor-section-height-default\" data-id=\"26da927\" data-element_type=\"section\" data-e-type=\"section\">\n\t\t\t\t\t\t<div class=\"elementor-container elementor-column-gap-default\">\n\t\t\t\t\t<div class=\"elementor-column elementor-col-50 elementor-inner-column elementor-element elementor-element-5fb7aab\" data-id=\"5fb7aab\" data-element_type=\"column\" data-e-type=\"column\">\n\t\t\t<div class=\"elementor-widget-wrap elementor-element-populated\">\n\t\t\t\t\t\t<div class=\"elementor-element elementor-element-43c5782 elementor-widget elementor-widget-image\" data-id=\"43c5782\" data-element_type=\"widget\" data-e-type=\"widget\" data-widget_type=\"image.default\">\n\t\t\t\t<div class=\"elementor-widget-container\">\n\t\t\t\t\t\t\t\t\t\t\t\t\t\t\t<img decoding=\"async\" width=\"897\" height=\"674\" src=\"https:\/\/b2b.pakery.pl\/wp-content\/uploads\/2021\/04\/sugestie-projektowe-kotw.png\" class=\"attachment-large size-large wp-image-3151\" alt=\"\" srcset=\"https:\/\/b2b.pakery.pl\/wp-content\/uploads\/2021\/04\/sugestie-projektowe-kotw.png 897w, https:\/\/b2b.pakery.pl\/wp-content\/uploads\/2021\/04\/sugestie-projektowe-kotw-300x225.png 300w, https:\/\/b2b.pakery.pl\/wp-content\/uploads\/2021\/04\/sugestie-projektowe-kotw-768x577.png 768w, https:\/\/b2b.pakery.pl\/wp-content\/uploads\/2021\/04\/sugestie-projektowe-kotw-683x513.png 683w, https:\/\/b2b.pakery.pl\/wp-content\/uploads\/2021\/04\/sugestie-projektowe-kotw-602x452.png 602w\" sizes=\"(max-width: 897px) 100vw, 897px\" \/>\t\t\t\t\t\t\t\t\t\t\t\t\t\t\t<\/div>\n\t\t\t\t<\/div>\n\t\t\t\t\t<\/div>\n\t\t<\/div>\n\t\t\t\t<div class=\"elementor-column elementor-col-50 elementor-inner-column elementor-element elementor-element-fe237d5\" data-id=\"fe237d5\" data-element_type=\"column\" data-e-type=\"column\">\n\t\t\t<div class=\"elementor-widget-wrap elementor-element-populated\">\n\t\t\t\t\t\t<div class=\"elementor-element elementor-element-a112f5a elementor-widget elementor-widget-text-editor\" data-id=\"a112f5a\" data-element_type=\"widget\" data-e-type=\"widget\" data-widget_type=\"text-editor.default\">\n\t\t\t\t<div class=\"elementor-widget-container\">\n\t\t\t\t\t\t\t\t\t<p><strong><span style=\"font-size: 1rem; color: #000000;\">min. ca\u0142kowita d\u0142ugo\u015b\u0107 kotwy (ceg\u0142a \/ kamie\u0144 \/ mur mieszany) \u2013 1000 mm<\/span><\/strong><\/p><p><strong><span style=\"color: #000000;\">min. ca\u0142kowita d\u0142ugo\u015b\u0107 kotwy (beton) \u2013 600 mm<\/span><\/strong><\/p><p><em>Kotwy na wyra\u017ane \u017cyczenie klienta, przycinamy do okre\u015blonego wymiaru.<\/em><\/p><p><em>Wi\u0119cej sugestii projektowych, znajd\u0105 Pa\u0144stwo w dokumentacji technicznej Hammpack Spiral Hammer.<\/em><\/p>\t\t\t\t\t\t\t\t<\/div>\n\t\t\t\t<\/div>\n\t\t\t\t\t<\/div>\n\t\t<\/div>\n\t\t\t\t\t<\/div>\n\t\t<\/section>\n\t\t\t\t\t<\/div>\n\t\t<\/div>\n\t\t\t\t\t<\/div>\n\t\t<\/section>\n\t\t\t\t<\/div>\n\t\t","protected":false},"excerpt":{"rendered":"<p>PARAMETRY TECHNICZNE: \u015arednica kotwy: 8 mm Powierzchnia przekroju [mm\u00b2]: \u00a010,00 Granica plastyczno\u015bci [MPa]: 388,9 Wytrzyma\u0142o\u015b\u0107 na rozci\u0105ganie [MPa]: 988,7 Modu\u0142 [GPa]: 163,1 ZASTOSOWANIE: naprawa p\u0119kni\u0119\u0107 \u015bcian konstrukcyjnych wykonanych z ceg\u0142y, kamienia betonu wzmocnienie po\u0142\u0105cze\u0144 \u015bcian dzia\u0142owych z konstrukcyjnymi wzmocnienie attyk dachowych wzmocnienie p\u0142yt balkonowych naprawa i wzmacnianie nadpro\u017cy, belek, strop\u00f3w kotwienie odspojonych warstw os\u0142onowych \u015bcian [&hellip;]<\/p>\n","protected":false},"featured_media":3446,"template":"","meta":{"_acf_changed":false},"product_brand":[],"product_cat":[28],"product_tag":[],"class_list":{"0":"post-1861","1":"product","2":"type-product","3":"status-publish","4":"has-post-thumbnail","6":"product_cat-kotwy-spiralne","7":"pa_dlugosc-100m","8":"pa_dlugosc-10m","9":"pa_dlugosc-1m","11":"first","12":"instock","13":"taxable","14":"shipping-taxable","15":"purchasable","16":"product-type-variable"},"acf":[],"yoast_head":"<!-- This site is optimized with the Yoast SEO plugin v24.8.1 - https:\/\/yoast.com\/wordpress\/plugins\/seo\/ -->\n<title>Kotwa spiralna \u23008 mm l Kotwa spiralna do sp\u0119ka\u0144 mur\u00f3w<\/title>\n<meta name=\"description\" content=\"Kotwa do sp\u0119ka\u0144 mur\u00f3w | Kotwa spiralna | Zwi\u0119kszenie no\u015bno\u015bci \u015bcian, s\u0142up\u00f3w, d\u017awigar\u00f3w, belek, p\u0142yt, fundament\u00f3w\" \/>\n<meta name=\"robots\" content=\"index, follow, max-snippet:-1, max-image-preview:large, max-video-preview:-1\" \/>\n<link rel=\"canonical\" href=\"https:\/\/b2b.pakery.pl\/pl\/produkt\/kotwa-spiralna-3\/\" \/>\n<meta property=\"og:locale\" content=\"pl_PL\" \/>\n<meta property=\"og:type\" content=\"article\" \/>\n<meta property=\"og:title\" content=\"Kotwa spiralna \u23008 mm l Kotwa spiralna do sp\u0119ka\u0144 mur\u00f3w\" \/>\n<meta property=\"og:description\" content=\"Kotwa do sp\u0119ka\u0144 mur\u00f3w | Kotwa spiralna | Zwi\u0119kszenie no\u015bno\u015bci \u015bcian, s\u0142up\u00f3w, d\u017awigar\u00f3w, belek, p\u0142yt, fundament\u00f3w\" \/>\n<meta property=\"og:url\" content=\"https:\/\/b2b.pakery.pl\/pl\/produkt\/kotwa-spiralna-3\/\" \/>\n<meta property=\"og:site_name\" content=\"PAKERY.PL\" \/>\n<meta property=\"article:modified_time\" content=\"2023-12-20T15:53:30+00:00\" \/>\n<meta property=\"og:image\" content=\"https:\/\/b2b.pakery.pl\/wp-content\/uploads\/2021\/05\/kotwy-zbiorcze-1024x1024.png\" \/>\n\t<meta property=\"og:image:width\" content=\"1024\" \/>\n\t<meta property=\"og:image:height\" content=\"1024\" \/>\n\t<meta property=\"og:image:type\" content=\"image\/png\" \/>\n<meta name=\"twitter:card\" content=\"summary_large_image\" \/>\n<meta name=\"twitter:label1\" content=\"Szacowany czas czytania\" \/>\n\t<meta name=\"twitter:data1\" content=\"1 minuta\" \/>\n<script type=\"application\/ld+json\" class=\"yoast-schema-graph\">{\"@context\":\"https:\/\/schema.org\",\"@graph\":[{\"@type\":\"WebPage\",\"@id\":\"https:\/\/b2b.pakery.pl\/pl\/produkt\/kotwa-spiralna-3\/\",\"url\":\"https:\/\/b2b.pakery.pl\/pl\/produkt\/kotwa-spiralna-3\/\",\"name\":\"Kotwa spiralna \u23008 mm l Kotwa spiralna do sp\u0119ka\u0144 mur\u00f3w\",\"isPartOf\":{\"@id\":\"https:\/\/b2b.pakery.pl\/pl\/#website\"},\"primaryImageOfPage\":{\"@id\":\"https:\/\/b2b.pakery.pl\/pl\/produkt\/kotwa-spiralna-3\/#primaryimage\"},\"image\":{\"@id\":\"https:\/\/b2b.pakery.pl\/pl\/produkt\/kotwa-spiralna-3\/#primaryimage\"},\"thumbnailUrl\":\"https:\/\/b2b.pakery.pl\/wp-content\/uploads\/2021\/05\/kotwy-zbiorcze.png\",\"datePublished\":\"2021-04-21T07:15:15+00:00\",\"dateModified\":\"2023-12-20T15:53:30+00:00\",\"description\":\"Kotwa do sp\u0119ka\u0144 mur\u00f3w | Kotwa spiralna | Zwi\u0119kszenie no\u015bno\u015bci \u015bcian, s\u0142up\u00f3w, d\u017awigar\u00f3w, belek, p\u0142yt, fundament\u00f3w\",\"breadcrumb\":{\"@id\":\"https:\/\/b2b.pakery.pl\/pl\/produkt\/kotwa-spiralna-3\/#breadcrumb\"},\"inLanguage\":\"pl-PL\",\"potentialAction\":[{\"@type\":\"ReadAction\",\"target\":[\"https:\/\/b2b.pakery.pl\/pl\/produkt\/kotwa-spiralna-3\/\"]}]},{\"@type\":\"ImageObject\",\"inLanguage\":\"pl-PL\",\"@id\":\"https:\/\/b2b.pakery.pl\/pl\/produkt\/kotwa-spiralna-3\/#primaryimage\",\"url\":\"https:\/\/b2b.pakery.pl\/wp-content\/uploads\/2021\/05\/kotwy-zbiorcze.png\",\"contentUrl\":\"https:\/\/b2b.pakery.pl\/wp-content\/uploads\/2021\/05\/kotwy-zbiorcze.png\",\"width\":2500,\"height\":2500},{\"@type\":\"BreadcrumbList\",\"@id\":\"https:\/\/b2b.pakery.pl\/pl\/produkt\/kotwa-spiralna-3\/#breadcrumb\",\"itemListElement\":[{\"@type\":\"ListItem\",\"position\":1,\"name\":\"Strona g\u0142\u00f3wna\",\"item\":\"https:\/\/b2b.pakery.pl\/pl\/strona-glowna\/\"},{\"@type\":\"ListItem\",\"position\":2,\"name\":\"Sklep\",\"item\":\"https:\/\/b2b.pakery.pl\/pl\/sklep\/\"},{\"@type\":\"ListItem\",\"position\":3,\"name\":\"Kotwa spiralna \u23008 mm\"}]},{\"@type\":\"WebSite\",\"@id\":\"https:\/\/b2b.pakery.pl\/pl\/#website\",\"url\":\"https:\/\/b2b.pakery.pl\/pl\/\",\"name\":\"Pakery.pl\",\"description\":\"Injection Packers, Spiral Anchors, Injection Lances, Injection Hoses, Injection Pumps, Injection Pump Service, Injection Pump Rental\",\"publisher\":{\"@id\":\"https:\/\/b2b.pakery.pl\/pl\/#organization\"},\"potentialAction\":[{\"@type\":\"SearchAction\",\"target\":{\"@type\":\"EntryPoint\",\"urlTemplate\":\"https:\/\/b2b.pakery.pl\/pl\/?s={search_term_string}\"},\"query-input\":{\"@type\":\"PropertyValueSpecification\",\"valueRequired\":true,\"valueName\":\"search_term_string\"}}],\"inLanguage\":\"pl-PL\"},{\"@type\":\"Organization\",\"@id\":\"https:\/\/b2b.pakery.pl\/pl\/#organization\",\"name\":\"PAKERY.PL\",\"url\":\"https:\/\/b2b.pakery.pl\/pl\/\",\"logo\":{\"@type\":\"ImageObject\",\"inLanguage\":\"pl-PL\",\"@id\":\"https:\/\/b2b.pakery.pl\/pl\/#\/schema\/logo\/image\/\",\"url\":\"https:\/\/b2b.pakery.pl\/wp-content\/uploads\/2021\/04\/cropped-PAKERY-LOGO.png\",\"contentUrl\":\"https:\/\/b2b.pakery.pl\/wp-content\/uploads\/2021\/04\/cropped-PAKERY-LOGO.png\",\"width\":1529,\"height\":500,\"caption\":\"PAKERY.PL\"},\"image\":{\"@id\":\"https:\/\/b2b.pakery.pl\/pl\/#\/schema\/logo\/image\/\"}}]}<\/script>\n<!-- \/ Yoast SEO plugin. -->","yoast_head_json":{"title":"Kotwa spiralna \u23008 mm l Kotwa spiralna do sp\u0119ka\u0144 mur\u00f3w","description":"Kotwa do sp\u0119ka\u0144 mur\u00f3w | Kotwa spiralna | Zwi\u0119kszenie no\u015bno\u015bci \u015bcian, s\u0142up\u00f3w, d\u017awigar\u00f3w, belek, p\u0142yt, fundament\u00f3w","robots":{"index":"index","follow":"follow","max-snippet":"max-snippet:-1","max-image-preview":"max-image-preview:large","max-video-preview":"max-video-preview:-1"},"canonical":"https:\/\/b2b.pakery.pl\/pl\/produkt\/kotwa-spiralna-3\/","og_locale":"pl_PL","og_type":"article","og_title":"Kotwa spiralna \u23008 mm l Kotwa spiralna do sp\u0119ka\u0144 mur\u00f3w","og_description":"Kotwa do sp\u0119ka\u0144 mur\u00f3w | Kotwa spiralna | Zwi\u0119kszenie no\u015bno\u015bci \u015bcian, s\u0142up\u00f3w, d\u017awigar\u00f3w, belek, p\u0142yt, fundament\u00f3w","og_url":"https:\/\/b2b.pakery.pl\/pl\/produkt\/kotwa-spiralna-3\/","og_site_name":"PAKERY.PL","article_modified_time":"2023-12-20T15:53:30+00:00","og_image":[{"width":1024,"height":1024,"url":"https:\/\/b2b.pakery.pl\/wp-content\/uploads\/2021\/05\/kotwy-zbiorcze-1024x1024.png","type":"image\/png"}],"twitter_card":"summary_large_image","twitter_misc":{"Szacowany czas czytania":"1 minuta"},"schema":{"@context":"https:\/\/schema.org","@graph":[{"@type":"WebPage","@id":"https:\/\/b2b.pakery.pl\/pl\/produkt\/kotwa-spiralna-3\/","url":"https:\/\/b2b.pakery.pl\/pl\/produkt\/kotwa-spiralna-3\/","name":"Kotwa spiralna \u23008 mm l Kotwa spiralna do sp\u0119ka\u0144 mur\u00f3w","isPartOf":{"@id":"https:\/\/b2b.pakery.pl\/pl\/#website"},"primaryImageOfPage":{"@id":"https:\/\/b2b.pakery.pl\/pl\/produkt\/kotwa-spiralna-3\/#primaryimage"},"image":{"@id":"https:\/\/b2b.pakery.pl\/pl\/produkt\/kotwa-spiralna-3\/#primaryimage"},"thumbnailUrl":"https:\/\/b2b.pakery.pl\/wp-content\/uploads\/2021\/05\/kotwy-zbiorcze.png","datePublished":"2021-04-21T07:15:15+00:00","dateModified":"2023-12-20T15:53:30+00:00","description":"Kotwa do sp\u0119ka\u0144 mur\u00f3w | Kotwa spiralna | Zwi\u0119kszenie no\u015bno\u015bci \u015bcian, s\u0142up\u00f3w, d\u017awigar\u00f3w, belek, p\u0142yt, fundament\u00f3w","breadcrumb":{"@id":"https:\/\/b2b.pakery.pl\/pl\/produkt\/kotwa-spiralna-3\/#breadcrumb"},"inLanguage":"pl-PL","potentialAction":[{"@type":"ReadAction","target":["https:\/\/b2b.pakery.pl\/pl\/produkt\/kotwa-spiralna-3\/"]}]},{"@type":"ImageObject","inLanguage":"pl-PL","@id":"https:\/\/b2b.pakery.pl\/pl\/produkt\/kotwa-spiralna-3\/#primaryimage","url":"https:\/\/b2b.pakery.pl\/wp-content\/uploads\/2021\/05\/kotwy-zbiorcze.png","contentUrl":"https:\/\/b2b.pakery.pl\/wp-content\/uploads\/2021\/05\/kotwy-zbiorcze.png","width":2500,"height":2500},{"@type":"BreadcrumbList","@id":"https:\/\/b2b.pakery.pl\/pl\/produkt\/kotwa-spiralna-3\/#breadcrumb","itemListElement":[{"@type":"ListItem","position":1,"name":"Strona g\u0142\u00f3wna","item":"https:\/\/b2b.pakery.pl\/pl\/strona-glowna\/"},{"@type":"ListItem","position":2,"name":"Sklep","item":"https:\/\/b2b.pakery.pl\/pl\/sklep\/"},{"@type":"ListItem","position":3,"name":"Kotwa spiralna \u23008 mm"}]},{"@type":"WebSite","@id":"https:\/\/b2b.pakery.pl\/pl\/#website","url":"https:\/\/b2b.pakery.pl\/pl\/","name":"Pakery.pl","description":"Injection Packers, Spiral Anchors, Injection Lances, Injection Hoses, Injection Pumps, Injection Pump Service, Injection Pump Rental","publisher":{"@id":"https:\/\/b2b.pakery.pl\/pl\/#organization"},"potentialAction":[{"@type":"SearchAction","target":{"@type":"EntryPoint","urlTemplate":"https:\/\/b2b.pakery.pl\/pl\/?s={search_term_string}"},"query-input":{"@type":"PropertyValueSpecification","valueRequired":true,"valueName":"search_term_string"}}],"inLanguage":"pl-PL"},{"@type":"Organization","@id":"https:\/\/b2b.pakery.pl\/pl\/#organization","name":"PAKERY.PL","url":"https:\/\/b2b.pakery.pl\/pl\/","logo":{"@type":"ImageObject","inLanguage":"pl-PL","@id":"https:\/\/b2b.pakery.pl\/pl\/#\/schema\/logo\/image\/","url":"https:\/\/b2b.pakery.pl\/wp-content\/uploads\/2021\/04\/cropped-PAKERY-LOGO.png","contentUrl":"https:\/\/b2b.pakery.pl\/wp-content\/uploads\/2021\/04\/cropped-PAKERY-LOGO.png","width":1529,"height":500,"caption":"PAKERY.PL"},"image":{"@id":"https:\/\/b2b.pakery.pl\/pl\/#\/schema\/logo\/image\/"}}]}},"tiered_pricing_type":"fixed","tiered_pricing_fixed_rules":[],"tiered_pricing_product_settings":{"layout":"default","base_unit_name":{"singular":null,"plural":null},"default_variation":null},"tiered_pricing_minimum_quantity":null,"tiered_pricing_roles_data":[],"tiered_pricing_percentage_rules":[],"tiered_pricing_maximum_quantity":null,"tiered_pricing_quantity_step":null,"_links":{"self":[{"href":"https:\/\/b2b.pakery.pl\/pl\/wp-json\/wp\/v2\/product\/1861","targetHints":{"allow":["GET"]}}],"collection":[{"href":"https:\/\/b2b.pakery.pl\/pl\/wp-json\/wp\/v2\/product"}],"about":[{"href":"https:\/\/b2b.pakery.pl\/pl\/wp-json\/wp\/v2\/types\/product"}],"version-history":[{"count":11,"href":"https:\/\/b2b.pakery.pl\/pl\/wp-json\/wp\/v2\/product\/1861\/revisions"}],"predecessor-version":[{"id":42758,"href":"https:\/\/b2b.pakery.pl\/pl\/wp-json\/wp\/v2\/product\/1861\/revisions\/42758"}],"wp:featuredmedia":[{"embeddable":true,"href":"https:\/\/b2b.pakery.pl\/pl\/wp-json\/wp\/v2\/media\/3446"}],"wp:attachment":[{"href":"https:\/\/b2b.pakery.pl\/pl\/wp-json\/wp\/v2\/media?parent=1861"}],"wp:term":[{"taxonomy":"product_brand","embeddable":true,"href":"https:\/\/b2b.pakery.pl\/pl\/wp-json\/wp\/v2\/product_brand?post=1861"},{"taxonomy":"product_cat","embeddable":true,"href":"https:\/\/b2b.pakery.pl\/pl\/wp-json\/wp\/v2\/product_cat?post=1861"},{"taxonomy":"product_tag","embeddable":true,"href":"https:\/\/b2b.pakery.pl\/pl\/wp-json\/wp\/v2\/product_tag?post=1861"}],"curies":[{"name":"wp","href":"https:\/\/api.w.org\/{rel}","templated":true}]}}