{"id":1848,"date":"2021-04-21T08:11:04","date_gmt":"2021-04-21T06:11:04","guid":{"rendered":"https:\/\/b2b.pakery.pl\/?post_type=product&#038;p=1848"},"modified":"2025-05-08T14:26:32","modified_gmt":"2025-05-08T12:26:32","slug":"pi-spm-10-110","status":"publish","type":"product","link":"https:\/\/b2b.pakery.pl\/pl\/produkt\/pi-spm-10-110\/","title":{"rendered":"Paker do iniekcji PI-SPM 10\/110"},"content":{"rendered":"\t\t<div data-elementor-type=\"product-post\" data-elementor-id=\"1848\" class=\"elementor elementor-1848\" data-elementor-post-type=\"product\">\n\t\t\t\t\t\t<section class=\"elementor-section elementor-top-section elementor-element elementor-element-7950e7f elementor-section-full_width elementor-section-height-default elementor-section-height-default\" data-id=\"7950e7f\" data-element_type=\"section\" data-e-type=\"section\">\n\t\t\t\t\t\t<div class=\"elementor-container elementor-column-gap-default\">\n\t\t\t\t\t<div class=\"elementor-column elementor-col-100 elementor-top-column elementor-element elementor-element-72c4df8\" data-id=\"72c4df8\" data-element_type=\"column\" data-e-type=\"column\">\n\t\t\t<div class=\"elementor-widget-wrap elementor-element-populated\">\n\t\t\t\t\t\t<div class=\"elementor-element elementor-element-915c49d elementor-widget elementor-widget-text-editor\" data-id=\"915c49d\" data-element_type=\"widget\" data-e-type=\"widget\" data-widget_type=\"text-editor.default\">\n\t\t\t\t<div class=\"elementor-widget-container\">\n\t\t\t\t\t\t\t\t\t<p><span style=\"color: #000000;\">Flagowy model od lat PI-SPM paker serii <strong>professional line.<\/strong>\u00a0Iniektor\u00a0zapewnia doskona\u0142\u0105\u00a0szczelno\u015b\u0107, oraz wzorowe kotwienie. Iniektor nadaje si\u0119 do ka\u017cdego typu iniekcji. Zapewnia wzorow\u0105 szczelno\u015b\u0107 kalamitki, oraz cz\u0119\u015bci rozporowej zar\u00f3wno przy iniekcji wysokoci\u015bnieniowej jak i niskoci\u015bnieniowej.<\/span><\/p><p><span style=\"color: #000000;\"><span style=\"caret-color: #000000;\">Dzi\u0119ki specjalistycznym kalamitkom pakery idealnie trzymaj\u0105 ci\u015bnienie wsteczne (&#8220;nie ciekn\u0105&#8221;).<\/span><\/span><\/p><p><em><span style=\"color: #000000;\"><span style=\"caret-color: #000000;\"><strong>Pakery z kalamitk\u0105 SWG<\/strong>, s\u0105 dokr\u0119cone mechanicznie z dodatkiem kleju anaerobowego, gwarantuj\u0105c szczelne po\u0142\u0105czenie gwintu m6x1.\u00a0<\/span><\/span><\/em><\/p><p><em><span style=\"color: #000000;\"><strong>Pakery z kalamitk\u0105 PRE<\/strong>, maj\u0105 gwint preaplikowany pow\u0142okowo, dzi\u0119ki temu uzyskujemy natychmiastow\u0105 szczelno\u015b\u0107 w momencie skr\u0119cenia kalamitki.<\/span><\/em><\/p>\t\t\t\t\t\t\t\t<\/div>\n\t\t\t\t<\/div>\n\t\t\t\t\t<\/div>\n\t\t<\/div>\n\t\t\t\t\t<\/div>\n\t\t<\/section>\n\t\t\t\t<\/div>\n\t\t","protected":false},"excerpt":{"rendered":"<p>Flagowy model od lat PI-SPM paker serii professional line.\u00a0Iniektor\u00a0zapewnia doskona\u0142\u0105\u00a0szczelno\u015b\u0107, oraz wzorowe kotwienie. Iniektor nadaje si\u0119 do ka\u017cdego typu iniekcji. Zapewnia wzorow\u0105 szczelno\u015b\u0107 kalamitki, oraz cz\u0119\u015bci rozporowej zar\u00f3wno przy iniekcji wysokoci\u015bnieniowej jak i niskoci\u015bnieniowej. Dzi\u0119ki specjalistycznym kalamitkom pakery idealnie trzymaj\u0105 ci\u015bnienie wsteczne (&#8220;nie ciekn\u0105&#8221;). Pakery z kalamitk\u0105 SWG, s\u0105 dokr\u0119cone mechanicznie z dodatkiem kleju anaerobowego, [&hellip;]<\/p>\n","protected":false},"featured_media":3262,"template":"","meta":{"_acf_changed":false},"product_brand":[],"product_cat":[36],"product_tag":[1778],"class_list":{"0":"post-1848","1":"product","2":"type-product","3":"status-publish","4":"has-post-thumbnail","6":"product_cat-pakery-stalowe","7":"product_tag-pakery-iniekcyjne","8":"pa_rodzaj-kalamitki-swg","9":"pa_rodzaj-kalamitki-pre","10":"pa_rodzaj-kalamitki-fwg","12":"first","13":"instock","14":"taxable","15":"shipping-taxable","16":"purchasable","17":"product-type-variable"},"acf":[],"yoast_head":"<!-- This site is optimized with the Yoast SEO plugin v24.8.1 - https:\/\/yoast.com\/wordpress\/plugins\/seo\/ -->\n<title>Pakery do iniekcji | Paker do iniekcji PI-SPM 10\/110 - PAKERY.PL<\/title>\n<meta name=\"description\" content=\"Paker do iniekcji w najbardziej popularnym rozmiarze. Wyj\u0105tkowa szczelno\u015b\u0107 nawet przy bardzo wysokim ci\u015bnieniu.\" \/>\n<meta name=\"robots\" content=\"index, follow, max-snippet:-1, max-image-preview:large, max-video-preview:-1\" \/>\n<link rel=\"canonical\" href=\"https:\/\/b2b.pakery.pl\/pl\/produkt\/pi-spm-10-110\/\" \/>\n<meta property=\"og:locale\" content=\"pl_PL\" \/>\n<meta property=\"og:type\" content=\"article\" \/>\n<meta property=\"og:title\" content=\"Pakery do iniekcji | Paker do iniekcji PI-SPM 10\/110 - PAKERY.PL\" \/>\n<meta property=\"og:description\" content=\"Paker do iniekcji w najbardziej popularnym rozmiarze. Wyj\u0105tkowa szczelno\u015b\u0107 nawet przy bardzo wysokim ci\u015bnieniu.\" \/>\n<meta property=\"og:url\" content=\"https:\/\/b2b.pakery.pl\/pl\/produkt\/pi-spm-10-110\/\" \/>\n<meta property=\"og:site_name\" content=\"PAKERY.PL\" \/>\n<meta property=\"article:modified_time\" content=\"2025-05-08T12:26:32+00:00\" \/>\n<meta property=\"og:image\" content=\"https:\/\/b2b.pakery.pl\/wp-content\/uploads\/2021\/04\/PI-SPM-10110--1024x1024.png\" \/>\n\t<meta property=\"og:image:width\" content=\"1024\" \/>\n\t<meta property=\"og:image:height\" content=\"1024\" \/>\n\t<meta property=\"og:image:type\" content=\"image\/png\" \/>\n<meta name=\"twitter:card\" content=\"summary_large_image\" \/>\n<script type=\"application\/ld+json\" class=\"yoast-schema-graph\">{\"@context\":\"https:\/\/schema.org\",\"@graph\":[{\"@type\":\"WebPage\",\"@id\":\"https:\/\/b2b.pakery.pl\/pl\/produkt\/pi-spm-10-110\/\",\"url\":\"https:\/\/b2b.pakery.pl\/pl\/produkt\/pi-spm-10-110\/\",\"name\":\"Pakery do iniekcji | Paker do iniekcji PI-SPM 10\/110 - PAKERY.PL\",\"isPartOf\":{\"@id\":\"https:\/\/b2b.pakery.pl\/pl\/#website\"},\"primaryImageOfPage\":{\"@id\":\"https:\/\/b2b.pakery.pl\/pl\/produkt\/pi-spm-10-110\/#primaryimage\"},\"image\":{\"@id\":\"https:\/\/b2b.pakery.pl\/pl\/produkt\/pi-spm-10-110\/#primaryimage\"},\"thumbnailUrl\":\"https:\/\/b2b.pakery.pl\/wp-content\/uploads\/2021\/04\/PI-SPM-10110-.png\",\"datePublished\":\"2021-04-21T06:11:04+00:00\",\"dateModified\":\"2025-05-08T12:26:32+00:00\",\"description\":\"Paker do iniekcji w najbardziej popularnym rozmiarze. Wyj\u0105tkowa szczelno\u015b\u0107 nawet przy bardzo wysokim ci\u015bnieniu.\",\"breadcrumb\":{\"@id\":\"https:\/\/b2b.pakery.pl\/pl\/produkt\/pi-spm-10-110\/#breadcrumb\"},\"inLanguage\":\"pl-PL\",\"potentialAction\":[{\"@type\":\"ReadAction\",\"target\":[\"https:\/\/b2b.pakery.pl\/pl\/produkt\/pi-spm-10-110\/\"]}]},{\"@type\":\"ImageObject\",\"inLanguage\":\"pl-PL\",\"@id\":\"https:\/\/b2b.pakery.pl\/pl\/produkt\/pi-spm-10-110\/#primaryimage\",\"url\":\"https:\/\/b2b.pakery.pl\/wp-content\/uploads\/2021\/04\/PI-SPM-10110-.png\",\"contentUrl\":\"https:\/\/b2b.pakery.pl\/wp-content\/uploads\/2021\/04\/PI-SPM-10110-.png\",\"width\":2500,\"height\":2500,\"caption\":\"pakery do iniekcji\"},{\"@type\":\"BreadcrumbList\",\"@id\":\"https:\/\/b2b.pakery.pl\/pl\/produkt\/pi-spm-10-110\/#breadcrumb\",\"itemListElement\":[{\"@type\":\"ListItem\",\"position\":1,\"name\":\"Strona g\u0142\u00f3wna\",\"item\":\"https:\/\/b2b.pakery.pl\/pl\/strona-glowna\/\"},{\"@type\":\"ListItem\",\"position\":2,\"name\":\"Sklep\",\"item\":\"https:\/\/b2b.pakery.pl\/pl\/sklep\/\"},{\"@type\":\"ListItem\",\"position\":3,\"name\":\"Paker do iniekcji PI-SPM 10\/110\"}]},{\"@type\":\"WebSite\",\"@id\":\"https:\/\/b2b.pakery.pl\/pl\/#website\",\"url\":\"https:\/\/b2b.pakery.pl\/pl\/\",\"name\":\"Pakery.pl\",\"description\":\"Injection Packers, Spiral Anchors, Injection Lances, Injection Hoses, Injection Pumps, Injection Pump Service, Injection Pump Rental\",\"publisher\":{\"@id\":\"https:\/\/b2b.pakery.pl\/pl\/#organization\"},\"potentialAction\":[{\"@type\":\"SearchAction\",\"target\":{\"@type\":\"EntryPoint\",\"urlTemplate\":\"https:\/\/b2b.pakery.pl\/pl\/?s={search_term_string}\"},\"query-input\":{\"@type\":\"PropertyValueSpecification\",\"valueRequired\":true,\"valueName\":\"search_term_string\"}}],\"inLanguage\":\"pl-PL\"},{\"@type\":\"Organization\",\"@id\":\"https:\/\/b2b.pakery.pl\/pl\/#organization\",\"name\":\"PAKERY.PL\",\"url\":\"https:\/\/b2b.pakery.pl\/pl\/\",\"logo\":{\"@type\":\"ImageObject\",\"inLanguage\":\"pl-PL\",\"@id\":\"https:\/\/b2b.pakery.pl\/pl\/#\/schema\/logo\/image\/\",\"url\":\"https:\/\/b2b.pakery.pl\/wp-content\/uploads\/2021\/04\/cropped-PAKERY-LOGO.png\",\"contentUrl\":\"https:\/\/b2b.pakery.pl\/wp-content\/uploads\/2021\/04\/cropped-PAKERY-LOGO.png\",\"width\":1529,\"height\":500,\"caption\":\"PAKERY.PL\"},\"image\":{\"@id\":\"https:\/\/b2b.pakery.pl\/pl\/#\/schema\/logo\/image\/\"}}]}<\/script>\n<!-- \/ Yoast SEO plugin. -->","yoast_head_json":{"title":"Pakery do iniekcji | Paker do iniekcji PI-SPM 10\/110 - PAKERY.PL","description":"Paker do iniekcji w najbardziej popularnym rozmiarze. Wyj\u0105tkowa szczelno\u015b\u0107 nawet przy bardzo wysokim ci\u015bnieniu.","robots":{"index":"index","follow":"follow","max-snippet":"max-snippet:-1","max-image-preview":"max-image-preview:large","max-video-preview":"max-video-preview:-1"},"canonical":"https:\/\/b2b.pakery.pl\/pl\/produkt\/pi-spm-10-110\/","og_locale":"pl_PL","og_type":"article","og_title":"Pakery do iniekcji | Paker do iniekcji PI-SPM 10\/110 - PAKERY.PL","og_description":"Paker do iniekcji w najbardziej popularnym rozmiarze. Wyj\u0105tkowa szczelno\u015b\u0107 nawet przy bardzo wysokim ci\u015bnieniu.","og_url":"https:\/\/b2b.pakery.pl\/pl\/produkt\/pi-spm-10-110\/","og_site_name":"PAKERY.PL","article_modified_time":"2025-05-08T12:26:32+00:00","og_image":[{"width":1024,"height":1024,"url":"https:\/\/b2b.pakery.pl\/wp-content\/uploads\/2021\/04\/PI-SPM-10110--1024x1024.png","type":"image\/png"}],"twitter_card":"summary_large_image","schema":{"@context":"https:\/\/schema.org","@graph":[{"@type":"WebPage","@id":"https:\/\/b2b.pakery.pl\/pl\/produkt\/pi-spm-10-110\/","url":"https:\/\/b2b.pakery.pl\/pl\/produkt\/pi-spm-10-110\/","name":"Pakery do iniekcji | Paker do iniekcji PI-SPM 10\/110 - PAKERY.PL","isPartOf":{"@id":"https:\/\/b2b.pakery.pl\/pl\/#website"},"primaryImageOfPage":{"@id":"https:\/\/b2b.pakery.pl\/pl\/produkt\/pi-spm-10-110\/#primaryimage"},"image":{"@id":"https:\/\/b2b.pakery.pl\/pl\/produkt\/pi-spm-10-110\/#primaryimage"},"thumbnailUrl":"https:\/\/b2b.pakery.pl\/wp-content\/uploads\/2021\/04\/PI-SPM-10110-.png","datePublished":"2021-04-21T06:11:04+00:00","dateModified":"2025-05-08T12:26:32+00:00","description":"Paker do iniekcji w najbardziej popularnym rozmiarze. Wyj\u0105tkowa szczelno\u015b\u0107 nawet przy bardzo wysokim ci\u015bnieniu.","breadcrumb":{"@id":"https:\/\/b2b.pakery.pl\/pl\/produkt\/pi-spm-10-110\/#breadcrumb"},"inLanguage":"pl-PL","potentialAction":[{"@type":"ReadAction","target":["https:\/\/b2b.pakery.pl\/pl\/produkt\/pi-spm-10-110\/"]}]},{"@type":"ImageObject","inLanguage":"pl-PL","@id":"https:\/\/b2b.pakery.pl\/pl\/produkt\/pi-spm-10-110\/#primaryimage","url":"https:\/\/b2b.pakery.pl\/wp-content\/uploads\/2021\/04\/PI-SPM-10110-.png","contentUrl":"https:\/\/b2b.pakery.pl\/wp-content\/uploads\/2021\/04\/PI-SPM-10110-.png","width":2500,"height":2500,"caption":"pakery do iniekcji"},{"@type":"BreadcrumbList","@id":"https:\/\/b2b.pakery.pl\/pl\/produkt\/pi-spm-10-110\/#breadcrumb","itemListElement":[{"@type":"ListItem","position":1,"name":"Strona g\u0142\u00f3wna","item":"https:\/\/b2b.pakery.pl\/pl\/strona-glowna\/"},{"@type":"ListItem","position":2,"name":"Sklep","item":"https:\/\/b2b.pakery.pl\/pl\/sklep\/"},{"@type":"ListItem","position":3,"name":"Paker do iniekcji PI-SPM 10\/110"}]},{"@type":"WebSite","@id":"https:\/\/b2b.pakery.pl\/pl\/#website","url":"https:\/\/b2b.pakery.pl\/pl\/","name":"Pakery.pl","description":"Injection Packers, Spiral Anchors, Injection Lances, Injection Hoses, Injection Pumps, Injection Pump Service, Injection Pump Rental","publisher":{"@id":"https:\/\/b2b.pakery.pl\/pl\/#organization"},"potentialAction":[{"@type":"SearchAction","target":{"@type":"EntryPoint","urlTemplate":"https:\/\/b2b.pakery.pl\/pl\/?s={search_term_string}"},"query-input":{"@type":"PropertyValueSpecification","valueRequired":true,"valueName":"search_term_string"}}],"inLanguage":"pl-PL"},{"@type":"Organization","@id":"https:\/\/b2b.pakery.pl\/pl\/#organization","name":"PAKERY.PL","url":"https:\/\/b2b.pakery.pl\/pl\/","logo":{"@type":"ImageObject","inLanguage":"pl-PL","@id":"https:\/\/b2b.pakery.pl\/pl\/#\/schema\/logo\/image\/","url":"https:\/\/b2b.pakery.pl\/wp-content\/uploads\/2021\/04\/cropped-PAKERY-LOGO.png","contentUrl":"https:\/\/b2b.pakery.pl\/wp-content\/uploads\/2021\/04\/cropped-PAKERY-LOGO.png","width":1529,"height":500,"caption":"PAKERY.PL"},"image":{"@id":"https:\/\/b2b.pakery.pl\/pl\/#\/schema\/logo\/image\/"}}]}},"tiered_pricing_type":"fixed","tiered_pricing_fixed_rules":{"50":"2.23","500":"1.83","1000":"1.75","3000":"1.67"},"tiered_pricing_product_settings":{"layout":"default","base_unit_name":{"singular":null,"plural":null},"default_variation":null},"tiered_pricing_minimum_quantity":null,"tiered_pricing_roles_data":[],"tiered_pricing_percentage_rules":[],"tiered_pricing_maximum_quantity":null,"tiered_pricing_quantity_step":null,"_links":{"self":[{"href":"https:\/\/b2b.pakery.pl\/pl\/wp-json\/wp\/v2\/product\/1848","targetHints":{"allow":["GET"]}}],"collection":[{"href":"https:\/\/b2b.pakery.pl\/pl\/wp-json\/wp\/v2\/product"}],"about":[{"href":"https:\/\/b2b.pakery.pl\/pl\/wp-json\/wp\/v2\/types\/product"}],"version-history":[{"count":7,"href":"https:\/\/b2b.pakery.pl\/pl\/wp-json\/wp\/v2\/product\/1848\/revisions"}],"predecessor-version":[{"id":43418,"href":"https:\/\/b2b.pakery.pl\/pl\/wp-json\/wp\/v2\/product\/1848\/revisions\/43418"}],"wp:featuredmedia":[{"embeddable":true,"href":"https:\/\/b2b.pakery.pl\/pl\/wp-json\/wp\/v2\/media\/3262"}],"wp:attachment":[{"href":"https:\/\/b2b.pakery.pl\/pl\/wp-json\/wp\/v2\/media?parent=1848"}],"wp:term":[{"taxonomy":"product_brand","embeddable":true,"href":"https:\/\/b2b.pakery.pl\/pl\/wp-json\/wp\/v2\/product_brand?post=1848"},{"taxonomy":"product_cat","embeddable":true,"href":"https:\/\/b2b.pakery.pl\/pl\/wp-json\/wp\/v2\/product_cat?post=1848"},{"taxonomy":"product_tag","embeddable":true,"href":"https:\/\/b2b.pakery.pl\/pl\/wp-json\/wp\/v2\/product_tag?post=1848"}],"curies":[{"name":"wp","href":"https:\/\/api.w.org\/{rel}","templated":true}]}}