{"id":1817,"date":"2021-04-21T07:09:38","date_gmt":"2021-04-21T05:09:38","guid":{"rendered":"https:\/\/b2b.pakery.pl\/?post_type=product&#038;p=1817"},"modified":"2025-03-14T12:48:11","modified_gmt":"2025-03-14T11:48:11","slug":"pi-sph-8-80","status":"publish","type":"product","link":"https:\/\/b2b.pakery.pl\/pl\/produkt\/pi-sph-8-80\/","title":{"rendered":"Paker do iniekcji PI-SPH 8\/80"},"content":{"rendered":"\t\t<div data-elementor-type=\"product-post\" data-elementor-id=\"1817\" class=\"elementor elementor-1817\" data-elementor-post-type=\"product\">\n\t\t\t\t\t\t<section class=\"elementor-section elementor-top-section elementor-element elementor-element-1a8c0285 elementor-section-full_width elementor-section-height-default elementor-section-height-default\" data-id=\"1a8c0285\" data-element_type=\"section\" data-e-type=\"section\">\n\t\t\t\t\t\t<div class=\"elementor-container elementor-column-gap-default\">\n\t\t\t\t\t<div class=\"elementor-column elementor-col-100 elementor-top-column elementor-element elementor-element-11806434\" data-id=\"11806434\" data-element_type=\"column\" data-e-type=\"column\">\n\t\t\t<div class=\"elementor-widget-wrap elementor-element-populated\">\n\t\t\t\t\t\t<div class=\"elementor-element elementor-element-6f76b3a8 elementor-widget elementor-widget-text-editor\" data-id=\"6f76b3a8\" data-element_type=\"widget\" data-e-type=\"widget\" data-widget_type=\"text-editor.default\">\n\t\t\t\t<div class=\"elementor-widget-container\">\n\t\t\t\t\t\t\t\t\t<p><span style=\"color: #000000;\">Najmniejsza \u015brednica iniektora <b>do zada\u0144 specjalnych.<\/b><\/span><\/p><div class=\"_1bo4a _xu6h2 _1ylmp _2d49e_YrWCD\"><div class=\"_1voj4 _z9prt _1xzdi _ai5yc _5d6n2 _15lj1\"><div class=\"_2d49e_5pK0q\"><p><span style=\"color: #808080;\"><strong><em>Zarejestruj si\u0119 by zobaczy\u0107 nasz konfigurator paker\u00f3w. Wybierz sw\u00f3j typ kalamitki.<\/em><\/strong><\/span><\/p><p>\u00a0<\/p><\/div><\/div><h3><span style=\"color: #000000;\"><img fetchpriority=\"high\" decoding=\"async\" class=\"aligncenter size-full wp-image-2629\" src=\"https:\/\/b2b.pakery.pl\/wp-content\/uploads\/2021\/05\/baner-sph-8.png\" alt=\"\" width=\"1800\" height=\"300\" srcset=\"https:\/\/b2b.pakery.pl\/wp-content\/uploads\/2021\/05\/baner-sph-8.png 1800w, https:\/\/b2b.pakery.pl\/wp-content\/uploads\/2021\/05\/baner-sph-8-300x50.png 300w, https:\/\/b2b.pakery.pl\/wp-content\/uploads\/2021\/05\/baner-sph-8-1024x171.png 1024w, https:\/\/b2b.pakery.pl\/wp-content\/uploads\/2021\/05\/baner-sph-8-768x128.png 768w, https:\/\/b2b.pakery.pl\/wp-content\/uploads\/2021\/05\/baner-sph-8-1536x256.png 1536w, https:\/\/b2b.pakery.pl\/wp-content\/uploads\/2021\/05\/baner-sph-8-683x114.png 683w, https:\/\/b2b.pakery.pl\/wp-content\/uploads\/2021\/05\/baner-sph-8-602x100.png 602w\" sizes=\"(max-width: 1800px) 100vw, 1800px\" \/><\/span><\/h3><div class=\"_1voj4 _z9prt _1xzdi _ai5yc _5d6n2 _15lj1\"><div class=\"_2d49e_5pK0q\"><p>\u00a0<\/p><p><strong><span style=\"color: #000000;\">ZALETY PAKER\u00d3W HAMMPACK<\/span><\/strong><\/p><div class=\"_1bo4a _xu6h2 _1ylmp _2d49e_YrWCD\"><div class=\"_1voj4 _z9prt _1xzdi _ai5yc _5d6n2 _15lj1\"><div class=\"_2d49e_5pK0q\"><ul><li><span style=\"color: #000000;\">zwi\u0119kszenie efektywno\u015bci kotwienia pakera w otworze, poprzez dostosowanie \u015brednic i wybrzusze\u0144 na g\u00f3rnej cz\u0119\u015bci gumy rozporowej, u\u0142atwia to z\u0142apanie przyczepno\u015bci i poprawne kotwienie (pozwala to na znacz\u0105ce przyspieszenie instalacji pakera, oraz zwi\u0119kszenie szczelno\u015bci)<\/span><\/li><li><span style=\"color: #000000;\">zwi\u0119kszona wytrzyma\u0142o\u015b\u0107 i powtarzalno\u015b\u0107 gum rozporowych, dostosowanie mieszanki gumy i\u00a0procesu stygni\u0119cia (poprzez kontrol\u0119 temperatury), uodpornia iniektor na zrywanie gumy, oraz wypadanie gumy poza obr\u0119b podk\u0142adek.<\/span><\/li><\/ul><\/div><\/div><\/div><\/div><\/div><\/div>\t\t\t\t\t\t\t\t<\/div>\n\t\t\t\t<\/div>\n\t\t\t\t\t<\/div>\n\t\t<\/div>\n\t\t\t\t\t<\/div>\n\t\t<\/section>\n\t\t\t\t<section class=\"elementor-section elementor-top-section elementor-element elementor-element-01a2338 elementor-section-full_width elementor-section-height-default elementor-section-height-default\" data-id=\"01a2338\" data-element_type=\"section\" data-e-type=\"section\">\n\t\t\t\t\t\t<div class=\"elementor-container elementor-column-gap-default\">\n\t\t\t\t\t<div class=\"elementor-column elementor-col-100 elementor-top-column elementor-element elementor-element-d7fb9c8\" data-id=\"d7fb9c8\" data-element_type=\"column\" data-e-type=\"column\">\n\t\t\t<div class=\"elementor-widget-wrap elementor-element-populated\">\n\t\t\t\t\t\t<section class=\"elementor-section elementor-inner-section elementor-element elementor-element-9974fdb elementor-section-full_width elementor-section-height-default elementor-section-height-default\" data-id=\"9974fdb\" data-element_type=\"section\" data-e-type=\"section\">\n\t\t\t\t\t\t<div class=\"elementor-container elementor-column-gap-default\">\n\t\t\t\t\t<div class=\"elementor-column elementor-col-50 elementor-inner-column elementor-element elementor-element-ba443ff\" data-id=\"ba443ff\" data-element_type=\"column\" data-e-type=\"column\">\n\t\t\t<div class=\"elementor-widget-wrap elementor-element-populated\">\n\t\t\t\t\t\t<div class=\"elementor-element elementor-element-7d6434f elementor-widget elementor-widget-text-editor\" data-id=\"7d6434f\" data-element_type=\"widget\" data-e-type=\"widget\" data-widget_type=\"text-editor.default\">\n\t\t\t\t<div class=\"elementor-widget-container\">\n\t\t\t\t\t\t\t\t\t<div class=\"_1bo4a _xu6h2 _1ylmp _2d49e_YrWCD\"><div class=\"_1voj4 _z9prt _1xzdi _ai5yc _5d6n2 _15lj1\"><div class=\"_2d49e_5pK0q\"><p><strong><span style=\"color: #000000;\">ZASTOSOWANIE<\/span><\/strong><\/p><\/div><\/div><\/div><div class=\"_1bo4a _xu6h2 _1ylmp _2d49e_YrWCD\"><div class=\"_1voj4 _z9prt _1xzdi _ai5yc _5d6n2 _15lj1\"><div class=\"_2d49e_5pK0q\"><div class=\"_1bo4a _xu6h2 _1ylmp _2d49e_YrWCD\"><div class=\"_1voj4 _z9prt _1xzdi _ai5yc _5d6n2 _15lj1\"><div class=\"_2d49e_5pK0q\"><ul><li><span style=\"color: #000000;\">\u017bywice iniekcyjne poliuretanowe \/ poliuretanowe spienialne<\/span><\/li><li><span style=\"color: #000000;\">\u017bywice epoksydowe<\/span><\/li><li><span style=\"color: #000000;\">Krzemiany<\/span><\/li><li><span style=\"color: #000000;\">Dyspersje wodne<\/span><\/li><li><span style=\"color: #000000;\">\u017bele akrylowe<\/span><\/li><li><span style=\"color: #000000;\">Suspensje cementowe do ziarnisto\u015bci 0,5 mm<\/span><\/li><\/ul><p>\u00a0<\/p><p><strong><span style=\"color: #000000;\">PARAMETRY TECHNICZNE<\/span><\/strong><\/p><ul><li><span style=\"color: #000000;\">materia\u0142: <strong>stal<\/strong><\/span><\/li><li><strong><span style=\"color: #000000;\">\u015brednica otworu iniekcyjnego: \u00d88<\/span><\/strong><\/li><li><span style=\"color: #000000;\">d\u0142ugo\u015b\u0107: 80mm<\/span><\/li><li><span style=\"color: #000000;\">d\u0142ugo\u015b\u0107 uszczelnienia: 30 mm<\/span><\/li><li><span style=\"color: #000000;\">pod klucz: 10 mm<\/span><\/li><li><span style=\"color: #000000;\">pojedyncze uszczelnienie<\/span><\/li><li><span style=\"color: #000000;\">najwy\u017csza szczelno\u015b\u0107<\/span><\/li><li><span style=\"color: #000000;\">Kalamitka SWG, PRE, FWG, FPRE<\/span><\/li><\/ul><\/div><\/div><\/div><\/div><\/div><\/div>\t\t\t\t\t\t\t\t<\/div>\n\t\t\t\t<\/div>\n\t\t\t\t\t<\/div>\n\t\t<\/div>\n\t\t\t\t<div class=\"elementor-column elementor-col-50 elementor-inner-column elementor-element elementor-element-feef1d0\" data-id=\"feef1d0\" data-element_type=\"column\" data-e-type=\"column\">\n\t\t\t<div class=\"elementor-widget-wrap elementor-element-populated\">\n\t\t\t\t\t\t<div class=\"elementor-element elementor-element-af4cb4b elementor-widget elementor-widget-image\" data-id=\"af4cb4b\" data-element_type=\"widget\" data-e-type=\"widget\" data-widget_type=\"image.default\">\n\t\t\t\t<div class=\"elementor-widget-container\">\n\t\t\t\t\t\t\t\t\t\t\t\t\t\t\t<img decoding=\"async\" width=\"800\" height=\"600\" src=\"https:\/\/b2b.pakery.pl\/wp-content\/uploads\/2021\/04\/PI-SPH-8-80SWG.gif\" class=\"attachment-large size-large wp-image-2856\" alt=\"\" \/>\t\t\t\t\t\t\t\t\t\t\t\t\t\t\t<\/div>\n\t\t\t\t<\/div>\n\t\t\t\t\t<\/div>\n\t\t<\/div>\n\t\t\t\t\t<\/div>\n\t\t<\/section>\n\t\t\t\t\t<\/div>\n\t\t<\/div>\n\t\t\t\t\t<\/div>\n\t\t<\/section>\n\t\t\t\t<section class=\"elementor-section elementor-top-section elementor-element elementor-element-f991f30 elementor-section-full_width elementor-section-height-default elementor-section-height-default\" data-id=\"f991f30\" data-element_type=\"section\" data-e-type=\"section\">\n\t\t\t\t\t\t<div class=\"elementor-container elementor-column-gap-default\">\n\t\t\t\t\t<div class=\"elementor-column elementor-col-100 elementor-top-column elementor-element elementor-element-88aae2a\" data-id=\"88aae2a\" data-element_type=\"column\" data-e-type=\"column\">\n\t\t\t<div class=\"elementor-widget-wrap elementor-element-populated\">\n\t\t\t\t\t\t<div class=\"elementor-element elementor-element-05822ae elementor-widget elementor-widget-text-editor\" data-id=\"05822ae\" data-element_type=\"widget\" data-e-type=\"widget\" data-widget_type=\"text-editor.default\">\n\t\t\t\t<div class=\"elementor-widget-container\">\n\t\t\t\t\t\t\t\t\t<p><span style=\"color: #000000;\"><strong>Specjalistyczne kalamitki HAMMPACK<\/strong>\u00a0&#8211; \u00a0s\u0105 specjalistycznymi zaworami zdolnymi utrzyma\u0107 i poda\u0107 iniekt bez najmniejszych strat w materiale (niezale\u017cnie czy jest to bardzo niskiej lepko\u015bci \u017cywica iniekcyjna, czy \u017cel akrylowy. czy te\u017c mocno spienialna \u017cywica poliuretanowa). Wzorowo utrzymuj\u0105 ci\u015bnienia wsteczne. Jednym s\u0142owem nie ciekn\u0105.<\/span><\/p><p><span style=\"color: #000000;\"><strong>Kalamitki typu PRE, FPRE\u00a0<\/strong>&#8211; gwinty kalamitek preaplikowane pow\u0142okowo, pozwalaj\u0105 one na dokr\u0119cenie kalamitki po wyp\u0142yni\u0119ciu \u017cywicy z pakera, w celu odpowietrzenia i kontroli iniekcji. Warstwa preaplikatu natychmiastowo uszczelnia po\u0142\u0105czenie gwintowe, gotowe do dalszego iniektowania. Ten typ kalamitki jest dostarczany w wersji nie dokr\u0119conej do iniektora.<\/span><\/p><p><span style=\"color: #000000;\"><strong>Kalamitki SWG i PRE<\/strong>\u00a0&#8211; to kalamitki dokr\u0119cone mechanicznie do pakera iniekcyjnego, wraz z warstw\u0105 kleju anaerobowego. To po\u0142\u0105czenie zapewnia wzorow\u0105 szczelno\u015b\u0107 po\u0142\u0105czenia gwintowego.<\/span><\/p>\t\t\t\t\t\t\t\t<\/div>\n\t\t\t\t<\/div>\n\t\t\t\t\t<\/div>\n\t\t<\/div>\n\t\t\t\t\t<\/div>\n\t\t<\/section>\n\t\t\t\t<\/div>\n\t\t","protected":false},"excerpt":{"rendered":"<p><i>Najmniejsza \u015brednica iniektora <\/i><b><i>do zada\u0144 specjalnych.<\/i><\/b><\/p>\n","protected":false},"featured_media":2854,"template":"","meta":{"_acf_changed":false},"product_brand":[],"product_cat":[42],"product_tag":[1778],"class_list":{"0":"post-1817","1":"product","2":"type-product","3":"status-publish","4":"has-post-thumbnail","6":"product_cat-pakery-iniekcyjne-hammpack","7":"product_tag-pakery-iniekcyjne","8":"pa_rodzaj-kalamitki-swg","9":"pa_rodzaj-kalamitki-pre","10":"pa_rodzaj-kalamitki-fwg","12":"first","13":"instock","14":"taxable","15":"shipping-taxable","16":"purchasable","17":"product-type-variable","18":"has-default-attributes"},"acf":[],"yoast_head":"<!-- This site is optimized with the Yoast SEO plugin v24.8.1 - https:\/\/yoast.com\/wordpress\/plugins\/seo\/ -->\n<title>Paker iniekcyjny | Paker do iniekcji PI-SPH 8\/80 - PAKERY.PL<\/title>\n<meta name=\"description\" content=\"Najwy\u017cszej jako\u015bci pakery iniekcyjne. Pakery do iniekcji Hammpack gwarantuj\u0105 wzorow\u0105 szczelno\u015b\u0107. Wybierz sw\u00f3j rodzaj kalamitki !\" \/>\n<meta name=\"robots\" content=\"index, follow, max-snippet:-1, max-image-preview:large, max-video-preview:-1\" \/>\n<link rel=\"canonical\" href=\"https:\/\/b2b.pakery.pl\/pl\/produkt\/pi-sph-8-80\/\" \/>\n<meta property=\"og:locale\" content=\"pl_PL\" \/>\n<meta property=\"og:type\" content=\"article\" \/>\n<meta property=\"og:title\" content=\"Paker iniekcyjny | Paker do iniekcji PI-SPH 8\/80 - PAKERY.PL\" \/>\n<meta property=\"og:description\" content=\"Najwy\u017cszej jako\u015bci pakery iniekcyjne. Pakery do iniekcji Hammpack gwarantuj\u0105 wzorow\u0105 szczelno\u015b\u0107. Wybierz sw\u00f3j rodzaj kalamitki !\" \/>\n<meta property=\"og:url\" content=\"https:\/\/b2b.pakery.pl\/pl\/produkt\/pi-sph-8-80\/\" \/>\n<meta property=\"og:site_name\" content=\"PAKERY.PL\" \/>\n<meta property=\"article:modified_time\" content=\"2025-03-14T11:48:11+00:00\" \/>\n<meta property=\"og:image\" content=\"https:\/\/b2b.pakery.pl\/wp-content\/uploads\/2021\/04\/foto-8-SPH--1024x1024.png\" \/>\n\t<meta property=\"og:image:width\" content=\"1024\" \/>\n\t<meta property=\"og:image:height\" content=\"1024\" \/>\n\t<meta property=\"og:image:type\" content=\"image\/png\" \/>\n<meta name=\"twitter:card\" content=\"summary_large_image\" \/>\n<meta name=\"twitter:label1\" content=\"Szacowany czas czytania\" \/>\n\t<meta name=\"twitter:data1\" content=\"2 minuty\" \/>\n<script type=\"application\/ld+json\" class=\"yoast-schema-graph\">{\"@context\":\"https:\/\/schema.org\",\"@graph\":[{\"@type\":\"WebPage\",\"@id\":\"https:\/\/b2b.pakery.pl\/pl\/produkt\/pi-sph-8-80\/\",\"url\":\"https:\/\/b2b.pakery.pl\/pl\/produkt\/pi-sph-8-80\/\",\"name\":\"Paker iniekcyjny | Paker do iniekcji PI-SPH 8\/80 - PAKERY.PL\",\"isPartOf\":{\"@id\":\"https:\/\/b2b.pakery.pl\/pl\/#website\"},\"primaryImageOfPage\":{\"@id\":\"https:\/\/b2b.pakery.pl\/pl\/produkt\/pi-sph-8-80\/#primaryimage\"},\"image\":{\"@id\":\"https:\/\/b2b.pakery.pl\/pl\/produkt\/pi-sph-8-80\/#primaryimage\"},\"thumbnailUrl\":\"https:\/\/b2b.pakery.pl\/wp-content\/uploads\/2021\/04\/foto-8-SPH-.png\",\"datePublished\":\"2021-04-21T05:09:38+00:00\",\"dateModified\":\"2025-03-14T11:48:11+00:00\",\"description\":\"Najwy\u017cszej jako\u015bci pakery iniekcyjne. Pakery do iniekcji Hammpack gwarantuj\u0105 wzorow\u0105 szczelno\u015b\u0107. Wybierz sw\u00f3j rodzaj kalamitki !\",\"breadcrumb\":{\"@id\":\"https:\/\/b2b.pakery.pl\/pl\/produkt\/pi-sph-8-80\/#breadcrumb\"},\"inLanguage\":\"pl-PL\",\"potentialAction\":[{\"@type\":\"ReadAction\",\"target\":[\"https:\/\/b2b.pakery.pl\/pl\/produkt\/pi-sph-8-80\/\"]}]},{\"@type\":\"ImageObject\",\"inLanguage\":\"pl-PL\",\"@id\":\"https:\/\/b2b.pakery.pl\/pl\/produkt\/pi-sph-8-80\/#primaryimage\",\"url\":\"https:\/\/b2b.pakery.pl\/wp-content\/uploads\/2021\/04\/foto-8-SPH-.png\",\"contentUrl\":\"https:\/\/b2b.pakery.pl\/wp-content\/uploads\/2021\/04\/foto-8-SPH-.png\",\"width\":2500,\"height\":2500,\"caption\":\"paker do iniekcji paker iniekcyjny pakery do iniekcji pakery iniekcyjne\"},{\"@type\":\"BreadcrumbList\",\"@id\":\"https:\/\/b2b.pakery.pl\/pl\/produkt\/pi-sph-8-80\/#breadcrumb\",\"itemListElement\":[{\"@type\":\"ListItem\",\"position\":1,\"name\":\"Strona g\u0142\u00f3wna\",\"item\":\"https:\/\/b2b.pakery.pl\/pl\/strona-glowna\/\"},{\"@type\":\"ListItem\",\"position\":2,\"name\":\"Sklep\",\"item\":\"https:\/\/b2b.pakery.pl\/pl\/sklep\/\"},{\"@type\":\"ListItem\",\"position\":3,\"name\":\"Paker do iniekcji PI-SPH 8\/80\"}]},{\"@type\":\"WebSite\",\"@id\":\"https:\/\/b2b.pakery.pl\/pl\/#website\",\"url\":\"https:\/\/b2b.pakery.pl\/pl\/\",\"name\":\"Pakery.pl\",\"description\":\"Injection Packers, Spiral Anchors, Injection Lances, Injection Hoses, Injection Pumps, Injection Pump Service, Injection Pump Rental\",\"publisher\":{\"@id\":\"https:\/\/b2b.pakery.pl\/pl\/#organization\"},\"potentialAction\":[{\"@type\":\"SearchAction\",\"target\":{\"@type\":\"EntryPoint\",\"urlTemplate\":\"https:\/\/b2b.pakery.pl\/pl\/?s={search_term_string}\"},\"query-input\":{\"@type\":\"PropertyValueSpecification\",\"valueRequired\":true,\"valueName\":\"search_term_string\"}}],\"inLanguage\":\"pl-PL\"},{\"@type\":\"Organization\",\"@id\":\"https:\/\/b2b.pakery.pl\/pl\/#organization\",\"name\":\"PAKERY.PL\",\"url\":\"https:\/\/b2b.pakery.pl\/pl\/\",\"logo\":{\"@type\":\"ImageObject\",\"inLanguage\":\"pl-PL\",\"@id\":\"https:\/\/b2b.pakery.pl\/pl\/#\/schema\/logo\/image\/\",\"url\":\"https:\/\/b2b.pakery.pl\/wp-content\/uploads\/2021\/04\/cropped-PAKERY-LOGO.png\",\"contentUrl\":\"https:\/\/b2b.pakery.pl\/wp-content\/uploads\/2021\/04\/cropped-PAKERY-LOGO.png\",\"width\":1529,\"height\":500,\"caption\":\"PAKERY.PL\"},\"image\":{\"@id\":\"https:\/\/b2b.pakery.pl\/pl\/#\/schema\/logo\/image\/\"}}]}<\/script>\n<!-- \/ Yoast SEO plugin. -->","yoast_head_json":{"title":"Paker iniekcyjny | Paker do iniekcji PI-SPH 8\/80 - PAKERY.PL","description":"Najwy\u017cszej jako\u015bci pakery iniekcyjne. Pakery do iniekcji Hammpack gwarantuj\u0105 wzorow\u0105 szczelno\u015b\u0107. Wybierz sw\u00f3j rodzaj kalamitki !","robots":{"index":"index","follow":"follow","max-snippet":"max-snippet:-1","max-image-preview":"max-image-preview:large","max-video-preview":"max-video-preview:-1"},"canonical":"https:\/\/b2b.pakery.pl\/pl\/produkt\/pi-sph-8-80\/","og_locale":"pl_PL","og_type":"article","og_title":"Paker iniekcyjny | Paker do iniekcji PI-SPH 8\/80 - PAKERY.PL","og_description":"Najwy\u017cszej jako\u015bci pakery iniekcyjne. Pakery do iniekcji Hammpack gwarantuj\u0105 wzorow\u0105 szczelno\u015b\u0107. Wybierz sw\u00f3j rodzaj kalamitki !","og_url":"https:\/\/b2b.pakery.pl\/pl\/produkt\/pi-sph-8-80\/","og_site_name":"PAKERY.PL","article_modified_time":"2025-03-14T11:48:11+00:00","og_image":[{"width":1024,"height":1024,"url":"https:\/\/b2b.pakery.pl\/wp-content\/uploads\/2021\/04\/foto-8-SPH--1024x1024.png","type":"image\/png"}],"twitter_card":"summary_large_image","twitter_misc":{"Szacowany czas czytania":"2 minuty"},"schema":{"@context":"https:\/\/schema.org","@graph":[{"@type":"WebPage","@id":"https:\/\/b2b.pakery.pl\/pl\/produkt\/pi-sph-8-80\/","url":"https:\/\/b2b.pakery.pl\/pl\/produkt\/pi-sph-8-80\/","name":"Paker iniekcyjny | Paker do iniekcji PI-SPH 8\/80 - PAKERY.PL","isPartOf":{"@id":"https:\/\/b2b.pakery.pl\/pl\/#website"},"primaryImageOfPage":{"@id":"https:\/\/b2b.pakery.pl\/pl\/produkt\/pi-sph-8-80\/#primaryimage"},"image":{"@id":"https:\/\/b2b.pakery.pl\/pl\/produkt\/pi-sph-8-80\/#primaryimage"},"thumbnailUrl":"https:\/\/b2b.pakery.pl\/wp-content\/uploads\/2021\/04\/foto-8-SPH-.png","datePublished":"2021-04-21T05:09:38+00:00","dateModified":"2025-03-14T11:48:11+00:00","description":"Najwy\u017cszej jako\u015bci pakery iniekcyjne. Pakery do iniekcji Hammpack gwarantuj\u0105 wzorow\u0105 szczelno\u015b\u0107. Wybierz sw\u00f3j rodzaj kalamitki !","breadcrumb":{"@id":"https:\/\/b2b.pakery.pl\/pl\/produkt\/pi-sph-8-80\/#breadcrumb"},"inLanguage":"pl-PL","potentialAction":[{"@type":"ReadAction","target":["https:\/\/b2b.pakery.pl\/pl\/produkt\/pi-sph-8-80\/"]}]},{"@type":"ImageObject","inLanguage":"pl-PL","@id":"https:\/\/b2b.pakery.pl\/pl\/produkt\/pi-sph-8-80\/#primaryimage","url":"https:\/\/b2b.pakery.pl\/wp-content\/uploads\/2021\/04\/foto-8-SPH-.png","contentUrl":"https:\/\/b2b.pakery.pl\/wp-content\/uploads\/2021\/04\/foto-8-SPH-.png","width":2500,"height":2500,"caption":"paker do iniekcji paker iniekcyjny pakery do iniekcji pakery iniekcyjne"},{"@type":"BreadcrumbList","@id":"https:\/\/b2b.pakery.pl\/pl\/produkt\/pi-sph-8-80\/#breadcrumb","itemListElement":[{"@type":"ListItem","position":1,"name":"Strona g\u0142\u00f3wna","item":"https:\/\/b2b.pakery.pl\/pl\/strona-glowna\/"},{"@type":"ListItem","position":2,"name":"Sklep","item":"https:\/\/b2b.pakery.pl\/pl\/sklep\/"},{"@type":"ListItem","position":3,"name":"Paker do iniekcji PI-SPH 8\/80"}]},{"@type":"WebSite","@id":"https:\/\/b2b.pakery.pl\/pl\/#website","url":"https:\/\/b2b.pakery.pl\/pl\/","name":"Pakery.pl","description":"Injection Packers, Spiral Anchors, Injection Lances, Injection Hoses, Injection Pumps, Injection Pump Service, Injection Pump Rental","publisher":{"@id":"https:\/\/b2b.pakery.pl\/pl\/#organization"},"potentialAction":[{"@type":"SearchAction","target":{"@type":"EntryPoint","urlTemplate":"https:\/\/b2b.pakery.pl\/pl\/?s={search_term_string}"},"query-input":{"@type":"PropertyValueSpecification","valueRequired":true,"valueName":"search_term_string"}}],"inLanguage":"pl-PL"},{"@type":"Organization","@id":"https:\/\/b2b.pakery.pl\/pl\/#organization","name":"PAKERY.PL","url":"https:\/\/b2b.pakery.pl\/pl\/","logo":{"@type":"ImageObject","inLanguage":"pl-PL","@id":"https:\/\/b2b.pakery.pl\/pl\/#\/schema\/logo\/image\/","url":"https:\/\/b2b.pakery.pl\/wp-content\/uploads\/2021\/04\/cropped-PAKERY-LOGO.png","contentUrl":"https:\/\/b2b.pakery.pl\/wp-content\/uploads\/2021\/04\/cropped-PAKERY-LOGO.png","width":1529,"height":500,"caption":"PAKERY.PL"},"image":{"@id":"https:\/\/b2b.pakery.pl\/pl\/#\/schema\/logo\/image\/"}}]}},"tiered_pricing_type":"fixed","tiered_pricing_fixed_rules":[],"tiered_pricing_product_settings":{"layout":"default","base_unit_name":{"singular":null,"plural":null},"default_variation":null},"tiered_pricing_minimum_quantity":null,"tiered_pricing_roles_data":[],"tiered_pricing_percentage_rules":[],"tiered_pricing_maximum_quantity":null,"tiered_pricing_quantity_step":null,"_links":{"self":[{"href":"https:\/\/b2b.pakery.pl\/pl\/wp-json\/wp\/v2\/product\/1817","targetHints":{"allow":["GET"]}}],"collection":[{"href":"https:\/\/b2b.pakery.pl\/pl\/wp-json\/wp\/v2\/product"}],"about":[{"href":"https:\/\/b2b.pakery.pl\/pl\/wp-json\/wp\/v2\/types\/product"}],"version-history":[{"count":19,"href":"https:\/\/b2b.pakery.pl\/pl\/wp-json\/wp\/v2\/product\/1817\/revisions"}],"predecessor-version":[{"id":4546,"href":"https:\/\/b2b.pakery.pl\/pl\/wp-json\/wp\/v2\/product\/1817\/revisions\/4546"}],"wp:featuredmedia":[{"embeddable":true,"href":"https:\/\/b2b.pakery.pl\/pl\/wp-json\/wp\/v2\/media\/2854"}],"wp:attachment":[{"href":"https:\/\/b2b.pakery.pl\/pl\/wp-json\/wp\/v2\/media?parent=1817"}],"wp:term":[{"taxonomy":"product_brand","embeddable":true,"href":"https:\/\/b2b.pakery.pl\/pl\/wp-json\/wp\/v2\/product_brand?post=1817"},{"taxonomy":"product_cat","embeddable":true,"href":"https:\/\/b2b.pakery.pl\/pl\/wp-json\/wp\/v2\/product_cat?post=1817"},{"taxonomy":"product_tag","embeddable":true,"href":"https:\/\/b2b.pakery.pl\/pl\/wp-json\/wp\/v2\/product_tag?post=1817"}],"curies":[{"name":"wp","href":"https:\/\/api.w.org\/{rel}","templated":true}]}}