{"id":1330,"date":"2021-04-11T10:18:53","date_gmt":"2021-04-11T08:18:53","guid":{"rendered":"https:\/\/b2b.pakery.pl\/?post_type=product&#038;p=1330"},"modified":"2025-03-14T12:49:43","modified_gmt":"2025-03-14T11:49:43","slug":"pi-a-10-100eco","status":"publish","type":"product","link":"https:\/\/b2b.pakery.pl\/pl\/produkt\/pi-a-10-100eco\/","title":{"rendered":"Paker iniekcyjny PI-A 10\/100eco"},"content":{"rendered":"<p>Paker aluminiowy <strong>z kalamitk\u0105 bud\u017cetow\u0105 ECO<\/strong> dokr\u0119con\u0105 mechanicznie. Iniektor zapewnia optymaln\u0105 szczelno\u015b\u0107, oraz dobre kotwienie.<\/p>\n<p>Iniektor zapewnia szczelne podawanie iniektu przy niskich oraz wysokich ci\u015bnieniach, ale przy niskim nat\u0119\u017ceniu przep\u0142ywu iniektu. Bardzo atrakcyjna cena.<\/p>\n<p>Polecany do \u017cywic epoksydowych (mo\u017cliwo\u015b\u0107 utr\u0105cenia korpusu m\u0142otkiem, \u0142atwiejsze wycinanie), oraz do \u017cywic poliuretanowych ma\u0142o ekspansywnych i niespienialnych, gdzie wyst\u0119puje znikome ci\u015bnienie wsteczne.<\/p>\n","protected":false},"excerpt":{"rendered":"<p>Paker aluminiowy z kalamitk\u0105 bud\u017cetow\u0105 ECO dokr\u0119con\u0105 mechanicznie. Iniektor zapewnia optymaln\u0105 szczelno\u015b\u0107, oraz dobre kotwienie. Iniektor zapewnia szczelne podawanie iniektu przy niskich oraz wysokich ci\u015bnieniach, ale przy niskim nat\u0119\u017ceniu przep\u0142ywu iniektu. Bardzo atrakcyjna cena. Polecany do \u017cywic epoksydowych (mo\u017cliwo\u015b\u0107 utr\u0105cenia korpusu m\u0142otkiem, \u0142atwiejsze wycinanie), oraz do \u017cywic poliuretanowych ma\u0142o ekspansywnych i niespienialnych, gdzie wyst\u0119puje znikome [&hellip;]<\/p>\n","protected":false},"featured_media":3674,"template":"","meta":{"_acf_changed":false},"product_brand":[],"product_cat":[27,44],"product_tag":[1778],"class_list":{"0":"post-1330","1":"product","2":"type-product","3":"status-publish","4":"has-post-thumbnail","6":"product_cat-pakery-iniekcyjne","7":"product_cat-pakery-ekonomiczne","8":"product_tag-pakery-iniekcyjne","10":"first","11":"instock","12":"taxable","13":"shipping-taxable","14":"purchasable","15":"product-type-simple"},"acf":[],"yoast_head":"<!-- This site is optimized with the Yoast SEO plugin v24.8.1 - https:\/\/yoast.com\/wordpress\/plugins\/seo\/ -->\n<title>Paker do iniekcji aluminiowy | Pakery iniekcyjne - PAKERY.PL<\/title>\n<meta name=\"description\" content=\"Paker aluminiowy z kalamitk\u0105 bud\u017cetow\u0105 ECO dokr\u0119con\u0105 mechanicznie. Iniektor zapewnia optymaln\u0105 szczelno\u015b\u0107, oraz dobre kotwienie.\" \/>\n<meta name=\"robots\" content=\"index, follow, max-snippet:-1, max-image-preview:large, max-video-preview:-1\" \/>\n<link rel=\"canonical\" href=\"https:\/\/b2b.pakery.pl\/pl\/produkt\/pi-a-10-100eco\/\" \/>\n<meta property=\"og:locale\" content=\"pl_PL\" \/>\n<meta property=\"og:type\" content=\"article\" \/>\n<meta property=\"og:title\" content=\"Paker do iniekcji aluminiowy | Pakery iniekcyjne - PAKERY.PL\" \/>\n<meta property=\"og:description\" content=\"Paker aluminiowy z kalamitk\u0105 bud\u017cetow\u0105 ECO dokr\u0119con\u0105 mechanicznie. Iniektor zapewnia optymaln\u0105 szczelno\u015b\u0107, oraz dobre kotwienie.\" \/>\n<meta property=\"og:url\" content=\"https:\/\/b2b.pakery.pl\/pl\/produkt\/pi-a-10-100eco\/\" \/>\n<meta property=\"og:site_name\" content=\"PAKERY.PL\" \/>\n<meta property=\"article:modified_time\" content=\"2025-03-14T11:49:43+00:00\" \/>\n<meta property=\"og:image\" content=\"https:\/\/b2b.pakery.pl\/wp-content\/uploads\/2021\/05\/pi-a-10100-eco-.png\" \/>\n\t<meta property=\"og:image:width\" content=\"2500\" \/>\n\t<meta property=\"og:image:height\" content=\"2500\" \/>\n\t<meta property=\"og:image:type\" content=\"image\/png\" \/>\n<meta name=\"twitter:card\" content=\"summary_large_image\" \/>\n<meta name=\"twitter:label1\" content=\"Szacowany czas czytania\" \/>\n\t<meta name=\"twitter:data1\" content=\"1 minuta\" \/>\n<script type=\"application\/ld+json\" class=\"yoast-schema-graph\">{\"@context\":\"https:\/\/schema.org\",\"@graph\":[{\"@type\":\"WebPage\",\"@id\":\"https:\/\/b2b.pakery.pl\/pl\/produkt\/pi-a-10-100eco\/\",\"url\":\"https:\/\/b2b.pakery.pl\/pl\/produkt\/pi-a-10-100eco\/\",\"name\":\"Paker do iniekcji aluminiowy | Pakery iniekcyjne - PAKERY.PL\",\"isPartOf\":{\"@id\":\"https:\/\/b2b.pakery.pl\/pl\/#website\"},\"primaryImageOfPage\":{\"@id\":\"https:\/\/b2b.pakery.pl\/pl\/produkt\/pi-a-10-100eco\/#primaryimage\"},\"image\":{\"@id\":\"https:\/\/b2b.pakery.pl\/pl\/produkt\/pi-a-10-100eco\/#primaryimage\"},\"thumbnailUrl\":\"https:\/\/b2b.pakery.pl\/wp-content\/uploads\/2021\/05\/pi-a-10100-eco-.png\",\"datePublished\":\"2021-04-11T08:18:53+00:00\",\"dateModified\":\"2025-03-14T11:49:43+00:00\",\"description\":\"Paker aluminiowy z kalamitk\u0105 bud\u017cetow\u0105 ECO dokr\u0119con\u0105 mechanicznie. Iniektor zapewnia optymaln\u0105 szczelno\u015b\u0107, oraz dobre kotwienie.\",\"breadcrumb\":{\"@id\":\"https:\/\/b2b.pakery.pl\/pl\/produkt\/pi-a-10-100eco\/#breadcrumb\"},\"inLanguage\":\"pl-PL\",\"potentialAction\":[{\"@type\":\"ReadAction\",\"target\":[\"https:\/\/b2b.pakery.pl\/pl\/produkt\/pi-a-10-100eco\/\"]}]},{\"@type\":\"ImageObject\",\"inLanguage\":\"pl-PL\",\"@id\":\"https:\/\/b2b.pakery.pl\/pl\/produkt\/pi-a-10-100eco\/#primaryimage\",\"url\":\"https:\/\/b2b.pakery.pl\/wp-content\/uploads\/2021\/05\/pi-a-10100-eco-.png\",\"contentUrl\":\"https:\/\/b2b.pakery.pl\/wp-content\/uploads\/2021\/05\/pi-a-10100-eco-.png\",\"width\":2500,\"height\":2500,\"caption\":\"paker do iniekcji aluminiowy\"},{\"@type\":\"BreadcrumbList\",\"@id\":\"https:\/\/b2b.pakery.pl\/pl\/produkt\/pi-a-10-100eco\/#breadcrumb\",\"itemListElement\":[{\"@type\":\"ListItem\",\"position\":1,\"name\":\"Strona g\u0142\u00f3wna\",\"item\":\"https:\/\/b2b.pakery.pl\/pl\/strona-glowna\/\"},{\"@type\":\"ListItem\",\"position\":2,\"name\":\"Sklep\",\"item\":\"https:\/\/b2b.pakery.pl\/pl\/sklep\/\"},{\"@type\":\"ListItem\",\"position\":3,\"name\":\"Paker iniekcyjny PI-A 10\/100eco\"}]},{\"@type\":\"WebSite\",\"@id\":\"https:\/\/b2b.pakery.pl\/pl\/#website\",\"url\":\"https:\/\/b2b.pakery.pl\/pl\/\",\"name\":\"Pakery.pl\",\"description\":\"Injection Packers, Spiral Anchors, Injection Lances, Injection Hoses, Injection Pumps, Injection Pump Service, Injection Pump Rental\",\"publisher\":{\"@id\":\"https:\/\/b2b.pakery.pl\/pl\/#organization\"},\"potentialAction\":[{\"@type\":\"SearchAction\",\"target\":{\"@type\":\"EntryPoint\",\"urlTemplate\":\"https:\/\/b2b.pakery.pl\/pl\/?s={search_term_string}\"},\"query-input\":{\"@type\":\"PropertyValueSpecification\",\"valueRequired\":true,\"valueName\":\"search_term_string\"}}],\"inLanguage\":\"pl-PL\"},{\"@type\":\"Organization\",\"@id\":\"https:\/\/b2b.pakery.pl\/pl\/#organization\",\"name\":\"PAKERY.PL\",\"url\":\"https:\/\/b2b.pakery.pl\/pl\/\",\"logo\":{\"@type\":\"ImageObject\",\"inLanguage\":\"pl-PL\",\"@id\":\"https:\/\/b2b.pakery.pl\/pl\/#\/schema\/logo\/image\/\",\"url\":\"https:\/\/b2b.pakery.pl\/wp-content\/uploads\/2021\/04\/cropped-PAKERY-LOGO.png\",\"contentUrl\":\"https:\/\/b2b.pakery.pl\/wp-content\/uploads\/2021\/04\/cropped-PAKERY-LOGO.png\",\"width\":1529,\"height\":500,\"caption\":\"PAKERY.PL\"},\"image\":{\"@id\":\"https:\/\/b2b.pakery.pl\/pl\/#\/schema\/logo\/image\/\"}}]}<\/script>\n<!-- \/ Yoast SEO plugin. -->","yoast_head_json":{"title":"Paker do iniekcji aluminiowy | Pakery iniekcyjne - PAKERY.PL","description":"Paker aluminiowy z kalamitk\u0105 bud\u017cetow\u0105 ECO dokr\u0119con\u0105 mechanicznie. Iniektor zapewnia optymaln\u0105 szczelno\u015b\u0107, oraz dobre kotwienie.","robots":{"index":"index","follow":"follow","max-snippet":"max-snippet:-1","max-image-preview":"max-image-preview:large","max-video-preview":"max-video-preview:-1"},"canonical":"https:\/\/b2b.pakery.pl\/pl\/produkt\/pi-a-10-100eco\/","og_locale":"pl_PL","og_type":"article","og_title":"Paker do iniekcji aluminiowy | Pakery iniekcyjne - PAKERY.PL","og_description":"Paker aluminiowy z kalamitk\u0105 bud\u017cetow\u0105 ECO dokr\u0119con\u0105 mechanicznie. Iniektor zapewnia optymaln\u0105 szczelno\u015b\u0107, oraz dobre kotwienie.","og_url":"https:\/\/b2b.pakery.pl\/pl\/produkt\/pi-a-10-100eco\/","og_site_name":"PAKERY.PL","article_modified_time":"2025-03-14T11:49:43+00:00","og_image":[{"width":2500,"height":2500,"url":"https:\/\/b2b.pakery.pl\/wp-content\/uploads\/2021\/05\/pi-a-10100-eco-.png","type":"image\/png"}],"twitter_card":"summary_large_image","twitter_misc":{"Szacowany czas czytania":"1 minuta"},"schema":{"@context":"https:\/\/schema.org","@graph":[{"@type":"WebPage","@id":"https:\/\/b2b.pakery.pl\/pl\/produkt\/pi-a-10-100eco\/","url":"https:\/\/b2b.pakery.pl\/pl\/produkt\/pi-a-10-100eco\/","name":"Paker do iniekcji aluminiowy | Pakery iniekcyjne - PAKERY.PL","isPartOf":{"@id":"https:\/\/b2b.pakery.pl\/pl\/#website"},"primaryImageOfPage":{"@id":"https:\/\/b2b.pakery.pl\/pl\/produkt\/pi-a-10-100eco\/#primaryimage"},"image":{"@id":"https:\/\/b2b.pakery.pl\/pl\/produkt\/pi-a-10-100eco\/#primaryimage"},"thumbnailUrl":"https:\/\/b2b.pakery.pl\/wp-content\/uploads\/2021\/05\/pi-a-10100-eco-.png","datePublished":"2021-04-11T08:18:53+00:00","dateModified":"2025-03-14T11:49:43+00:00","description":"Paker aluminiowy z kalamitk\u0105 bud\u017cetow\u0105 ECO dokr\u0119con\u0105 mechanicznie. Iniektor zapewnia optymaln\u0105 szczelno\u015b\u0107, oraz dobre kotwienie.","breadcrumb":{"@id":"https:\/\/b2b.pakery.pl\/pl\/produkt\/pi-a-10-100eco\/#breadcrumb"},"inLanguage":"pl-PL","potentialAction":[{"@type":"ReadAction","target":["https:\/\/b2b.pakery.pl\/pl\/produkt\/pi-a-10-100eco\/"]}]},{"@type":"ImageObject","inLanguage":"pl-PL","@id":"https:\/\/b2b.pakery.pl\/pl\/produkt\/pi-a-10-100eco\/#primaryimage","url":"https:\/\/b2b.pakery.pl\/wp-content\/uploads\/2021\/05\/pi-a-10100-eco-.png","contentUrl":"https:\/\/b2b.pakery.pl\/wp-content\/uploads\/2021\/05\/pi-a-10100-eco-.png","width":2500,"height":2500,"caption":"paker do iniekcji aluminiowy"},{"@type":"BreadcrumbList","@id":"https:\/\/b2b.pakery.pl\/pl\/produkt\/pi-a-10-100eco\/#breadcrumb","itemListElement":[{"@type":"ListItem","position":1,"name":"Strona g\u0142\u00f3wna","item":"https:\/\/b2b.pakery.pl\/pl\/strona-glowna\/"},{"@type":"ListItem","position":2,"name":"Sklep","item":"https:\/\/b2b.pakery.pl\/pl\/sklep\/"},{"@type":"ListItem","position":3,"name":"Paker iniekcyjny PI-A 10\/100eco"}]},{"@type":"WebSite","@id":"https:\/\/b2b.pakery.pl\/pl\/#website","url":"https:\/\/b2b.pakery.pl\/pl\/","name":"Pakery.pl","description":"Injection Packers, Spiral Anchors, Injection Lances, Injection Hoses, Injection Pumps, Injection Pump Service, Injection Pump Rental","publisher":{"@id":"https:\/\/b2b.pakery.pl\/pl\/#organization"},"potentialAction":[{"@type":"SearchAction","target":{"@type":"EntryPoint","urlTemplate":"https:\/\/b2b.pakery.pl\/pl\/?s={search_term_string}"},"query-input":{"@type":"PropertyValueSpecification","valueRequired":true,"valueName":"search_term_string"}}],"inLanguage":"pl-PL"},{"@type":"Organization","@id":"https:\/\/b2b.pakery.pl\/pl\/#organization","name":"PAKERY.PL","url":"https:\/\/b2b.pakery.pl\/pl\/","logo":{"@type":"ImageObject","inLanguage":"pl-PL","@id":"https:\/\/b2b.pakery.pl\/pl\/#\/schema\/logo\/image\/","url":"https:\/\/b2b.pakery.pl\/wp-content\/uploads\/2021\/04\/cropped-PAKERY-LOGO.png","contentUrl":"https:\/\/b2b.pakery.pl\/wp-content\/uploads\/2021\/04\/cropped-PAKERY-LOGO.png","width":1529,"height":500,"caption":"PAKERY.PL"},"image":{"@id":"https:\/\/b2b.pakery.pl\/pl\/#\/schema\/logo\/image\/"}}]}},"tiered_pricing_type":"fixed","tiered_pricing_fixed_rules":[],"tiered_pricing_product_settings":{"layout":"default","base_unit_name":{"singular":null,"plural":null},"default_variation":null},"tiered_pricing_minimum_quantity":null,"tiered_pricing_roles_data":[],"tiered_pricing_percentage_rules":[],"tiered_pricing_maximum_quantity":null,"tiered_pricing_quantity_step":null,"_links":{"self":[{"href":"https:\/\/b2b.pakery.pl\/pl\/wp-json\/wp\/v2\/product\/1330","targetHints":{"allow":["GET"]}}],"collection":[{"href":"https:\/\/b2b.pakery.pl\/pl\/wp-json\/wp\/v2\/product"}],"about":[{"href":"https:\/\/b2b.pakery.pl\/pl\/wp-json\/wp\/v2\/types\/product"}],"version-history":[{"count":3,"href":"https:\/\/b2b.pakery.pl\/pl\/wp-json\/wp\/v2\/product\/1330\/revisions"}],"predecessor-version":[{"id":4563,"href":"https:\/\/b2b.pakery.pl\/pl\/wp-json\/wp\/v2\/product\/1330\/revisions\/4563"}],"wp:featuredmedia":[{"embeddable":true,"href":"https:\/\/b2b.pakery.pl\/pl\/wp-json\/wp\/v2\/media\/3674"}],"wp:attachment":[{"href":"https:\/\/b2b.pakery.pl\/pl\/wp-json\/wp\/v2\/media?parent=1330"}],"wp:term":[{"taxonomy":"product_brand","embeddable":true,"href":"https:\/\/b2b.pakery.pl\/pl\/wp-json\/wp\/v2\/product_brand?post=1330"},{"taxonomy":"product_cat","embeddable":true,"href":"https:\/\/b2b.pakery.pl\/pl\/wp-json\/wp\/v2\/product_cat?post=1330"},{"taxonomy":"product_tag","embeddable":true,"href":"https:\/\/b2b.pakery.pl\/pl\/wp-json\/wp\/v2\/product_tag?post=1330"}],"curies":[{"name":"wp","href":"https:\/\/api.w.org\/{rel}","templated":true}]}}