{"id":73,"date":"2021-04-01T07:56:26","date_gmt":"2021-04-01T05:56:26","guid":{"rendered":"https:\/\/b2b.pakery.pl\/?page_id=73"},"modified":"2022-11-18T13:54:21","modified_gmt":"2022-11-18T12:54:21","slug":"akcesoria-iniekcyjne","status":"publish","type":"page","link":"https:\/\/b2b.pakery.pl\/pl\/akcesoria-iniekcyjne\/","title":{"rendered":"Akcesoria iniekcyjne"},"content":{"rendered":"\t\t<div data-elementor-type=\"wp-page\" data-elementor-id=\"73\" class=\"elementor elementor-73\" data-elementor-post-type=\"page\">\n\t\t\t\t\t\t<section class=\"elementor-section elementor-top-section elementor-element elementor-element-1b889c64 elementor-section-boxed elementor-section-height-default elementor-section-height-default\" data-id=\"1b889c64\" data-element_type=\"section\" data-e-type=\"section\">\n\t\t\t\t\t\t<div class=\"elementor-container elementor-column-gap-default\">\n\t\t\t\t\t<div class=\"elementor-column elementor-col-50 elementor-top-column elementor-element elementor-element-76bc7353 elementor-hidden-tablet elementor-hidden-phone\" data-id=\"76bc7353\" data-element_type=\"column\" data-e-type=\"column\">\n\t\t\t<div class=\"elementor-widget-wrap elementor-element-populated\">\n\t\t\t\t\t\t<section class=\"elementor-section elementor-inner-section elementor-element elementor-element-43b166c8 elementor-section-full_width elementor-section-height-default elementor-section-height-default\" data-id=\"43b166c8\" data-element_type=\"section\" data-e-type=\"section\">\n\t\t\t\t\t\t<div class=\"elementor-container elementor-column-gap-default\">\n\t\t\t\t\t<div class=\"elementor-column elementor-col-100 elementor-inner-column elementor-element elementor-element-51f605a8\" data-id=\"51f605a8\" data-element_type=\"column\" data-e-type=\"column\">\n\t\t\t<div class=\"elementor-widget-wrap elementor-element-populated\">\n\t\t\t\t\t\t<div class=\"elementor-element elementor-element-7ec368ca elementor-nav-menu__align-start elementor-nav-menu--dropdown-none nav-cat-single elementor-widget__width-initial elementor-widget-tablet__width-inherit elementor-widget elementor-widget-nav-menu\" data-id=\"7ec368ca\" data-element_type=\"widget\" data-e-type=\"widget\" data-settings=\"{&quot;layout&quot;:&quot;vertical&quot;,&quot;submenu_icon&quot;:{&quot;value&quot;:&quot;&lt;svg aria-hidden=\\&quot;true\\&quot; class=\\&quot;e-font-icon-svg e-fas-caret-down\\&quot; viewBox=\\&quot;0 0 320 512\\&quot; xmlns=\\&quot;http:\\\/\\\/www.w3.org\\\/2000\\\/svg\\&quot;&gt;&lt;path d=\\&quot;M31.3 192h257.3c17.8 0 26.7 21.5 14.1 34.1L174.1 354.8c-7.8 7.8-20.5 7.8-28.3 0L17.2 226.1C4.6 213.5 13.5 192 31.3 192z\\&quot;&gt;&lt;\\\/path&gt;&lt;\\\/svg&gt;&quot;,&quot;library&quot;:&quot;fa-solid&quot;}}\" data-widget_type=\"nav-menu.default\">\n\t\t\t\t<div class=\"elementor-widget-container\">\n\t\t\t\t\t\t\t\t<nav aria-label=\"Menu\" class=\"elementor-nav-menu--main elementor-nav-menu__container elementor-nav-menu--layout-vertical e--pointer-background e--animation-fade\">\n\t\t\t\t<ul id=\"menu-1-7ec368ca\" class=\"elementor-nav-menu sm-vertical\"><li class=\"menu-item menu-item-type-post_type menu-item-object-page menu-item-1435\"><a href=\"https:\/\/b2b.pakery.pl\/pl\/pakery-iniekcyjne\/\" class=\"elementor-item\">Pakery iniekcyjne<\/a><\/li>\n<li class=\"menu-item menu-item-type-post_type menu-item-object-page menu-item-1436\"><a href=\"https:\/\/b2b.pakery.pl\/pl\/kotwy-spiralne\/\" class=\"elementor-item\">Kotwy spiralne<\/a><\/li>\n<li class=\"menu-item menu-item-type-post_type menu-item-object-page menu-item-1437\"><a href=\"https:\/\/b2b.pakery.pl\/pl\/lance-iniekcyjne\/\" class=\"elementor-item\">Lance iniekcyjne<\/a><\/li>\n<li class=\"menu-item menu-item-type-post_type menu-item-object-page menu-item-1438\"><a href=\"https:\/\/b2b.pakery.pl\/pl\/weze-iniekcyjne\/\" class=\"elementor-item\">W\u0119\u017ce iniekcyjne<\/a><\/li>\n<li class=\"menu-item menu-item-type-post_type menu-item-object-page menu-item-1439\"><a href=\"https:\/\/b2b.pakery.pl\/pl\/pompy-iniekcyjne\/\" class=\"elementor-item\">Pompy iniekcyjne<\/a><\/li>\n<li class=\"menu-item menu-item-type-post_type menu-item-object-page menu-item-1440\"><a href=\"https:\/\/b2b.pakery.pl\/pl\/iniekcja-drewna\/\" class=\"elementor-item\">Iniekcja drewna<\/a><\/li>\n<li class=\"menu-item menu-item-type-post_type menu-item-object-page menu-item-1441\"><a href=\"https:\/\/b2b.pakery.pl\/pl\/akcesoria-iniekcyjne\/\" class=\"elementor-item\">Akcesoria iniekcyjne<\/a><\/li>\n<li class=\"menu-item menu-item-type-taxonomy menu-item-object-product_cat menu-item-40124\"><a href=\"https:\/\/b2b.pakery.pl\/pl\/kategoria-produktu\/chemia-iniekcyjna\/\" class=\"elementor-item\">Chemia do Iniekcji<\/a><\/li>\n<\/ul>\t\t\t<\/nav>\n\t\t\t\t\t\t<nav class=\"elementor-nav-menu--dropdown elementor-nav-menu__container\" aria-hidden=\"true\">\n\t\t\t\t<ul id=\"menu-2-7ec368ca\" class=\"elementor-nav-menu sm-vertical\"><li class=\"menu-item menu-item-type-post_type menu-item-object-page menu-item-1435\"><a href=\"https:\/\/b2b.pakery.pl\/pl\/pakery-iniekcyjne\/\" class=\"elementor-item\" tabindex=\"-1\">Pakery iniekcyjne<\/a><\/li>\n<li class=\"menu-item menu-item-type-post_type menu-item-object-page menu-item-1436\"><a href=\"https:\/\/b2b.pakery.pl\/pl\/kotwy-spiralne\/\" class=\"elementor-item\" tabindex=\"-1\">Kotwy spiralne<\/a><\/li>\n<li class=\"menu-item menu-item-type-post_type menu-item-object-page menu-item-1437\"><a href=\"https:\/\/b2b.pakery.pl\/pl\/lance-iniekcyjne\/\" class=\"elementor-item\" tabindex=\"-1\">Lance iniekcyjne<\/a><\/li>\n<li class=\"menu-item menu-item-type-post_type menu-item-object-page menu-item-1438\"><a href=\"https:\/\/b2b.pakery.pl\/pl\/weze-iniekcyjne\/\" class=\"elementor-item\" tabindex=\"-1\">W\u0119\u017ce iniekcyjne<\/a><\/li>\n<li class=\"menu-item menu-item-type-post_type menu-item-object-page menu-item-1439\"><a href=\"https:\/\/b2b.pakery.pl\/pl\/pompy-iniekcyjne\/\" class=\"elementor-item\" tabindex=\"-1\">Pompy iniekcyjne<\/a><\/li>\n<li class=\"menu-item menu-item-type-post_type menu-item-object-page menu-item-1440\"><a href=\"https:\/\/b2b.pakery.pl\/pl\/iniekcja-drewna\/\" class=\"elementor-item\" tabindex=\"-1\">Iniekcja drewna<\/a><\/li>\n<li class=\"menu-item menu-item-type-post_type menu-item-object-page menu-item-1441\"><a href=\"https:\/\/b2b.pakery.pl\/pl\/akcesoria-iniekcyjne\/\" class=\"elementor-item\" tabindex=\"-1\">Akcesoria iniekcyjne<\/a><\/li>\n<li class=\"menu-item menu-item-type-taxonomy menu-item-object-product_cat menu-item-40124\"><a href=\"https:\/\/b2b.pakery.pl\/pl\/kategoria-produktu\/chemia-iniekcyjna\/\" class=\"elementor-item\" tabindex=\"-1\">Chemia do Iniekcji<\/a><\/li>\n<\/ul>\t\t\t<\/nav>\n\t\t\t\t\t\t<\/div>\n\t\t\t\t<\/div>\n\t\t\t\t\t<\/div>\n\t\t<\/div>\n\t\t\t\t\t<\/div>\n\t\t<\/section>\n\t\t\t\t\t<\/div>\n\t\t<\/div>\n\t\t\t\t<div class=\"elementor-column elementor-col-50 elementor-top-column elementor-element elementor-element-3806b2c\" data-id=\"3806b2c\" data-element_type=\"column\" data-e-type=\"column\">\n\t\t\t<div class=\"elementor-widget-wrap elementor-element-populated\">\n\t\t\t\t\t\t<section class=\"elementor-section elementor-inner-section elementor-element elementor-element-232c2d6e elementor-section-full_width elementor-section-height-default elementor-section-height-default\" data-id=\"232c2d6e\" data-element_type=\"section\" data-e-type=\"section\">\n\t\t\t\t\t\t<div class=\"elementor-container elementor-column-gap-default\">\n\t\t\t\t\t<div class=\"elementor-column elementor-col-100 elementor-inner-column elementor-element elementor-element-770ef9fa\" data-id=\"770ef9fa\" data-element_type=\"column\" data-e-type=\"column\">\n\t\t\t<div class=\"elementor-widget-wrap elementor-element-populated\">\n\t\t\t\t\t\t<div class=\"elementor-element elementor-element-25c3394 elementor-widget elementor-widget-image\" data-id=\"25c3394\" data-element_type=\"widget\" data-e-type=\"widget\" data-widget_type=\"image.default\">\n\t\t\t\t<div class=\"elementor-widget-container\">\n\t\t\t\t\t\t\t\t\t\t\t\t\t\t\t<img fetchpriority=\"high\" decoding=\"async\" width=\"1224\" height=\"250\" src=\"https:\/\/b2b.pakery.pl\/wp-content\/uploads\/2022\/06\/all-baner-pakerypl-akcesoria.png\" class=\"attachment-full size-full wp-image-39269\" alt=\"\" srcset=\"https:\/\/b2b.pakery.pl\/wp-content\/uploads\/2022\/06\/all-baner-pakerypl-akcesoria.png 1224w, https:\/\/b2b.pakery.pl\/wp-content\/uploads\/2022\/06\/all-baner-pakerypl-akcesoria-300x61.png 300w, https:\/\/b2b.pakery.pl\/wp-content\/uploads\/2022\/06\/all-baner-pakerypl-akcesoria-1024x209.png 1024w, https:\/\/b2b.pakery.pl\/wp-content\/uploads\/2022\/06\/all-baner-pakerypl-akcesoria-768x157.png 768w, https:\/\/b2b.pakery.pl\/wp-content\/uploads\/2022\/06\/all-baner-pakerypl-akcesoria-683x140.png 683w, https:\/\/b2b.pakery.pl\/wp-content\/uploads\/2022\/06\/all-baner-pakerypl-akcesoria-602x123.png 602w\" sizes=\"(max-width: 1224px) 100vw, 1224px\" \/>\t\t\t\t\t\t\t\t\t\t\t\t\t\t\t<\/div>\n\t\t\t\t<\/div>\n\t\t\t\t\t<\/div>\n\t\t<\/div>\n\t\t\t\t\t<\/div>\n\t\t<\/section>\n\t\t\t\t<section class=\"elementor-section elementor-inner-section elementor-element elementor-element-48d41711 elementor-section-full_width elementor-section-height-default elementor-section-height-default\" data-id=\"48d41711\" data-element_type=\"section\" data-e-type=\"section\">\n\t\t\t\t\t\t<div class=\"elementor-container elementor-column-gap-default\">\n\t\t\t\t\t<div class=\"elementor-column elementor-col-100 elementor-inner-column elementor-element elementor-element-67d995d1\" data-id=\"67d995d1\" data-element_type=\"column\" data-e-type=\"column\">\n\t\t\t<div class=\"elementor-widget-wrap elementor-element-populated\">\n\t\t\t\t\t\t<div class=\"elementor-element elementor-element-4fc13934 elementor-widget-divider--view-line elementor-widget elementor-widget-divider\" data-id=\"4fc13934\" data-element_type=\"widget\" data-e-type=\"widget\" data-widget_type=\"divider.default\">\n\t\t\t\t<div class=\"elementor-widget-container\">\n\t\t\t\t\t\t\t<div class=\"elementor-divider\">\n\t\t\t<span class=\"elementor-divider-separator\">\n\t\t\t\t\t\t<\/span>\n\t\t<\/div>\n\t\t\t\t\t\t<\/div>\n\t\t\t\t<\/div>\n\t\t\t\t\t<\/div>\n\t\t<\/div>\n\t\t\t\t\t<\/div>\n\t\t<\/section>\n\t\t\t\t<section class=\"elementor-section elementor-inner-section elementor-element elementor-element-7af5c169 elementor-section-full_width elementor-section-height-default elementor-section-height-default\" data-id=\"7af5c169\" data-element_type=\"section\" data-e-type=\"section\">\n\t\t\t\t\t\t<div class=\"elementor-container elementor-column-gap-default\">\n\t\t\t\t\t<div class=\"elementor-column elementor-col-100 elementor-inner-column elementor-element elementor-element-7f28ef14\" data-id=\"7f28ef14\" data-element_type=\"column\" data-e-type=\"column\">\n\t\t\t<div class=\"elementor-widget-wrap elementor-element-populated\">\n\t\t\t\t\t\t<div class=\"elementor-element elementor-element-616efe27 elementor-cta--skin-cover call-action-box elementor-widget__width-initial elementor-widget-mobile__width-initial elementor-widget elementor-widget-call-to-action\" data-id=\"616efe27\" data-element_type=\"widget\" data-e-type=\"widget\" data-widget_type=\"call-to-action.default\">\n\t\t\t\t<div class=\"elementor-widget-container\">\n\t\t\t\t\t\t\t<div class=\"elementor-cta\">\n\t\t\t\t\t<div class=\"elementor-cta__bg-wrapper\">\n\t\t\t\t<div class=\"elementor-cta__bg elementor-bg\" style=\"background-image: url();\" role=\"img\" aria-label=\"\"><\/div>\n\t\t\t\t<div class=\"elementor-cta__bg-overlay\"><\/div>\n\t\t\t<\/div>\n\t\t\t\t\t\t\t<div class=\"elementor-cta__content\">\n\t\t\t\t\n\t\t\t\t\t\t\t\t\t<h2 class=\"elementor-cta__title elementor-cta__content-item elementor-content-item\">\n\t\t\t\t\t\tAKCESORIA PAKEROWE\t\t\t\t\t<\/h2>\n\t\t\t\t\n\t\t\t\t\t\t\t\t\t<div class=\"elementor-cta__description elementor-cta__content-item elementor-content-item\">\n\t\t\t\t\t\tNasady, w\u0119\u017cyki, pobijaki\t\t\t\t\t<\/div>\n\t\t\t\t\n\t\t\t\t\t\t\t<\/div>\n\t\t\t\t\t\t<\/div>\n\t\t\t\t\t\t<\/div>\n\t\t\t\t<\/div>\n\t\t\t\t<div class=\"elementor-element elementor-element-5fa79cf8 elementor-cta--skin-cover call-action-box elementor-widget__width-initial elementor-widget-mobile__width-initial elementor-widget elementor-widget-call-to-action\" data-id=\"5fa79cf8\" data-element_type=\"widget\" data-e-type=\"widget\" data-widget_type=\"call-to-action.default\">\n\t\t\t\t<div class=\"elementor-widget-container\">\n\t\t\t\t\t\t\t<div class=\"elementor-cta\">\n\t\t\t\t\t<div class=\"elementor-cta__bg-wrapper\">\n\t\t\t\t<div class=\"elementor-cta__bg elementor-bg\" style=\"background-image: url();\" role=\"img\" aria-label=\"\"><\/div>\n\t\t\t\t<div class=\"elementor-cta__bg-overlay\"><\/div>\n\t\t\t<\/div>\n\t\t\t\t\t\t\t<div class=\"elementor-cta__content\">\n\t\t\t\t\n\t\t\t\t\t\t\t\t\t<h2 class=\"elementor-cta__title elementor-cta__content-item elementor-content-item\">\n\t\t\t\t\t\tPRZY\u0141\u0104CZA I CZYSZCZENIE \t\t\t\t\t<\/h2>\n\t\t\t\t\n\t\t\t\t\t\t\t\t\t<div class=\"elementor-cta__description elementor-cta__content-item elementor-content-item\">\n\t\t\t\t\t\tCzyszczenie pomp, konserwacja, w\u0119\u017ce\t\t\t\t\t<\/div>\n\t\t\t\t\n\t\t\t\t\t\t\t<\/div>\n\t\t\t\t\t\t<\/div>\n\t\t\t\t\t\t<\/div>\n\t\t\t\t<\/div>\n\t\t\t\t<div class=\"elementor-element elementor-element-2a0c2084 elementor-cta--skin-cover call-action-box elementor-widget__width-initial elementor-widget-mobile__width-initial elementor-widget elementor-widget-call-to-action\" data-id=\"2a0c2084\" data-element_type=\"widget\" data-e-type=\"widget\" data-widget_type=\"call-to-action.default\">\n\t\t\t\t<div class=\"elementor-widget-container\">\n\t\t\t\t\t\t\t<div class=\"elementor-cta\">\n\t\t\t\t\t<div class=\"elementor-cta__bg-wrapper\">\n\t\t\t\t<div class=\"elementor-cta__bg elementor-bg\" style=\"background-image: url();\" role=\"img\" aria-label=\"\"><\/div>\n\t\t\t\t<div class=\"elementor-cta__bg-overlay\"><\/div>\n\t\t\t<\/div>\n\t\t\t\t\t\t\t<div class=\"elementor-cta__content\">\n\t\t\t\t\n\t\t\t\t\t\t\t\t\t<h2 class=\"elementor-cta__title elementor-cta__content-item elementor-content-item\">\n\t\t\t\t\t\tADAPTERY I REDUKCJE \t\t\t\t\t<\/h2>\n\t\t\t\t\n\t\t\t\t\t\t\t\t\t<div class=\"elementor-cta__description elementor-cta__content-item elementor-content-item\">\n\t\t\t\t\t\tCz\u0119\u015bci wsp\u00f3lne pomp, manometry\t\t\t\t\t<\/div>\n\t\t\t\t\n\t\t\t\t\t\t\t<\/div>\n\t\t\t\t\t\t<\/div>\n\t\t\t\t\t\t<\/div>\n\t\t\t\t<\/div>\n\t\t\t\t<div class=\"elementor-element elementor-element-1db08e4a elementor-cta--skin-cover call-action-box elementor-widget__width-initial elementor-widget-mobile__width-initial elementor-widget elementor-widget-call-to-action\" data-id=\"1db08e4a\" data-element_type=\"widget\" data-e-type=\"widget\" data-widget_type=\"call-to-action.default\">\n\t\t\t\t<div class=\"elementor-widget-container\">\n\t\t\t\t\t\t\t<div class=\"elementor-cta\">\n\t\t\t\t\t<div class=\"elementor-cta__bg-wrapper\">\n\t\t\t\t<div class=\"elementor-cta__bg elementor-bg\" style=\"background-image: url();\" role=\"img\" aria-label=\"\"><\/div>\n\t\t\t\t<div class=\"elementor-cta__bg-overlay\"><\/div>\n\t\t\t<\/div>\n\t\t\t\t\t\t\t<div class=\"elementor-cta__content\">\n\t\t\t\t\n\t\t\t\t\t\t\t\t\t<h2 class=\"elementor-cta__title elementor-cta__content-item elementor-content-item\">\n\t\t\t\t\t\tPOZOSTA\u0141E\t\t\t\t\t<\/h2>\n\t\t\t\t\n\t\t\t\t\t\t\t\t\t<div class=\"elementor-cta__description elementor-cta__content-item elementor-content-item\">\n\t\t\t\t\t\tCiekawostki i inne\t\t\t\t\t<\/div>\n\t\t\t\t\n\t\t\t\t\t\t\t<\/div>\n\t\t\t\t\t\t<\/div>\n\t\t\t\t\t\t<\/div>\n\t\t\t\t<\/div>\n\t\t\t\t\t<\/div>\n\t\t<\/div>\n\t\t\t\t\t<\/div>\n\t\t<\/section>\n\t\t\t\t<section class=\"elementor-section elementor-inner-section elementor-element elementor-element-1bf82a32 elementor-section-full_width elementor-section-height-default elementor-section-height-default\" data-id=\"1bf82a32\" data-element_type=\"section\" data-e-type=\"section\">\n\t\t\t\t\t\t<div class=\"elementor-container elementor-column-gap-default\">\n\t\t\t\t\t<div class=\"elementor-column elementor-col-100 elementor-inner-column elementor-element elementor-element-445f7c91\" data-id=\"445f7c91\" data-element_type=\"column\" data-e-type=\"column\">\n\t\t\t<div class=\"elementor-widget-wrap elementor-element-populated\">\n\t\t\t\t\t\t<div class=\"elementor-element elementor-element-3981f78d elementor-align-center elementor-widget elementor-widget-button\" data-id=\"3981f78d\" data-element_type=\"widget\" data-e-type=\"widget\" data-widget_type=\"button.default\">\n\t\t\t\t<div class=\"elementor-widget-container\">\n\t\t\t\t\t\t\t\t\t<div class=\"elementor-button-wrapper\">\n\t\t\t\t\t<a class=\"elementor-button elementor-button-link elementor-size-sm\" href=\"https:\/\/b2b.pakery.pl\/kategoria-produktu\/akcesoria-iniekcyjne\/\">\n\t\t\t\t\t\t<span class=\"elementor-button-content-wrapper\">\n\t\t\t\t\t\t\t\t\t<span class=\"elementor-button-text\">ZOBACZ PRODUKTY<\/span>\n\t\t\t\t\t<\/span>\n\t\t\t\t\t<\/a>\n\t\t\t\t<\/div>\n\t\t\t\t\t\t\t\t<\/div>\n\t\t\t\t<\/div>\n\t\t\t\t\t<\/div>\n\t\t<\/div>\n\t\t\t\t\t<\/div>\n\t\t<\/section>\n\t\t\t\t\t<\/div>\n\t\t<\/div>\n\t\t\t\t\t<\/div>\n\t\t<\/section>\n\t\t\t\t<\/div>\n\t\t","protected":false},"excerpt":{"rendered":"<p>AKCESORIA PAKEROWE Nasady, w\u0119\u017cyki, pobijaki PRZY\u0141\u0104CZA I CZYSZCZENIE Czyszczenie pomp, konserwacja, w\u0119\u017ce ADAPTERY I REDUKCJE Cz\u0119\u015bci wsp\u00f3lne pomp, manometry POZOSTA\u0141E Ciekawostki i inne ZOBACZ PRODUKTY<\/p>\n","protected":false},"author":1,"featured_media":0,"parent":0,"menu_order":0,"comment_status":"closed","ping_status":"closed","template":"elementor_header_footer","meta":{"_acf_changed":false,"footnotes":""},"class_list":["post-73","page","type-page","status-publish","hentry"],"acf":[],"yoast_head":"<!-- This site is optimized with the Yoast SEO plugin v24.8.1 - https:\/\/yoast.com\/wordpress\/plugins\/seo\/ -->\n<title>Akcesoria iniekcyjne - PAKERY.PL<\/title>\n<meta name=\"robots\" content=\"index, follow, max-snippet:-1, max-image-preview:large, max-video-preview:-1\" \/>\n<link rel=\"canonical\" href=\"https:\/\/b2b.pakery.pl\/pl\/akcesoria-iniekcyjne\/\" \/>\n<meta property=\"og:locale\" content=\"pl_PL\" \/>\n<meta property=\"og:type\" content=\"article\" \/>\n<meta property=\"og:title\" content=\"Akcesoria iniekcyjne - PAKERY.PL\" \/>\n<meta property=\"og:description\" content=\"AKCESORIA PAKEROWE Nasady, w\u0119\u017cyki, pobijaki PRZY\u0141\u0104CZA I CZYSZCZENIE Czyszczenie pomp, konserwacja, w\u0119\u017ce ADAPTERY I REDUKCJE Cz\u0119\u015bci wsp\u00f3lne pomp, manometry POZOSTA\u0141E Ciekawostki i inne ZOBACZ PRODUKTY\" \/>\n<meta property=\"og:url\" content=\"https:\/\/b2b.pakery.pl\/pl\/akcesoria-iniekcyjne\/\" \/>\n<meta property=\"og:site_name\" content=\"PAKERY.PL\" \/>\n<meta property=\"article:modified_time\" content=\"2022-11-18T12:54:21+00:00\" \/>\n<meta property=\"og:image\" content=\"https:\/\/b2b.pakery.pl\/wp-content\/uploads\/2022\/06\/all-baner-pakerypl-akcesoria.png\" \/>\n<meta name=\"twitter:card\" content=\"summary_large_image\" \/>\n<meta name=\"twitter:label1\" content=\"Szacowany czas czytania\" \/>\n\t<meta name=\"twitter:data1\" content=\"1 minuta\" \/>\n<script type=\"application\/ld+json\" class=\"yoast-schema-graph\">{\"@context\":\"https:\/\/schema.org\",\"@graph\":[{\"@type\":\"WebPage\",\"@id\":\"https:\/\/b2b.pakery.pl\/pl\/akcesoria-iniekcyjne\/\",\"url\":\"https:\/\/b2b.pakery.pl\/pl\/akcesoria-iniekcyjne\/\",\"name\":\"Akcesoria iniekcyjne - PAKERY.PL\",\"isPartOf\":{\"@id\":\"https:\/\/b2b.pakery.pl\/pl\/#website\"},\"primaryImageOfPage\":{\"@id\":\"https:\/\/b2b.pakery.pl\/pl\/akcesoria-iniekcyjne\/#primaryimage\"},\"image\":{\"@id\":\"https:\/\/b2b.pakery.pl\/pl\/akcesoria-iniekcyjne\/#primaryimage\"},\"thumbnailUrl\":\"https:\/\/b2b.pakery.pl\/wp-content\/uploads\/2022\/06\/all-baner-pakerypl-akcesoria.png\",\"datePublished\":\"2021-04-01T05:56:26+00:00\",\"dateModified\":\"2022-11-18T12:54:21+00:00\",\"breadcrumb\":{\"@id\":\"https:\/\/b2b.pakery.pl\/pl\/akcesoria-iniekcyjne\/#breadcrumb\"},\"inLanguage\":\"pl-PL\",\"potentialAction\":[{\"@type\":\"ReadAction\",\"target\":[\"https:\/\/b2b.pakery.pl\/pl\/akcesoria-iniekcyjne\/\"]}]},{\"@type\":\"ImageObject\",\"inLanguage\":\"pl-PL\",\"@id\":\"https:\/\/b2b.pakery.pl\/pl\/akcesoria-iniekcyjne\/#primaryimage\",\"url\":\"https:\/\/b2b.pakery.pl\/wp-content\/uploads\/2022\/06\/all-baner-pakerypl-akcesoria.png\",\"contentUrl\":\"https:\/\/b2b.pakery.pl\/wp-content\/uploads\/2022\/06\/all-baner-pakerypl-akcesoria.png\"},{\"@type\":\"BreadcrumbList\",\"@id\":\"https:\/\/b2b.pakery.pl\/pl\/akcesoria-iniekcyjne\/#breadcrumb\",\"itemListElement\":[{\"@type\":\"ListItem\",\"position\":1,\"name\":\"Strona g\u0142\u00f3wna\",\"item\":\"https:\/\/b2b.pakery.pl\/pl\/strona-glowna\/\"},{\"@type\":\"ListItem\",\"position\":2,\"name\":\"Akcesoria iniekcyjne\"}]},{\"@type\":\"WebSite\",\"@id\":\"https:\/\/b2b.pakery.pl\/pl\/#website\",\"url\":\"https:\/\/b2b.pakery.pl\/pl\/\",\"name\":\"Pakery.pl\",\"description\":\"Injection Packers, Spiral Anchors, Injection Lances, Injection Hoses, Injection Pumps, Injection Pump Service, Injection Pump Rental\",\"publisher\":{\"@id\":\"https:\/\/b2b.pakery.pl\/pl\/#organization\"},\"potentialAction\":[{\"@type\":\"SearchAction\",\"target\":{\"@type\":\"EntryPoint\",\"urlTemplate\":\"https:\/\/b2b.pakery.pl\/pl\/?s={search_term_string}\"},\"query-input\":{\"@type\":\"PropertyValueSpecification\",\"valueRequired\":true,\"valueName\":\"search_term_string\"}}],\"inLanguage\":\"pl-PL\"},{\"@type\":\"Organization\",\"@id\":\"https:\/\/b2b.pakery.pl\/pl\/#organization\",\"name\":\"PAKERY.PL\",\"url\":\"https:\/\/b2b.pakery.pl\/pl\/\",\"logo\":{\"@type\":\"ImageObject\",\"inLanguage\":\"pl-PL\",\"@id\":\"https:\/\/b2b.pakery.pl\/pl\/#\/schema\/logo\/image\/\",\"url\":\"https:\/\/b2b.pakery.pl\/wp-content\/uploads\/2021\/04\/cropped-PAKERY-LOGO.png\",\"contentUrl\":\"https:\/\/b2b.pakery.pl\/wp-content\/uploads\/2021\/04\/cropped-PAKERY-LOGO.png\",\"width\":1529,\"height\":500,\"caption\":\"PAKERY.PL\"},\"image\":{\"@id\":\"https:\/\/b2b.pakery.pl\/pl\/#\/schema\/logo\/image\/\"}}]}<\/script>\n<!-- \/ Yoast SEO plugin. -->","yoast_head_json":{"title":"Akcesoria iniekcyjne - PAKERY.PL","robots":{"index":"index","follow":"follow","max-snippet":"max-snippet:-1","max-image-preview":"max-image-preview:large","max-video-preview":"max-video-preview:-1"},"canonical":"https:\/\/b2b.pakery.pl\/pl\/akcesoria-iniekcyjne\/","og_locale":"pl_PL","og_type":"article","og_title":"Akcesoria iniekcyjne - PAKERY.PL","og_description":"AKCESORIA PAKEROWE Nasady, w\u0119\u017cyki, pobijaki PRZY\u0141\u0104CZA I CZYSZCZENIE Czyszczenie pomp, konserwacja, w\u0119\u017ce ADAPTERY I REDUKCJE Cz\u0119\u015bci wsp\u00f3lne pomp, manometry POZOSTA\u0141E Ciekawostki i inne ZOBACZ PRODUKTY","og_url":"https:\/\/b2b.pakery.pl\/pl\/akcesoria-iniekcyjne\/","og_site_name":"PAKERY.PL","article_modified_time":"2022-11-18T12:54:21+00:00","og_image":[{"url":"https:\/\/b2b.pakery.pl\/wp-content\/uploads\/2022\/06\/all-baner-pakerypl-akcesoria.png","type":"","width":"","height":""}],"twitter_card":"summary_large_image","twitter_misc":{"Szacowany czas czytania":"1 minuta"},"schema":{"@context":"https:\/\/schema.org","@graph":[{"@type":"WebPage","@id":"https:\/\/b2b.pakery.pl\/pl\/akcesoria-iniekcyjne\/","url":"https:\/\/b2b.pakery.pl\/pl\/akcesoria-iniekcyjne\/","name":"Akcesoria iniekcyjne - PAKERY.PL","isPartOf":{"@id":"https:\/\/b2b.pakery.pl\/pl\/#website"},"primaryImageOfPage":{"@id":"https:\/\/b2b.pakery.pl\/pl\/akcesoria-iniekcyjne\/#primaryimage"},"image":{"@id":"https:\/\/b2b.pakery.pl\/pl\/akcesoria-iniekcyjne\/#primaryimage"},"thumbnailUrl":"https:\/\/b2b.pakery.pl\/wp-content\/uploads\/2022\/06\/all-baner-pakerypl-akcesoria.png","datePublished":"2021-04-01T05:56:26+00:00","dateModified":"2022-11-18T12:54:21+00:00","breadcrumb":{"@id":"https:\/\/b2b.pakery.pl\/pl\/akcesoria-iniekcyjne\/#breadcrumb"},"inLanguage":"pl-PL","potentialAction":[{"@type":"ReadAction","target":["https:\/\/b2b.pakery.pl\/pl\/akcesoria-iniekcyjne\/"]}]},{"@type":"ImageObject","inLanguage":"pl-PL","@id":"https:\/\/b2b.pakery.pl\/pl\/akcesoria-iniekcyjne\/#primaryimage","url":"https:\/\/b2b.pakery.pl\/wp-content\/uploads\/2022\/06\/all-baner-pakerypl-akcesoria.png","contentUrl":"https:\/\/b2b.pakery.pl\/wp-content\/uploads\/2022\/06\/all-baner-pakerypl-akcesoria.png"},{"@type":"BreadcrumbList","@id":"https:\/\/b2b.pakery.pl\/pl\/akcesoria-iniekcyjne\/#breadcrumb","itemListElement":[{"@type":"ListItem","position":1,"name":"Strona g\u0142\u00f3wna","item":"https:\/\/b2b.pakery.pl\/pl\/strona-glowna\/"},{"@type":"ListItem","position":2,"name":"Akcesoria iniekcyjne"}]},{"@type":"WebSite","@id":"https:\/\/b2b.pakery.pl\/pl\/#website","url":"https:\/\/b2b.pakery.pl\/pl\/","name":"Pakery.pl","description":"Injection Packers, Spiral Anchors, Injection Lances, Injection Hoses, Injection Pumps, Injection Pump Service, Injection Pump Rental","publisher":{"@id":"https:\/\/b2b.pakery.pl\/pl\/#organization"},"potentialAction":[{"@type":"SearchAction","target":{"@type":"EntryPoint","urlTemplate":"https:\/\/b2b.pakery.pl\/pl\/?s={search_term_string}"},"query-input":{"@type":"PropertyValueSpecification","valueRequired":true,"valueName":"search_term_string"}}],"inLanguage":"pl-PL"},{"@type":"Organization","@id":"https:\/\/b2b.pakery.pl\/pl\/#organization","name":"PAKERY.PL","url":"https:\/\/b2b.pakery.pl\/pl\/","logo":{"@type":"ImageObject","inLanguage":"pl-PL","@id":"https:\/\/b2b.pakery.pl\/pl\/#\/schema\/logo\/image\/","url":"https:\/\/b2b.pakery.pl\/wp-content\/uploads\/2021\/04\/cropped-PAKERY-LOGO.png","contentUrl":"https:\/\/b2b.pakery.pl\/wp-content\/uploads\/2021\/04\/cropped-PAKERY-LOGO.png","width":1529,"height":500,"caption":"PAKERY.PL"},"image":{"@id":"https:\/\/b2b.pakery.pl\/pl\/#\/schema\/logo\/image\/"}}]}},"_links":{"self":[{"href":"https:\/\/b2b.pakery.pl\/pl\/wp-json\/wp\/v2\/pages\/73","targetHints":{"allow":["GET"]}}],"collection":[{"href":"https:\/\/b2b.pakery.pl\/pl\/wp-json\/wp\/v2\/pages"}],"about":[{"href":"https:\/\/b2b.pakery.pl\/pl\/wp-json\/wp\/v2\/types\/page"}],"author":[{"embeddable":true,"href":"https:\/\/b2b.pakery.pl\/pl\/wp-json\/wp\/v2\/users\/1"}],"replies":[{"embeddable":true,"href":"https:\/\/b2b.pakery.pl\/pl\/wp-json\/wp\/v2\/comments?post=73"}],"version-history":[{"count":31,"href":"https:\/\/b2b.pakery.pl\/pl\/wp-json\/wp\/v2\/pages\/73\/revisions"}],"predecessor-version":[{"id":40190,"href":"https:\/\/b2b.pakery.pl\/pl\/wp-json\/wp\/v2\/pages\/73\/revisions\/40190"}],"wp:attachment":[{"href":"https:\/\/b2b.pakery.pl\/pl\/wp-json\/wp\/v2\/media?parent=73"}],"curies":[{"name":"wp","href":"https:\/\/api.w.org\/{rel}","templated":true}]}}