{"id":33,"date":"2021-04-01T07:07:48","date_gmt":"2021-04-01T05:07:48","guid":{"rendered":"https:\/\/b2b.pakery.pl\/?page_id=33"},"modified":"2021-10-14T12:58:15","modified_gmt":"2021-10-14T10:58:15","slug":"o-nas","status":"publish","type":"page","link":"https:\/\/b2b.pakery.pl\/pl\/o-nas\/","title":{"rendered":"O nas"},"content":{"rendered":"\t\t<div data-elementor-type=\"wp-page\" data-elementor-id=\"33\" class=\"elementor elementor-33\" data-elementor-post-type=\"page\">\n\t\t\t\t\t\t<section class=\"elementor-section elementor-top-section elementor-element elementor-element-78aa48a elementor-section-boxed elementor-section-height-default elementor-section-height-default\" data-id=\"78aa48a\" data-element_type=\"section\" data-e-type=\"section\">\n\t\t\t\t\t\t<div class=\"elementor-container elementor-column-gap-default\">\n\t\t\t\t\t<div class=\"elementor-column elementor-col-100 elementor-top-column elementor-element elementor-element-e1039cb\" data-id=\"e1039cb\" data-element_type=\"column\" data-e-type=\"column\">\n\t\t\t<div class=\"elementor-widget-wrap elementor-element-populated\">\n\t\t\t\t\t\t<section class=\"elementor-section elementor-inner-section elementor-element elementor-element-55e95fa elementor-section-boxed elementor-section-height-default elementor-section-height-default\" data-id=\"55e95fa\" data-element_type=\"section\" data-e-type=\"section\">\n\t\t\t\t\t\t<div class=\"elementor-container elementor-column-gap-default\">\n\t\t\t\t\t<div class=\"elementor-column elementor-col-50 elementor-inner-column elementor-element elementor-element-974093a\" data-id=\"974093a\" data-element_type=\"column\" data-e-type=\"column\">\n\t\t\t<div class=\"elementor-widget-wrap elementor-element-populated\">\n\t\t\t\t\t\t<div class=\"elementor-element elementor-element-f8778c7 elementor-widget elementor-widget-video\" data-id=\"f8778c7\" data-element_type=\"widget\" data-e-type=\"widget\" data-settings=\"{&quot;video_type&quot;:&quot;hosted&quot;,&quot;autoplay&quot;:&quot;yes&quot;,&quot;play_on_mobile&quot;:&quot;yes&quot;,&quot;mute&quot;:&quot;yes&quot;,&quot;loop&quot;:&quot;yes&quot;}\" data-widget_type=\"video.default\">\n\t\t\t\t<div class=\"elementor-widget-container\">\n\t\t\t\t\t\t\t<div class=\"e-hosted-video elementor-wrapper elementor-open-inline\">\n\t\t\t\t\t<video class=\"elementor-video\" src=\"https:\/\/b2b.pakery.pl\/wp-content\/uploads\/2021\/05\/2N6A3256.mp4\" autoplay=\"\" loop=\"\" muted=\"muted\" playsinline=\"\" controlsList=\"nodownload\"><\/video>\n\t\t\t\t<\/div>\n\t\t\t\t\t\t<\/div>\n\t\t\t\t<\/div>\n\t\t\t\t\t<\/div>\n\t\t<\/div>\n\t\t\t\t<div class=\"elementor-column elementor-col-50 elementor-inner-column elementor-element elementor-element-8675d35\" data-id=\"8675d35\" data-element_type=\"column\" data-e-type=\"column\">\n\t\t\t<div class=\"elementor-widget-wrap elementor-element-populated\">\n\t\t\t\t\t\t<div class=\"elementor-element elementor-element-43860b0 elementor-widget elementor-widget-text-editor\" data-id=\"43860b0\" data-element_type=\"widget\" data-e-type=\"widget\" data-widget_type=\"text-editor.default\">\n\t\t\t\t<div class=\"elementor-widget-container\">\n\t\t\t\t\t\t\t\t\t<h2 style=\"text-align: center;\"><span style=\"color: #000000;\"><strong>\u00a0<\/strong><\/span><\/h2><h2 style=\"text-align: center;\"><span style=\"color: #000000;\"><strong style=\"font-family: inherit; font-size: 2rem;\">\u00a0<\/strong><\/span><\/h2><h2 style=\"text-align: center;\"><span style=\"color: #000000;\"><strong style=\"font-family: inherit; font-size: 2rem;\">FILOZOFIA PAKERY.PL<\/strong><\/span><\/h2><div><span style=\"color: #000000;\"><strong style=\"font-family: inherit; font-size: 2rem;\">\u00a0<\/strong><\/span><\/div><p style=\"text-align: center;\"><span style=\"color: #000000;\"><span style=\"caret-color: #333333; font-family: 'Open Sans', Arial, sans-serif; font-size: 20px;\">Sukces nale\u017cy budowa\u0107 przede wszystkim na zaufaniu i zadowoleniu klient\u00f3w. Nale\u017cy s\u0142ucha\u0107 ich uwag i ci\u0105gle udoskanala\u0107 produkty.<\/span><strong><br \/><\/strong><\/span><\/p>\t\t\t\t\t\t\t\t<\/div>\n\t\t\t\t<\/div>\n\t\t\t\t\t<\/div>\n\t\t<\/div>\n\t\t\t\t\t<\/div>\n\t\t<\/section>\n\t\t\t\t\t<\/div>\n\t\t<\/div>\n\t\t\t\t\t<\/div>\n\t\t<\/section>\n\t\t\t\t<section class=\"elementor-section elementor-top-section elementor-element elementor-element-8b13b9a elementor-section-boxed elementor-section-height-default elementor-section-height-default\" data-id=\"8b13b9a\" data-element_type=\"section\" data-e-type=\"section\">\n\t\t\t\t\t\t<div class=\"elementor-container elementor-column-gap-default\">\n\t\t\t\t\t<div class=\"elementor-column elementor-col-100 elementor-top-column elementor-element elementor-element-7746aa3\" data-id=\"7746aa3\" data-element_type=\"column\" data-e-type=\"column\">\n\t\t\t<div class=\"elementor-widget-wrap elementor-element-populated\">\n\t\t\t\t\t\t<section class=\"elementor-section elementor-inner-section elementor-element elementor-element-4f0e2cf elementor-section-full_width elementor-section-height-default elementor-section-height-default\" data-id=\"4f0e2cf\" data-element_type=\"section\" data-e-type=\"section\">\n\t\t\t\t\t\t<div class=\"elementor-container elementor-column-gap-default\">\n\t\t\t\t\t<div class=\"elementor-column elementor-col-25 elementor-inner-column elementor-element elementor-element-f7516d1\" data-id=\"f7516d1\" data-element_type=\"column\" data-e-type=\"column\">\n\t\t\t<div class=\"elementor-widget-wrap elementor-element-populated\">\n\t\t\t\t\t\t<div class=\"elementor-element elementor-element-f3c97f7 elementor-view-default elementor-widget elementor-widget-icon\" data-id=\"f3c97f7\" data-element_type=\"widget\" data-e-type=\"widget\" data-widget_type=\"icon.default\">\n\t\t\t\t<div class=\"elementor-widget-container\">\n\t\t\t\t\t\t\t<div class=\"elementor-icon-wrapper\">\n\t\t\t<div class=\"elementor-icon\">\n\t\t\t<svg aria-hidden=\"true\" class=\"e-font-icon-svg e-fas-star\" viewBox=\"0 0 576 512\" xmlns=\"http:\/\/www.w3.org\/2000\/svg\"><path d=\"M259.3 17.8L194 150.2 47.9 171.5c-26.2 3.8-36.7 36.1-17.7 54.6l105.7 103-25 145.5c-4.5 26.3 23.2 46 46.4 33.7L288 439.6l130.7 68.7c23.2 12.2 50.9-7.4 46.4-33.7l-25-145.5 105.7-103c19-18.5 8.5-50.8-17.7-54.6L382 150.2 316.7 17.8c-11.7-23.6-45.6-23.9-57.4 0z\"><\/path><\/svg>\t\t\t<\/div>\n\t\t<\/div>\n\t\t\t\t\t\t<\/div>\n\t\t\t\t<\/div>\n\t\t\t\t<div class=\"elementor-element elementor-element-c83f1f9 elementor-widget elementor-widget-text-editor\" data-id=\"c83f1f9\" data-element_type=\"widget\" data-e-type=\"widget\" data-widget_type=\"text-editor.default\">\n\t\t\t\t<div class=\"elementor-widget-container\">\n\t\t\t\t\t\t\t\t\t<p style=\"text-align: center;\">Weryfikacja\u00a0jako\u015bci i \u015bwiadczonych us\u0142ug<\/p>\t\t\t\t\t\t\t\t<\/div>\n\t\t\t\t<\/div>\n\t\t\t\t\t<\/div>\n\t\t<\/div>\n\t\t\t\t<div class=\"elementor-column elementor-col-25 elementor-inner-column elementor-element elementor-element-4ca2f28\" data-id=\"4ca2f28\" data-element_type=\"column\" data-e-type=\"column\">\n\t\t\t<div class=\"elementor-widget-wrap elementor-element-populated\">\n\t\t\t\t\t\t<div class=\"elementor-element elementor-element-775f5b9 elementor-view-default elementor-widget elementor-widget-icon\" data-id=\"775f5b9\" data-element_type=\"widget\" data-e-type=\"widget\" data-widget_type=\"icon.default\">\n\t\t\t\t<div class=\"elementor-widget-container\">\n\t\t\t\t\t\t\t<div class=\"elementor-icon-wrapper\">\n\t\t\t<div class=\"elementor-icon\">\n\t\t\t<svg aria-hidden=\"true\" class=\"e-font-icon-svg e-fas-clock\" viewBox=\"0 0 512 512\" xmlns=\"http:\/\/www.w3.org\/2000\/svg\"><path d=\"M256,8C119,8,8,119,8,256S119,504,256,504,504,393,504,256,393,8,256,8Zm92.49,313h0l-20,25a16,16,0,0,1-22.49,2.5h0l-67-49.72a40,40,0,0,1-15-31.23V112a16,16,0,0,1,16-16h32a16,16,0,0,1,16,16V256l58,42.5A16,16,0,0,1,348.49,321Z\"><\/path><\/svg>\t\t\t<\/div>\n\t\t<\/div>\n\t\t\t\t\t\t<\/div>\n\t\t\t\t<\/div>\n\t\t\t\t<div class=\"elementor-element elementor-element-a3fd845 elementor-widget elementor-widget-text-editor\" data-id=\"a3fd845\" data-element_type=\"widget\" data-e-type=\"widget\" data-widget_type=\"text-editor.default\">\n\t\t\t\t<div class=\"elementor-widget-container\">\n\t\t\t\t\t\t\t\t\t<p style=\"text-align: center;\">Zam\u00f3wienia realizowane w najkr\u00f3tszym mo\u017cliwym czasie<\/p>\t\t\t\t\t\t\t\t<\/div>\n\t\t\t\t<\/div>\n\t\t\t\t\t<\/div>\n\t\t<\/div>\n\t\t\t\t<div class=\"elementor-column elementor-col-25 elementor-inner-column elementor-element elementor-element-0f41bf9\" data-id=\"0f41bf9\" data-element_type=\"column\" data-e-type=\"column\">\n\t\t\t<div class=\"elementor-widget-wrap elementor-element-populated\">\n\t\t\t\t\t\t<div class=\"elementor-element elementor-element-72aefb2 elementor-view-default elementor-widget elementor-widget-icon\" data-id=\"72aefb2\" data-element_type=\"widget\" data-e-type=\"widget\" data-widget_type=\"icon.default\">\n\t\t\t\t<div class=\"elementor-widget-container\">\n\t\t\t\t\t\t\t<div class=\"elementor-icon-wrapper\">\n\t\t\t<div class=\"elementor-icon\">\n\t\t\t<svg aria-hidden=\"true\" class=\"e-font-icon-svg e-fas-comment\" viewBox=\"0 0 512 512\" xmlns=\"http:\/\/www.w3.org\/2000\/svg\"><path d=\"M256 32C114.6 32 0 125.1 0 240c0 49.6 21.4 95 57 130.7C44.5 421.1 2.7 466 2.2 466.5c-2.2 2.3-2.8 5.7-1.5 8.7S4.8 480 8 480c66.3 0 116-31.8 140.6-51.4 32.7 12.3 69 19.4 107.4 19.4 141.4 0 256-93.1 256-208S397.4 32 256 32z\"><\/path><\/svg>\t\t\t<\/div>\n\t\t<\/div>\n\t\t\t\t\t\t<\/div>\n\t\t\t\t<\/div>\n\t\t\t\t<div class=\"elementor-element elementor-element-0b5d0f2 elementor-widget elementor-widget-text-editor\" data-id=\"0b5d0f2\" data-element_type=\"widget\" data-e-type=\"widget\" data-widget_type=\"text-editor.default\">\n\t\t\t\t<div class=\"elementor-widget-container\">\n\t\t\t\t\t\t\t\t\t<p style=\"text-align: center;\">Pe\u0142ne wsparcie techniczne na ka\u017cdym etapie prac<\/p>\t\t\t\t\t\t\t\t<\/div>\n\t\t\t\t<\/div>\n\t\t\t\t\t<\/div>\n\t\t<\/div>\n\t\t\t\t<div class=\"elementor-column elementor-col-25 elementor-inner-column elementor-element elementor-element-3b1a7d3\" data-id=\"3b1a7d3\" data-element_type=\"column\" data-e-type=\"column\">\n\t\t\t<div class=\"elementor-widget-wrap elementor-element-populated\">\n\t\t\t\t\t\t<div class=\"elementor-element elementor-element-a1bcc45 elementor-view-default elementor-widget elementor-widget-icon\" data-id=\"a1bcc45\" data-element_type=\"widget\" data-e-type=\"widget\" data-widget_type=\"icon.default\">\n\t\t\t\t<div class=\"elementor-widget-container\">\n\t\t\t\t\t\t\t<div class=\"elementor-icon-wrapper\">\n\t\t\t<div class=\"elementor-icon\">\n\t\t\t<svg aria-hidden=\"true\" class=\"e-font-icon-svg e-fas-user\" viewBox=\"0 0 448 512\" xmlns=\"http:\/\/www.w3.org\/2000\/svg\"><path d=\"M224 256c70.7 0 128-57.3 128-128S294.7 0 224 0 96 57.3 96 128s57.3 128 128 128zm89.6 32h-16.7c-22.2 10.2-46.9 16-72.9 16s-50.6-5.8-72.9-16h-16.7C60.2 288 0 348.2 0 422.4V464c0 26.5 21.5 48 48 48h352c26.5 0 48-21.5 48-48v-41.6c0-74.2-60.2-134.4-134.4-134.4z\"><\/path><\/svg>\t\t\t<\/div>\n\t\t<\/div>\n\t\t\t\t\t\t<\/div>\n\t\t\t\t<\/div>\n\t\t\t\t<div class=\"elementor-element elementor-element-cbf69f9 elementor-widget elementor-widget-text-editor\" data-id=\"cbf69f9\" data-element_type=\"widget\" data-e-type=\"widget\" data-widget_type=\"text-editor.default\">\n\t\t\t\t<div class=\"elementor-widget-container\">\n\t\t\t\t\t\t\t\t\t<p style=\"text-align: center;\">Produkcja indywidualna pod konkretne wymagania klienta<\/p>\t\t\t\t\t\t\t\t<\/div>\n\t\t\t\t<\/div>\n\t\t\t\t\t<\/div>\n\t\t<\/div>\n\t\t\t\t\t<\/div>\n\t\t<\/section>\n\t\t\t\t\t<\/div>\n\t\t<\/div>\n\t\t\t\t\t<\/div>\n\t\t<\/section>\n\t\t\t\t<section class=\"elementor-section elementor-top-section elementor-element elementor-element-dd22f4d elementor-section-boxed elementor-section-height-default elementor-section-height-default\" data-id=\"dd22f4d\" data-element_type=\"section\" data-e-type=\"section\">\n\t\t\t\t\t\t<div class=\"elementor-container elementor-column-gap-wide\">\n\t\t\t\t\t<div class=\"elementor-column elementor-col-100 elementor-top-column elementor-element elementor-element-28115a6\" data-id=\"28115a6\" data-element_type=\"column\" data-e-type=\"column\">\n\t\t\t<div class=\"elementor-widget-wrap elementor-element-populated\">\n\t\t\t\t\t\t<div class=\"elementor-element elementor-element-9019dc1 elementor-widget elementor-widget-text-editor\" data-id=\"9019dc1\" data-element_type=\"widget\" data-e-type=\"widget\" data-widget_type=\"text-editor.default\">\n\t\t\t\t<div class=\"elementor-widget-container\">\n\t\t\t\t\t\t\t\t\t<h2 style=\"text-align: center;\"><span style=\"color: #000000;\">Zawsze do twojej dyspozycji<\/span><\/h2><div>\u00a0<\/div><p><span style=\"color: #000000;\">PAKERY.PL \u00a0jest dynamicznie rozwijaj\u0105c\u0105 si\u0119 mark\u0105 z produktami o najwy\u017cszej jako\u015bci, wyrazistej innowacji i przyst\u0119pnej cenie. Nasze produkty zosta\u0142e docenione przez wielu profesjonalist\u00f3w w Polsce, oraz w wi\u0119kszo\u015bci kraj\u00f3w Europy.<\/span><\/p><p><span style=\"color: #000000;\">Posiadamy dwie linie paker\u00f3w: economy line, czyli produkty o nieco ni\u017cszej jako\u015bci w bardzo dobrej cenie, oraz professional line, kierowanej dla najbardziej wymagaj\u0105cych wykonawc\u00f3w.<\/span><\/p><p><span style=\"color: #000000;\">W 2021 zostali\u015bmy oficjalnym dystrybutorem marki Hammpack &#8211; produkt\u00f3w iniekcyjnych o najwy\u017cszych parametrach technicznych i u\u017cytkowych.<\/span><\/p><p><span style=\"color: #000000;\">Kieruj\u0105c si\u0119 wyznawanymi przez nasz\u0105 firm\u0119 warto\u015bciami, staramy si\u0119 nawi\u0105zywa\u0107 z naszymi klientami wieloletni\u0105 wsp\u00f3\u0142prac\u0119, dzi\u0119ki kt\u00f3rej pomagamy osi\u0105gn\u0105\u0107 im sukces, dostarczaj\u0105c wydajnych i niezawodnych narz\u0119dzi oraz pokazuj\u0105c jak efektywniej realizowa\u0107\u00a0prace iniekcyjne.\u2028\u2028\u00a0<span style=\"font-size: 1rem;\">Jeste\u015bmy \u015bwiadomi, i\u017c sukces nale\u017cy budowa\u0107 przede wszystkim na zaufaniu i zadowoleniu klient\u00f3w. Nale\u017cy s\u0142ucha\u0107 ich uwag i ci\u0105gle udoskanala\u0107 produkty.<\/span><\/span><\/p><p><span style=\"color: #000000;\"><span style=\"font-size: 1rem;\">\u00a0<\/span><\/span><\/p>\t\t\t\t\t\t\t\t<\/div>\n\t\t\t\t<\/div>\n\t\t\t\t\t<\/div>\n\t\t<\/div>\n\t\t\t\t\t<\/div>\n\t\t<\/section>\n\t\t\t\t<section class=\"elementor-section elementor-top-section elementor-element elementor-element-de490e7 elementor-section-boxed elementor-section-height-default elementor-section-height-default\" data-id=\"de490e7\" data-element_type=\"section\" data-e-type=\"section\">\n\t\t\t\t\t\t<div class=\"elementor-container elementor-column-gap-default\">\n\t\t\t\t\t<div class=\"elementor-column elementor-col-100 elementor-top-column elementor-element elementor-element-9a66aee\" data-id=\"9a66aee\" data-element_type=\"column\" data-e-type=\"column\">\n\t\t\t<div class=\"elementor-widget-wrap elementor-element-populated\">\n\t\t\t\t\t\t<div class=\"elementor-element elementor-element-c466823 elementor-widget elementor-widget-text-editor\" data-id=\"c466823\" data-element_type=\"widget\" data-e-type=\"widget\" data-widget_type=\"text-editor.default\">\n\t\t\t\t<div class=\"elementor-widget-container\">\n\t\t\t\t\t\t\t\t\t<h4 style=\"font-family: Montserrat, sans-serif; color: #7a7a7a; text-align: center;\"><span style=\"color: #000000;\">Hammpack Sp. \u00a0Z O.O<\/span><br \/><span style=\"color: #333333;\"><i>owner of:<br \/><a style=\"color: #333333;\" href=\"https:\/\/pakery.pl\/\" target=\"_blank\" rel=\"noopener\">PAKERY.PL<\/a><br \/><\/i><\/span><br \/><span style=\"color: #333333;\">ul. Bokserska 47<\/span><br \/><span style=\"color: #333333;\">02-690 Warszawa<\/span><br \/><span style=\"color: #333333;\">POLAND<br \/><\/span><br \/><span style=\"color: #333333;\">VAT UE: PL<\/span><span style=\"color: #000000;\">9512466806<\/span><\/h4><p style=\"font-size: 16px; text-align: center;\"><span style=\"color: #333333;\">EORI: 9512466806000000<\/span><br \/><span style=\"color: #333333;\">nr rej. KRS: 0000742089<\/span><\/p><p style=\"font-size: 16px; caret-color: #000000; color: #000000; text-align: center;\"><span style=\"font-family: georgia, serif; color: #333333;\">t: 690 93 0000 \u2013\u00a0<\/span><span style=\"color: #333333; font-family: georgia, serif;\">obs\u0142uga\u00a0<\/span><a style=\"color: #333333;\" href=\"http:\/\/iniekcjebudowlane.pl\/\" target=\"_blank\" rel=\"noopener\">P<\/a>AKERY.PL<span style=\"font-family: georgia, serif; color: #333333;\"><br \/><\/span><span style=\"color: #333333; font-family: georgia, serif;\">t: 690 532 000 \u2013 obs\u0142uga\u00a0<\/span><a style=\"color: #333333;\" href=\"http:\/\/iniekcjebudowlane.pl\/\" target=\"_blank\" rel=\"noopener\">INIEKCJEBUDOWLANE.PL<\/a><\/p><h3 style=\"font-family: Montserrat, sans-serif; color: #7a7a7a; text-align: center;\"><span style=\"color: #333333;\"><a style=\"color: #333333;\" href=\"https:\/\/pakery.pl\/\" target=\"_blank\" rel=\"noopener\">PAKERY.PL<\/a><\/span><\/h3><h3 style=\"font-family: Montserrat, sans-serif; color: #7a7a7a; text-align: center;\"><span style=\"color: #333333;\">e:<a style=\"color: #333333;\" target=\"_blank\">\u00a0biuro@pakery.pl<\/a><\/span><\/h3><h3 style=\"font-family: Montserrat, sans-serif; color: #7a7a7a; text-align: center;\"><span style=\"color: #333333;\">t: +48 690 93 0000<\/span><\/h3>\t\t\t\t\t\t\t\t<\/div>\n\t\t\t\t<\/div>\n\t\t\t\t\t<\/div>\n\t\t<\/div>\n\t\t\t\t\t<\/div>\n\t\t<\/section>\n\t\t\t\t<\/div>\n\t\t","protected":false},"excerpt":{"rendered":"<p>https:\/\/b2b.pakery.pl\/wp-content\/uploads\/2021\/05\/2N6A3256.mp4 \u00a0 \u00a0 FILOZOFIA PAKERY.PL \u00a0 Sukces nale\u017cy budowa\u0107 przede wszystkim na zaufaniu i zadowoleniu klient\u00f3w. Nale\u017cy s\u0142ucha\u0107 ich uwag i ci\u0105gle udoskanala\u0107 produkty. Weryfikacja\u00a0jako\u015bci i \u015bwiadczonych us\u0142ug Zam\u00f3wienia realizowane w najkr\u00f3tszym mo\u017cliwym czasie Pe\u0142ne wsparcie techniczne na ka\u017cdym etapie prac Produkcja indywidualna pod konkretne wymagania klienta Zawsze do twojej dyspozycji \u00a0 PAKERY.PL \u00a0jest dynamicznie [&hellip;]<\/p>\n","protected":false},"author":1,"featured_media":0,"parent":0,"menu_order":0,"comment_status":"closed","ping_status":"closed","template":"","meta":{"_acf_changed":false,"footnotes":""},"class_list":["post-33","page","type-page","status-publish","hentry"],"acf":[],"yoast_head":"<!-- This site is optimized with the Yoast SEO plugin v24.8.1 - https:\/\/yoast.com\/wordpress\/plugins\/seo\/ -->\n<title>O nas - PAKERY.PL<\/title>\n<meta name=\"robots\" content=\"index, follow, max-snippet:-1, max-image-preview:large, max-video-preview:-1\" \/>\n<link rel=\"canonical\" href=\"https:\/\/b2b.pakery.pl\/pl\/o-nas\/\" \/>\n<meta property=\"og:locale\" content=\"pl_PL\" \/>\n<meta property=\"og:type\" content=\"article\" \/>\n<meta property=\"og:title\" content=\"O nas - PAKERY.PL\" \/>\n<meta property=\"og:description\" content=\"https:\/\/b2b.pakery.pl\/wp-content\/uploads\/2021\/05\/2N6A3256.mp4 \u00a0 \u00a0 FILOZOFIA PAKERY.PL \u00a0 Sukces nale\u017cy budowa\u0107 przede wszystkim na zaufaniu i zadowoleniu klient\u00f3w. Nale\u017cy s\u0142ucha\u0107 ich uwag i ci\u0105gle udoskanala\u0107 produkty. Weryfikacja\u00a0jako\u015bci i \u015bwiadczonych us\u0142ug Zam\u00f3wienia realizowane w najkr\u00f3tszym mo\u017cliwym czasie Pe\u0142ne wsparcie techniczne na ka\u017cdym etapie prac Produkcja indywidualna pod konkretne wymagania klienta Zawsze do twojej dyspozycji \u00a0 PAKERY.PL \u00a0jest dynamicznie [&hellip;]\" \/>\n<meta property=\"og:url\" content=\"https:\/\/b2b.pakery.pl\/pl\/o-nas\/\" \/>\n<meta property=\"og:site_name\" content=\"PAKERY.PL\" \/>\n<meta property=\"article:modified_time\" content=\"2021-10-14T10:58:15+00:00\" \/>\n<meta name=\"twitter:card\" content=\"summary_large_image\" \/>\n<meta name=\"twitter:label1\" content=\"Szacowany czas czytania\" \/>\n\t<meta name=\"twitter:data1\" content=\"1 minuta\" \/>\n<script type=\"application\/ld+json\" class=\"yoast-schema-graph\">{\"@context\":\"https:\/\/schema.org\",\"@graph\":[{\"@type\":\"WebPage\",\"@id\":\"https:\/\/b2b.pakery.pl\/pl\/o-nas\/\",\"url\":\"https:\/\/b2b.pakery.pl\/pl\/o-nas\/\",\"name\":\"O nas - PAKERY.PL\",\"isPartOf\":{\"@id\":\"https:\/\/b2b.pakery.pl\/pl\/#website\"},\"datePublished\":\"2021-04-01T05:07:48+00:00\",\"dateModified\":\"2021-10-14T10:58:15+00:00\",\"breadcrumb\":{\"@id\":\"https:\/\/b2b.pakery.pl\/pl\/o-nas\/#breadcrumb\"},\"inLanguage\":\"pl-PL\",\"potentialAction\":[{\"@type\":\"ReadAction\",\"target\":[\"https:\/\/b2b.pakery.pl\/pl\/o-nas\/\"]}]},{\"@type\":\"BreadcrumbList\",\"@id\":\"https:\/\/b2b.pakery.pl\/pl\/o-nas\/#breadcrumb\",\"itemListElement\":[{\"@type\":\"ListItem\",\"position\":1,\"name\":\"Strona g\u0142\u00f3wna\",\"item\":\"https:\/\/b2b.pakery.pl\/pl\/strona-glowna\/\"},{\"@type\":\"ListItem\",\"position\":2,\"name\":\"O nas\"}]},{\"@type\":\"WebSite\",\"@id\":\"https:\/\/b2b.pakery.pl\/pl\/#website\",\"url\":\"https:\/\/b2b.pakery.pl\/pl\/\",\"name\":\"Pakery.pl\",\"description\":\"Injection Packers, Spiral Anchors, Injection Lances, Injection Hoses, Injection Pumps, Injection Pump Service, Injection Pump Rental\",\"publisher\":{\"@id\":\"https:\/\/b2b.pakery.pl\/pl\/#organization\"},\"potentialAction\":[{\"@type\":\"SearchAction\",\"target\":{\"@type\":\"EntryPoint\",\"urlTemplate\":\"https:\/\/b2b.pakery.pl\/pl\/?s={search_term_string}\"},\"query-input\":{\"@type\":\"PropertyValueSpecification\",\"valueRequired\":true,\"valueName\":\"search_term_string\"}}],\"inLanguage\":\"pl-PL\"},{\"@type\":\"Organization\",\"@id\":\"https:\/\/b2b.pakery.pl\/pl\/#organization\",\"name\":\"PAKERY.PL\",\"url\":\"https:\/\/b2b.pakery.pl\/pl\/\",\"logo\":{\"@type\":\"ImageObject\",\"inLanguage\":\"pl-PL\",\"@id\":\"https:\/\/b2b.pakery.pl\/pl\/#\/schema\/logo\/image\/\",\"url\":\"https:\/\/b2b.pakery.pl\/wp-content\/uploads\/2021\/04\/cropped-PAKERY-LOGO.png\",\"contentUrl\":\"https:\/\/b2b.pakery.pl\/wp-content\/uploads\/2021\/04\/cropped-PAKERY-LOGO.png\",\"width\":1529,\"height\":500,\"caption\":\"PAKERY.PL\"},\"image\":{\"@id\":\"https:\/\/b2b.pakery.pl\/pl\/#\/schema\/logo\/image\/\"}}]}<\/script>\n<!-- \/ Yoast SEO plugin. -->","yoast_head_json":{"title":"O nas - PAKERY.PL","robots":{"index":"index","follow":"follow","max-snippet":"max-snippet:-1","max-image-preview":"max-image-preview:large","max-video-preview":"max-video-preview:-1"},"canonical":"https:\/\/b2b.pakery.pl\/pl\/o-nas\/","og_locale":"pl_PL","og_type":"article","og_title":"O nas - PAKERY.PL","og_description":"https:\/\/b2b.pakery.pl\/wp-content\/uploads\/2021\/05\/2N6A3256.mp4 \u00a0 \u00a0 FILOZOFIA PAKERY.PL \u00a0 Sukces nale\u017cy budowa\u0107 przede wszystkim na zaufaniu i zadowoleniu klient\u00f3w. Nale\u017cy s\u0142ucha\u0107 ich uwag i ci\u0105gle udoskanala\u0107 produkty. Weryfikacja\u00a0jako\u015bci i \u015bwiadczonych us\u0142ug Zam\u00f3wienia realizowane w najkr\u00f3tszym mo\u017cliwym czasie Pe\u0142ne wsparcie techniczne na ka\u017cdym etapie prac Produkcja indywidualna pod konkretne wymagania klienta Zawsze do twojej dyspozycji \u00a0 PAKERY.PL \u00a0jest dynamicznie [&hellip;]","og_url":"https:\/\/b2b.pakery.pl\/pl\/o-nas\/","og_site_name":"PAKERY.PL","article_modified_time":"2021-10-14T10:58:15+00:00","twitter_card":"summary_large_image","twitter_misc":{"Szacowany czas czytania":"1 minuta"},"schema":{"@context":"https:\/\/schema.org","@graph":[{"@type":"WebPage","@id":"https:\/\/b2b.pakery.pl\/pl\/o-nas\/","url":"https:\/\/b2b.pakery.pl\/pl\/o-nas\/","name":"O nas - PAKERY.PL","isPartOf":{"@id":"https:\/\/b2b.pakery.pl\/pl\/#website"},"datePublished":"2021-04-01T05:07:48+00:00","dateModified":"2021-10-14T10:58:15+00:00","breadcrumb":{"@id":"https:\/\/b2b.pakery.pl\/pl\/o-nas\/#breadcrumb"},"inLanguage":"pl-PL","potentialAction":[{"@type":"ReadAction","target":["https:\/\/b2b.pakery.pl\/pl\/o-nas\/"]}]},{"@type":"BreadcrumbList","@id":"https:\/\/b2b.pakery.pl\/pl\/o-nas\/#breadcrumb","itemListElement":[{"@type":"ListItem","position":1,"name":"Strona g\u0142\u00f3wna","item":"https:\/\/b2b.pakery.pl\/pl\/strona-glowna\/"},{"@type":"ListItem","position":2,"name":"O nas"}]},{"@type":"WebSite","@id":"https:\/\/b2b.pakery.pl\/pl\/#website","url":"https:\/\/b2b.pakery.pl\/pl\/","name":"Pakery.pl","description":"Injection Packers, Spiral Anchors, Injection Lances, Injection Hoses, Injection Pumps, Injection Pump Service, Injection Pump Rental","publisher":{"@id":"https:\/\/b2b.pakery.pl\/pl\/#organization"},"potentialAction":[{"@type":"SearchAction","target":{"@type":"EntryPoint","urlTemplate":"https:\/\/b2b.pakery.pl\/pl\/?s={search_term_string}"},"query-input":{"@type":"PropertyValueSpecification","valueRequired":true,"valueName":"search_term_string"}}],"inLanguage":"pl-PL"},{"@type":"Organization","@id":"https:\/\/b2b.pakery.pl\/pl\/#organization","name":"PAKERY.PL","url":"https:\/\/b2b.pakery.pl\/pl\/","logo":{"@type":"ImageObject","inLanguage":"pl-PL","@id":"https:\/\/b2b.pakery.pl\/pl\/#\/schema\/logo\/image\/","url":"https:\/\/b2b.pakery.pl\/wp-content\/uploads\/2021\/04\/cropped-PAKERY-LOGO.png","contentUrl":"https:\/\/b2b.pakery.pl\/wp-content\/uploads\/2021\/04\/cropped-PAKERY-LOGO.png","width":1529,"height":500,"caption":"PAKERY.PL"},"image":{"@id":"https:\/\/b2b.pakery.pl\/pl\/#\/schema\/logo\/image\/"}}]}},"_links":{"self":[{"href":"https:\/\/b2b.pakery.pl\/pl\/wp-json\/wp\/v2\/pages\/33","targetHints":{"allow":["GET"]}}],"collection":[{"href":"https:\/\/b2b.pakery.pl\/pl\/wp-json\/wp\/v2\/pages"}],"about":[{"href":"https:\/\/b2b.pakery.pl\/pl\/wp-json\/wp\/v2\/types\/page"}],"author":[{"embeddable":true,"href":"https:\/\/b2b.pakery.pl\/pl\/wp-json\/wp\/v2\/users\/1"}],"replies":[{"embeddable":true,"href":"https:\/\/b2b.pakery.pl\/pl\/wp-json\/wp\/v2\/comments?post=33"}],"version-history":[{"count":82,"href":"https:\/\/b2b.pakery.pl\/pl\/wp-json\/wp\/v2\/pages\/33\/revisions"}],"predecessor-version":[{"id":38670,"href":"https:\/\/b2b.pakery.pl\/pl\/wp-json\/wp\/v2\/pages\/33\/revisions\/38670"}],"wp:attachment":[{"href":"https:\/\/b2b.pakery.pl\/pl\/wp-json\/wp\/v2\/media?parent=33"}],"curies":[{"name":"wp","href":"https:\/\/api.w.org\/{rel}","templated":true}]}}