{"id":1271,"date":"2021-04-07T13:14:56","date_gmt":"2021-04-07T11:14:56","guid":{"rendered":"https:\/\/b2b.pakery.pl\/?page_id=1271"},"modified":"2021-06-21T09:12:37","modified_gmt":"2021-06-21T07:12:37","slug":"rejestruj","status":"publish","type":"page","link":"https:\/\/b2b.pakery.pl\/pl\/rejestruj\/","title":{"rendered":"Rejestruj"},"content":{"rendered":"\t\t<div data-elementor-type=\"wp-page\" data-elementor-id=\"1271\" class=\"elementor elementor-1271\" data-elementor-post-type=\"page\">\n\t\t\t\t\t\t<section class=\"elementor-section elementor-top-section elementor-element elementor-element-06f1593 elementor-section-boxed elementor-section-height-default elementor-section-height-default\" data-id=\"06f1593\" data-element_type=\"section\" data-e-type=\"section\">\n\t\t\t\t\t\t<div class=\"elementor-container elementor-column-gap-default\">\n\t\t\t\t\t<div class=\"elementor-column elementor-col-100 elementor-top-column elementor-element elementor-element-cfbb1e7\" data-id=\"cfbb1e7\" data-element_type=\"column\" data-e-type=\"column\">\n\t\t\t<div class=\"elementor-widget-wrap elementor-element-populated\">\n\t\t\t\t\t\t<div class=\"elementor-element elementor-element-2b129a7 elementor-widget elementor-widget-text-editor\" data-id=\"2b129a7\" data-element_type=\"widget\" data-e-type=\"widget\" data-widget_type=\"text-editor.default\">\n\t\t\t\t<div class=\"elementor-widget-container\">\n\t\t\t\t\t\t\t\t\t<p style=\"text-align: center;\"><span style=\"color: #000000;\">Szanowni Pa\u0144stwo ! W celu z\u0142o\u017cenia zam\u00f3wienia hurtowego zapraszamy do wype\u0142nienia formularza rejestracyjnego. Je\u015bli poszukuj\u0105 Pa\u0144stwo produkt\u00f3w do zakupienia w ilo\u015bciach detalicznych (<b><i>bez rejestracji)<\/i><\/b> zapraszamy do odwiedzenia sklepu\u00a0<span style=\"text-decoration: underline;\"><a style=\"color: #000000; text-decoration: underline;\" href=\"https:\/\/iniekcjebudowlane.pl\/\">INIEKCJEBUDOWLANE.PL<\/a><\/span><\/span><\/p><p style=\"text-align: center;\"><span style=\"color: #000000;\">Zosta\u0144 Kontrahentem PAKERY.PL na platformie B2B. Sprawdzaj nowo\u015bci, ceny, zamawiaj przez 24 h na dob\u0119<\/span><\/p><p style=\"text-align: center;\"><span style=\"color: #000000;\">U\u017cytkownikami platformy mog\u0105 zosta\u0107 jedynie przedsi\u0119biorcy i firmy<span class=\"Apple-converted-space\">\u00a0<\/span><\/span><\/p><p style=\"text-align: center;\"><span style=\"color: #000000;\">Aby si\u0119 zarejestrowa\u0107, prosimy wype\u0142ni\u0107 poni\u017csze pola :<\/span><\/p>\t\t\t\t\t\t\t\t<\/div>\n\t\t\t\t<\/div>\n\t\t\t\t\t<\/div>\n\t\t<\/div>\n\t\t\t\t\t<\/div>\n\t\t<\/section>\n\t\t\t\t<section class=\"elementor-section elementor-top-section elementor-element elementor-element-d91d0e4 elementor-section-boxed elementor-section-height-default elementor-section-height-default\" data-id=\"d91d0e4\" data-element_type=\"section\" data-e-type=\"section\">\n\t\t\t\t\t\t<div class=\"elementor-container elementor-column-gap-default\">\n\t\t\t\t\t<div class=\"elementor-column elementor-col-100 elementor-top-column elementor-element elementor-element-c0bf998\" data-id=\"c0bf998\" data-element_type=\"column\" data-e-type=\"column\">\n\t\t\t<div class=\"elementor-widget-wrap elementor-element-populated\">\n\t\t\t\t\t\t<section class=\"elementor-section elementor-inner-section elementor-element elementor-element-fffb09c elementor-section-boxed elementor-section-height-default elementor-section-height-default\" data-id=\"fffb09c\" data-element_type=\"section\" data-e-type=\"section\">\n\t\t\t\t\t\t<div class=\"elementor-container elementor-column-gap-default\">\n\t\t\t\t\t<div class=\"elementor-column elementor-col-100 elementor-inner-column elementor-element elementor-element-186a892\" data-id=\"186a892\" data-element_type=\"column\" data-e-type=\"column\">\n\t\t\t<div class=\"elementor-widget-wrap elementor-element-populated\">\n\t\t\t\t\t\t<div class=\"elementor-element elementor-element-870a454 responsive-iframe elementor-widget elementor-widget-html\" data-id=\"870a454\" data-element_type=\"widget\" data-e-type=\"widget\" data-widget_type=\"html.default\">\n\t\t\t\t<div class=\"elementor-widget-container\">\n\t\t\t\t\t  <iframe class=\"responsive-iframe\" src=\"https:\/\/docs.google.com\/forms\/d\/1VUSnnCfdHFU40bHpmH1GS3TxXtaZmEjiLA-m5uH0dC8\/viewform\"><\/iframe>\t\t\t\t<\/div>\n\t\t\t\t<\/div>\n\t\t\t\t\t<\/div>\n\t\t<\/div>\n\t\t\t\t\t<\/div>\n\t\t<\/section>\n\t\t\t\t\t<\/div>\n\t\t<\/div>\n\t\t\t\t\t<\/div>\n\t\t<\/section>\n\t\t\t\t<\/div>\n\t\t","protected":false},"excerpt":{"rendered":"<p>Szanowni Pa\u0144stwo ! W celu z\u0142o\u017cenia zam\u00f3wienia hurtowego zapraszamy do wype\u0142nienia formularza rejestracyjnego. Je\u015bli poszukuj\u0105 Pa\u0144stwo produkt\u00f3w do zakupienia w ilo\u015bciach detalicznych (bez rejestracji) zapraszamy do odwiedzenia sklepu\u00a0INIEKCJEBUDOWLANE.PL Zosta\u0144 Kontrahentem PAKERY.PL na platformie B2B. Sprawdzaj nowo\u015bci, ceny, zamawiaj przez 24 h na dob\u0119 U\u017cytkownikami platformy mog\u0105 zosta\u0107 jedynie przedsi\u0119biorcy i firmy\u00a0 Aby si\u0119 zarejestrowa\u0107, prosimy [&hellip;]<\/p>\n","protected":false},"author":1,"featured_media":0,"parent":0,"menu_order":0,"comment_status":"closed","ping_status":"closed","template":"","meta":{"_acf_changed":false,"footnotes":""},"class_list":["post-1271","page","type-page","status-publish","hentry"],"acf":[],"yoast_head":"<!-- This site is optimized with the Yoast SEO plugin v24.8.1 - https:\/\/yoast.com\/wordpress\/plugins\/seo\/ -->\n<title>Rejestruj - PAKERY.PL<\/title>\n<meta name=\"robots\" content=\"index, follow, max-snippet:-1, max-image-preview:large, max-video-preview:-1\" \/>\n<link rel=\"canonical\" href=\"https:\/\/b2b.pakery.pl\/pl\/rejestruj\/\" \/>\n<meta property=\"og:locale\" content=\"pl_PL\" \/>\n<meta property=\"og:type\" content=\"article\" \/>\n<meta property=\"og:title\" content=\"Rejestruj - PAKERY.PL\" \/>\n<meta property=\"og:description\" content=\"Szanowni Pa\u0144stwo ! W celu z\u0142o\u017cenia zam\u00f3wienia hurtowego zapraszamy do wype\u0142nienia formularza rejestracyjnego. Je\u015bli poszukuj\u0105 Pa\u0144stwo produkt\u00f3w do zakupienia w ilo\u015bciach detalicznych (bez rejestracji) zapraszamy do odwiedzenia sklepu\u00a0INIEKCJEBUDOWLANE.PL Zosta\u0144 Kontrahentem PAKERY.PL na platformie B2B. Sprawdzaj nowo\u015bci, ceny, zamawiaj przez 24 h na dob\u0119 U\u017cytkownikami platformy mog\u0105 zosta\u0107 jedynie przedsi\u0119biorcy i firmy\u00a0 Aby si\u0119 zarejestrowa\u0107, prosimy [&hellip;]\" \/>\n<meta property=\"og:url\" content=\"https:\/\/b2b.pakery.pl\/pl\/rejestruj\/\" \/>\n<meta property=\"og:site_name\" content=\"PAKERY.PL\" \/>\n<meta property=\"article:modified_time\" content=\"2021-06-21T07:12:37+00:00\" \/>\n<meta name=\"twitter:card\" content=\"summary_large_image\" \/>\n<meta name=\"twitter:label1\" content=\"Szacowany czas czytania\" \/>\n\t<meta name=\"twitter:data1\" content=\"1 minuta\" \/>\n<script type=\"application\/ld+json\" class=\"yoast-schema-graph\">{\"@context\":\"https:\/\/schema.org\",\"@graph\":[{\"@type\":\"WebPage\",\"@id\":\"https:\/\/b2b.pakery.pl\/pl\/rejestruj\/\",\"url\":\"https:\/\/b2b.pakery.pl\/pl\/rejestruj\/\",\"name\":\"Rejestruj - PAKERY.PL\",\"isPartOf\":{\"@id\":\"https:\/\/b2b.pakery.pl\/pl\/#website\"},\"datePublished\":\"2021-04-07T11:14:56+00:00\",\"dateModified\":\"2021-06-21T07:12:37+00:00\",\"breadcrumb\":{\"@id\":\"https:\/\/b2b.pakery.pl\/pl\/rejestruj\/#breadcrumb\"},\"inLanguage\":\"pl-PL\",\"potentialAction\":[{\"@type\":\"ReadAction\",\"target\":[\"https:\/\/b2b.pakery.pl\/pl\/rejestruj\/\"]}]},{\"@type\":\"BreadcrumbList\",\"@id\":\"https:\/\/b2b.pakery.pl\/pl\/rejestruj\/#breadcrumb\",\"itemListElement\":[{\"@type\":\"ListItem\",\"position\":1,\"name\":\"Strona g\u0142\u00f3wna\",\"item\":\"https:\/\/b2b.pakery.pl\/pl\/strona-glowna\/\"},{\"@type\":\"ListItem\",\"position\":2,\"name\":\"Rejestruj\"}]},{\"@type\":\"WebSite\",\"@id\":\"https:\/\/b2b.pakery.pl\/pl\/#website\",\"url\":\"https:\/\/b2b.pakery.pl\/pl\/\",\"name\":\"Pakery.pl\",\"description\":\"Injection Packers, Spiral Anchors, Injection Lances, Injection Hoses, Injection Pumps, Injection Pump Service, Injection Pump Rental\",\"publisher\":{\"@id\":\"https:\/\/b2b.pakery.pl\/pl\/#organization\"},\"potentialAction\":[{\"@type\":\"SearchAction\",\"target\":{\"@type\":\"EntryPoint\",\"urlTemplate\":\"https:\/\/b2b.pakery.pl\/pl\/?s={search_term_string}\"},\"query-input\":{\"@type\":\"PropertyValueSpecification\",\"valueRequired\":true,\"valueName\":\"search_term_string\"}}],\"inLanguage\":\"pl-PL\"},{\"@type\":\"Organization\",\"@id\":\"https:\/\/b2b.pakery.pl\/pl\/#organization\",\"name\":\"PAKERY.PL\",\"url\":\"https:\/\/b2b.pakery.pl\/pl\/\",\"logo\":{\"@type\":\"ImageObject\",\"inLanguage\":\"pl-PL\",\"@id\":\"https:\/\/b2b.pakery.pl\/pl\/#\/schema\/logo\/image\/\",\"url\":\"https:\/\/b2b.pakery.pl\/wp-content\/uploads\/2021\/04\/cropped-PAKERY-LOGO.png\",\"contentUrl\":\"https:\/\/b2b.pakery.pl\/wp-content\/uploads\/2021\/04\/cropped-PAKERY-LOGO.png\",\"width\":1529,\"height\":500,\"caption\":\"PAKERY.PL\"},\"image\":{\"@id\":\"https:\/\/b2b.pakery.pl\/pl\/#\/schema\/logo\/image\/\"}}]}<\/script>\n<!-- \/ Yoast SEO plugin. -->","yoast_head_json":{"title":"Rejestruj - PAKERY.PL","robots":{"index":"index","follow":"follow","max-snippet":"max-snippet:-1","max-image-preview":"max-image-preview:large","max-video-preview":"max-video-preview:-1"},"canonical":"https:\/\/b2b.pakery.pl\/pl\/rejestruj\/","og_locale":"pl_PL","og_type":"article","og_title":"Rejestruj - PAKERY.PL","og_description":"Szanowni Pa\u0144stwo ! W celu z\u0142o\u017cenia zam\u00f3wienia hurtowego zapraszamy do wype\u0142nienia formularza rejestracyjnego. Je\u015bli poszukuj\u0105 Pa\u0144stwo produkt\u00f3w do zakupienia w ilo\u015bciach detalicznych (bez rejestracji) zapraszamy do odwiedzenia sklepu\u00a0INIEKCJEBUDOWLANE.PL Zosta\u0144 Kontrahentem PAKERY.PL na platformie B2B. Sprawdzaj nowo\u015bci, ceny, zamawiaj przez 24 h na dob\u0119 U\u017cytkownikami platformy mog\u0105 zosta\u0107 jedynie przedsi\u0119biorcy i firmy\u00a0 Aby si\u0119 zarejestrowa\u0107, prosimy [&hellip;]","og_url":"https:\/\/b2b.pakery.pl\/pl\/rejestruj\/","og_site_name":"PAKERY.PL","article_modified_time":"2021-06-21T07:12:37+00:00","twitter_card":"summary_large_image","twitter_misc":{"Szacowany czas czytania":"1 minuta"},"schema":{"@context":"https:\/\/schema.org","@graph":[{"@type":"WebPage","@id":"https:\/\/b2b.pakery.pl\/pl\/rejestruj\/","url":"https:\/\/b2b.pakery.pl\/pl\/rejestruj\/","name":"Rejestruj - PAKERY.PL","isPartOf":{"@id":"https:\/\/b2b.pakery.pl\/pl\/#website"},"datePublished":"2021-04-07T11:14:56+00:00","dateModified":"2021-06-21T07:12:37+00:00","breadcrumb":{"@id":"https:\/\/b2b.pakery.pl\/pl\/rejestruj\/#breadcrumb"},"inLanguage":"pl-PL","potentialAction":[{"@type":"ReadAction","target":["https:\/\/b2b.pakery.pl\/pl\/rejestruj\/"]}]},{"@type":"BreadcrumbList","@id":"https:\/\/b2b.pakery.pl\/pl\/rejestruj\/#breadcrumb","itemListElement":[{"@type":"ListItem","position":1,"name":"Strona g\u0142\u00f3wna","item":"https:\/\/b2b.pakery.pl\/pl\/strona-glowna\/"},{"@type":"ListItem","position":2,"name":"Rejestruj"}]},{"@type":"WebSite","@id":"https:\/\/b2b.pakery.pl\/pl\/#website","url":"https:\/\/b2b.pakery.pl\/pl\/","name":"Pakery.pl","description":"Injection Packers, Spiral Anchors, Injection Lances, Injection Hoses, Injection Pumps, Injection Pump Service, Injection Pump Rental","publisher":{"@id":"https:\/\/b2b.pakery.pl\/pl\/#organization"},"potentialAction":[{"@type":"SearchAction","target":{"@type":"EntryPoint","urlTemplate":"https:\/\/b2b.pakery.pl\/pl\/?s={search_term_string}"},"query-input":{"@type":"PropertyValueSpecification","valueRequired":true,"valueName":"search_term_string"}}],"inLanguage":"pl-PL"},{"@type":"Organization","@id":"https:\/\/b2b.pakery.pl\/pl\/#organization","name":"PAKERY.PL","url":"https:\/\/b2b.pakery.pl\/pl\/","logo":{"@type":"ImageObject","inLanguage":"pl-PL","@id":"https:\/\/b2b.pakery.pl\/pl\/#\/schema\/logo\/image\/","url":"https:\/\/b2b.pakery.pl\/wp-content\/uploads\/2021\/04\/cropped-PAKERY-LOGO.png","contentUrl":"https:\/\/b2b.pakery.pl\/wp-content\/uploads\/2021\/04\/cropped-PAKERY-LOGO.png","width":1529,"height":500,"caption":"PAKERY.PL"},"image":{"@id":"https:\/\/b2b.pakery.pl\/pl\/#\/schema\/logo\/image\/"}}]}},"_links":{"self":[{"href":"https:\/\/b2b.pakery.pl\/pl\/wp-json\/wp\/v2\/pages\/1271","targetHints":{"allow":["GET"]}}],"collection":[{"href":"https:\/\/b2b.pakery.pl\/pl\/wp-json\/wp\/v2\/pages"}],"about":[{"href":"https:\/\/b2b.pakery.pl\/pl\/wp-json\/wp\/v2\/types\/page"}],"author":[{"embeddable":true,"href":"https:\/\/b2b.pakery.pl\/pl\/wp-json\/wp\/v2\/users\/1"}],"replies":[{"embeddable":true,"href":"https:\/\/b2b.pakery.pl\/pl\/wp-json\/wp\/v2\/comments?post=1271"}],"version-history":[{"count":19,"href":"https:\/\/b2b.pakery.pl\/pl\/wp-json\/wp\/v2\/pages\/1271\/revisions"}],"predecessor-version":[{"id":4752,"href":"https:\/\/b2b.pakery.pl\/pl\/wp-json\/wp\/v2\/pages\/1271\/revisions\/4752"}],"wp:attachment":[{"href":"https:\/\/b2b.pakery.pl\/pl\/wp-json\/wp\/v2\/media?parent=1271"}],"curies":[{"name":"wp","href":"https:\/\/api.w.org\/{rel}","templated":true}]}}